{"id":1254,"date":"2026-04-17T08:44:18","date_gmt":"2026-04-17T08:44:18","guid":{"rendered":"https:\/\/ems-electronic.com\/?page_id=1254"},"modified":"2026-04-17T08:44:40","modified_gmt":"2026-04-17T08:44:40","slug":"medidor-de-agua-por-radio-2","status":"publish","type":"page","link":"https:\/\/ems-electronic.com\/?page_id=1254&lang=pt","title":{"rendered":"Medidor de \u00e1gua por radio"},"content":{"rendered":"\t\t<div data-elementor-type=\"wp-page\" data-elementor-id=\"1254\" class=\"elementor elementor-1254\">\n\t\t\t\t<div class=\"elementor-element elementor-element-39b94c7 e-flex e-con-boxed e-con e-parent\" data-id=\"39b94c7\" data-element_type=\"container\" data-e-type=\"container\">\n\t\t\t\t\t<div class=\"e-con-inner\">\n\t\t\t\t<div class=\"elementor-element elementor-element-b6acce4 elementor-widget elementor-widget-heading\" data-id=\"b6acce4\" data-element_type=\"widget\" data-e-type=\"widget\" data-widget_type=\"heading.default\">\n\t\t\t\t<div class=\"elementor-widget-container\">\n\t\t\t\t\t<h2 class=\"elementor-heading-title elementor-size-default\">Medidor de \u00e1gua por radio<\/h2>\t\t\t\t<\/div>\n\t\t\t\t<\/div>\n\t\t\t\t<div class=\"elementor-element elementor-element-6e8f67f elementor-widget elementor-widget-text-editor\" data-id=\"6e8f67f\" data-element_type=\"widget\" data-e-type=\"widget\" data-widget_type=\"text-editor.default\">\n\t\t\t\t<div class=\"elementor-widget-container\">\n\t\t\t\t\t\t\t\t\t<p>A EMS Electronic Metering Systems s.r.l. especializa-se na produ\u00e7\u00e3o de contadores de \u00e1gua sem fios totalmente configurados, oferecendo uma solu\u00e7\u00e3o simples e eficiente para o registo do consumo de \u00e1gua. Estes contadores de \u00e1gua sem fios consistem num contador base mec\u00e2nico equipado com um disco sensor integrado. Este disco sensor \u00e9 utilizado pelos adaptadores sem fios para ler o consumo. O medidor vem pr\u00e9-configurado com um adaptador sem fios, que \u00e9 fixado, aparafusado e selado.<\/p><p>\u00a0<\/p><p>Isto significa que os dispositivos est\u00e3o prontos para utiliza\u00e7\u00e3o imediata e n\u00e3o requerem ajustes adicionais. A EMS Electronic Metering Systems s.r.l. oferece contadores de \u00e1gua sem fios utilizando diversas tecnologias sem fios, incluindo REDAC (protocolo sem fios propriet\u00e1rio da EMS), Wireless M-Bus e LoRa. Esta vasta gama de tecnologias sem fios garante uma elevada flexibilidade e permite uma integra\u00e7\u00e3o perfeita em infraestruturas existentes.<\/p><p>\u00a0<\/p><p>Os contadores de \u00e1gua sem fios da EMS s\u00e3o concebidos especificamente para o setor de submedi\u00e7\u00e3o, onde o consumo de \u00e1gua em apartamentos individuais ou a partir de contadores de distribui\u00e7\u00e3o \u00e9 registado com precis\u00e3o e individualmente. Estes dispositivos oferecem in\u00fameras vantagens tanto para os administradores de edif\u00edcios como para os residentes.<\/p><p>\u00a0<\/p><p>Um benef\u00edcio fundamental para os moradores \u00e9 o registo espec\u00edfico do consumo de \u00e1gua fria e quente em cada apartamento. O registo preciso do consumo individual permite aos residentes compreender melhor os seus h\u00e1bitos de utiliza\u00e7\u00e3o de \u00e1gua e ajust\u00e1-los em conformidade. Isto leva a uma utiliza\u00e7\u00e3o mais consciente da \u00e1gua, uma vez que cada utilizador pode ver exatamente quanta \u00e1gua consome. A redu\u00e7\u00e3o do consumo de \u00e1gua traz vantagens n\u00e3o s\u00f3 ecol\u00f3gicas, mas tamb\u00e9m financeiras, uma vez que os custos da \u00e1gua s\u00e3o distribu\u00eddos de forma transparente e justa. Os residentes que reduzem o consumo de \u00e1gua beneficiam com contas mais baixas.<\/p><p>\u00a0<\/p><p>Al\u00e9m disso, os contadores de \u00e1gua sem fios permitem a r\u00e1pida identifica\u00e7\u00e3o das perdas de \u00e1gua no edif\u00edcio. Uma vez que os dispositivos transmitem dados de consumo regularmente e automaticamente, as irregularidades no uso da \u00e1gua podem ser rapidamente detetadas. As fugas ou outras falhas no sistema hidr\u00e1ulico s\u00e3o reportadas precocemente, evitando danos e desperd\u00edcio desnecess\u00e1rio de \u00e1gua. Esta resposta r\u00e1pida ajuda a minimizar as perdas de \u00e1gua e a reduzir os custos de repara\u00e7\u00e3o.<\/p><p>\u00a0<\/p><p>A tecnologia sem fios permite tamb\u00e9m a leitura e transmiss\u00e3o convenientes e sem fios dos dados de consumo, reduzindo a sobrecarga administrativa e simplificando o acesso \u00e0 informa\u00e7\u00e3o de consumo. Para os prestadores de servi\u00e7os de medi\u00e7\u00e3o e administradores de condom\u00ednios residenciais, isto traduz-se numa gest\u00e3o de contadores mais eficiente e econ\u00f3mica. A leitura dos contadores tamb\u00e9m \u00e9 simplificada pela tecnologia sem fios, uma vez que as visitas presenciais demoradas j\u00e1 n\u00e3o s\u00e3o necess\u00e1rias.<\/p><p>\u00a0<\/p><p>Os contadores de \u00e1gua sem fios da EMS Electronic Metering Systems s.r.l. oferecem, portanto, n\u00e3o s\u00f3 uma medi\u00e7\u00e3o precisa e fi\u00e1vel do consumo de \u00e1gua, mas tamb\u00e9m uma solu\u00e7\u00e3o que promove a utiliza\u00e7\u00e3o eficiente da \u00e1gua, identifica rapidamente as perdas e minimiza os custos administrativos. Contribuem significativamente para a otimiza\u00e7\u00e3o do consumo de \u00e1gua em condom\u00ednios residenciais, reduzindo custos e protegendo o ambiente.<\/p>\t\t\t\t\t\t\t\t<\/div>\n\t\t\t\t<\/div>\n\t\t\t\t\t<\/div>\n\t\t\t\t<\/div>\n\t\t\t\t<\/div>\n\t\t","protected":false},"excerpt":{"rendered":"<p>Medidor de \u00e1gua por radio A EMS Electronic Metering Systems s.r.l. especializa-se na produ\u00e7\u00e3o de contadores de \u00e1gua sem fios totalmente configurados, oferecendo uma solu\u00e7\u00e3o simples e eficiente para o registo do consumo de \u00e1gua. Estes contadores de \u00e1gua sem fios consistem num contador base mec\u00e2nico equipado com um disco sensor integrado. Este disco sensor [&hellip;]<\/p>\n","protected":false},"author":1,"featured_media":0,"parent":0,"menu_order":0,"comment_status":"closed","ping_status":"closed","template":"","meta":{"ocean_post_layout":"","ocean_both_sidebars_style":"","ocean_both_sidebars_content_width":0,"ocean_both_sidebars_sidebars_width":0,"ocean_sidebar":"","ocean_second_sidebar":"","ocean_disable_margins":"enable","ocean_add_body_class":"","ocean_shortcode_before_top_bar":"","ocean_shortcode_after_top_bar":"","ocean_shortcode_before_header":"","ocean_shortcode_after_header":"","ocean_has_shortcode":"","ocean_shortcode_after_title":"","ocean_shortcode_before_footer_widgets":"","ocean_shortcode_after_footer_widgets":"","ocean_shortcode_before_footer_bottom":"","ocean_shortcode_after_footer_bottom":"","ocean_display_top_bar":"default","ocean_display_header":"default","ocean_header_style":"","ocean_center_header_left_menu":"","ocean_custom_header_template":"","ocean_custom_logo":0,"ocean_custom_retina_logo":0,"ocean_custom_logo_max_width":0,"ocean_custom_logo_tablet_max_width":0,"ocean_custom_logo_mobile_max_width":0,"ocean_custom_logo_max_height":0,"ocean_custom_logo_tablet_max_height":0,"ocean_custom_logo_mobile_max_height":0,"ocean_header_custom_menu":"","ocean_menu_typo_font_family":"","ocean_menu_typo_font_subset":"","ocean_menu_typo_font_size":0,"ocean_menu_typo_font_size_tablet":0,"ocean_menu_typo_font_size_mobile":0,"ocean_menu_typo_font_size_unit":"px","ocean_menu_typo_font_weight":"","ocean_menu_typo_font_weight_tablet":"","ocean_menu_typo_font_weight_mobile":"","ocean_menu_typo_transform":"","ocean_menu_typo_transform_tablet":"","ocean_menu_typo_transform_mobile":"","ocean_menu_typo_line_height":0,"ocean_menu_typo_line_height_tablet":0,"ocean_menu_typo_line_height_mobile":0,"ocean_menu_typo_line_height_unit":"","ocean_menu_typo_spacing":0,"ocean_menu_typo_spacing_tablet":0,"ocean_menu_typo_spacing_mobile":0,"ocean_menu_typo_spacing_unit":"","ocean_menu_link_color":"","ocean_menu_link_color_hover":"","ocean_menu_link_color_active":"","ocean_menu_link_background":"","ocean_menu_link_hover_background":"","ocean_menu_link_active_background":"","ocean_menu_social_links_bg":"","ocean_menu_social_hover_links_bg":"","ocean_menu_social_links_color":"","ocean_menu_social_hover_links_color":"","ocean_disable_title":"default","ocean_disable_heading":"default","ocean_post_title":"","ocean_post_subheading":"","ocean_post_title_style":"","ocean_post_title_background_color":"","ocean_post_title_background":0,"ocean_post_title_bg_image_position":"","ocean_post_title_bg_image_attachment":"","ocean_post_title_bg_image_repeat":"","ocean_post_title_bg_image_size":"","ocean_post_title_height":0,"ocean_post_title_bg_overlay":0.5,"ocean_post_title_bg_overlay_color":"","ocean_disable_breadcrumbs":"default","ocean_breadcrumbs_color":"","ocean_breadcrumbs_separator_color":"","ocean_breadcrumbs_links_color":"","ocean_breadcrumbs_links_hover_color":"","ocean_display_footer_widgets":"default","ocean_display_footer_bottom":"default","ocean_custom_footer_template":"","footnotes":""},"class_list":["post-1254","page","type-page","status-publish","hentry","entry"],"yoast_head":"<!-- This site is optimized with the Yoast SEO plugin v27.4 - https:\/\/yoast.com\/product\/yoast-seo-wordpress\/ -->\n<title>Medidor de \u00e1gua por radio - EMS Electronic Metering Systems<\/title>\n<meta name=\"robots\" content=\"index, follow, max-snippet:-1, max-image-preview:large, max-video-preview:-1\" \/>\n<link rel=\"canonical\" href=\"https:\/\/ems-electronic.com\/?page_id=1254&lang=pt\" \/>\n<meta property=\"og:locale\" content=\"de_DE\" \/>\n<meta property=\"og:type\" content=\"article\" \/>\n<meta property=\"og:title\" content=\"Medidor de \u00e1gua por radio - EMS Electronic Metering Systems\" \/>\n<meta property=\"og:description\" content=\"Medidor de \u00e1gua por radio A EMS Electronic Metering Systems s.r.l. especializa-se na produ\u00e7\u00e3o de contadores de \u00e1gua sem fios totalmente configurados, oferecendo uma solu\u00e7\u00e3o simples e eficiente para o registo do consumo de \u00e1gua. Estes contadores de \u00e1gua sem fios consistem num contador base mec\u00e2nico equipado com um disco sensor integrado. Este disco sensor [&hellip;]\" \/>\n<meta property=\"og:url\" content=\"https:\/\/ems-electronic.com\/?page_id=1254&amp;lang=pt\" \/>\n<meta property=\"og:site_name\" content=\"EMS Electronic Metering Systems\" \/>\n<meta property=\"article:modified_time\" content=\"2026-04-17T08:44:40+00:00\" \/>\n<meta name=\"twitter:card\" content=\"summary_large_image\" \/>\n<meta name=\"twitter:label1\" content=\"Gesch\u00e4tzte Lesezeit\" \/>\n\t<meta name=\"twitter:data1\" content=\"3\u00a0Minuten\" \/>\n<script type=\"application\/ld+json\" class=\"yoast-schema-graph\">{\"@context\":\"https:\\\/\\\/schema.org\",\"@graph\":[{\"@type\":\"WebPage\",\"@id\":\"https:\\\/\\\/ems-electronic.com\\\/?page_id=1254&lang=pt\",\"url\":\"https:\\\/\\\/ems-electronic.com\\\/?page_id=1254&lang=pt\",\"name\":\"Medidor de \u00e1gua por radio - EMS Electronic Metering Systems\",\"isPartOf\":{\"@id\":\"https:\\\/\\\/ems-electronic.com\\\/#website\"},\"datePublished\":\"2026-04-17T08:44:18+00:00\",\"dateModified\":\"2026-04-17T08:44:40+00:00\",\"breadcrumb\":{\"@id\":\"https:\\\/\\\/ems-electronic.com\\\/?page_id=1254&lang=pt#breadcrumb\"},\"inLanguage\":\"de\",\"potentialAction\":[{\"@type\":\"ReadAction\",\"target\":[\"https:\\\/\\\/ems-electronic.com\\\/?page_id=1254&lang=pt\"]}]},{\"@type\":\"BreadcrumbList\",\"@id\":\"https:\\\/\\\/ems-electronic.com\\\/?page_id=1254&lang=pt#breadcrumb\",\"itemListElement\":[{\"@type\":\"ListItem\",\"position\":1,\"name\":\"Startseite\",\"item\":\"https:\\\/\\\/ems-electronic.com\\\/?page_id=37&lang=de\"},{\"@type\":\"ListItem\",\"position\":2,\"name\":\"Medidor de \u00e1gua por radio\"}]},{\"@type\":\"WebSite\",\"@id\":\"https:\\\/\\\/ems-electronic.com\\\/#website\",\"url\":\"https:\\\/\\\/ems-electronic.com\\\/\",\"name\":\"EMS Electronic Metering Systems\",\"description\":\"Precision electronic component manufacturing tailored to your specifications \u2013 from small-series production to reliable contract assembly, certified according to ISO 9001 and backed by the Messtechnik Group\",\"publisher\":{\"@id\":\"https:\\\/\\\/ems-electronic.com\\\/#organization\"},\"alternateName\":\"Precision electronic component manufacturing tailored to your specifications \u2013 from small-series production to reliable contract assembly, certified according to ISO 9001 and backed by the Messtechnik Group\",\"potentialAction\":[{\"@type\":\"SearchAction\",\"target\":{\"@type\":\"EntryPoint\",\"urlTemplate\":\"https:\\\/\\\/ems-electronic.com\\\/?s={search_term_string}\"},\"query-input\":{\"@type\":\"PropertyValueSpecification\",\"valueRequired\":true,\"valueName\":\"search_term_string\"}}],\"inLanguage\":\"de\"},{\"@type\":\"Organization\",\"@id\":\"https:\\\/\\\/ems-electronic.com\\\/#organization\",\"name\":\"EMS Electronic Metering Systems s.r.l.\",\"url\":\"https:\\\/\\\/ems-electronic.com\\\/\",\"logo\":{\"@type\":\"ImageObject\",\"inLanguage\":\"de\",\"@id\":\"https:\\\/\\\/ems-electronic.com\\\/#\\\/schema\\\/logo\\\/image\\\/\",\"url\":\"https:\\\/\\\/ems-electronic.com\\\/wp-content\\\/uploads\\\/2024\\\/06\\\/cropped-cropped-EMS_quadrat_web.jpg\",\"contentUrl\":\"https:\\\/\\\/ems-electronic.com\\\/wp-content\\\/uploads\\\/2024\\\/06\\\/cropped-cropped-EMS_quadrat_web.jpg\",\"width\":512,\"height\":173,\"caption\":\"EMS Electronic Metering Systems s.r.l.\"},\"image\":{\"@id\":\"https:\\\/\\\/ems-electronic.com\\\/#\\\/schema\\\/logo\\\/image\\\/\"}}]}<\/script>\n<!-- \/ Yoast SEO plugin. -->","yoast_head_json":{"title":"Medidor de \u00e1gua por radio - EMS Electronic Metering Systems","robots":{"index":"index","follow":"follow","max-snippet":"max-snippet:-1","max-image-preview":"max-image-preview:large","max-video-preview":"max-video-preview:-1"},"canonical":"https:\/\/ems-electronic.com\/?page_id=1254&lang=pt","og_locale":"de_DE","og_type":"article","og_title":"Medidor de \u00e1gua por radio - EMS Electronic Metering Systems","og_description":"Medidor de \u00e1gua por radio A EMS Electronic Metering Systems s.r.l. especializa-se na produ\u00e7\u00e3o de contadores de \u00e1gua sem fios totalmente configurados, oferecendo uma solu\u00e7\u00e3o simples e eficiente para o registo do consumo de \u00e1gua. Estes contadores de \u00e1gua sem fios consistem num contador base mec\u00e2nico equipado com um disco sensor integrado. Este disco sensor [&hellip;]","og_url":"https:\/\/ems-electronic.com\/?page_id=1254&lang=pt","og_site_name":"EMS Electronic Metering Systems","article_modified_time":"2026-04-17T08:44:40+00:00","twitter_card":"summary_large_image","twitter_misc":{"Gesch\u00e4tzte Lesezeit":"3\u00a0Minuten"},"schema":{"@context":"https:\/\/schema.org","@graph":[{"@type":"WebPage","@id":"https:\/\/ems-electronic.com\/?page_id=1254&lang=pt","url":"https:\/\/ems-electronic.com\/?page_id=1254&lang=pt","name":"Medidor de \u00e1gua por radio - EMS Electronic Metering Systems","isPartOf":{"@id":"https:\/\/ems-electronic.com\/#website"},"datePublished":"2026-04-17T08:44:18+00:00","dateModified":"2026-04-17T08:44:40+00:00","breadcrumb":{"@id":"https:\/\/ems-electronic.com\/?page_id=1254&lang=pt#breadcrumb"},"inLanguage":"de","potentialAction":[{"@type":"ReadAction","target":["https:\/\/ems-electronic.com\/?page_id=1254&lang=pt"]}]},{"@type":"BreadcrumbList","@id":"https:\/\/ems-electronic.com\/?page_id=1254&lang=pt#breadcrumb","itemListElement":[{"@type":"ListItem","position":1,"name":"Startseite","item":"https:\/\/ems-electronic.com\/?page_id=37&lang=de"},{"@type":"ListItem","position":2,"name":"Medidor de \u00e1gua por radio"}]},{"@type":"WebSite","@id":"https:\/\/ems-electronic.com\/#website","url":"https:\/\/ems-electronic.com\/","name":"EMS Electronic Metering Systems","description":"Precision electronic component manufacturing tailored to your specifications \u2013 from small-series production to reliable contract assembly, certified according to ISO 9001 and backed by the Messtechnik Group","publisher":{"@id":"https:\/\/ems-electronic.com\/#organization"},"alternateName":"Precision electronic component manufacturing tailored to your specifications \u2013 from small-series production to reliable contract assembly, certified according to ISO 9001 and backed by the Messtechnik Group","potentialAction":[{"@type":"SearchAction","target":{"@type":"EntryPoint","urlTemplate":"https:\/\/ems-electronic.com\/?s={search_term_string}"},"query-input":{"@type":"PropertyValueSpecification","valueRequired":true,"valueName":"search_term_string"}}],"inLanguage":"de"},{"@type":"Organization","@id":"https:\/\/ems-electronic.com\/#organization","name":"EMS Electronic Metering Systems s.r.l.","url":"https:\/\/ems-electronic.com\/","logo":{"@type":"ImageObject","inLanguage":"de","@id":"https:\/\/ems-electronic.com\/#\/schema\/logo\/image\/","url":"https:\/\/ems-electronic.com\/wp-content\/uploads\/2024\/06\/cropped-cropped-EMS_quadrat_web.jpg","contentUrl":"https:\/\/ems-electronic.com\/wp-content\/uploads\/2024\/06\/cropped-cropped-EMS_quadrat_web.jpg","width":512,"height":173,"caption":"EMS Electronic Metering Systems s.r.l."},"image":{"@id":"https:\/\/ems-electronic.com\/#\/schema\/logo\/image\/"}}]}},"jetpack_sharing_enabled":true,"_links":{"self":[{"href":"https:\/\/ems-electronic.com\/index.php?rest_route=\/wp\/v2\/pages\/1254","targetHints":{"allow":["GET"]}}],"collection":[{"href":"https:\/\/ems-electronic.com\/index.php?rest_route=\/wp\/v2\/pages"}],"about":[{"href":"https:\/\/ems-electronic.com\/index.php?rest_route=\/wp\/v2\/types\/page"}],"author":[{"embeddable":true,"href":"https:\/\/ems-electronic.com\/index.php?rest_route=\/wp\/v2\/users\/1"}],"replies":[{"embeddable":true,"href":"https:\/\/ems-electronic.com\/index.php?rest_route=%2Fwp%2Fv2%2Fcomments&post=1254"}],"version-history":[{"count":4,"href":"https:\/\/ems-electronic.com\/index.php?rest_route=\/wp\/v2\/pages\/1254\/revisions"}],"predecessor-version":[{"id":1281,"href":"https:\/\/ems-electronic.com\/index.php?rest_route=\/wp\/v2\/pages\/1254\/revisions\/1281"}],"wp:attachment":[{"href":"https:\/\/ems-electronic.com\/index.php?rest_route=%2Fwp%2Fv2%2Fmedia&parent=1254"}],"curies":[{"name":"wp","href":"https:\/\/api.w.org\/{rel}","templated":true}]}}