{"id":255,"date":"2026-03-11T10:20:21","date_gmt":"2026-03-11T10:20:21","guid":{"rendered":"https:\/\/ems-electronic.com\/?page_id=255"},"modified":"2026-03-11T10:22:54","modified_gmt":"2026-03-11T10:22:54","slug":"unser-nachaltigkeits-konzept","status":"publish","type":"page","link":"https:\/\/ems-electronic.com\/?page_id=255&lang=de","title":{"rendered":"Unser Nachaltigkeits-Konzept"},"content":{"rendered":"\t\t<div data-elementor-type=\"wp-page\" data-elementor-id=\"255\" class=\"elementor elementor-255\">\n\t\t\t\t<div class=\"elementor-element elementor-element-8fd4329 e-flex e-con-boxed e-con e-parent\" data-id=\"8fd4329\" data-element_type=\"container\" data-e-type=\"container\">\n\t\t\t\t\t<div class=\"e-con-inner\">\n\t\t\t\t<div class=\"elementor-element elementor-element-5a67037 elementor-widget elementor-widget-heading\" data-id=\"5a67037\" data-element_type=\"widget\" data-e-type=\"widget\" data-widget_type=\"heading.default\">\n\t\t\t\t<div class=\"elementor-widget-container\">\n\t\t\t\t\t<h1 class=\"elementor-heading-title elementor-size-default\">Unser Nachhaltigkeits-Konzept<\/h1>\t\t\t\t<\/div>\n\t\t\t\t<\/div>\n\t\t\t\t<div class=\"elementor-element elementor-element-6391bf2 elementor-widget elementor-widget-spacer\" data-id=\"6391bf2\" data-element_type=\"widget\" data-e-type=\"widget\" data-widget_type=\"spacer.default\">\n\t\t\t\t<div class=\"elementor-widget-container\">\n\t\t\t\t\t\t\t<div class=\"elementor-spacer\">\n\t\t\t<div class=\"elementor-spacer-inner\"><\/div>\n\t\t<\/div>\n\t\t\t\t\t\t<\/div>\n\t\t\t\t<\/div>\n\t\t\t\t<div class=\"elementor-element elementor-element-4c5abe7 elementor-widget elementor-widget-text-editor\" data-id=\"4c5abe7\" data-element_type=\"widget\" data-e-type=\"widget\" data-widget_type=\"text-editor.default\">\n\t\t\t\t<div class=\"elementor-widget-container\">\n\t\t\t\t\t\t\t\t\t<p><strong>EMS Electronic Metering Systems s.r.l.<\/strong> ist nicht nur Entwickler, Hersteller und Lieferant von hochwertigen Messger\u00e4ten und Kostenverteilger\u00e4ten f\u00fcr Energie, W\u00e4rme, K\u00e4lte und Wasser sowie engverbundener Partner in Sachen Messger\u00e4tetechnik \u2013 wir betreiben in unserem Werk in Timisoara (Rum\u00e4nien) auch ein wegweisendes Wiederaufbereitungs-System (Refurbishing-System) bzw. Recycling-System f\u00fcr unsere Heizkostenverteiler, Funkadapter und W\u00e4rmez\u00e4hler, welches sowohl \u00f6kologisch als auch wirtschaftlich sinnvoll ist.<\/p><p><strong>In der Branche<\/strong> der Produktion von Mess- und Kostenverteilger\u00e4ten f\u00fcr Energie, W\u00e4rme, K\u00e4lte und Wasser sind Wiederaufbereitungsprozesse (Refurbishing-Prozesse) bzw. Recyclingprozesse f\u00fcr die vorgenannten Messger\u00e4te l\u00e4ngst noch kein Standard.<\/p><p>Aus zwei Gr\u00fcnden liegt in der Wiederaufbereitung (Refurbishing) bzw. dem Recycling von Mess- und Verteilger\u00e4ten viel Potential:<\/p><p><strong>Zum einen<\/strong> muss in der Branche des \u201eSubmetering\u201c der gesamte Heiz- und Wasserkreislauf einer Wohnimmobilie mit der jeweiligen Messger\u00e4tetechnik ausgestattet werden um valide Abrechnungsergebnisse und Verbrauchsergebnisse unterj\u00e4hrig sowie am Jahresende abzubilden.<\/p><p><strong>Gleichzeitig<\/strong> unterliegen die Energiemessger\u00e4te, W\u00e4rmemessger\u00e4te und Wassermessger\u00e4te fast im gesamten EU-Raum gesetzlichen Eichfristen, was dazu f\u00fchrt, dass die verbauten Ger\u00e4te nach Ablauf dieser Perioden (zwischen 6 und 10 Jahren) ausgetauscht werden m\u00fcssen.<\/p><p><strong>Dies f\u00fchrt nat\u00fcrlich zu einem sehr hohen<\/strong> <strong>Ressourcenverbrauch<\/strong> f\u00fcr die Produktion bzw. den Austausch der jeweiligen Ger\u00e4te.<\/p><p><strong>Die Z\u00e4hler bestehen<\/strong> in der Regel aus hochwertigen Materialien wie Kunststoff und Metallen, die wiederaufbereitet (refurbished) oder recycelt werden k\u00f6nnen.<\/p><p><strong>Wir bieten unseren Kunden seit einiger Zeit<\/strong> bereits die M\u00f6glichkeit, dass wir Messger\u00e4te und Kostenverteilger\u00e4te die nach Ablauf der MID-Konformit\u00e4tsfristen bzw. Nacheichfristen oder nach Ablauf der Batterielebensdauer an uns zur\u00fcckgeliefert werden in unserem Werk in Timisoara (Rum\u00e4nien) auf die M\u00f6glichkeit einer Wiederaufbereitung (Refurbishing) bzw. auf die M\u00f6glichkeit des Recyclings pr\u00fcfen.<\/p><p><strong>Wir haben dazu Richtlinien<\/strong> eingef\u00fchrt, um sicherzustellen, dass die Komponenten der Z\u00e4hler leicht demontiert, wiederaufbereitet (refurbished) oder recycelt werden k\u00f6nnen.<\/p><p><strong>Wiederverwertbare Teile<\/strong> unserer Ultraschall-W\u00e4rmez\u00e4hler, Funk-Adapter und Heizkostenverteiler werden auf Basis dieser Richtlinien intensiv gepr\u00fcft und anschlie\u00dfend mit neuen Ger\u00e4tekomponenten zusammengef\u00fchrt.<\/p><p><strong>Die Mess- und Kostenverteilger\u00e4te werden fachgerecht<\/strong> auseinandergenommen und die Hauptkomponenten werden separiert.<\/p><p><strong>Die Hydraulik, die Elektronik, die F\u00fchler, das Geh\u00e4use und die Batterie<\/strong> werden einzeln behandelt, um sicherzustellen, dass Teile davon sp\u00e4ter wiederverwendet werden k\u00f6nnen.<\/p><p><strong>Zudem durchlaufen alle Bauteile<\/strong> eine intensive Reinigung, um eventuelle R\u00fcckst\u00e4nde zu entfernen und eine optimale Funktionalit\u00e4t zu gew\u00e4hrleisten.<\/p><p><strong>Alle Teile<\/strong> die prinzipiell wiederaufbereitet werden k\u00f6nnen werden separiert und in einem getrennten Qualit\u00e4tspr\u00fcfungsprozess bewertet.<\/p><p><strong>Nur jene Teile<\/strong> die den strengen Qualit\u00e4tspr\u00fcfungsprozess f\u00fcr Wiederaufbereitungsteile bestehen d\u00fcrfen wieder in den Produktionsprozess einflie\u00dfen. Alle Wiederaufbereitungsteile die den strengen Qualit\u00e4tspr\u00fcfungsprozess nicht mehr bestehen werden aussortiert, gesammelt und wenn m\u00f6glich einem Material-Recycling zugef\u00fchrt.<\/p><p><strong>Auf diese Art und Weise<\/strong> wird sichergestellt, dass nur Wiederaufbereitungsteile weiterverwendet werden, welche die Eigenschaften und die Qualit\u00e4t von Neuteilen haben.<\/p><p><strong>Das \u201eRefurbishing-Konzept\u201c<\/strong> bzw. das \u201eRecycling-Konzept\u201c von EMS unterst\u00fctzt in gro\u00dfem Ma\u00dfe die Prinzipien der Kreislaufwirtschaft.<\/p><p><strong>Anstatt die W\u00e4rmez\u00e4hler,<\/strong> Funkadapter und Heizkostenverteiler nach ihrer Nutzungsdauer zu entsorgen, werden diese wiederaufbereitet (refurbished) bzw. recycelt und in den Produktionskreislauf zur\u00fcckgef\u00fchrt.<\/p><p><strong>Dies reduziert den Bedarf<\/strong> an Neumaterialien und minimiert die Umweltauswirkungen der Herstellung neuer Z\u00e4hler.<\/p><p><strong>EMS Electronic Metering Systems s.r.l.<\/strong> tr\u00e4gt durch das \u201eRefurbishing\u201c von W\u00e4rmez\u00e4hlern, Funkadaptern und Heizkostenverteilern sowie durch die Wiederverwendung der recycelten Materialien bzw. Teile aktiv zur Ressourcenschonung und zur Verringerung des Energieverbrauchs bei. <\/p>\t\t\t\t\t\t\t\t<\/div>\n\t\t\t\t<\/div>\n\t\t\t\t\t<\/div>\n\t\t\t\t<\/div>\n\t\t\t\t<\/div>\n\t\t","protected":false},"excerpt":{"rendered":"<p>Unser Nachhaltigkeits-Konzept EMS Electronic Metering Systems s.r.l. ist nicht nur Entwickler, Hersteller und Lieferant von hochwertigen Messger\u00e4ten und Kostenverteilger\u00e4ten f\u00fcr Energie, W\u00e4rme, K\u00e4lte und Wasser sowie engverbundener Partner in Sachen Messger\u00e4tetechnik \u2013 wir betreiben in unserem Werk in Timisoara (Rum\u00e4nien) auch ein wegweisendes Wiederaufbereitungs-System (Refurbishing-System) bzw. Recycling-System f\u00fcr unsere Heizkostenverteiler, Funkadapter und W\u00e4rmez\u00e4hler, welches sowohl [&hellip;]<\/p>\n","protected":false},"author":1,"featured_media":0,"parent":0,"menu_order":0,"comment_status":"closed","ping_status":"closed","template":"","meta":{"ocean_post_layout":"","ocean_both_sidebars_style":"","ocean_both_sidebars_content_width":0,"ocean_both_sidebars_sidebars_width":0,"ocean_sidebar":"","ocean_second_sidebar":"","ocean_disable_margins":"enable","ocean_add_body_class":"","ocean_shortcode_before_top_bar":"","ocean_shortcode_after_top_bar":"","ocean_shortcode_before_header":"","ocean_shortcode_after_header":"","ocean_has_shortcode":"","ocean_shortcode_after_title":"","ocean_shortcode_before_footer_widgets":"","ocean_shortcode_after_footer_widgets":"","ocean_shortcode_before_footer_bottom":"","ocean_shortcode_after_footer_bottom":"","ocean_display_top_bar":"default","ocean_display_header":"default","ocean_header_style":"","ocean_center_header_left_menu":"","ocean_custom_header_template":"","ocean_custom_logo":0,"ocean_custom_retina_logo":0,"ocean_custom_logo_max_width":0,"ocean_custom_logo_tablet_max_width":0,"ocean_custom_logo_mobile_max_width":0,"ocean_custom_logo_max_height":0,"ocean_custom_logo_tablet_max_height":0,"ocean_custom_logo_mobile_max_height":0,"ocean_header_custom_menu":"","ocean_menu_typo_font_family":"","ocean_menu_typo_font_subset":"","ocean_menu_typo_font_size":0,"ocean_menu_typo_font_size_tablet":0,"ocean_menu_typo_font_size_mobile":0,"ocean_menu_typo_font_size_unit":"px","ocean_menu_typo_font_weight":"","ocean_menu_typo_font_weight_tablet":"","ocean_menu_typo_font_weight_mobile":"","ocean_menu_typo_transform":"","ocean_menu_typo_transform_tablet":"","ocean_menu_typo_transform_mobile":"","ocean_menu_typo_line_height":0,"ocean_menu_typo_line_height_tablet":0,"ocean_menu_typo_line_height_mobile":0,"ocean_menu_typo_line_height_unit":"","ocean_menu_typo_spacing":0,"ocean_menu_typo_spacing_tablet":0,"ocean_menu_typo_spacing_mobile":0,"ocean_menu_typo_spacing_unit":"","ocean_menu_link_color":"","ocean_menu_link_color_hover":"","ocean_menu_link_color_active":"","ocean_menu_link_background":"","ocean_menu_link_hover_background":"","ocean_menu_link_active_background":"","ocean_menu_social_links_bg":"","ocean_menu_social_hover_links_bg":"","ocean_menu_social_links_color":"","ocean_menu_social_hover_links_color":"","ocean_disable_title":"default","ocean_disable_heading":"default","ocean_post_title":"","ocean_post_subheading":"","ocean_post_title_style":"","ocean_post_title_background_color":"","ocean_post_title_background":0,"ocean_post_title_bg_image_position":"","ocean_post_title_bg_image_attachment":"","ocean_post_title_bg_image_repeat":"","ocean_post_title_bg_image_size":"","ocean_post_title_height":0,"ocean_post_title_bg_overlay":0.5,"ocean_post_title_bg_overlay_color":"","ocean_disable_breadcrumbs":"default","ocean_breadcrumbs_color":"","ocean_breadcrumbs_separator_color":"","ocean_breadcrumbs_links_color":"","ocean_breadcrumbs_links_hover_color":"","ocean_display_footer_widgets":"default","ocean_display_footer_bottom":"default","ocean_custom_footer_template":"","footnotes":""},"class_list":["post-255","page","type-page","status-publish","hentry","entry"],"yoast_head":"<!-- This site is optimized with the Yoast SEO plugin v24.9 - https:\/\/yoast.com\/wordpress\/plugins\/seo\/ -->\n<title>Unser Nachaltigkeits-Konzept - EMS Electronic Metering Systems<\/title>\n<meta name=\"robots\" content=\"index, follow, max-snippet:-1, max-image-preview:large, max-video-preview:-1\" \/>\n<link rel=\"canonical\" href=\"https:\/\/ems-electronic.com\/?page_id=255&lang=de\" \/>\n<meta property=\"og:locale\" content=\"de_DE\" \/>\n<meta property=\"og:type\" content=\"article\" \/>\n<meta property=\"og:title\" content=\"Unser Nachaltigkeits-Konzept - EMS Electronic Metering Systems\" \/>\n<meta property=\"og:description\" content=\"Unser Nachhaltigkeits-Konzept EMS Electronic Metering Systems s.r.l. ist nicht nur Entwickler, Hersteller und Lieferant von hochwertigen Messger\u00e4ten und Kostenverteilger\u00e4ten f\u00fcr Energie, W\u00e4rme, K\u00e4lte und Wasser sowie engverbundener Partner in Sachen Messger\u00e4tetechnik \u2013 wir betreiben in unserem Werk in Timisoara (Rum\u00e4nien) auch ein wegweisendes Wiederaufbereitungs-System (Refurbishing-System) bzw. Recycling-System f\u00fcr unsere Heizkostenverteiler, Funkadapter und W\u00e4rmez\u00e4hler, welches sowohl [&hellip;]\" \/>\n<meta property=\"og:url\" content=\"https:\/\/ems-electronic.com\/?page_id=255&amp;lang=de\" \/>\n<meta property=\"og:site_name\" content=\"EMS Electronic Metering Systems\" \/>\n<meta property=\"article:modified_time\" content=\"2026-03-11T10:22:54+00:00\" \/>\n<meta name=\"twitter:card\" content=\"summary_large_image\" \/>\n<meta name=\"twitter:label1\" content=\"Gesch\u00e4tzte Lesezeit\" \/>\n\t<meta name=\"twitter:data1\" content=\"3\u00a0Minuten\" \/>\n<script type=\"application\/ld+json\" class=\"yoast-schema-graph\">{\"@context\":\"https:\/\/schema.org\",\"@graph\":[{\"@type\":\"WebPage\",\"@id\":\"https:\/\/ems-electronic.com\/?page_id=255&lang=de\",\"url\":\"https:\/\/ems-electronic.com\/?page_id=255&lang=de\",\"name\":\"Unser Nachaltigkeits-Konzept - EMS Electronic Metering Systems\",\"isPartOf\":{\"@id\":\"https:\/\/ems-electronic.com\/#website\"},\"datePublished\":\"2026-03-11T10:20:21+00:00\",\"dateModified\":\"2026-03-11T10:22:54+00:00\",\"breadcrumb\":{\"@id\":\"https:\/\/ems-electronic.com\/?page_id=255&lang=de#breadcrumb\"},\"inLanguage\":\"de\",\"potentialAction\":[{\"@type\":\"ReadAction\",\"target\":[\"https:\/\/ems-electronic.com\/?page_id=255&lang=de\"]}]},{\"@type\":\"BreadcrumbList\",\"@id\":\"https:\/\/ems-electronic.com\/?page_id=255&lang=de#breadcrumb\",\"itemListElement\":[{\"@type\":\"ListItem\",\"position\":1,\"name\":\"Startseite\",\"item\":\"https:\/\/ems-electronic.com\/?page_id=37&lang=de\"},{\"@type\":\"ListItem\",\"position\":2,\"name\":\"Unser Nachaltigkeits-Konzept\"}]},{\"@type\":\"WebSite\",\"@id\":\"https:\/\/ems-electronic.com\/#website\",\"url\":\"https:\/\/ems-electronic.com\/\",\"name\":\"EMS Electronic Metering Systems\",\"description\":\"Precision electronic component manufacturing tailored to your specifications \u2013 from small-series production to reliable contract assembly, certified according to ISO 9001 and backed by the Messtechnik Group\",\"publisher\":{\"@id\":\"https:\/\/ems-electronic.com\/#organization\"},\"alternateName\":\"Precision electronic component manufacturing tailored to your specifications \u2013 from small-series production to reliable contract assembly, certified according to ISO 9001 and backed by the Messtechnik Group\",\"potentialAction\":[{\"@type\":\"SearchAction\",\"target\":{\"@type\":\"EntryPoint\",\"urlTemplate\":\"https:\/\/ems-electronic.com\/?s={search_term_string}\"},\"query-input\":{\"@type\":\"PropertyValueSpecification\",\"valueRequired\":true,\"valueName\":\"search_term_string\"}}],\"inLanguage\":\"de\"},{\"@type\":\"Organization\",\"@id\":\"https:\/\/ems-electronic.com\/#organization\",\"name\":\"EMS Electronic Metering Systems s.r.l.\",\"url\":\"https:\/\/ems-electronic.com\/\",\"logo\":{\"@type\":\"ImageObject\",\"inLanguage\":\"de\",\"@id\":\"https:\/\/ems-electronic.com\/#\/schema\/logo\/image\/\",\"url\":\"https:\/\/ems-electronic.com\/wp-content\/uploads\/2024\/06\/cropped-cropped-EMS_quadrat_web.jpg\",\"contentUrl\":\"https:\/\/ems-electronic.com\/wp-content\/uploads\/2024\/06\/cropped-cropped-EMS_quadrat_web.jpg\",\"width\":512,\"height\":173,\"caption\":\"EMS Electronic Metering Systems s.r.l.\"},\"image\":{\"@id\":\"https:\/\/ems-electronic.com\/#\/schema\/logo\/image\/\"}}]}<\/script>\n<!-- \/ Yoast SEO plugin. -->","yoast_head_json":{"title":"Unser Nachaltigkeits-Konzept - EMS Electronic Metering Systems","robots":{"index":"index","follow":"follow","max-snippet":"max-snippet:-1","max-image-preview":"max-image-preview:large","max-video-preview":"max-video-preview:-1"},"canonical":"https:\/\/ems-electronic.com\/?page_id=255&lang=de","og_locale":"de_DE","og_type":"article","og_title":"Unser Nachaltigkeits-Konzept - EMS Electronic Metering Systems","og_description":"Unser Nachhaltigkeits-Konzept EMS Electronic Metering Systems s.r.l. ist nicht nur Entwickler, Hersteller und Lieferant von hochwertigen Messger\u00e4ten und Kostenverteilger\u00e4ten f\u00fcr Energie, W\u00e4rme, K\u00e4lte und Wasser sowie engverbundener Partner in Sachen Messger\u00e4tetechnik \u2013 wir betreiben in unserem Werk in Timisoara (Rum\u00e4nien) auch ein wegweisendes Wiederaufbereitungs-System (Refurbishing-System) bzw. Recycling-System f\u00fcr unsere Heizkostenverteiler, Funkadapter und W\u00e4rmez\u00e4hler, welches sowohl [&hellip;]","og_url":"https:\/\/ems-electronic.com\/?page_id=255&lang=de","og_site_name":"EMS Electronic Metering Systems","article_modified_time":"2026-03-11T10:22:54+00:00","twitter_card":"summary_large_image","twitter_misc":{"Gesch\u00e4tzte Lesezeit":"3\u00a0Minuten"},"schema":{"@context":"https:\/\/schema.org","@graph":[{"@type":"WebPage","@id":"https:\/\/ems-electronic.com\/?page_id=255&lang=de","url":"https:\/\/ems-electronic.com\/?page_id=255&lang=de","name":"Unser Nachaltigkeits-Konzept - EMS Electronic Metering Systems","isPartOf":{"@id":"https:\/\/ems-electronic.com\/#website"},"datePublished":"2026-03-11T10:20:21+00:00","dateModified":"2026-03-11T10:22:54+00:00","breadcrumb":{"@id":"https:\/\/ems-electronic.com\/?page_id=255&lang=de#breadcrumb"},"inLanguage":"de","potentialAction":[{"@type":"ReadAction","target":["https:\/\/ems-electronic.com\/?page_id=255&lang=de"]}]},{"@type":"BreadcrumbList","@id":"https:\/\/ems-electronic.com\/?page_id=255&lang=de#breadcrumb","itemListElement":[{"@type":"ListItem","position":1,"name":"Startseite","item":"https:\/\/ems-electronic.com\/?page_id=37&lang=de"},{"@type":"ListItem","position":2,"name":"Unser Nachaltigkeits-Konzept"}]},{"@type":"WebSite","@id":"https:\/\/ems-electronic.com\/#website","url":"https:\/\/ems-electronic.com\/","name":"EMS Electronic Metering Systems","description":"Precision electronic component manufacturing tailored to your specifications \u2013 from small-series production to reliable contract assembly, certified according to ISO 9001 and backed by the Messtechnik Group","publisher":{"@id":"https:\/\/ems-electronic.com\/#organization"},"alternateName":"Precision electronic component manufacturing tailored to your specifications \u2013 from small-series production to reliable contract assembly, certified according to ISO 9001 and backed by the Messtechnik Group","potentialAction":[{"@type":"SearchAction","target":{"@type":"EntryPoint","urlTemplate":"https:\/\/ems-electronic.com\/?s={search_term_string}"},"query-input":{"@type":"PropertyValueSpecification","valueRequired":true,"valueName":"search_term_string"}}],"inLanguage":"de"},{"@type":"Organization","@id":"https:\/\/ems-electronic.com\/#organization","name":"EMS Electronic Metering Systems s.r.l.","url":"https:\/\/ems-electronic.com\/","logo":{"@type":"ImageObject","inLanguage":"de","@id":"https:\/\/ems-electronic.com\/#\/schema\/logo\/image\/","url":"https:\/\/ems-electronic.com\/wp-content\/uploads\/2024\/06\/cropped-cropped-EMS_quadrat_web.jpg","contentUrl":"https:\/\/ems-electronic.com\/wp-content\/uploads\/2024\/06\/cropped-cropped-EMS_quadrat_web.jpg","width":512,"height":173,"caption":"EMS Electronic Metering Systems s.r.l."},"image":{"@id":"https:\/\/ems-electronic.com\/#\/schema\/logo\/image\/"}}]}},"jetpack_sharing_enabled":true,"_links":{"self":[{"href":"https:\/\/ems-electronic.com\/index.php?rest_route=\/wp\/v2\/pages\/255","targetHints":{"allow":["GET"]}}],"collection":[{"href":"https:\/\/ems-electronic.com\/index.php?rest_route=\/wp\/v2\/pages"}],"about":[{"href":"https:\/\/ems-electronic.com\/index.php?rest_route=\/wp\/v2\/types\/page"}],"author":[{"embeddable":true,"href":"https:\/\/ems-electronic.com\/index.php?rest_route=\/wp\/v2\/users\/1"}],"replies":[{"embeddable":true,"href":"https:\/\/ems-electronic.com\/index.php?rest_route=%2Fwp%2Fv2%2Fcomments&post=255"}],"version-history":[{"count":7,"href":"https:\/\/ems-electronic.com\/index.php?rest_route=\/wp\/v2\/pages\/255\/revisions"}],"predecessor-version":[{"id":262,"href":"https:\/\/ems-electronic.com\/index.php?rest_route=\/wp\/v2\/pages\/255\/revisions\/262"}],"wp:attachment":[{"href":"https:\/\/ems-electronic.com\/index.php?rest_route=%2Fwp%2Fv2%2Fmedia&parent=255"}],"curies":[{"name":"wp","href":"https:\/\/api.w.org\/{rel}","templated":true}]}}