{"id":265,"date":"2026-03-11T10:25:15","date_gmt":"2026-03-11T10:25:15","guid":{"rendered":"https:\/\/ems-electronic.com\/?page_id=265"},"modified":"2026-03-11T10:26:50","modified_gmt":"2026-03-11T10:26:50","slug":"conceptul-nostru-de-sustenabilitate","status":"publish","type":"page","link":"https:\/\/ems-electronic.com\/?page_id=265&lang=ro","title":{"rendered":"Conceptul nostru de sustenabilitate"},"content":{"rendered":"\t\t<div data-elementor-type=\"wp-page\" data-elementor-id=\"265\" class=\"elementor elementor-265\">\n\t\t\t\t<div class=\"elementor-element elementor-element-8fd4329 e-flex e-con-boxed e-con e-parent\" data-id=\"8fd4329\" data-element_type=\"container\" data-e-type=\"container\">\n\t\t\t\t\t<div class=\"e-con-inner\">\n\t\t\t\t<div class=\"elementor-element elementor-element-5a67037 elementor-widget elementor-widget-heading\" data-id=\"5a67037\" data-element_type=\"widget\" data-e-type=\"widget\" data-widget_type=\"heading.default\">\n\t\t\t\t<div class=\"elementor-widget-container\">\n\t\t\t\t\t<h1 class=\"elementor-heading-title elementor-size-default\">Conceptul nostru de sustenabilitate<\/h1>\t\t\t\t<\/div>\n\t\t\t\t<\/div>\n\t\t\t\t<div class=\"elementor-element elementor-element-6391bf2 elementor-widget elementor-widget-spacer\" data-id=\"6391bf2\" data-element_type=\"widget\" data-e-type=\"widget\" data-widget_type=\"spacer.default\">\n\t\t\t\t<div class=\"elementor-widget-container\">\n\t\t\t\t\t\t\t<div class=\"elementor-spacer\">\n\t\t\t<div class=\"elementor-spacer-inner\"><\/div>\n\t\t<\/div>\n\t\t\t\t\t\t<\/div>\n\t\t\t\t<\/div>\n\t\t\t\t<div class=\"elementor-element elementor-element-4c5abe7 elementor-widget elementor-widget-text-editor\" data-id=\"4c5abe7\" data-element_type=\"widget\" data-e-type=\"widget\" data-widget_type=\"text-editor.default\">\n\t\t\t\t<div class=\"elementor-widget-container\">\n\t\t\t\t\t\t\t\t\t<p><strong>EMS Electronic Metering Systems s.r.l.<\/strong> nu este doar un dezvoltator, produc\u0103tor \u0219i furnizor de dispozitive de m\u0103surare de \u00eenalt\u0103 calitate \u0219i dispozitive de alocare a costurilor pentru energie, \u00eenc\u0103lzire, r\u0103cire \u0219i ap\u0103, ci \u0219i un partener apropiat \u00een tehnologia de contorizare \u2013 la fabrica noastr\u0103 de produc\u021bie din Timi\u0219oara, Rom\u00e2nia, oper\u0103m \u0219i un sistem inovator de renovare \u0219i reciclare pentru repartitoarele noastre de costuri pentru \u00eenc\u0103lzire, adaptoarele radio \u0219i contoarele de c\u0103ldur\u0103, care este at\u00e2t ecologic, c\u00e2t \u0219i economic.<\/p><p>\u00a0<\/p><p><strong>\u00cen industria de fabricare<\/strong> a dispozitivelor de m\u0103surare \u0219i a dispozitivelor de alocare a costurilor pentru energie, \u00eenc\u0103lzire, r\u0103cire \u0219i ap\u0103, procesele de renovare \u0219i reciclare pentru dispozitivele de m\u0103surare men\u021bionate anterior sunt departe de a fi o practic\u0103 standard.<\/p><p>\u00a0<\/p><p><strong>Exist\u0103 un poten\u021bial<\/strong> semnificativ \u00een renovarea \u0219i reciclarea dispozitivelor de m\u0103surare \u0219i distribu\u021bie din dou\u0103 motive principale:<\/p><p>\u00a0<\/p><p><strong>\u00cen primul r\u00e2nd<\/strong>, \u00een \u201esectorul de subcontorizare\u201d (submetering-sector), \u00eentregul circuit de \u00eenc\u0103lzire \u0219i ap\u0103 al unei propriet\u0103\u021bi reziden\u021biale trebuie s\u0103 fie echipat cu tehnologia de contorizare adecvat\u0103 pentru a furniza date valide de facturare \u0219i consum pe tot parcursul anului \u0219i la sf\u00e2r\u0219itul anului.<\/p><p>\u00a0<\/p><p><strong>\u00cen al doilea r\u00e2nd,<\/strong> contoarele de energie, contoarele de c\u0103ldur\u0103 \u0219i contoarele de ap\u0103 sunt supuse unor perioade legale de calibrare \u00een aproape \u00eentreaga UE, ceea ce \u00eenseamn\u0103 c\u0103 dispozitivele instalate trebuie \u00eenlocuite dup\u0103 aceste perioade (\u00eentre 6 \u0219i 10 ani).<\/p><p>\u00a0<\/p><p><strong>Acest lucru duce<\/strong> \u00een mod natural la un consum foarte mare de resurse pentru produc\u021bia \u0219i \u00eenlocuirea dispozitivelor respective.<\/p><p>\u00a0<\/p><p><strong>Contoarele<\/strong> sunt \u00een general fabricate din materiale de \u00eenalt\u0103 calitate, cum ar fi plasticul \u0219i metalele, care pot fi recondi\u021bionate sau reciclate.<\/p><p>\u00a0<\/p><p><strong>De ceva timp,<\/strong> le oferim clien\u021bilor no\u0219tri op\u021biunea de a ni se returna dispozitivele de contorizare \u0219i repartitoarele de costuri dup\u0103 expirarea perioadelor de conformitate MID, a perioadelor de recalibrare sau a duratei de via\u021b\u0103 a bateriei evaluate pentru recondi\u021bionare sau reciclare la fabrica noastr\u0103 de produc\u021bie din Timi\u0219oara, Rom\u00e2nia.<\/p><p>\u00a0<\/p><p><strong>Am implementat<\/strong> instruc\u021biuni pentru a ne asigura c\u0103 componentele contorului pot fi u\u0219or dezasamblate, recondi\u021bionate sau reciclate.<\/p><p>\u00a0<\/p><p><strong>P\u0103r\u021bile reutilizabile ale<\/strong> contoarelor noastre de c\u0103ldur\u0103 cu ultrasunete, adaptoarelor radio \u0219i repartitoarelor de costuri pentru c\u0103ldur\u0103 sunt testate temeinic pe baza acestor instruc\u021biuni \u0219i apoi reasamblate cu componente noi ale dispozitivului.<\/p><p>\u00a0<\/p><p><strong>Dispozitivele de contorizare<\/strong> \u0219i repartitoarele de costuri sunt dezasamblate profesional, iar componentele principale sunt separate.<\/p><p>\u00a0<\/p><p><strong>Hidraulica, electronica, senzorii, carcasa \u0219i bateria<\/strong> sunt procesate individual pentru a se asigura c\u0103 piesele pot fi reutilizate ulterior.<\/p><p>\u00a0<\/p><p><strong>\u00cen plus, toate componentele<\/strong> sunt supuse unei cur\u0103\u021b\u0103ri intensive pentru a \u00eendep\u0103rta orice reziduuri \u0219i a asigura o func\u021bionalitate optim\u0103.<\/p><p>\u00a0<\/p><p><strong>Toate piesele care pot fi<\/strong> recondi\u021bionate sunt separate \u0219i evaluate \u00eentr-un proces separat de control al calit\u0103\u021bii.<\/p><p>\u00a0<\/p><p><strong>Doar piesele care trec de<\/strong> procesul strict de control al calit\u0103\u021bii pentru piesele recondi\u021bionate sunt permise s\u0103 reintr\u0103 \u00een procesul de produc\u021bie. Toate piesele recondi\u021bionate care nu trec de procesul strict de control al calit\u0103\u021bii sunt sortate, colectate \u0219i, acolo unde este posibil, trimise pentru reciclare.<\/p><p>\u00a0<\/p><p><strong>Acest lucru asigur\u0103 c\u0103 sunt<\/strong> reutilizate doar piesele recondi\u021bionate cu propriet\u0103\u021bile \u0219i calitatea pieselor noi.<\/p><p>\u00a0<\/p><p><strong>Conceptele de recondi\u021bionare \u0219i reciclare<\/strong> ale EMS sus\u021bin puternic principiile economiei circulare.<\/p><p><strong>\u00cen loc s\u0103 se elimine contoarele<\/strong> de c\u0103ldur\u0103, adaptoarele radio \u0219i repartitoarele de costuri pentru c\u0103ldur\u0103 dup\u0103 durata lor de via\u021b\u0103, acestea sunt recondi\u021bionate sau reciclate \u0219i returnate \u00een ciclul de produc\u021bie.<\/p><p><strong>Acest lucru reduce nevoia de<\/strong> materiale noi \u0219i minimizeaz\u0103 impactul asupra mediului al fabric\u0103rii de contoare noi.<\/p><p><strong>EMS Electronic Metering Systems s.r.l.<\/strong> contribuie activ la conservarea resurselor \u0219i reducerea consumului de energie prin recondi\u021bionarea contoarelor de c\u0103ldur\u0103, a adaptoarelor radio \u0219i a repartitoarelor de costuri pentru \u00eenc\u0103lzire, precum \u0219i prin reutilizarea materialelor \u0219i pieselor reciclate.<\/p>\t\t\t\t\t\t\t\t<\/div>\n\t\t\t\t<\/div>\n\t\t\t\t\t<\/div>\n\t\t\t\t<\/div>\n\t\t\t\t<\/div>\n\t\t","protected":false},"excerpt":{"rendered":"<p>Conceptul nostru de sustenabilitate EMS Electronic Metering Systems s.r.l. nu este doar un dezvoltator, produc\u0103tor \u0219i furnizor de dispozitive de m\u0103surare de \u00eenalt\u0103 calitate \u0219i dispozitive de alocare a costurilor pentru energie, \u00eenc\u0103lzire, r\u0103cire \u0219i ap\u0103, ci \u0219i un partener apropiat \u00een tehnologia de contorizare \u2013 la fabrica noastr\u0103 de produc\u021bie din Timi\u0219oara, Rom\u00e2nia, oper\u0103m [&hellip;]<\/p>\n","protected":false},"author":1,"featured_media":0,"parent":0,"menu_order":0,"comment_status":"closed","ping_status":"closed","template":"","meta":{"ocean_post_layout":"","ocean_both_sidebars_style":"","ocean_both_sidebars_content_width":0,"ocean_both_sidebars_sidebars_width":0,"ocean_sidebar":"","ocean_second_sidebar":"","ocean_disable_margins":"enable","ocean_add_body_class":"","ocean_shortcode_before_top_bar":"","ocean_shortcode_after_top_bar":"","ocean_shortcode_before_header":"","ocean_shortcode_after_header":"","ocean_has_shortcode":"","ocean_shortcode_after_title":"","ocean_shortcode_before_footer_widgets":"","ocean_shortcode_after_footer_widgets":"","ocean_shortcode_before_footer_bottom":"","ocean_shortcode_after_footer_bottom":"","ocean_display_top_bar":"default","ocean_display_header":"default","ocean_header_style":"","ocean_center_header_left_menu":"","ocean_custom_header_template":"","ocean_custom_logo":0,"ocean_custom_retina_logo":0,"ocean_custom_logo_max_width":0,"ocean_custom_logo_tablet_max_width":0,"ocean_custom_logo_mobile_max_width":0,"ocean_custom_logo_max_height":0,"ocean_custom_logo_tablet_max_height":0,"ocean_custom_logo_mobile_max_height":0,"ocean_header_custom_menu":"","ocean_menu_typo_font_family":"","ocean_menu_typo_font_subset":"","ocean_menu_typo_font_size":0,"ocean_menu_typo_font_size_tablet":0,"ocean_menu_typo_font_size_mobile":0,"ocean_menu_typo_font_size_unit":"px","ocean_menu_typo_font_weight":"","ocean_menu_typo_font_weight_tablet":"","ocean_menu_typo_font_weight_mobile":"","ocean_menu_typo_transform":"","ocean_menu_typo_transform_tablet":"","ocean_menu_typo_transform_mobile":"","ocean_menu_typo_line_height":0,"ocean_menu_typo_line_height_tablet":0,"ocean_menu_typo_line_height_mobile":0,"ocean_menu_typo_line_height_unit":"","ocean_menu_typo_spacing":0,"ocean_menu_typo_spacing_tablet":0,"ocean_menu_typo_spacing_mobile":0,"ocean_menu_typo_spacing_unit":"","ocean_menu_link_color":"","ocean_menu_link_color_hover":"","ocean_menu_link_color_active":"","ocean_menu_link_background":"","ocean_menu_link_hover_background":"","ocean_menu_link_active_background":"","ocean_menu_social_links_bg":"","ocean_menu_social_hover_links_bg":"","ocean_menu_social_links_color":"","ocean_menu_social_hover_links_color":"","ocean_disable_title":"default","ocean_disable_heading":"default","ocean_post_title":"","ocean_post_subheading":"","ocean_post_title_style":"","ocean_post_title_background_color":"","ocean_post_title_background":0,"ocean_post_title_bg_image_position":"","ocean_post_title_bg_image_attachment":"","ocean_post_title_bg_image_repeat":"","ocean_post_title_bg_image_size":"","ocean_post_title_height":0,"ocean_post_title_bg_overlay":0.5,"ocean_post_title_bg_overlay_color":"","ocean_disable_breadcrumbs":"default","ocean_breadcrumbs_color":"","ocean_breadcrumbs_separator_color":"","ocean_breadcrumbs_links_color":"","ocean_breadcrumbs_links_hover_color":"","ocean_display_footer_widgets":"default","ocean_display_footer_bottom":"default","ocean_custom_footer_template":"","footnotes":""},"class_list":["post-265","page","type-page","status-publish","hentry","entry"],"yoast_head":"<!-- This site is optimized with the Yoast SEO plugin v24.9 - https:\/\/yoast.com\/wordpress\/plugins\/seo\/ -->\n<title>Conceptul nostru de sustenabilitate - EMS Electronic Metering Systems<\/title>\n<meta name=\"robots\" content=\"index, follow, max-snippet:-1, max-image-preview:large, max-video-preview:-1\" \/>\n<link rel=\"canonical\" href=\"https:\/\/ems-electronic.com\/?page_id=265&lang=ro\" \/>\n<meta property=\"og:locale\" content=\"de_DE\" \/>\n<meta property=\"og:type\" content=\"article\" \/>\n<meta property=\"og:title\" content=\"Conceptul nostru de sustenabilitate - EMS Electronic Metering Systems\" \/>\n<meta property=\"og:description\" content=\"Conceptul nostru de sustenabilitate EMS Electronic Metering Systems s.r.l. nu este doar un dezvoltator, produc\u0103tor \u0219i furnizor de dispozitive de m\u0103surare de \u00eenalt\u0103 calitate \u0219i dispozitive de alocare a costurilor pentru energie, \u00eenc\u0103lzire, r\u0103cire \u0219i ap\u0103, ci \u0219i un partener apropiat \u00een tehnologia de contorizare \u2013 la fabrica noastr\u0103 de produc\u021bie din Timi\u0219oara, Rom\u00e2nia, oper\u0103m [&hellip;]\" \/>\n<meta property=\"og:url\" content=\"https:\/\/ems-electronic.com\/?page_id=265&amp;lang=ro\" \/>\n<meta property=\"og:site_name\" content=\"EMS Electronic Metering Systems\" \/>\n<meta property=\"article:modified_time\" content=\"2026-03-11T10:26:50+00:00\" \/>\n<meta name=\"twitter:card\" content=\"summary_large_image\" \/>\n<meta name=\"twitter:label1\" content=\"Gesch\u00e4tzte Lesezeit\" \/>\n\t<meta name=\"twitter:data1\" content=\"4\u00a0Minuten\" \/>\n<script type=\"application\/ld+json\" class=\"yoast-schema-graph\">{\"@context\":\"https:\/\/schema.org\",\"@graph\":[{\"@type\":\"WebPage\",\"@id\":\"https:\/\/ems-electronic.com\/?page_id=265&lang=ro\",\"url\":\"https:\/\/ems-electronic.com\/?page_id=265&lang=ro\",\"name\":\"Conceptul nostru de sustenabilitate - EMS Electronic Metering Systems\",\"isPartOf\":{\"@id\":\"https:\/\/ems-electronic.com\/#website\"},\"datePublished\":\"2026-03-11T10:25:15+00:00\",\"dateModified\":\"2026-03-11T10:26:50+00:00\",\"breadcrumb\":{\"@id\":\"https:\/\/ems-electronic.com\/?page_id=265&lang=ro#breadcrumb\"},\"inLanguage\":\"de\",\"potentialAction\":[{\"@type\":\"ReadAction\",\"target\":[\"https:\/\/ems-electronic.com\/?page_id=265&lang=ro\"]}]},{\"@type\":\"BreadcrumbList\",\"@id\":\"https:\/\/ems-electronic.com\/?page_id=265&lang=ro#breadcrumb\",\"itemListElement\":[{\"@type\":\"ListItem\",\"position\":1,\"name\":\"Startseite\",\"item\":\"https:\/\/ems-electronic.com\/?page_id=37&lang=de\"},{\"@type\":\"ListItem\",\"position\":2,\"name\":\"Conceptul nostru de sustenabilitate\"}]},{\"@type\":\"WebSite\",\"@id\":\"https:\/\/ems-electronic.com\/#website\",\"url\":\"https:\/\/ems-electronic.com\/\",\"name\":\"EMS Electronic Metering Systems\",\"description\":\"Precision electronic component manufacturing tailored to your specifications \u2013 from small-series production to reliable contract assembly, certified according to ISO 9001 and backed by the Messtechnik Group\",\"publisher\":{\"@id\":\"https:\/\/ems-electronic.com\/#organization\"},\"alternateName\":\"Precision electronic component manufacturing tailored to your specifications \u2013 from small-series production to reliable contract assembly, certified according to ISO 9001 and backed by the Messtechnik Group\",\"potentialAction\":[{\"@type\":\"SearchAction\",\"target\":{\"@type\":\"EntryPoint\",\"urlTemplate\":\"https:\/\/ems-electronic.com\/?s={search_term_string}\"},\"query-input\":{\"@type\":\"PropertyValueSpecification\",\"valueRequired\":true,\"valueName\":\"search_term_string\"}}],\"inLanguage\":\"de\"},{\"@type\":\"Organization\",\"@id\":\"https:\/\/ems-electronic.com\/#organization\",\"name\":\"EMS Electronic Metering Systems s.r.l.\",\"url\":\"https:\/\/ems-electronic.com\/\",\"logo\":{\"@type\":\"ImageObject\",\"inLanguage\":\"de\",\"@id\":\"https:\/\/ems-electronic.com\/#\/schema\/logo\/image\/\",\"url\":\"https:\/\/ems-electronic.com\/wp-content\/uploads\/2024\/06\/cropped-cropped-EMS_quadrat_web.jpg\",\"contentUrl\":\"https:\/\/ems-electronic.com\/wp-content\/uploads\/2024\/06\/cropped-cropped-EMS_quadrat_web.jpg\",\"width\":512,\"height\":173,\"caption\":\"EMS Electronic Metering Systems s.r.l.\"},\"image\":{\"@id\":\"https:\/\/ems-electronic.com\/#\/schema\/logo\/image\/\"}}]}<\/script>\n<!-- \/ Yoast SEO plugin. -->","yoast_head_json":{"title":"Conceptul nostru de sustenabilitate - EMS Electronic Metering Systems","robots":{"index":"index","follow":"follow","max-snippet":"max-snippet:-1","max-image-preview":"max-image-preview:large","max-video-preview":"max-video-preview:-1"},"canonical":"https:\/\/ems-electronic.com\/?page_id=265&lang=ro","og_locale":"de_DE","og_type":"article","og_title":"Conceptul nostru de sustenabilitate - EMS Electronic Metering Systems","og_description":"Conceptul nostru de sustenabilitate EMS Electronic Metering Systems s.r.l. nu este doar un dezvoltator, produc\u0103tor \u0219i furnizor de dispozitive de m\u0103surare de \u00eenalt\u0103 calitate \u0219i dispozitive de alocare a costurilor pentru energie, \u00eenc\u0103lzire, r\u0103cire \u0219i ap\u0103, ci \u0219i un partener apropiat \u00een tehnologia de contorizare \u2013 la fabrica noastr\u0103 de produc\u021bie din Timi\u0219oara, Rom\u00e2nia, oper\u0103m [&hellip;]","og_url":"https:\/\/ems-electronic.com\/?page_id=265&lang=ro","og_site_name":"EMS Electronic Metering Systems","article_modified_time":"2026-03-11T10:26:50+00:00","twitter_card":"summary_large_image","twitter_misc":{"Gesch\u00e4tzte Lesezeit":"4\u00a0Minuten"},"schema":{"@context":"https:\/\/schema.org","@graph":[{"@type":"WebPage","@id":"https:\/\/ems-electronic.com\/?page_id=265&lang=ro","url":"https:\/\/ems-electronic.com\/?page_id=265&lang=ro","name":"Conceptul nostru de sustenabilitate - EMS Electronic Metering Systems","isPartOf":{"@id":"https:\/\/ems-electronic.com\/#website"},"datePublished":"2026-03-11T10:25:15+00:00","dateModified":"2026-03-11T10:26:50+00:00","breadcrumb":{"@id":"https:\/\/ems-electronic.com\/?page_id=265&lang=ro#breadcrumb"},"inLanguage":"de","potentialAction":[{"@type":"ReadAction","target":["https:\/\/ems-electronic.com\/?page_id=265&lang=ro"]}]},{"@type":"BreadcrumbList","@id":"https:\/\/ems-electronic.com\/?page_id=265&lang=ro#breadcrumb","itemListElement":[{"@type":"ListItem","position":1,"name":"Startseite","item":"https:\/\/ems-electronic.com\/?page_id=37&lang=de"},{"@type":"ListItem","position":2,"name":"Conceptul nostru de sustenabilitate"}]},{"@type":"WebSite","@id":"https:\/\/ems-electronic.com\/#website","url":"https:\/\/ems-electronic.com\/","name":"EMS Electronic Metering Systems","description":"Precision electronic component manufacturing tailored to your specifications \u2013 from small-series production to reliable contract assembly, certified according to ISO 9001 and backed by the Messtechnik Group","publisher":{"@id":"https:\/\/ems-electronic.com\/#organization"},"alternateName":"Precision electronic component manufacturing tailored to your specifications \u2013 from small-series production to reliable contract assembly, certified according to ISO 9001 and backed by the Messtechnik Group","potentialAction":[{"@type":"SearchAction","target":{"@type":"EntryPoint","urlTemplate":"https:\/\/ems-electronic.com\/?s={search_term_string}"},"query-input":{"@type":"PropertyValueSpecification","valueRequired":true,"valueName":"search_term_string"}}],"inLanguage":"de"},{"@type":"Organization","@id":"https:\/\/ems-electronic.com\/#organization","name":"EMS Electronic Metering Systems s.r.l.","url":"https:\/\/ems-electronic.com\/","logo":{"@type":"ImageObject","inLanguage":"de","@id":"https:\/\/ems-electronic.com\/#\/schema\/logo\/image\/","url":"https:\/\/ems-electronic.com\/wp-content\/uploads\/2024\/06\/cropped-cropped-EMS_quadrat_web.jpg","contentUrl":"https:\/\/ems-electronic.com\/wp-content\/uploads\/2024\/06\/cropped-cropped-EMS_quadrat_web.jpg","width":512,"height":173,"caption":"EMS Electronic Metering Systems s.r.l."},"image":{"@id":"https:\/\/ems-electronic.com\/#\/schema\/logo\/image\/"}}]}},"jetpack_sharing_enabled":true,"_links":{"self":[{"href":"https:\/\/ems-electronic.com\/index.php?rest_route=\/wp\/v2\/pages\/265","targetHints":{"allow":["GET"]}}],"collection":[{"href":"https:\/\/ems-electronic.com\/index.php?rest_route=\/wp\/v2\/pages"}],"about":[{"href":"https:\/\/ems-electronic.com\/index.php?rest_route=\/wp\/v2\/types\/page"}],"author":[{"embeddable":true,"href":"https:\/\/ems-electronic.com\/index.php?rest_route=\/wp\/v2\/users\/1"}],"replies":[{"embeddable":true,"href":"https:\/\/ems-electronic.com\/index.php?rest_route=%2Fwp%2Fv2%2Fcomments&post=265"}],"version-history":[{"count":7,"href":"https:\/\/ems-electronic.com\/index.php?rest_route=\/wp\/v2\/pages\/265\/revisions"}],"predecessor-version":[{"id":272,"href":"https:\/\/ems-electronic.com\/index.php?rest_route=\/wp\/v2\/pages\/265\/revisions\/272"}],"wp:attachment":[{"href":"https:\/\/ems-electronic.com\/index.php?rest_route=%2Fwp%2Fv2%2Fmedia&parent=265"}],"curies":[{"name":"wp","href":"https:\/\/api.w.org\/{rel}","templated":true}]}}