{"id":273,"date":"2026-03-11T10:27:43","date_gmt":"2026-03-11T10:27:43","guid":{"rendered":"https:\/\/ems-electronic.com\/?page_id=273"},"modified":"2026-03-11T10:29:17","modified_gmt":"2026-03-11T10:29:17","slug":"il-nostro-concetto-di-sostenibilita","status":"publish","type":"page","link":"https:\/\/ems-electronic.com\/?page_id=273&lang=it","title":{"rendered":"Il nostro concetto di sostenibilit\u00e0"},"content":{"rendered":"\t\t<div data-elementor-type=\"wp-page\" data-elementor-id=\"273\" class=\"elementor elementor-273\">\n\t\t\t\t<div class=\"elementor-element elementor-element-8fd4329 e-flex e-con-boxed e-con e-parent\" data-id=\"8fd4329\" data-element_type=\"container\" data-e-type=\"container\">\n\t\t\t\t\t<div class=\"e-con-inner\">\n\t\t\t\t<div class=\"elementor-element elementor-element-5a67037 elementor-widget elementor-widget-heading\" data-id=\"5a67037\" data-element_type=\"widget\" data-e-type=\"widget\" data-widget_type=\"heading.default\">\n\t\t\t\t<div class=\"elementor-widget-container\">\n\t\t\t\t\t<h1 class=\"elementor-heading-title elementor-size-default\">Il nostro concetto di sostenibilit\u00e0<\/h1>\t\t\t\t<\/div>\n\t\t\t\t<\/div>\n\t\t\t\t<div class=\"elementor-element elementor-element-6391bf2 elementor-widget elementor-widget-spacer\" data-id=\"6391bf2\" data-element_type=\"widget\" data-e-type=\"widget\" data-widget_type=\"spacer.default\">\n\t\t\t\t<div class=\"elementor-widget-container\">\n\t\t\t\t\t\t\t<div class=\"elementor-spacer\">\n\t\t\t<div class=\"elementor-spacer-inner\"><\/div>\n\t\t<\/div>\n\t\t\t\t\t\t<\/div>\n\t\t\t\t<\/div>\n\t\t\t\t<div class=\"elementor-element elementor-element-4c5abe7 elementor-widget elementor-widget-text-editor\" data-id=\"4c5abe7\" data-element_type=\"widget\" data-e-type=\"widget\" data-widget_type=\"text-editor.default\">\n\t\t\t\t<div class=\"elementor-widget-container\">\n\t\t\t\t\t\t\t\t\t<p><strong>EMS Electronic Metering Systems s.r.l.<\/strong> non \u00e8 solo uno sviluppatore, produttore e fornitore di dispositivi di misurazione e ripartitori di costi di alta qualit\u00e0 per energia, riscaldamento, raffreddamento e acqua, ma anche un partner affidabile nella tecnologia di misurazione: presso il nostro stabilimento produttivo di Timisoara, in Romania, utilizziamo anche un innovativo sistema di rigenerazione e riciclo per i nostri ripartitori di costi di riscaldamento, adattatori radio e contatori di calore, che \u00e8 sia ecologico che economico.<\/p><p>\u00a0<\/p><p><strong>Nel settore della produzione<\/strong> di dispositivi di misurazione e ripartitori di costi per energia, riscaldamento, raffreddamento e acqua, i processi di rigenerazione e riciclo per i dispositivi di misurazione sopra menzionati sono tutt&#8217;altro che una prassi standard.<\/p><p>\u00a0<\/p><p><strong>La rigenerazione<\/strong> e il riciclo dei dispositivi di misurazione e distribuzione presentano un potenziale significativo per due motivi principali:<\/p><p>\u00a0<\/p><p><strong>In primo luogo, nel settore del<\/strong> &#8222;sub-metering&#8220;, l&#8217;intero circuito di riscaldamento e acqua di un immobile residenziale deve essere dotato di un&#8217;adeguata tecnologia di misurazione per fornire dati di fatturazione e consumo validi durante tutto l&#8217;anno e a fine anno.<\/p><p>\u00a0<\/p><p><strong>In secondo luogo, i contatori di<\/strong> energia, i contatori di calore e i contatori d&#8217;acqua sono soggetti a periodi di taratura previsti dalla legge in quasi tutta l&#8217;UE, il che significa che i dispositivi installati devono essere sostituiti dopo tali periodi (tra i 6 e i 10 anni).<\/p><p>\u00a0<\/p><p><strong>Ci\u00f2 comporta naturalmente un<\/strong> consumo di risorse molto elevato per la produzione e la sostituzione di questi dispositivi.<\/p><p>\u00a0<\/p><p><strong>I contatori sono generalmente<\/strong> realizzati con materiali di alta qualit\u00e0, come plastica e metalli, che possono essere ricondizionati o riciclati.<\/p><p>\u00a0<\/p><p><strong>Da tempo offriamo ai nostri<\/strong> clienti la possibilit\u00e0 di restituirci i loro dispositivi di misurazione e ripartitori di costi dopo la scadenza dei periodi di conformit\u00e0 MID, dei periodi di ricalibrazione o della durata stimata della batteria, per il ricondizionamento o il riciclaggio presso il nostro stabilimento di produzione a Timisoara, in Romania.<\/p><p>\u00a0<\/p><p><strong>Abbiamo implementato<\/strong> istruzioni per garantire che i componenti dei contatori possano essere facilmente smontati, ricondizionati o riciclati.<\/p><p>\u00a0<\/p><p><strong>Le parti riutilizzabili dei nostri<\/strong> contatori di calore a ultrasuoni, degli adattatori radio e dei ripartitori di costi di riscaldamento vengono accuratamente testate sulla base di queste istruzioni e quindi riassemblate con nuovi componenti del dispositivo.<\/p><p>\u00a0<\/p><p><strong>I dispositivi di misurazione<\/strong> e i ripartitori di costo vengono smontati professionalmente e i componenti principali vengono separati.<\/p><p>\u00a0<\/p><p><strong>L&#8217;impianto idraulico,<\/strong> l&#8217;elettronica, i sensori, l&#8217;alloggiamento e la batteria vengono trattati singolarmente per garantire che i componenti possano essere riutilizzati in seguito.<\/p><p>\u00a0<\/p><p><strong>Inoltre, tutti i componenti<\/strong> vengono sottoposti a un&#8217;intensa pulizia per rimuovere eventuali residui e garantirne la funzionalit\u00e0 ottimale.<\/p><p>\u00a0<\/p><p><strong>Tutti i componenti che possono<\/strong> essere ricondizionati vengono separati e valutati in un processo di controllo qualit\u00e0 separato.<\/p><p>\u00a0<\/p><p><strong>Solo i componenti<\/strong> che superano il rigoroso processo di controllo qualit\u00e0 per i componenti ricondizionati vengono ammessi al processo di produzione. Tutti i componenti ricondizionati che non superano il rigoroso processo di controllo qualit\u00e0 vengono selezionati, raccolti e, ove possibile, avviati al riciclo.<\/p><p>\u00a0<\/p><p><strong>Questo garantisce che vengano<\/strong> riutilizzati solo i componenti ricondizionati con le stesse propriet\u00e0 e qualit\u00e0 dei componenti nuovi.<\/p><p>\u00a0<\/p><p><strong>I concetti di ricondizionamento<\/strong> e riciclo di EMS supportano fermamente i principi dell&#8217;economia circolare.<\/p><p>\u00a0<\/p><p><strong>Invece di smaltire contatori<\/strong> di calore, adattatori radio e ripartitori di costo del riscaldamento al termine del loro ciclo di vita, questi vengono ricondizionati o riciclati e reinseriti nel ciclo produttivo. Ci\u00f2 riduce la necessit\u00e0 di nuovi materiali e minimizza l&#8217;impatto ambientale della produzione di nuovi contatori.<\/p><p><strong>EMS Electronic Metering Systems s.r.l.<\/strong> contribuisce attivamente alla conservazione delle risorse e alla riduzione dei consumi energetici ricondizionando contatori di calore, adattatori radio e ripartitori di costi di riscaldamento, nonch\u00e9 riutilizzando materiali e componenti riciclati.<\/p>\t\t\t\t\t\t\t\t<\/div>\n\t\t\t\t<\/div>\n\t\t\t\t\t<\/div>\n\t\t\t\t<\/div>\n\t\t\t\t<\/div>\n\t\t","protected":false},"excerpt":{"rendered":"<p>Il nostro concetto di sostenibilit\u00e0 EMS Electronic Metering Systems s.r.l. non \u00e8 solo uno sviluppatore, produttore e fornitore di dispositivi di misurazione e ripartitori di costi di alta qualit\u00e0 per energia, riscaldamento, raffreddamento e acqua, ma anche un partner affidabile nella tecnologia di misurazione: presso il nostro stabilimento produttivo di Timisoara, in Romania, utilizziamo anche [&hellip;]<\/p>\n","protected":false},"author":1,"featured_media":0,"parent":0,"menu_order":0,"comment_status":"closed","ping_status":"closed","template":"","meta":{"ocean_post_layout":"","ocean_both_sidebars_style":"","ocean_both_sidebars_content_width":0,"ocean_both_sidebars_sidebars_width":0,"ocean_sidebar":"","ocean_second_sidebar":"","ocean_disable_margins":"enable","ocean_add_body_class":"","ocean_shortcode_before_top_bar":"","ocean_shortcode_after_top_bar":"","ocean_shortcode_before_header":"","ocean_shortcode_after_header":"","ocean_has_shortcode":"","ocean_shortcode_after_title":"","ocean_shortcode_before_footer_widgets":"","ocean_shortcode_after_footer_widgets":"","ocean_shortcode_before_footer_bottom":"","ocean_shortcode_after_footer_bottom":"","ocean_display_top_bar":"default","ocean_display_header":"default","ocean_header_style":"","ocean_center_header_left_menu":"","ocean_custom_header_template":"","ocean_custom_logo":0,"ocean_custom_retina_logo":0,"ocean_custom_logo_max_width":0,"ocean_custom_logo_tablet_max_width":0,"ocean_custom_logo_mobile_max_width":0,"ocean_custom_logo_max_height":0,"ocean_custom_logo_tablet_max_height":0,"ocean_custom_logo_mobile_max_height":0,"ocean_header_custom_menu":"","ocean_menu_typo_font_family":"","ocean_menu_typo_font_subset":"","ocean_menu_typo_font_size":0,"ocean_menu_typo_font_size_tablet":0,"ocean_menu_typo_font_size_mobile":0,"ocean_menu_typo_font_size_unit":"px","ocean_menu_typo_font_weight":"","ocean_menu_typo_font_weight_tablet":"","ocean_menu_typo_font_weight_mobile":"","ocean_menu_typo_transform":"","ocean_menu_typo_transform_tablet":"","ocean_menu_typo_transform_mobile":"","ocean_menu_typo_line_height":0,"ocean_menu_typo_line_height_tablet":0,"ocean_menu_typo_line_height_mobile":0,"ocean_menu_typo_line_height_unit":"","ocean_menu_typo_spacing":0,"ocean_menu_typo_spacing_tablet":0,"ocean_menu_typo_spacing_mobile":0,"ocean_menu_typo_spacing_unit":"","ocean_menu_link_color":"","ocean_menu_link_color_hover":"","ocean_menu_link_color_active":"","ocean_menu_link_background":"","ocean_menu_link_hover_background":"","ocean_menu_link_active_background":"","ocean_menu_social_links_bg":"","ocean_menu_social_hover_links_bg":"","ocean_menu_social_links_color":"","ocean_menu_social_hover_links_color":"","ocean_disable_title":"default","ocean_disable_heading":"default","ocean_post_title":"","ocean_post_subheading":"","ocean_post_title_style":"","ocean_post_title_background_color":"","ocean_post_title_background":0,"ocean_post_title_bg_image_position":"","ocean_post_title_bg_image_attachment":"","ocean_post_title_bg_image_repeat":"","ocean_post_title_bg_image_size":"","ocean_post_title_height":0,"ocean_post_title_bg_overlay":0.5,"ocean_post_title_bg_overlay_color":"","ocean_disable_breadcrumbs":"default","ocean_breadcrumbs_color":"","ocean_breadcrumbs_separator_color":"","ocean_breadcrumbs_links_color":"","ocean_breadcrumbs_links_hover_color":"","ocean_display_footer_widgets":"default","ocean_display_footer_bottom":"default","ocean_custom_footer_template":"","footnotes":""},"class_list":["post-273","page","type-page","status-publish","hentry","entry"],"yoast_head":"<!-- This site is optimized with the Yoast SEO plugin v24.9 - https:\/\/yoast.com\/wordpress\/plugins\/seo\/ -->\n<title>Il nostro concetto di sostenibilit\u00e0 - EMS Electronic Metering Systems<\/title>\n<meta name=\"robots\" content=\"index, follow, max-snippet:-1, max-image-preview:large, max-video-preview:-1\" \/>\n<link rel=\"canonical\" href=\"https:\/\/ems-electronic.com\/?page_id=273&lang=it\" \/>\n<meta property=\"og:locale\" content=\"de_DE\" \/>\n<meta property=\"og:type\" content=\"article\" \/>\n<meta property=\"og:title\" content=\"Il nostro concetto di sostenibilit\u00e0 - EMS Electronic Metering Systems\" \/>\n<meta property=\"og:description\" content=\"Il nostro concetto di sostenibilit\u00e0 EMS Electronic Metering Systems s.r.l. non \u00e8 solo uno sviluppatore, produttore e fornitore di dispositivi di misurazione e ripartitori di costi di alta qualit\u00e0 per energia, riscaldamento, raffreddamento e acqua, ma anche un partner affidabile nella tecnologia di misurazione: presso il nostro stabilimento produttivo di Timisoara, in Romania, utilizziamo anche [&hellip;]\" \/>\n<meta property=\"og:url\" content=\"https:\/\/ems-electronic.com\/?page_id=273&amp;lang=it\" \/>\n<meta property=\"og:site_name\" content=\"EMS Electronic Metering Systems\" \/>\n<meta property=\"article:modified_time\" content=\"2026-03-11T10:29:17+00:00\" \/>\n<meta name=\"twitter:card\" content=\"summary_large_image\" \/>\n<meta name=\"twitter:label1\" content=\"Gesch\u00e4tzte Lesezeit\" \/>\n\t<meta name=\"twitter:data1\" content=\"4\u00a0Minuten\" \/>\n<script type=\"application\/ld+json\" class=\"yoast-schema-graph\">{\"@context\":\"https:\/\/schema.org\",\"@graph\":[{\"@type\":\"WebPage\",\"@id\":\"https:\/\/ems-electronic.com\/?page_id=273&lang=it\",\"url\":\"https:\/\/ems-electronic.com\/?page_id=273&lang=it\",\"name\":\"Il nostro concetto di sostenibilit\u00e0 - EMS Electronic Metering Systems\",\"isPartOf\":{\"@id\":\"https:\/\/ems-electronic.com\/#website\"},\"datePublished\":\"2026-03-11T10:27:43+00:00\",\"dateModified\":\"2026-03-11T10:29:17+00:00\",\"breadcrumb\":{\"@id\":\"https:\/\/ems-electronic.com\/?page_id=273&lang=it#breadcrumb\"},\"inLanguage\":\"de\",\"potentialAction\":[{\"@type\":\"ReadAction\",\"target\":[\"https:\/\/ems-electronic.com\/?page_id=273&lang=it\"]}]},{\"@type\":\"BreadcrumbList\",\"@id\":\"https:\/\/ems-electronic.com\/?page_id=273&lang=it#breadcrumb\",\"itemListElement\":[{\"@type\":\"ListItem\",\"position\":1,\"name\":\"Startseite\",\"item\":\"https:\/\/ems-electronic.com\/?page_id=37&lang=de\"},{\"@type\":\"ListItem\",\"position\":2,\"name\":\"Il nostro concetto di sostenibilit\u00e0\"}]},{\"@type\":\"WebSite\",\"@id\":\"https:\/\/ems-electronic.com\/#website\",\"url\":\"https:\/\/ems-electronic.com\/\",\"name\":\"EMS Electronic Metering Systems\",\"description\":\"Precision electronic component manufacturing tailored to your specifications \u2013 from small-series production to reliable contract assembly, certified according to ISO 9001 and backed by the Messtechnik Group\",\"publisher\":{\"@id\":\"https:\/\/ems-electronic.com\/#organization\"},\"alternateName\":\"Precision electronic component manufacturing tailored to your specifications \u2013 from small-series production to reliable contract assembly, certified according to ISO 9001 and backed by the Messtechnik Group\",\"potentialAction\":[{\"@type\":\"SearchAction\",\"target\":{\"@type\":\"EntryPoint\",\"urlTemplate\":\"https:\/\/ems-electronic.com\/?s={search_term_string}\"},\"query-input\":{\"@type\":\"PropertyValueSpecification\",\"valueRequired\":true,\"valueName\":\"search_term_string\"}}],\"inLanguage\":\"de\"},{\"@type\":\"Organization\",\"@id\":\"https:\/\/ems-electronic.com\/#organization\",\"name\":\"EMS Electronic Metering Systems s.r.l.\",\"url\":\"https:\/\/ems-electronic.com\/\",\"logo\":{\"@type\":\"ImageObject\",\"inLanguage\":\"de\",\"@id\":\"https:\/\/ems-electronic.com\/#\/schema\/logo\/image\/\",\"url\":\"https:\/\/ems-electronic.com\/wp-content\/uploads\/2024\/06\/cropped-cropped-EMS_quadrat_web.jpg\",\"contentUrl\":\"https:\/\/ems-electronic.com\/wp-content\/uploads\/2024\/06\/cropped-cropped-EMS_quadrat_web.jpg\",\"width\":512,\"height\":173,\"caption\":\"EMS Electronic Metering Systems s.r.l.\"},\"image\":{\"@id\":\"https:\/\/ems-electronic.com\/#\/schema\/logo\/image\/\"}}]}<\/script>\n<!-- \/ Yoast SEO plugin. -->","yoast_head_json":{"title":"Il nostro concetto di sostenibilit\u00e0 - EMS Electronic Metering Systems","robots":{"index":"index","follow":"follow","max-snippet":"max-snippet:-1","max-image-preview":"max-image-preview:large","max-video-preview":"max-video-preview:-1"},"canonical":"https:\/\/ems-electronic.com\/?page_id=273&lang=it","og_locale":"de_DE","og_type":"article","og_title":"Il nostro concetto di sostenibilit\u00e0 - EMS Electronic Metering Systems","og_description":"Il nostro concetto di sostenibilit\u00e0 EMS Electronic Metering Systems s.r.l. non \u00e8 solo uno sviluppatore, produttore e fornitore di dispositivi di misurazione e ripartitori di costi di alta qualit\u00e0 per energia, riscaldamento, raffreddamento e acqua, ma anche un partner affidabile nella tecnologia di misurazione: presso il nostro stabilimento produttivo di Timisoara, in Romania, utilizziamo anche [&hellip;]","og_url":"https:\/\/ems-electronic.com\/?page_id=273&lang=it","og_site_name":"EMS Electronic Metering Systems","article_modified_time":"2026-03-11T10:29:17+00:00","twitter_card":"summary_large_image","twitter_misc":{"Gesch\u00e4tzte Lesezeit":"4\u00a0Minuten"},"schema":{"@context":"https:\/\/schema.org","@graph":[{"@type":"WebPage","@id":"https:\/\/ems-electronic.com\/?page_id=273&lang=it","url":"https:\/\/ems-electronic.com\/?page_id=273&lang=it","name":"Il nostro concetto di sostenibilit\u00e0 - EMS Electronic Metering Systems","isPartOf":{"@id":"https:\/\/ems-electronic.com\/#website"},"datePublished":"2026-03-11T10:27:43+00:00","dateModified":"2026-03-11T10:29:17+00:00","breadcrumb":{"@id":"https:\/\/ems-electronic.com\/?page_id=273&lang=it#breadcrumb"},"inLanguage":"de","potentialAction":[{"@type":"ReadAction","target":["https:\/\/ems-electronic.com\/?page_id=273&lang=it"]}]},{"@type":"BreadcrumbList","@id":"https:\/\/ems-electronic.com\/?page_id=273&lang=it#breadcrumb","itemListElement":[{"@type":"ListItem","position":1,"name":"Startseite","item":"https:\/\/ems-electronic.com\/?page_id=37&lang=de"},{"@type":"ListItem","position":2,"name":"Il nostro concetto di sostenibilit\u00e0"}]},{"@type":"WebSite","@id":"https:\/\/ems-electronic.com\/#website","url":"https:\/\/ems-electronic.com\/","name":"EMS Electronic Metering Systems","description":"Precision electronic component manufacturing tailored to your specifications \u2013 from small-series production to reliable contract assembly, certified according to ISO 9001 and backed by the Messtechnik Group","publisher":{"@id":"https:\/\/ems-electronic.com\/#organization"},"alternateName":"Precision electronic component manufacturing tailored to your specifications \u2013 from small-series production to reliable contract assembly, certified according to ISO 9001 and backed by the Messtechnik Group","potentialAction":[{"@type":"SearchAction","target":{"@type":"EntryPoint","urlTemplate":"https:\/\/ems-electronic.com\/?s={search_term_string}"},"query-input":{"@type":"PropertyValueSpecification","valueRequired":true,"valueName":"search_term_string"}}],"inLanguage":"de"},{"@type":"Organization","@id":"https:\/\/ems-electronic.com\/#organization","name":"EMS Electronic Metering Systems s.r.l.","url":"https:\/\/ems-electronic.com\/","logo":{"@type":"ImageObject","inLanguage":"de","@id":"https:\/\/ems-electronic.com\/#\/schema\/logo\/image\/","url":"https:\/\/ems-electronic.com\/wp-content\/uploads\/2024\/06\/cropped-cropped-EMS_quadrat_web.jpg","contentUrl":"https:\/\/ems-electronic.com\/wp-content\/uploads\/2024\/06\/cropped-cropped-EMS_quadrat_web.jpg","width":512,"height":173,"caption":"EMS Electronic Metering Systems s.r.l."},"image":{"@id":"https:\/\/ems-electronic.com\/#\/schema\/logo\/image\/"}}]}},"jetpack_sharing_enabled":true,"_links":{"self":[{"href":"https:\/\/ems-electronic.com\/index.php?rest_route=\/wp\/v2\/pages\/273","targetHints":{"allow":["GET"]}}],"collection":[{"href":"https:\/\/ems-electronic.com\/index.php?rest_route=\/wp\/v2\/pages"}],"about":[{"href":"https:\/\/ems-electronic.com\/index.php?rest_route=\/wp\/v2\/types\/page"}],"author":[{"embeddable":true,"href":"https:\/\/ems-electronic.com\/index.php?rest_route=\/wp\/v2\/users\/1"}],"replies":[{"embeddable":true,"href":"https:\/\/ems-electronic.com\/index.php?rest_route=%2Fwp%2Fv2%2Fcomments&post=273"}],"version-history":[{"count":4,"href":"https:\/\/ems-electronic.com\/index.php?rest_route=\/wp\/v2\/pages\/273\/revisions"}],"predecessor-version":[{"id":277,"href":"https:\/\/ems-electronic.com\/index.php?rest_route=\/wp\/v2\/pages\/273\/revisions\/277"}],"wp:attachment":[{"href":"https:\/\/ems-electronic.com\/index.php?rest_route=%2Fwp%2Fv2%2Fmedia&parent=273"}],"curies":[{"name":"wp","href":"https:\/\/api.w.org\/{rel}","templated":true}]}}