{"id":278,"date":"2026-03-11T10:29:45","date_gmt":"2026-03-11T10:29:45","guid":{"rendered":"https:\/\/ems-electronic.com\/?page_id=278"},"modified":"2026-03-12T11:55:49","modified_gmt":"2026-03-12T11:55:49","slug":"notre-concept-de-developpement-durable","status":"publish","type":"page","link":"https:\/\/ems-electronic.com\/?page_id=278&lang=fr","title":{"rendered":"Notre concept de d\u00e9veloppement durable"},"content":{"rendered":"\t\t<div data-elementor-type=\"wp-page\" data-elementor-id=\"278\" class=\"elementor elementor-278\">\n\t\t\t\t<div class=\"elementor-element elementor-element-8fd4329 e-flex e-con-boxed e-con e-parent\" data-id=\"8fd4329\" data-element_type=\"container\" data-e-type=\"container\">\n\t\t\t\t\t<div class=\"e-con-inner\">\n\t\t\t\t<div class=\"elementor-element elementor-element-5a67037 elementor-widget elementor-widget-heading\" data-id=\"5a67037\" data-element_type=\"widget\" data-e-type=\"widget\" data-widget_type=\"heading.default\">\n\t\t\t\t<div class=\"elementor-widget-container\">\n\t\t\t\t\t<h1 class=\"elementor-heading-title elementor-size-default\">Notre concept de durabilit\u00e9<\/h1>\t\t\t\t<\/div>\n\t\t\t\t<\/div>\n\t\t\t\t<div class=\"elementor-element elementor-element-6391bf2 elementor-widget elementor-widget-spacer\" data-id=\"6391bf2\" data-element_type=\"widget\" data-e-type=\"widget\" data-widget_type=\"spacer.default\">\n\t\t\t\t<div class=\"elementor-widget-container\">\n\t\t\t\t\t\t\t<div class=\"elementor-spacer\">\n\t\t\t<div class=\"elementor-spacer-inner\"><\/div>\n\t\t<\/div>\n\t\t\t\t\t\t<\/div>\n\t\t\t\t<\/div>\n\t\t\t\t<div class=\"elementor-element elementor-element-4c5abe7 elementor-widget elementor-widget-text-editor\" data-id=\"4c5abe7\" data-element_type=\"widget\" data-e-type=\"widget\" data-widget_type=\"text-editor.default\">\n\t\t\t\t<div class=\"elementor-widget-container\">\n\t\t\t\t\t\t\t\t\t<p><strong>EMS Electronic Metering Systems s.r.l.<\/strong> est non seulement un concepteur, fabricant et fournisseur de compteurs et de r\u00e9partiteurs de co\u00fbts de haute qualit\u00e9 pour l&#8217;\u00e9nergie, le chauffage, la climatisation et l&#8217;eau, mais aussi un partenaire privil\u00e9gi\u00e9 en mati\u00e8re de technologies de comptage. Sur notre site de production de Timisoara, en Roumanie, nous exploitons un syst\u00e8me innovant de remise \u00e0 neuf et de recyclage de nos r\u00e9partiteurs de co\u00fbts de chauffage, adaptateurs radio et compteurs de chaleur, \u00e0 la fois \u00e9cologique et \u00e9conomique.<\/p><p>\u00a0<\/p><p><strong>Dans le secteur de la fabrication<\/strong> de compteurs et de r\u00e9partiteurs de co\u00fbts pour l&#8217;\u00e9nergie, le chauffage, la climatisation et l&#8217;eau, les processus de remise \u00e0 neuf et de recyclage de ces appareils sont loin d&#8217;\u00eatre une pratique courante.<\/p><p>\u00a0<\/p><p><strong>La remise \u00e0 neuf et le recyclage<\/strong> des compteurs et des syst\u00e8mes de distribution pr\u00e9sentent un potentiel important pour deux raisons principales :<\/p><p>\u00a0<\/p><p><strong>Premi\u00e8rement, dans le secteur<\/strong> du sous-comptage (sub-metering sector), l&#8217;ensemble du circuit de chauffage et d&#8217;eau d&#8217;un logement doit \u00eatre \u00e9quip\u00e9 d&#8217;une technologie de comptage adapt\u00e9e afin de fournir des donn\u00e9es de facturation et de consommation fiables tout au long de l&#8217;ann\u00e9e et en fin d&#8217;ann\u00e9e.<\/p><p>\u00a0<\/p><p><strong>Deuxi\u00e8mement, les compteurs<\/strong> d&#8217;\u00e9nergie, de chaleur et d&#8217;eau sont soumis \u00e0 des p\u00e9riodes d&#8217;\u00e9talonnage l\u00e9gales dans la quasi-totalit\u00e9 de l&#8217;UE, ce qui signifie que les appareils install\u00e9s doivent \u00eatre remplac\u00e9s apr\u00e8s ces p\u00e9riodes (entre 6 et 10 ans).<\/p><p>\u00a0<\/p><p><strong>Ceci entra\u00eene naturellement<\/strong> une forte consommation de ressources pour la production et le remplacement de ces appareils.<\/p><p>\u00a0<\/p><p><strong>Les compteurs sont<\/strong> g\u00e9n\u00e9ralement fabriqu\u00e9s \u00e0 partir de mat\u00e9riaux de haute qualit\u00e9 tels que le plastique et les m\u00e9taux, qui peuvent \u00eatre reconditionn\u00e9s ou recycl\u00e9s.<\/p><p>\u00a0<\/p><p><strong>Depuis quelque temps, nous<\/strong> offrons \u00e0 nos clients la possibilit\u00e9 de nous retourner leurs compteurs et r\u00e9partiteurs de co\u00fbts apr\u00e8s l&#8217;expiration des p\u00e9riodes de conformit\u00e9 MID, des p\u00e9riodes de r\u00e9\u00e9talonnage ou de la dur\u00e9e de vie estim\u00e9e de la batterie, afin qu&#8217;ils soient reconditionn\u00e9s ou recycl\u00e9s dans notre usine de Timisoara, en Roumanie.<\/p><p>\u00a0<\/p><p><strong>Nous avons mis en place des<\/strong> instructions pour garantir que les composants des compteurs puissent \u00eatre facilement d\u00e9mont\u00e9s, reconditionn\u00e9s ou recycl\u00e9s.<\/p><p>\u00a0<\/p><p><strong>Les pi\u00e8ces r\u00e9utilisables de nos<\/strong> compteurs de chaleur \u00e0 ultrasons, adaptateurs radio et r\u00e9partiteurs de co\u00fbts de chauffage sont test\u00e9es rigoureusement conform\u00e9ment \u00e0 ces instructions, puis r\u00e9assembl\u00e9es avec de nouveaux composants.<\/p><p>\u00a0<\/p><p><strong>Les compteurs et les<\/strong> r\u00e9partiteurs de co\u00fbts sont d\u00e9mont\u00e9s par des professionnels et leurs principaux composants sont s\u00e9par\u00e9s.<\/p><p>\u00a0<\/p><p><strong>Les syst\u00e8mes hydrauliques,<\/strong> \u00e9lectroniques, les capteurs, le bo\u00eetier et la batterie sont trait\u00e9s individuellement afin de garantir leur r\u00e9utilisation.<\/p><p>\u00a0<\/p><p><strong>De plus, tous les composants<\/strong> font l&#8217;objet d&#8217;un nettoyage approfondi pour \u00e9liminer tout r\u00e9sidu et assurer un fonctionnement optimal.<\/p><p>\u00a0<\/p><p><strong>Toutes les pi\u00e8ces reconditionnables<\/strong> sont tri\u00e9es et \u00e9valu\u00e9es lors d&#8217;un contr\u00f4le qualit\u00e9 distinct.<\/p><p>\u00a0<\/p><p><strong>Seules les pi\u00e8ces ayant satisfait<\/strong> aux exigences strictes du contr\u00f4le qualit\u00e9 sont r\u00e9int\u00e9gr\u00e9es dans le processus de production. Les pi\u00e8ces reconditionn\u00e9es non conformes sont tri\u00e9es, collect\u00e9es et, si possible, recycl\u00e9es.<\/p><p>\u00a0<\/p><p><strong>Ainsi, seules les pi\u00e8ces<\/strong> reconditionn\u00e9es pr\u00e9sentant les m\u00eames propri\u00e9t\u00e9s et la m\u00eame qualit\u00e9 que les pi\u00e8ces neuves sont r\u00e9utilis\u00e9es.<\/p><p>\u00a0<\/p><p><strong>Les concepts de<\/strong> <strong>reconditionnement<\/strong> et de recyclage d&#8217;EMS s&#8217;inscrivent pleinement dans les principes de l&#8217;\u00e9conomie circulaire.<\/p><p>\u00a0<\/p><p><strong>Au lieu d&#8217;\u00eatre mis au rebut<\/strong> apr\u00e8s leur dur\u00e9e de vie, les compteurs de chaleur, les adaptateurs radio et les r\u00e9partiteurs de co\u00fbts de chauffage sont reconditionn\u00e9s ou recycl\u00e9s et r\u00e9int\u00e9gr\u00e9s au cycle de production. Cela r\u00e9duit le besoin en mat\u00e9riaux neufs et minimise l&#8217;impact environnemental de la fabrication de nouveaux compteurs.<\/p><p>\u00a0<\/p><p><strong>EMS Electronic Metering Systems s.r.l.<\/strong> contribue activement \u00e0 la pr\u00e9servation des ressources et \u00e0 la r\u00e9duction de la consommation d&#8217;\u00e9nergie en reconditionnant les compteurs de chaleur, les adaptateurs radio et les r\u00e9partiteurs de co\u00fbts de chauffage, ainsi qu&#8217;en r\u00e9utilisant des mat\u00e9riaux et des pi\u00e8ces recycl\u00e9s.<\/p>\t\t\t\t\t\t\t\t<\/div>\n\t\t\t\t<\/div>\n\t\t\t\t\t<\/div>\n\t\t\t\t<\/div>\n\t\t\t\t<\/div>\n\t\t","protected":false},"excerpt":{"rendered":"<p>Notre concept de durabilit\u00e9 EMS Electronic Metering Systems s.r.l. est non seulement un concepteur, fabricant et fournisseur de compteurs et de r\u00e9partiteurs de co\u00fbts de haute qualit\u00e9 pour l&#8217;\u00e9nergie, le chauffage, la climatisation et l&#8217;eau, mais aussi un partenaire privil\u00e9gi\u00e9 en mati\u00e8re de technologies de comptage. Sur notre site de production de Timisoara, en Roumanie, [&hellip;]<\/p>\n","protected":false},"author":1,"featured_media":0,"parent":0,"menu_order":0,"comment_status":"closed","ping_status":"closed","template":"","meta":{"ocean_post_layout":"","ocean_both_sidebars_style":"","ocean_both_sidebars_content_width":0,"ocean_both_sidebars_sidebars_width":0,"ocean_sidebar":"","ocean_second_sidebar":"","ocean_disable_margins":"enable","ocean_add_body_class":"","ocean_shortcode_before_top_bar":"","ocean_shortcode_after_top_bar":"","ocean_shortcode_before_header":"","ocean_shortcode_after_header":"","ocean_has_shortcode":"","ocean_shortcode_after_title":"","ocean_shortcode_before_footer_widgets":"","ocean_shortcode_after_footer_widgets":"","ocean_shortcode_before_footer_bottom":"","ocean_shortcode_after_footer_bottom":"","ocean_display_top_bar":"default","ocean_display_header":"default","ocean_header_style":"","ocean_center_header_left_menu":"","ocean_custom_header_template":"","ocean_custom_logo":0,"ocean_custom_retina_logo":0,"ocean_custom_logo_max_width":0,"ocean_custom_logo_tablet_max_width":0,"ocean_custom_logo_mobile_max_width":0,"ocean_custom_logo_max_height":0,"ocean_custom_logo_tablet_max_height":0,"ocean_custom_logo_mobile_max_height":0,"ocean_header_custom_menu":"","ocean_menu_typo_font_family":"","ocean_menu_typo_font_subset":"","ocean_menu_typo_font_size":0,"ocean_menu_typo_font_size_tablet":0,"ocean_menu_typo_font_size_mobile":0,"ocean_menu_typo_font_size_unit":"px","ocean_menu_typo_font_weight":"","ocean_menu_typo_font_weight_tablet":"","ocean_menu_typo_font_weight_mobile":"","ocean_menu_typo_transform":"","ocean_menu_typo_transform_tablet":"","ocean_menu_typo_transform_mobile":"","ocean_menu_typo_line_height":0,"ocean_menu_typo_line_height_tablet":0,"ocean_menu_typo_line_height_mobile":0,"ocean_menu_typo_line_height_unit":"","ocean_menu_typo_spacing":0,"ocean_menu_typo_spacing_tablet":0,"ocean_menu_typo_spacing_mobile":0,"ocean_menu_typo_spacing_unit":"","ocean_menu_link_color":"","ocean_menu_link_color_hover":"","ocean_menu_link_color_active":"","ocean_menu_link_background":"","ocean_menu_link_hover_background":"","ocean_menu_link_active_background":"","ocean_menu_social_links_bg":"","ocean_menu_social_hover_links_bg":"","ocean_menu_social_links_color":"","ocean_menu_social_hover_links_color":"","ocean_disable_title":"default","ocean_disable_heading":"default","ocean_post_title":"","ocean_post_subheading":"","ocean_post_title_style":"","ocean_post_title_background_color":"","ocean_post_title_background":0,"ocean_post_title_bg_image_position":"","ocean_post_title_bg_image_attachment":"","ocean_post_title_bg_image_repeat":"","ocean_post_title_bg_image_size":"","ocean_post_title_height":0,"ocean_post_title_bg_overlay":0.5,"ocean_post_title_bg_overlay_color":"","ocean_disable_breadcrumbs":"default","ocean_breadcrumbs_color":"","ocean_breadcrumbs_separator_color":"","ocean_breadcrumbs_links_color":"","ocean_breadcrumbs_links_hover_color":"","ocean_display_footer_widgets":"default","ocean_display_footer_bottom":"default","ocean_custom_footer_template":"","footnotes":""},"class_list":["post-278","page","type-page","status-publish","hentry","entry"],"yoast_head":"<!-- This site is optimized with the Yoast SEO plugin v24.9 - https:\/\/yoast.com\/wordpress\/plugins\/seo\/ -->\n<title>Notre concept de d\u00e9veloppement durable - EMS Electronic Metering Systems<\/title>\n<meta name=\"robots\" content=\"index, follow, max-snippet:-1, max-image-preview:large, max-video-preview:-1\" \/>\n<link rel=\"canonical\" href=\"https:\/\/ems-electronic.com\/?page_id=278&lang=fr\" \/>\n<meta property=\"og:locale\" content=\"de_DE\" \/>\n<meta property=\"og:type\" content=\"article\" \/>\n<meta property=\"og:title\" content=\"Notre concept de d\u00e9veloppement durable - EMS Electronic Metering Systems\" \/>\n<meta property=\"og:description\" content=\"Notre concept de durabilit\u00e9 EMS Electronic Metering Systems s.r.l. est non seulement un concepteur, fabricant et fournisseur de compteurs et de r\u00e9partiteurs de co\u00fbts de haute qualit\u00e9 pour l&#8217;\u00e9nergie, le chauffage, la climatisation et l&#8217;eau, mais aussi un partenaire privil\u00e9gi\u00e9 en mati\u00e8re de technologies de comptage. Sur notre site de production de Timisoara, en Roumanie, [&hellip;]\" \/>\n<meta property=\"og:url\" content=\"https:\/\/ems-electronic.com\/?page_id=278&amp;lang=fr\" \/>\n<meta property=\"og:site_name\" content=\"EMS Electronic Metering Systems\" \/>\n<meta property=\"article:modified_time\" content=\"2026-03-12T11:55:49+00:00\" \/>\n<meta name=\"twitter:card\" content=\"summary_large_image\" \/>\n<meta name=\"twitter:label1\" content=\"Gesch\u00e4tzte Lesezeit\" \/>\n\t<meta name=\"twitter:data1\" content=\"4\u00a0Minuten\" \/>\n<script type=\"application\/ld+json\" class=\"yoast-schema-graph\">{\"@context\":\"https:\/\/schema.org\",\"@graph\":[{\"@type\":\"WebPage\",\"@id\":\"https:\/\/ems-electronic.com\/?page_id=278&lang=fr\",\"url\":\"https:\/\/ems-electronic.com\/?page_id=278&lang=fr\",\"name\":\"Notre concept de d\u00e9veloppement durable - EMS Electronic Metering Systems\",\"isPartOf\":{\"@id\":\"https:\/\/ems-electronic.com\/#website\"},\"datePublished\":\"2026-03-11T10:29:45+00:00\",\"dateModified\":\"2026-03-12T11:55:49+00:00\",\"breadcrumb\":{\"@id\":\"https:\/\/ems-electronic.com\/?page_id=278&lang=fr#breadcrumb\"},\"inLanguage\":\"de\",\"potentialAction\":[{\"@type\":\"ReadAction\",\"target\":[\"https:\/\/ems-electronic.com\/?page_id=278&lang=fr\"]}]},{\"@type\":\"BreadcrumbList\",\"@id\":\"https:\/\/ems-electronic.com\/?page_id=278&lang=fr#breadcrumb\",\"itemListElement\":[{\"@type\":\"ListItem\",\"position\":1,\"name\":\"Startseite\",\"item\":\"https:\/\/ems-electronic.com\/?page_id=37&lang=de\"},{\"@type\":\"ListItem\",\"position\":2,\"name\":\"Notre concept de d\u00e9veloppement durable\"}]},{\"@type\":\"WebSite\",\"@id\":\"https:\/\/ems-electronic.com\/#website\",\"url\":\"https:\/\/ems-electronic.com\/\",\"name\":\"EMS Electronic Metering Systems\",\"description\":\"Precision electronic component manufacturing tailored to your specifications \u2013 from small-series production to reliable contract assembly, certified according to ISO 9001 and backed by the Messtechnik Group\",\"publisher\":{\"@id\":\"https:\/\/ems-electronic.com\/#organization\"},\"alternateName\":\"Precision electronic component manufacturing tailored to your specifications \u2013 from small-series production to reliable contract assembly, certified according to ISO 9001 and backed by the Messtechnik Group\",\"potentialAction\":[{\"@type\":\"SearchAction\",\"target\":{\"@type\":\"EntryPoint\",\"urlTemplate\":\"https:\/\/ems-electronic.com\/?s={search_term_string}\"},\"query-input\":{\"@type\":\"PropertyValueSpecification\",\"valueRequired\":true,\"valueName\":\"search_term_string\"}}],\"inLanguage\":\"de\"},{\"@type\":\"Organization\",\"@id\":\"https:\/\/ems-electronic.com\/#organization\",\"name\":\"EMS Electronic Metering Systems s.r.l.\",\"url\":\"https:\/\/ems-electronic.com\/\",\"logo\":{\"@type\":\"ImageObject\",\"inLanguage\":\"de\",\"@id\":\"https:\/\/ems-electronic.com\/#\/schema\/logo\/image\/\",\"url\":\"https:\/\/ems-electronic.com\/wp-content\/uploads\/2024\/06\/cropped-cropped-EMS_quadrat_web.jpg\",\"contentUrl\":\"https:\/\/ems-electronic.com\/wp-content\/uploads\/2024\/06\/cropped-cropped-EMS_quadrat_web.jpg\",\"width\":512,\"height\":173,\"caption\":\"EMS Electronic Metering Systems s.r.l.\"},\"image\":{\"@id\":\"https:\/\/ems-electronic.com\/#\/schema\/logo\/image\/\"}}]}<\/script>\n<!-- \/ Yoast SEO plugin. -->","yoast_head_json":{"title":"Notre concept de d\u00e9veloppement durable - EMS Electronic Metering Systems","robots":{"index":"index","follow":"follow","max-snippet":"max-snippet:-1","max-image-preview":"max-image-preview:large","max-video-preview":"max-video-preview:-1"},"canonical":"https:\/\/ems-electronic.com\/?page_id=278&lang=fr","og_locale":"de_DE","og_type":"article","og_title":"Notre concept de d\u00e9veloppement durable - EMS Electronic Metering Systems","og_description":"Notre concept de durabilit\u00e9 EMS Electronic Metering Systems s.r.l. est non seulement un concepteur, fabricant et fournisseur de compteurs et de r\u00e9partiteurs de co\u00fbts de haute qualit\u00e9 pour l&#8217;\u00e9nergie, le chauffage, la climatisation et l&#8217;eau, mais aussi un partenaire privil\u00e9gi\u00e9 en mati\u00e8re de technologies de comptage. Sur notre site de production de Timisoara, en Roumanie, [&hellip;]","og_url":"https:\/\/ems-electronic.com\/?page_id=278&lang=fr","og_site_name":"EMS Electronic Metering Systems","article_modified_time":"2026-03-12T11:55:49+00:00","twitter_card":"summary_large_image","twitter_misc":{"Gesch\u00e4tzte Lesezeit":"4\u00a0Minuten"},"schema":{"@context":"https:\/\/schema.org","@graph":[{"@type":"WebPage","@id":"https:\/\/ems-electronic.com\/?page_id=278&lang=fr","url":"https:\/\/ems-electronic.com\/?page_id=278&lang=fr","name":"Notre concept de d\u00e9veloppement durable - EMS Electronic Metering Systems","isPartOf":{"@id":"https:\/\/ems-electronic.com\/#website"},"datePublished":"2026-03-11T10:29:45+00:00","dateModified":"2026-03-12T11:55:49+00:00","breadcrumb":{"@id":"https:\/\/ems-electronic.com\/?page_id=278&lang=fr#breadcrumb"},"inLanguage":"de","potentialAction":[{"@type":"ReadAction","target":["https:\/\/ems-electronic.com\/?page_id=278&lang=fr"]}]},{"@type":"BreadcrumbList","@id":"https:\/\/ems-electronic.com\/?page_id=278&lang=fr#breadcrumb","itemListElement":[{"@type":"ListItem","position":1,"name":"Startseite","item":"https:\/\/ems-electronic.com\/?page_id=37&lang=de"},{"@type":"ListItem","position":2,"name":"Notre concept de d\u00e9veloppement durable"}]},{"@type":"WebSite","@id":"https:\/\/ems-electronic.com\/#website","url":"https:\/\/ems-electronic.com\/","name":"EMS Electronic Metering Systems","description":"Precision electronic component manufacturing tailored to your specifications \u2013 from small-series production to reliable contract assembly, certified according to ISO 9001 and backed by the Messtechnik Group","publisher":{"@id":"https:\/\/ems-electronic.com\/#organization"},"alternateName":"Precision electronic component manufacturing tailored to your specifications \u2013 from small-series production to reliable contract assembly, certified according to ISO 9001 and backed by the Messtechnik Group","potentialAction":[{"@type":"SearchAction","target":{"@type":"EntryPoint","urlTemplate":"https:\/\/ems-electronic.com\/?s={search_term_string}"},"query-input":{"@type":"PropertyValueSpecification","valueRequired":true,"valueName":"search_term_string"}}],"inLanguage":"de"},{"@type":"Organization","@id":"https:\/\/ems-electronic.com\/#organization","name":"EMS Electronic Metering Systems s.r.l.","url":"https:\/\/ems-electronic.com\/","logo":{"@type":"ImageObject","inLanguage":"de","@id":"https:\/\/ems-electronic.com\/#\/schema\/logo\/image\/","url":"https:\/\/ems-electronic.com\/wp-content\/uploads\/2024\/06\/cropped-cropped-EMS_quadrat_web.jpg","contentUrl":"https:\/\/ems-electronic.com\/wp-content\/uploads\/2024\/06\/cropped-cropped-EMS_quadrat_web.jpg","width":512,"height":173,"caption":"EMS Electronic Metering Systems s.r.l."},"image":{"@id":"https:\/\/ems-electronic.com\/#\/schema\/logo\/image\/"}}]}},"jetpack_sharing_enabled":true,"_links":{"self":[{"href":"https:\/\/ems-electronic.com\/index.php?rest_route=\/wp\/v2\/pages\/278","targetHints":{"allow":["GET"]}}],"collection":[{"href":"https:\/\/ems-electronic.com\/index.php?rest_route=\/wp\/v2\/pages"}],"about":[{"href":"https:\/\/ems-electronic.com\/index.php?rest_route=\/wp\/v2\/types\/page"}],"author":[{"embeddable":true,"href":"https:\/\/ems-electronic.com\/index.php?rest_route=\/wp\/v2\/users\/1"}],"replies":[{"embeddable":true,"href":"https:\/\/ems-electronic.com\/index.php?rest_route=%2Fwp%2Fv2%2Fcomments&post=278"}],"version-history":[{"count":7,"href":"https:\/\/ems-electronic.com\/index.php?rest_route=\/wp\/v2\/pages\/278\/revisions"}],"predecessor-version":[{"id":448,"href":"https:\/\/ems-electronic.com\/index.php?rest_route=\/wp\/v2\/pages\/278\/revisions\/448"}],"wp:attachment":[{"href":"https:\/\/ems-electronic.com\/index.php?rest_route=%2Fwp%2Fv2%2Fmedia&parent=278"}],"curies":[{"name":"wp","href":"https:\/\/api.w.org\/{rel}","templated":true}]}}