{"id":328,"date":"2026-03-11T14:46:38","date_gmt":"2026-03-11T14:46:38","guid":{"rendered":"https:\/\/ems-electronic.com\/?page_id=328"},"modified":"2026-03-11T14:48:17","modified_gmt":"2026-03-11T14:48:17","slug":"nuestro-concepto-de-sostenibilidad","status":"publish","type":"page","link":"https:\/\/ems-electronic.com\/?page_id=328&lang=es","title":{"rendered":"Nuestro concepto de sostenibilidad"},"content":{"rendered":"\t\t<div data-elementor-type=\"wp-page\" data-elementor-id=\"328\" class=\"elementor elementor-328\">\n\t\t\t\t<div class=\"elementor-element elementor-element-8fd4329 e-flex e-con-boxed e-con e-parent\" data-id=\"8fd4329\" data-element_type=\"container\" data-e-type=\"container\">\n\t\t\t\t\t<div class=\"e-con-inner\">\n\t\t\t\t<div class=\"elementor-element elementor-element-5a67037 elementor-widget elementor-widget-heading\" data-id=\"5a67037\" data-element_type=\"widget\" data-e-type=\"widget\" data-widget_type=\"heading.default\">\n\t\t\t\t<div class=\"elementor-widget-container\">\n\t\t\t\t\t<h1 class=\"elementor-heading-title elementor-size-default\">Nuestro concepto de sostenibilidad<\/h1>\t\t\t\t<\/div>\n\t\t\t\t<\/div>\n\t\t\t\t<div class=\"elementor-element elementor-element-6391bf2 elementor-widget elementor-widget-spacer\" data-id=\"6391bf2\" data-element_type=\"widget\" data-e-type=\"widget\" data-widget_type=\"spacer.default\">\n\t\t\t\t<div class=\"elementor-widget-container\">\n\t\t\t\t\t\t\t<div class=\"elementor-spacer\">\n\t\t\t<div class=\"elementor-spacer-inner\"><\/div>\n\t\t<\/div>\n\t\t\t\t\t\t<\/div>\n\t\t\t\t<\/div>\n\t\t\t\t<div class=\"elementor-element elementor-element-4c5abe7 elementor-widget elementor-widget-text-editor\" data-id=\"4c5abe7\" data-element_type=\"widget\" data-e-type=\"widget\" data-widget_type=\"text-editor.default\">\n\t\t\t\t<div class=\"elementor-widget-container\">\n\t\t\t\t\t\t\t\t\t<p><strong>EMS Electronic Metering Systems s.r.l.<\/strong> no solo desarrolla, fabrica y suministra dispositivos de medici\u00f3n y repartidores de costes de alta calidad para energ\u00eda, calefacci\u00f3n, refrigeraci\u00f3n y agua, sino que tambi\u00e9n colabora estrechamente en tecnolog\u00eda de medici\u00f3n. En nuestra planta de producci\u00f3n de Timisoara (Ruman\u00eda), tambi\u00e9n operamos un innovador sistema de renovaci\u00f3n y reciclaje para nuestros repartidores de costes de calefacci\u00f3n, adaptadores de radio y contadores de calor, que es respetuoso con el medio ambiente y econ\u00f3mico.<\/p><p><strong>En la industria de fabricaci\u00f3n<\/strong> de dispositivos de medici\u00f3n y repartidores de costes para energ\u00eda, calefacci\u00f3n, refrigeraci\u00f3n y agua, los procesos de renovaci\u00f3n y reciclaje de dichos dispositivos est\u00e1n lejos de ser una pr\u00e1ctica habitual.<\/p><p><strong>Existe un gran potencial<\/strong> en la renovaci\u00f3n y el reciclaje de dispositivos de medici\u00f3n y distribuci\u00f3n por dos razones principales:<\/p><p><strong>En primer lugar, en el sector<\/strong> de la submedici\u00f3n (sub-metering sector), todo el circuito de calefacci\u00f3n y agua de una vivienda debe estar equipado con la tecnolog\u00eda de medici\u00f3n adecuada para proporcionar datos v\u00e1lidos de facturaci\u00f3n y consumo durante todo el a\u00f1o y al final del mismo.<\/p><p><strong>En segundo lugar,<\/strong> los contadores de energ\u00eda, calefacci\u00f3n y agua est\u00e1n sujetos a periodos de calibraci\u00f3n legales en casi toda la UE, lo que significa que los dispositivos instalados deben sustituirse tras estos periodos (entre 6 y 10 a\u00f1os).<\/p><p><strong>Esto, naturalmente, conlleva un<\/strong> consumo muy elevado de recursos para la producci\u00f3n y sustituci\u00f3n de estos dispositivos.<\/p><p><strong>Los contadores suelen estar<\/strong> fabricados con materiales de alta calidad, como pl\u00e1stico y metales, que pueden reacondicionarse o reciclarse.<\/p><p><strong>Desde hace tiempo<\/strong>, ofrecemos a nuestros clientes la opci\u00f3n de devolvernos sus contadores y repartidores de costes tras la expiraci\u00f3n de los periodos de cumplimiento de la MID, los periodos de recalibraci\u00f3n o la vida \u00fatil estimada de la bater\u00eda para su reacondicionamiento o reciclaje en nuestra planta de fabricaci\u00f3n en Timisoara, Ruman\u00eda.<\/p><p><strong>Hemos implementado<\/strong> instrucciones para garantizar que los componentes del contador se puedan desmontar, reacondicionar o reciclar f\u00e1cilmente.<\/p><p><strong>Las piezas reutilizables<\/strong> de nuestros contadores de calor ultras\u00f3nicos, adaptadores de radio y repartidores de costes de calefacci\u00f3n se someten a pruebas exhaustivas seg\u00fan estas instrucciones y, posteriormente, se vuelven a montar con componentes nuevos.<\/p><p><strong>Los dispositivos de medici\u00f3n<\/strong> y los asignadores de costes se desmontan profesionalmente y los componentes principales se separan.<\/p><p><strong>El sistema hidr\u00e1ulico<\/strong>, la electr\u00f3nica, los sensores, la carcasa y la bater\u00eda se procesan individualmente para garantizar su reutilizaci\u00f3n posterior.<\/p><p><strong>Adem\u00e1s, todos los<\/strong> componentes se someten a una limpieza intensiva para eliminar cualquier residuo y garantizar un funcionamiento \u00f3ptimo.<\/p><p><strong>Todas las piezas<\/strong> reacondicionables se separan y eval\u00faan en un proceso de control de calidad independiente.<\/p><p><strong>Solo las piezas<\/strong> que superan el estricto control de calidad para piezas reacondicionadas pueden reingresar al proceso de producci\u00f3n. Todas las piezas reacondicionadas que no superan dicho control se clasifican, se recogen y, siempre que sea posible, se env\u00edan para reciclaje.<\/p><p><strong>Esto garantiza<\/strong> que solo se reutilicen piezas reacondicionadas con las propiedades y la calidad de las nuevas.<\/p><p><strong>Los conceptos<\/strong> de reacondicionamiento y reciclaje de EMS respaldan firmemente los principios de la econom\u00eda circular.<\/p><p><strong>En lugar de desechar<\/strong> los contadores de calor, adaptadores de radio y asignadores de costes de calefacci\u00f3n una vez finalizada su vida \u00fatil, se reacondicionan o reciclan y se reincorporan al ciclo de producci\u00f3n. Esto reduce la necesidad de nuevos materiales y minimiza el impacto ambiental de la fabricaci\u00f3n de nuevos contadores.<\/p><p><strong>EMS Electronic Metering Systems s.r.l.<\/strong> contribuye activamente a la conservaci\u00f3n de recursos y a la reducci\u00f3n del consumo energ\u00e9tico reacondicionando contadores de calor, adaptadores de radio y repartidores de costes de calefacci\u00f3n, as\u00ed como reutilizando materiales y piezas recicladas.<\/p>\t\t\t\t\t\t\t\t<\/div>\n\t\t\t\t<\/div>\n\t\t\t\t\t<\/div>\n\t\t\t\t<\/div>\n\t\t\t\t<\/div>\n\t\t","protected":false},"excerpt":{"rendered":"<p>Nuestro concepto de sostenibilidad EMS Electronic Metering Systems s.r.l. no solo desarrolla, fabrica y suministra dispositivos de medici\u00f3n y repartidores de costes de alta calidad para energ\u00eda, calefacci\u00f3n, refrigeraci\u00f3n y agua, sino que tambi\u00e9n colabora estrechamente en tecnolog\u00eda de medici\u00f3n. En nuestra planta de producci\u00f3n de Timisoara (Ruman\u00eda), tambi\u00e9n operamos un innovador sistema de renovaci\u00f3n [&hellip;]<\/p>\n","protected":false},"author":1,"featured_media":0,"parent":0,"menu_order":0,"comment_status":"closed","ping_status":"closed","template":"","meta":{"ocean_post_layout":"","ocean_both_sidebars_style":"","ocean_both_sidebars_content_width":0,"ocean_both_sidebars_sidebars_width":0,"ocean_sidebar":"","ocean_second_sidebar":"","ocean_disable_margins":"enable","ocean_add_body_class":"","ocean_shortcode_before_top_bar":"","ocean_shortcode_after_top_bar":"","ocean_shortcode_before_header":"","ocean_shortcode_after_header":"","ocean_has_shortcode":"","ocean_shortcode_after_title":"","ocean_shortcode_before_footer_widgets":"","ocean_shortcode_after_footer_widgets":"","ocean_shortcode_before_footer_bottom":"","ocean_shortcode_after_footer_bottom":"","ocean_display_top_bar":"default","ocean_display_header":"default","ocean_header_style":"","ocean_center_header_left_menu":"","ocean_custom_header_template":"","ocean_custom_logo":0,"ocean_custom_retina_logo":0,"ocean_custom_logo_max_width":0,"ocean_custom_logo_tablet_max_width":0,"ocean_custom_logo_mobile_max_width":0,"ocean_custom_logo_max_height":0,"ocean_custom_logo_tablet_max_height":0,"ocean_custom_logo_mobile_max_height":0,"ocean_header_custom_menu":"","ocean_menu_typo_font_family":"","ocean_menu_typo_font_subset":"","ocean_menu_typo_font_size":0,"ocean_menu_typo_font_size_tablet":0,"ocean_menu_typo_font_size_mobile":0,"ocean_menu_typo_font_size_unit":"px","ocean_menu_typo_font_weight":"","ocean_menu_typo_font_weight_tablet":"","ocean_menu_typo_font_weight_mobile":"","ocean_menu_typo_transform":"","ocean_menu_typo_transform_tablet":"","ocean_menu_typo_transform_mobile":"","ocean_menu_typo_line_height":0,"ocean_menu_typo_line_height_tablet":0,"ocean_menu_typo_line_height_mobile":0,"ocean_menu_typo_line_height_unit":"","ocean_menu_typo_spacing":0,"ocean_menu_typo_spacing_tablet":0,"ocean_menu_typo_spacing_mobile":0,"ocean_menu_typo_spacing_unit":"","ocean_menu_link_color":"","ocean_menu_link_color_hover":"","ocean_menu_link_color_active":"","ocean_menu_link_background":"","ocean_menu_link_hover_background":"","ocean_menu_link_active_background":"","ocean_menu_social_links_bg":"","ocean_menu_social_hover_links_bg":"","ocean_menu_social_links_color":"","ocean_menu_social_hover_links_color":"","ocean_disable_title":"default","ocean_disable_heading":"default","ocean_post_title":"","ocean_post_subheading":"","ocean_post_title_style":"","ocean_post_title_background_color":"","ocean_post_title_background":0,"ocean_post_title_bg_image_position":"","ocean_post_title_bg_image_attachment":"","ocean_post_title_bg_image_repeat":"","ocean_post_title_bg_image_size":"","ocean_post_title_height":0,"ocean_post_title_bg_overlay":0.5,"ocean_post_title_bg_overlay_color":"","ocean_disable_breadcrumbs":"default","ocean_breadcrumbs_color":"","ocean_breadcrumbs_separator_color":"","ocean_breadcrumbs_links_color":"","ocean_breadcrumbs_links_hover_color":"","ocean_display_footer_widgets":"default","ocean_display_footer_bottom":"default","ocean_custom_footer_template":"","footnotes":""},"class_list":["post-328","page","type-page","status-publish","hentry","entry"],"yoast_head":"<!-- This site is optimized with the Yoast SEO plugin v24.9 - https:\/\/yoast.com\/wordpress\/plugins\/seo\/ -->\n<title>Nuestro concepto de sostenibilidad - EMS Electronic Metering Systems<\/title>\n<meta name=\"robots\" content=\"index, follow, max-snippet:-1, max-image-preview:large, max-video-preview:-1\" \/>\n<link rel=\"canonical\" href=\"https:\/\/ems-electronic.com\/?page_id=328&lang=es\" \/>\n<meta property=\"og:locale\" content=\"de_DE\" \/>\n<meta property=\"og:type\" content=\"article\" \/>\n<meta property=\"og:title\" content=\"Nuestro concepto de sostenibilidad - EMS Electronic Metering Systems\" \/>\n<meta property=\"og:description\" content=\"Nuestro concepto de sostenibilidad EMS Electronic Metering Systems s.r.l. no solo desarrolla, fabrica y suministra dispositivos de medici\u00f3n y repartidores de costes de alta calidad para energ\u00eda, calefacci\u00f3n, refrigeraci\u00f3n y agua, sino que tambi\u00e9n colabora estrechamente en tecnolog\u00eda de medici\u00f3n. En nuestra planta de producci\u00f3n de Timisoara (Ruman\u00eda), tambi\u00e9n operamos un innovador sistema de renovaci\u00f3n [&hellip;]\" \/>\n<meta property=\"og:url\" content=\"https:\/\/ems-electronic.com\/?page_id=328&amp;lang=es\" \/>\n<meta property=\"og:site_name\" content=\"EMS Electronic Metering Systems\" \/>\n<meta property=\"article:modified_time\" content=\"2026-03-11T14:48:17+00:00\" \/>\n<meta name=\"twitter:card\" content=\"summary_large_image\" \/>\n<meta name=\"twitter:label1\" content=\"Gesch\u00e4tzte Lesezeit\" \/>\n\t<meta name=\"twitter:data1\" content=\"4\u00a0Minuten\" \/>\n<script type=\"application\/ld+json\" class=\"yoast-schema-graph\">{\"@context\":\"https:\/\/schema.org\",\"@graph\":[{\"@type\":\"WebPage\",\"@id\":\"https:\/\/ems-electronic.com\/?page_id=328&lang=es\",\"url\":\"https:\/\/ems-electronic.com\/?page_id=328&lang=es\",\"name\":\"Nuestro concepto de sostenibilidad - EMS Electronic Metering Systems\",\"isPartOf\":{\"@id\":\"https:\/\/ems-electronic.com\/#website\"},\"datePublished\":\"2026-03-11T14:46:38+00:00\",\"dateModified\":\"2026-03-11T14:48:17+00:00\",\"breadcrumb\":{\"@id\":\"https:\/\/ems-electronic.com\/?page_id=328&lang=es#breadcrumb\"},\"inLanguage\":\"de\",\"potentialAction\":[{\"@type\":\"ReadAction\",\"target\":[\"https:\/\/ems-electronic.com\/?page_id=328&lang=es\"]}]},{\"@type\":\"BreadcrumbList\",\"@id\":\"https:\/\/ems-electronic.com\/?page_id=328&lang=es#breadcrumb\",\"itemListElement\":[{\"@type\":\"ListItem\",\"position\":1,\"name\":\"Startseite\",\"item\":\"https:\/\/ems-electronic.com\/?page_id=37&lang=de\"},{\"@type\":\"ListItem\",\"position\":2,\"name\":\"Nuestro concepto de sostenibilidad\"}]},{\"@type\":\"WebSite\",\"@id\":\"https:\/\/ems-electronic.com\/#website\",\"url\":\"https:\/\/ems-electronic.com\/\",\"name\":\"EMS Electronic Metering Systems\",\"description\":\"Precision electronic component manufacturing tailored to your specifications \u2013 from small-series production to reliable contract assembly, certified according to ISO 9001 and backed by the Messtechnik Group\",\"publisher\":{\"@id\":\"https:\/\/ems-electronic.com\/#organization\"},\"alternateName\":\"Precision electronic component manufacturing tailored to your specifications \u2013 from small-series production to reliable contract assembly, certified according to ISO 9001 and backed by the Messtechnik Group\",\"potentialAction\":[{\"@type\":\"SearchAction\",\"target\":{\"@type\":\"EntryPoint\",\"urlTemplate\":\"https:\/\/ems-electronic.com\/?s={search_term_string}\"},\"query-input\":{\"@type\":\"PropertyValueSpecification\",\"valueRequired\":true,\"valueName\":\"search_term_string\"}}],\"inLanguage\":\"de\"},{\"@type\":\"Organization\",\"@id\":\"https:\/\/ems-electronic.com\/#organization\",\"name\":\"EMS Electronic Metering Systems s.r.l.\",\"url\":\"https:\/\/ems-electronic.com\/\",\"logo\":{\"@type\":\"ImageObject\",\"inLanguage\":\"de\",\"@id\":\"https:\/\/ems-electronic.com\/#\/schema\/logo\/image\/\",\"url\":\"https:\/\/ems-electronic.com\/wp-content\/uploads\/2024\/06\/cropped-cropped-EMS_quadrat_web.jpg\",\"contentUrl\":\"https:\/\/ems-electronic.com\/wp-content\/uploads\/2024\/06\/cropped-cropped-EMS_quadrat_web.jpg\",\"width\":512,\"height\":173,\"caption\":\"EMS Electronic Metering Systems s.r.l.\"},\"image\":{\"@id\":\"https:\/\/ems-electronic.com\/#\/schema\/logo\/image\/\"}}]}<\/script>\n<!-- \/ Yoast SEO plugin. -->","yoast_head_json":{"title":"Nuestro concepto de sostenibilidad - EMS Electronic Metering Systems","robots":{"index":"index","follow":"follow","max-snippet":"max-snippet:-1","max-image-preview":"max-image-preview:large","max-video-preview":"max-video-preview:-1"},"canonical":"https:\/\/ems-electronic.com\/?page_id=328&lang=es","og_locale":"de_DE","og_type":"article","og_title":"Nuestro concepto de sostenibilidad - EMS Electronic Metering Systems","og_description":"Nuestro concepto de sostenibilidad EMS Electronic Metering Systems s.r.l. no solo desarrolla, fabrica y suministra dispositivos de medici\u00f3n y repartidores de costes de alta calidad para energ\u00eda, calefacci\u00f3n, refrigeraci\u00f3n y agua, sino que tambi\u00e9n colabora estrechamente en tecnolog\u00eda de medici\u00f3n. En nuestra planta de producci\u00f3n de Timisoara (Ruman\u00eda), tambi\u00e9n operamos un innovador sistema de renovaci\u00f3n [&hellip;]","og_url":"https:\/\/ems-electronic.com\/?page_id=328&lang=es","og_site_name":"EMS Electronic Metering Systems","article_modified_time":"2026-03-11T14:48:17+00:00","twitter_card":"summary_large_image","twitter_misc":{"Gesch\u00e4tzte Lesezeit":"4\u00a0Minuten"},"schema":{"@context":"https:\/\/schema.org","@graph":[{"@type":"WebPage","@id":"https:\/\/ems-electronic.com\/?page_id=328&lang=es","url":"https:\/\/ems-electronic.com\/?page_id=328&lang=es","name":"Nuestro concepto de sostenibilidad - EMS Electronic Metering Systems","isPartOf":{"@id":"https:\/\/ems-electronic.com\/#website"},"datePublished":"2026-03-11T14:46:38+00:00","dateModified":"2026-03-11T14:48:17+00:00","breadcrumb":{"@id":"https:\/\/ems-electronic.com\/?page_id=328&lang=es#breadcrumb"},"inLanguage":"de","potentialAction":[{"@type":"ReadAction","target":["https:\/\/ems-electronic.com\/?page_id=328&lang=es"]}]},{"@type":"BreadcrumbList","@id":"https:\/\/ems-electronic.com\/?page_id=328&lang=es#breadcrumb","itemListElement":[{"@type":"ListItem","position":1,"name":"Startseite","item":"https:\/\/ems-electronic.com\/?page_id=37&lang=de"},{"@type":"ListItem","position":2,"name":"Nuestro concepto de sostenibilidad"}]},{"@type":"WebSite","@id":"https:\/\/ems-electronic.com\/#website","url":"https:\/\/ems-electronic.com\/","name":"EMS Electronic Metering Systems","description":"Precision electronic component manufacturing tailored to your specifications \u2013 from small-series production to reliable contract assembly, certified according to ISO 9001 and backed by the Messtechnik Group","publisher":{"@id":"https:\/\/ems-electronic.com\/#organization"},"alternateName":"Precision electronic component manufacturing tailored to your specifications \u2013 from small-series production to reliable contract assembly, certified according to ISO 9001 and backed by the Messtechnik Group","potentialAction":[{"@type":"SearchAction","target":{"@type":"EntryPoint","urlTemplate":"https:\/\/ems-electronic.com\/?s={search_term_string}"},"query-input":{"@type":"PropertyValueSpecification","valueRequired":true,"valueName":"search_term_string"}}],"inLanguage":"de"},{"@type":"Organization","@id":"https:\/\/ems-electronic.com\/#organization","name":"EMS Electronic Metering Systems s.r.l.","url":"https:\/\/ems-electronic.com\/","logo":{"@type":"ImageObject","inLanguage":"de","@id":"https:\/\/ems-electronic.com\/#\/schema\/logo\/image\/","url":"https:\/\/ems-electronic.com\/wp-content\/uploads\/2024\/06\/cropped-cropped-EMS_quadrat_web.jpg","contentUrl":"https:\/\/ems-electronic.com\/wp-content\/uploads\/2024\/06\/cropped-cropped-EMS_quadrat_web.jpg","width":512,"height":173,"caption":"EMS Electronic Metering Systems s.r.l."},"image":{"@id":"https:\/\/ems-electronic.com\/#\/schema\/logo\/image\/"}}]}},"jetpack_sharing_enabled":true,"_links":{"self":[{"href":"https:\/\/ems-electronic.com\/index.php?rest_route=\/wp\/v2\/pages\/328","targetHints":{"allow":["GET"]}}],"collection":[{"href":"https:\/\/ems-electronic.com\/index.php?rest_route=\/wp\/v2\/pages"}],"about":[{"href":"https:\/\/ems-electronic.com\/index.php?rest_route=\/wp\/v2\/types\/page"}],"author":[{"embeddable":true,"href":"https:\/\/ems-electronic.com\/index.php?rest_route=\/wp\/v2\/users\/1"}],"replies":[{"embeddable":true,"href":"https:\/\/ems-electronic.com\/index.php?rest_route=%2Fwp%2Fv2%2Fcomments&post=328"}],"version-history":[{"count":4,"href":"https:\/\/ems-electronic.com\/index.php?rest_route=\/wp\/v2\/pages\/328\/revisions"}],"predecessor-version":[{"id":333,"href":"https:\/\/ems-electronic.com\/index.php?rest_route=\/wp\/v2\/pages\/328\/revisions\/333"}],"wp:attachment":[{"href":"https:\/\/ems-electronic.com\/index.php?rest_route=%2Fwp%2Fv2%2Fmedia&parent=328"}],"curies":[{"name":"wp","href":"https:\/\/api.w.org\/{rel}","templated":true}]}}