{"id":348,"date":"2026-03-12T11:27:31","date_gmt":"2026-03-12T11:27:31","guid":{"rendered":"https:\/\/ems-electronic.com\/?page_id=348"},"modified":"2026-04-07T05:21:42","modified_gmt":"2026-04-07T05:21:42","slug":"povestea-noastra","status":"publish","type":"page","link":"https:\/\/ems-electronic.com\/?page_id=348&lang=ro","title":{"rendered":"Povestea noastr\u0103"},"content":{"rendered":"\t\t<div data-elementor-type=\"wp-page\" data-elementor-id=\"348\" class=\"elementor elementor-348\">\n\t\t\t\t<div class=\"elementor-element elementor-element-9ab84ad e-flex e-con-boxed e-con e-parent\" data-id=\"9ab84ad\" data-element_type=\"container\" data-e-type=\"container\">\n\t\t\t\t\t<div class=\"e-con-inner\">\n\t\t\t\t<div class=\"elementor-element elementor-element-e2979a2 elementor-widget elementor-widget-heading\" data-id=\"e2979a2\" data-element_type=\"widget\" data-e-type=\"widget\" data-widget_type=\"heading.default\">\n\t\t\t\t<div class=\"elementor-widget-container\">\n\t\t\t\t\t<h1 class=\"elementor-heading-title elementor-size-default\">Povestea noastr\u0103<\/h1>\t\t\t\t<\/div>\n\t\t\t\t<\/div>\n\t\t\t\t<div class=\"elementor-element elementor-element-63ab46d elementor-widget elementor-widget-spacer\" data-id=\"63ab46d\" data-element_type=\"widget\" data-e-type=\"widget\" data-widget_type=\"spacer.default\">\n\t\t\t\t<div class=\"elementor-widget-container\">\n\t\t\t\t\t\t\t<div class=\"elementor-spacer\">\n\t\t\t<div class=\"elementor-spacer-inner\"><\/div>\n\t\t<\/div>\n\t\t\t\t\t\t<\/div>\n\t\t\t\t<\/div>\n\t\t<div class=\"elementor-element elementor-element-74f8631 e-con-full e-flex e-con e-child\" data-id=\"74f8631\" data-element_type=\"container\" data-e-type=\"container\">\n\t\t\t\t<div class=\"elementor-element elementor-element-7e74fc4 elementor-widget elementor-widget-text-editor\" data-id=\"7e74fc4\" data-element_type=\"widget\" data-e-type=\"widget\" data-widget_type=\"text-editor.default\">\n\t\t\t\t<div class=\"elementor-widget-container\">\n\t\t\t\t\t\t\t\t\t<p>Din 2009, EMS Electronic Metering Systems s.r.l. este sinonim\u0103 cu inova\u021bia \u0219i solu\u021biile robuste \u00een domeniul contoriz\u0103rii energiei, c\u0103ldurii \u0219i apei.<\/p>\n<p>Cu sediul \u00een Timi\u0219oara, Rom\u00e2nia, suntem o companie de \u00eenalt\u0103 tehnologie cunoscut\u0103 pentru solu\u021biile noastre inovatoare \u0219i fiabile \u00een domeniul contoriz\u0103rii energiei, c\u0103ldurii \u0219i apei, precum \u0219i pentru transmiterea datelor de consum la distan\u021b\u0103.<\/p>\n<p>Combin\u0103m aproape dou\u0103 decenii de experien\u021b\u0103 cu un angajament fa\u021b\u0103 de o calitate \u00eenalt\u0103, ceea ce ne face o alegere de \u00eencredere pentru clien\u021bii no\u0219tri din \u00eentreaga Europ\u0103.<\/p>\n<p>EMS Electronic Metering Systems s.r.l. ofer\u0103 mai mult dec\u00e2t simple contoare de energie, c\u0103ldur\u0103 \u0219i ap\u0103 &#8211; la EMS Electronic Metering Systems s.r.l., ne dedic\u0103m furniz\u0103rii de instrumente eficiente \u0219i precise pentru gestionarea energiei, c\u0103ldurii \u0219i apei.<\/p>\n<p>Produsele noastre \u00eentruchipeaz\u0103 inova\u021bia, durabilitatea \u0219i precizia \u0219i deservesc o pia\u021b\u0103 european\u0103 divers\u0103 din 2007.<\/p>\t\t\t\t\t\t\t\t<\/div>\n\t\t\t\t<\/div>\n\t\t\t\t<div class=\"elementor-element elementor-element-5058cc3 elementor-widget elementor-widget-image\" data-id=\"5058cc3\" data-element_type=\"widget\" data-e-type=\"widget\" data-widget_type=\"image.default\">\n\t\t\t\t<div class=\"elementor-widget-container\">\n\t\t\t\t\t\t\t\t\t\t\t\t\t\t\t<img fetchpriority=\"high\" decoding=\"async\" width=\"1024\" height=\"1024\" src=\"https:\/\/ems-electronic.com\/wp-content\/uploads\/2026\/03\/EMS-Gebaeude-3-mit-AUTOS-OK-26-3-26-CG-1024x1024.jpg\" class=\"attachment-large size-large wp-image-798\" alt=\"\" srcset=\"https:\/\/ems-electronic.com\/wp-content\/uploads\/2026\/03\/EMS-Gebaeude-3-mit-AUTOS-OK-26-3-26-CG-1024x1024.jpg 1024w, https:\/\/ems-electronic.com\/wp-content\/uploads\/2026\/03\/EMS-Gebaeude-3-mit-AUTOS-OK-26-3-26-CG-300x300.jpg 300w, https:\/\/ems-electronic.com\/wp-content\/uploads\/2026\/03\/EMS-Gebaeude-3-mit-AUTOS-OK-26-3-26-CG-150x150.jpg 150w, https:\/\/ems-electronic.com\/wp-content\/uploads\/2026\/03\/EMS-Gebaeude-3-mit-AUTOS-OK-26-3-26-CG-768x768.jpg 768w, https:\/\/ems-electronic.com\/wp-content\/uploads\/2026\/03\/EMS-Gebaeude-3-mit-AUTOS-OK-26-3-26-CG-1536x1536.jpg 1536w, https:\/\/ems-electronic.com\/wp-content\/uploads\/2026\/03\/EMS-Gebaeude-3-mit-AUTOS-OK-26-3-26-CG-2048x2048.jpg 2048w, https:\/\/ems-electronic.com\/wp-content\/uploads\/2026\/03\/EMS-Gebaeude-3-mit-AUTOS-OK-26-3-26-CG-600x600.jpg 600w\" sizes=\"(max-width: 1024px) 100vw, 1024px\" \/>\t\t\t\t\t\t\t\t\t\t\t\t\t\t\t<\/div>\n\t\t\t\t<\/div>\n\t\t\t\t<\/div>\n\t\t\t\t\t<\/div>\n\t\t\t\t<\/div>\n\t\t\t\t<\/div>\n\t\t","protected":false},"excerpt":{"rendered":"<p>Povestea noastr\u0103 Din 2009, EMS Electronic Metering Systems s.r.l. este sinonim\u0103 cu inova\u021bia \u0219i solu\u021biile robuste \u00een domeniul contoriz\u0103rii energiei, c\u0103ldurii \u0219i apei. Cu sediul \u00een Timi\u0219oara, Rom\u00e2nia, suntem o companie de \u00eenalt\u0103 tehnologie cunoscut\u0103 pentru solu\u021biile noastre inovatoare \u0219i fiabile \u00een domeniul contoriz\u0103rii energiei, c\u0103ldurii \u0219i apei, precum \u0219i pentru transmiterea datelor de consum [&hellip;]<\/p>\n","protected":false},"author":1,"featured_media":0,"parent":0,"menu_order":0,"comment_status":"closed","ping_status":"closed","template":"","meta":{"ocean_post_layout":"","ocean_both_sidebars_style":"","ocean_both_sidebars_content_width":0,"ocean_both_sidebars_sidebars_width":0,"ocean_sidebar":"","ocean_second_sidebar":"","ocean_disable_margins":"enable","ocean_add_body_class":"","ocean_shortcode_before_top_bar":"","ocean_shortcode_after_top_bar":"","ocean_shortcode_before_header":"","ocean_shortcode_after_header":"","ocean_has_shortcode":"","ocean_shortcode_after_title":"","ocean_shortcode_before_footer_widgets":"","ocean_shortcode_after_footer_widgets":"","ocean_shortcode_before_footer_bottom":"","ocean_shortcode_after_footer_bottom":"","ocean_display_top_bar":"default","ocean_display_header":"default","ocean_header_style":"","ocean_center_header_left_menu":"","ocean_custom_header_template":"","ocean_custom_logo":0,"ocean_custom_retina_logo":0,"ocean_custom_logo_max_width":0,"ocean_custom_logo_tablet_max_width":0,"ocean_custom_logo_mobile_max_width":0,"ocean_custom_logo_max_height":0,"ocean_custom_logo_tablet_max_height":0,"ocean_custom_logo_mobile_max_height":0,"ocean_header_custom_menu":"","ocean_menu_typo_font_family":"","ocean_menu_typo_font_subset":"","ocean_menu_typo_font_size":0,"ocean_menu_typo_font_size_tablet":0,"ocean_menu_typo_font_size_mobile":0,"ocean_menu_typo_font_size_unit":"px","ocean_menu_typo_font_weight":"","ocean_menu_typo_font_weight_tablet":"","ocean_menu_typo_font_weight_mobile":"","ocean_menu_typo_transform":"","ocean_menu_typo_transform_tablet":"","ocean_menu_typo_transform_mobile":"","ocean_menu_typo_line_height":0,"ocean_menu_typo_line_height_tablet":0,"ocean_menu_typo_line_height_mobile":0,"ocean_menu_typo_line_height_unit":"","ocean_menu_typo_spacing":0,"ocean_menu_typo_spacing_tablet":0,"ocean_menu_typo_spacing_mobile":0,"ocean_menu_typo_spacing_unit":"","ocean_menu_link_color":"","ocean_menu_link_color_hover":"","ocean_menu_link_color_active":"","ocean_menu_link_background":"","ocean_menu_link_hover_background":"","ocean_menu_link_active_background":"","ocean_menu_social_links_bg":"","ocean_menu_social_hover_links_bg":"","ocean_menu_social_links_color":"","ocean_menu_social_hover_links_color":"","ocean_disable_title":"default","ocean_disable_heading":"default","ocean_post_title":"","ocean_post_subheading":"","ocean_post_title_style":"","ocean_post_title_background_color":"","ocean_post_title_background":0,"ocean_post_title_bg_image_position":"","ocean_post_title_bg_image_attachment":"","ocean_post_title_bg_image_repeat":"","ocean_post_title_bg_image_size":"","ocean_post_title_height":0,"ocean_post_title_bg_overlay":0.5,"ocean_post_title_bg_overlay_color":"","ocean_disable_breadcrumbs":"default","ocean_breadcrumbs_color":"","ocean_breadcrumbs_separator_color":"","ocean_breadcrumbs_links_color":"","ocean_breadcrumbs_links_hover_color":"","ocean_display_footer_widgets":"default","ocean_display_footer_bottom":"default","ocean_custom_footer_template":"","footnotes":""},"class_list":["post-348","page","type-page","status-publish","hentry","entry"],"yoast_head":"<!-- This site is optimized with the Yoast SEO plugin v24.9 - https:\/\/yoast.com\/wordpress\/plugins\/seo\/ -->\n<title>Povestea noastr\u0103 - EMS Electronic Metering Systems<\/title>\n<meta name=\"robots\" content=\"index, follow, max-snippet:-1, max-image-preview:large, max-video-preview:-1\" \/>\n<link rel=\"canonical\" href=\"https:\/\/ems-electronic.com\/?page_id=348&lang=ro\" \/>\n<meta property=\"og:locale\" content=\"de_DE\" \/>\n<meta property=\"og:type\" content=\"article\" \/>\n<meta property=\"og:title\" content=\"Povestea noastr\u0103 - EMS Electronic Metering Systems\" \/>\n<meta property=\"og:description\" content=\"Povestea noastr\u0103 Din 2009, EMS Electronic Metering Systems s.r.l. este sinonim\u0103 cu inova\u021bia \u0219i solu\u021biile robuste \u00een domeniul contoriz\u0103rii energiei, c\u0103ldurii \u0219i apei. Cu sediul \u00een Timi\u0219oara, Rom\u00e2nia, suntem o companie de \u00eenalt\u0103 tehnologie cunoscut\u0103 pentru solu\u021biile noastre inovatoare \u0219i fiabile \u00een domeniul contoriz\u0103rii energiei, c\u0103ldurii \u0219i apei, precum \u0219i pentru transmiterea datelor de consum [&hellip;]\" \/>\n<meta property=\"og:url\" content=\"https:\/\/ems-electronic.com\/?page_id=348&amp;lang=ro\" \/>\n<meta property=\"og:site_name\" content=\"EMS Electronic Metering Systems\" \/>\n<meta property=\"article:modified_time\" content=\"2026-04-07T05:21:42+00:00\" \/>\n<meta property=\"og:image\" content=\"https:\/\/ems-electronic.com\/wp-content\/uploads\/2026\/03\/EMS-Gebaeude-3-mit-AUTOS-OK-26-3-26-CG-scaled.jpg\" \/>\n\t<meta property=\"og:image:width\" content=\"2560\" \/>\n\t<meta property=\"og:image:height\" content=\"2560\" \/>\n\t<meta property=\"og:image:type\" content=\"image\/jpeg\" \/>\n<meta name=\"twitter:card\" content=\"summary_large_image\" \/>\n<meta name=\"twitter:label1\" content=\"Gesch\u00e4tzte Lesezeit\" \/>\n\t<meta name=\"twitter:data1\" content=\"1\u00a0Minute\" \/>\n<script type=\"application\/ld+json\" class=\"yoast-schema-graph\">{\"@context\":\"https:\/\/schema.org\",\"@graph\":[{\"@type\":\"WebPage\",\"@id\":\"https:\/\/ems-electronic.com\/?page_id=348&lang=ro\",\"url\":\"https:\/\/ems-electronic.com\/?page_id=348&lang=ro\",\"name\":\"Povestea noastr\u0103 - EMS Electronic Metering Systems\",\"isPartOf\":{\"@id\":\"https:\/\/ems-electronic.com\/#website\"},\"primaryImageOfPage\":{\"@id\":\"https:\/\/ems-electronic.com\/?page_id=348&lang=ro#primaryimage\"},\"image\":{\"@id\":\"https:\/\/ems-electronic.com\/?page_id=348&lang=ro#primaryimage\"},\"thumbnailUrl\":\"https:\/\/ems-electronic.com\/wp-content\/uploads\/2026\/03\/EMS-Gebaeude-3-mit-AUTOS-OK-26-3-26-CG-1024x1024.jpg\",\"datePublished\":\"2026-03-12T11:27:31+00:00\",\"dateModified\":\"2026-04-07T05:21:42+00:00\",\"breadcrumb\":{\"@id\":\"https:\/\/ems-electronic.com\/?page_id=348&lang=ro#breadcrumb\"},\"inLanguage\":\"de\",\"potentialAction\":[{\"@type\":\"ReadAction\",\"target\":[\"https:\/\/ems-electronic.com\/?page_id=348&lang=ro\"]}]},{\"@type\":\"ImageObject\",\"inLanguage\":\"de\",\"@id\":\"https:\/\/ems-electronic.com\/?page_id=348&lang=ro#primaryimage\",\"url\":\"https:\/\/ems-electronic.com\/wp-content\/uploads\/2026\/03\/EMS-Gebaeude-3-mit-AUTOS-OK-26-3-26-CG-scaled.jpg\",\"contentUrl\":\"https:\/\/ems-electronic.com\/wp-content\/uploads\/2026\/03\/EMS-Gebaeude-3-mit-AUTOS-OK-26-3-26-CG-scaled.jpg\",\"width\":2560,\"height\":2560},{\"@type\":\"BreadcrumbList\",\"@id\":\"https:\/\/ems-electronic.com\/?page_id=348&lang=ro#breadcrumb\",\"itemListElement\":[{\"@type\":\"ListItem\",\"position\":1,\"name\":\"Startseite\",\"item\":\"https:\/\/ems-electronic.com\/?page_id=37&lang=de\"},{\"@type\":\"ListItem\",\"position\":2,\"name\":\"Povestea noastr\u0103\"}]},{\"@type\":\"WebSite\",\"@id\":\"https:\/\/ems-electronic.com\/#website\",\"url\":\"https:\/\/ems-electronic.com\/\",\"name\":\"EMS Electronic Metering Systems\",\"description\":\"Precision electronic component manufacturing tailored to your specifications \u2013 from small-series production to reliable contract assembly, certified according to ISO 9001 and backed by the Messtechnik Group\",\"publisher\":{\"@id\":\"https:\/\/ems-electronic.com\/#organization\"},\"alternateName\":\"Precision electronic component manufacturing tailored to your specifications \u2013 from small-series production to reliable contract assembly, certified according to ISO 9001 and backed by the Messtechnik Group\",\"potentialAction\":[{\"@type\":\"SearchAction\",\"target\":{\"@type\":\"EntryPoint\",\"urlTemplate\":\"https:\/\/ems-electronic.com\/?s={search_term_string}\"},\"query-input\":{\"@type\":\"PropertyValueSpecification\",\"valueRequired\":true,\"valueName\":\"search_term_string\"}}],\"inLanguage\":\"de\"},{\"@type\":\"Organization\",\"@id\":\"https:\/\/ems-electronic.com\/#organization\",\"name\":\"EMS Electronic Metering Systems s.r.l.\",\"url\":\"https:\/\/ems-electronic.com\/\",\"logo\":{\"@type\":\"ImageObject\",\"inLanguage\":\"de\",\"@id\":\"https:\/\/ems-electronic.com\/#\/schema\/logo\/image\/\",\"url\":\"https:\/\/ems-electronic.com\/wp-content\/uploads\/2024\/06\/cropped-cropped-EMS_quadrat_web.jpg\",\"contentUrl\":\"https:\/\/ems-electronic.com\/wp-content\/uploads\/2024\/06\/cropped-cropped-EMS_quadrat_web.jpg\",\"width\":512,\"height\":173,\"caption\":\"EMS Electronic Metering Systems s.r.l.\"},\"image\":{\"@id\":\"https:\/\/ems-electronic.com\/#\/schema\/logo\/image\/\"}}]}<\/script>\n<!-- \/ Yoast SEO plugin. -->","yoast_head_json":{"title":"Povestea noastr\u0103 - EMS Electronic Metering Systems","robots":{"index":"index","follow":"follow","max-snippet":"max-snippet:-1","max-image-preview":"max-image-preview:large","max-video-preview":"max-video-preview:-1"},"canonical":"https:\/\/ems-electronic.com\/?page_id=348&lang=ro","og_locale":"de_DE","og_type":"article","og_title":"Povestea noastr\u0103 - EMS Electronic Metering Systems","og_description":"Povestea noastr\u0103 Din 2009, EMS Electronic Metering Systems s.r.l. este sinonim\u0103 cu inova\u021bia \u0219i solu\u021biile robuste \u00een domeniul contoriz\u0103rii energiei, c\u0103ldurii \u0219i apei. Cu sediul \u00een Timi\u0219oara, Rom\u00e2nia, suntem o companie de \u00eenalt\u0103 tehnologie cunoscut\u0103 pentru solu\u021biile noastre inovatoare \u0219i fiabile \u00een domeniul contoriz\u0103rii energiei, c\u0103ldurii \u0219i apei, precum \u0219i pentru transmiterea datelor de consum [&hellip;]","og_url":"https:\/\/ems-electronic.com\/?page_id=348&lang=ro","og_site_name":"EMS Electronic Metering Systems","article_modified_time":"2026-04-07T05:21:42+00:00","og_image":[{"width":2560,"height":2560,"url":"https:\/\/ems-electronic.com\/wp-content\/uploads\/2026\/03\/EMS-Gebaeude-3-mit-AUTOS-OK-26-3-26-CG-scaled.jpg","type":"image\/jpeg"}],"twitter_card":"summary_large_image","twitter_misc":{"Gesch\u00e4tzte Lesezeit":"1\u00a0Minute"},"schema":{"@context":"https:\/\/schema.org","@graph":[{"@type":"WebPage","@id":"https:\/\/ems-electronic.com\/?page_id=348&lang=ro","url":"https:\/\/ems-electronic.com\/?page_id=348&lang=ro","name":"Povestea noastr\u0103 - EMS Electronic Metering Systems","isPartOf":{"@id":"https:\/\/ems-electronic.com\/#website"},"primaryImageOfPage":{"@id":"https:\/\/ems-electronic.com\/?page_id=348&lang=ro#primaryimage"},"image":{"@id":"https:\/\/ems-electronic.com\/?page_id=348&lang=ro#primaryimage"},"thumbnailUrl":"https:\/\/ems-electronic.com\/wp-content\/uploads\/2026\/03\/EMS-Gebaeude-3-mit-AUTOS-OK-26-3-26-CG-1024x1024.jpg","datePublished":"2026-03-12T11:27:31+00:00","dateModified":"2026-04-07T05:21:42+00:00","breadcrumb":{"@id":"https:\/\/ems-electronic.com\/?page_id=348&lang=ro#breadcrumb"},"inLanguage":"de","potentialAction":[{"@type":"ReadAction","target":["https:\/\/ems-electronic.com\/?page_id=348&lang=ro"]}]},{"@type":"ImageObject","inLanguage":"de","@id":"https:\/\/ems-electronic.com\/?page_id=348&lang=ro#primaryimage","url":"https:\/\/ems-electronic.com\/wp-content\/uploads\/2026\/03\/EMS-Gebaeude-3-mit-AUTOS-OK-26-3-26-CG-scaled.jpg","contentUrl":"https:\/\/ems-electronic.com\/wp-content\/uploads\/2026\/03\/EMS-Gebaeude-3-mit-AUTOS-OK-26-3-26-CG-scaled.jpg","width":2560,"height":2560},{"@type":"BreadcrumbList","@id":"https:\/\/ems-electronic.com\/?page_id=348&lang=ro#breadcrumb","itemListElement":[{"@type":"ListItem","position":1,"name":"Startseite","item":"https:\/\/ems-electronic.com\/?page_id=37&lang=de"},{"@type":"ListItem","position":2,"name":"Povestea noastr\u0103"}]},{"@type":"WebSite","@id":"https:\/\/ems-electronic.com\/#website","url":"https:\/\/ems-electronic.com\/","name":"EMS Electronic Metering Systems","description":"Precision electronic component manufacturing tailored to your specifications \u2013 from small-series production to reliable contract assembly, certified according to ISO 9001 and backed by the Messtechnik Group","publisher":{"@id":"https:\/\/ems-electronic.com\/#organization"},"alternateName":"Precision electronic component manufacturing tailored to your specifications \u2013 from small-series production to reliable contract assembly, certified according to ISO 9001 and backed by the Messtechnik Group","potentialAction":[{"@type":"SearchAction","target":{"@type":"EntryPoint","urlTemplate":"https:\/\/ems-electronic.com\/?s={search_term_string}"},"query-input":{"@type":"PropertyValueSpecification","valueRequired":true,"valueName":"search_term_string"}}],"inLanguage":"de"},{"@type":"Organization","@id":"https:\/\/ems-electronic.com\/#organization","name":"EMS Electronic Metering Systems s.r.l.","url":"https:\/\/ems-electronic.com\/","logo":{"@type":"ImageObject","inLanguage":"de","@id":"https:\/\/ems-electronic.com\/#\/schema\/logo\/image\/","url":"https:\/\/ems-electronic.com\/wp-content\/uploads\/2024\/06\/cropped-cropped-EMS_quadrat_web.jpg","contentUrl":"https:\/\/ems-electronic.com\/wp-content\/uploads\/2024\/06\/cropped-cropped-EMS_quadrat_web.jpg","width":512,"height":173,"caption":"EMS Electronic Metering Systems s.r.l."},"image":{"@id":"https:\/\/ems-electronic.com\/#\/schema\/logo\/image\/"}}]}},"jetpack_sharing_enabled":true,"_links":{"self":[{"href":"https:\/\/ems-electronic.com\/index.php?rest_route=\/wp\/v2\/pages\/348","targetHints":{"allow":["GET"]}}],"collection":[{"href":"https:\/\/ems-electronic.com\/index.php?rest_route=\/wp\/v2\/pages"}],"about":[{"href":"https:\/\/ems-electronic.com\/index.php?rest_route=\/wp\/v2\/types\/page"}],"author":[{"embeddable":true,"href":"https:\/\/ems-electronic.com\/index.php?rest_route=\/wp\/v2\/users\/1"}],"replies":[{"embeddable":true,"href":"https:\/\/ems-electronic.com\/index.php?rest_route=%2Fwp%2Fv2%2Fcomments&post=348"}],"version-history":[{"count":13,"href":"https:\/\/ems-electronic.com\/index.php?rest_route=\/wp\/v2\/pages\/348\/revisions"}],"predecessor-version":[{"id":1056,"href":"https:\/\/ems-electronic.com\/index.php?rest_route=\/wp\/v2\/pages\/348\/revisions\/1056"}],"wp:attachment":[{"href":"https:\/\/ems-electronic.com\/index.php?rest_route=%2Fwp%2Fv2%2Fmedia&parent=348"}],"curies":[{"name":"wp","href":"https:\/\/api.w.org\/{rel}","templated":true}]}}