{"id":78,"date":"2025-04-22T14:25:04","date_gmt":"2025-04-22T14:25:04","guid":{"rendered":"https:\/\/ems-electronic.com\/?page_id=78"},"modified":"2026-03-30T07:13:20","modified_gmt":"2026-03-30T07:13:20","slug":"ems-romana","status":"publish","type":"page","link":"https:\/\/ems-electronic.com\/?page_id=78&lang=ro","title":{"rendered":"EMS &#8211; Rom\u00e2n\u0103"},"content":{"rendered":"\t\t<div data-elementor-type=\"wp-page\" data-elementor-id=\"78\" class=\"elementor elementor-78\">\n\t\t\t\t<div class=\"elementor-element elementor-element-1c920a4 e-flex e-con-boxed e-con e-parent\" data-id=\"1c920a4\" data-element_type=\"container\" data-e-type=\"container\">\n\t\t\t\t\t<div class=\"e-con-inner\">\n\t\t\t\t<div class=\"elementor-element elementor-element-c976432 animated-slow elementor-invisible elementor-widget elementor-widget-heading\" data-id=\"c976432\" data-element_type=\"widget\" data-e-type=\"widget\" data-settings=\"{&quot;_animation&quot;:&quot;fadeInLeft&quot;}\" data-widget_type=\"heading.default\">\n\t\t\t\t<div class=\"elementor-widget-container\">\n\t\t\t\t\t<h1 class=\"elementor-heading-title elementor-size-default\">Componente electronice<\/h1>\t\t\t\t<\/div>\n\t\t\t\t<\/div>\n\t\t\t\t\t<\/div>\n\t\t\t\t<\/div>\n\t\t<div class=\"elementor-element elementor-element-f6896a0 e-flex e-con-boxed e-con e-parent\" data-id=\"f6896a0\" data-element_type=\"container\" data-e-type=\"container\">\n\t\t\t\t\t<div class=\"e-con-inner\">\n\t\t\t\t<div class=\"elementor-element elementor-element-1e8e9fb animated-slow elementor-invisible elementor-widget elementor-widget-heading\" data-id=\"1e8e9fb\" data-element_type=\"widget\" data-e-type=\"widget\" data-settings=\"{&quot;_animation&quot;:&quot;fadeInRight&quot;}\" data-widget_type=\"heading.default\">\n\t\t\t\t<div class=\"elementor-widget-container\">\n\t\t\t\t\t<h1 class=\"elementor-heading-title elementor-size-default\">pentru afacerea dumneavoastr\u0103<\/h1>\t\t\t\t<\/div>\n\t\t\t\t<\/div>\n\t\t\t\t\t<\/div>\n\t\t\t\t<\/div>\n\t\t<div class=\"elementor-element elementor-element-be092ce e-grid e-con-full e-con e-parent\" data-id=\"be092ce\" data-element_type=\"container\" data-e-type=\"container\">\n\t\t\t\t<div class=\"elementor-element elementor-element-65964f5 elementor-widget elementor-widget-heading\" data-id=\"65964f5\" data-element_type=\"widget\" data-e-type=\"widget\" data-widget_type=\"heading.default\">\n\t\t\t\t<div class=\"elementor-widget-container\">\n\t\t\t\t\t<h2 class=\"elementor-heading-title elementor-size-default\">CONTRACT DE LUCRU CONFORM SPECIFICA\u021aIILOR DUMNEAVOASTR\u0102<\/h2>\t\t\t\t<\/div>\n\t\t\t\t<\/div>\n\t\t\t\t<div class=\"elementor-element elementor-element-fa6f92b elementor-widget elementor-widget-image\" data-id=\"fa6f92b\" data-element_type=\"widget\" data-e-type=\"widget\" data-widget_type=\"image.default\">\n\t\t\t\t<div class=\"elementor-widget-container\">\n\t\t\t\t\t\t\t\t\t\t\t\t\t\t\t<img fetchpriority=\"high\" decoding=\"async\" width=\"768\" height=\"512\" src=\"https:\/\/ems-electronic.com\/wp-content\/uploads\/2025\/05\/20190926_Timisoara_1047_Full-768x512.jpg\" class=\"attachment-medium_large size-medium_large wp-image-89\" alt=\"\" srcset=\"https:\/\/ems-electronic.com\/wp-content\/uploads\/2025\/05\/20190926_Timisoara_1047_Full-768x512.jpg 768w, https:\/\/ems-electronic.com\/wp-content\/uploads\/2025\/05\/20190926_Timisoara_1047_Full-300x200.jpg 300w, https:\/\/ems-electronic.com\/wp-content\/uploads\/2025\/05\/20190926_Timisoara_1047_Full-1024x682.jpg 1024w, https:\/\/ems-electronic.com\/wp-content\/uploads\/2025\/05\/20190926_Timisoara_1047_Full-1536x1024.jpg 1536w, https:\/\/ems-electronic.com\/wp-content\/uploads\/2025\/05\/20190926_Timisoara_1047_Full.jpg 1592w\" sizes=\"(max-width: 768px) 100vw, 768px\" \/>\t\t\t\t\t\t\t\t\t\t\t\t\t\t\t<\/div>\n\t\t\t\t<\/div>\n\t\t\t\t<div class=\"elementor-element elementor-element-3b18c8b elementor-widget elementor-widget-image\" data-id=\"3b18c8b\" data-element_type=\"widget\" data-e-type=\"widget\" data-widget_type=\"image.default\">\n\t\t\t\t<div class=\"elementor-widget-container\">\n\t\t\t\t\t\t\t\t\t\t\t\t\t\t\t<img decoding=\"async\" width=\"567\" height=\"378\" src=\"https:\/\/ems-electronic.com\/wp-content\/uploads\/2025\/05\/small-series.jpg\" class=\"attachment-large size-large wp-image-101\" alt=\"\" srcset=\"https:\/\/ems-electronic.com\/wp-content\/uploads\/2025\/05\/small-series.jpg 567w, https:\/\/ems-electronic.com\/wp-content\/uploads\/2025\/05\/small-series-300x200.jpg 300w\" sizes=\"(max-width: 567px) 100vw, 567px\" \/>\t\t\t\t\t\t\t\t\t\t\t\t\t\t\t<\/div>\n\t\t\t\t<\/div>\n\t\t\t\t<div class=\"elementor-element elementor-element-0febb16 elementor-widget elementor-widget-heading\" data-id=\"0febb16\" data-element_type=\"widget\" data-e-type=\"widget\" data-widget_type=\"heading.default\">\n\t\t\t\t<div class=\"elementor-widget-container\">\n\t\t\t\t\t<h2 class=\"elementor-heading-title elementor-size-default\">PRODUC\u021aIE \u00ceN SERII MICI CONFORM ISO 9001<\/h2>\t\t\t\t<\/div>\n\t\t\t\t<\/div>\n\t\t\t\t<div class=\"elementor-element elementor-element-91c17c8 elementor-widget elementor-widget-heading\" data-id=\"91c17c8\" data-element_type=\"widget\" data-e-type=\"widget\" data-widget_type=\"heading.default\">\n\t\t\t\t<div class=\"elementor-widget-container\">\n\t\t\t\t\t<h2 class=\"elementor-heading-title elementor-size-default\">PARTE A GRUPULUI DE SUCCES MESSTECHNIK<\/h2>\t\t\t\t<\/div>\n\t\t\t\t<\/div>\n\t\t\t\t<div class=\"elementor-element elementor-element-29bcace elementor-widget elementor-widget-image\" data-id=\"29bcace\" data-element_type=\"widget\" data-e-type=\"widget\" data-widget_type=\"image.default\">\n\t\t\t\t<div class=\"elementor-widget-container\">\n\t\t\t\t\t\t\t\t\t\t\t\t\t\t\t<img decoding=\"async\" width=\"850\" height=\"567\" src=\"https:\/\/ems-electronic.com\/wp-content\/uploads\/2025\/05\/20190926_Timisoara_2707_20x30.jpg\" class=\"attachment-large size-large wp-image-96\" alt=\"\" srcset=\"https:\/\/ems-electronic.com\/wp-content\/uploads\/2025\/05\/20190926_Timisoara_2707_20x30.jpg 850w, https:\/\/ems-electronic.com\/wp-content\/uploads\/2025\/05\/20190926_Timisoara_2707_20x30-300x200.jpg 300w, https:\/\/ems-electronic.com\/wp-content\/uploads\/2025\/05\/20190926_Timisoara_2707_20x30-768x512.jpg 768w\" sizes=\"(max-width: 850px) 100vw, 850px\" \/>\t\t\t\t\t\t\t\t\t\t\t\t\t\t\t<\/div>\n\t\t\t\t<\/div>\n\t\t\t\t<\/div>\n\t\t<div class=\"elementor-element elementor-element-02e8a9c e-flex e-con-boxed e-con e-parent\" data-id=\"02e8a9c\" data-element_type=\"container\" data-e-type=\"container\">\n\t\t\t\t\t<div class=\"e-con-inner\">\n\t\t\t\t<div class=\"elementor-element elementor-element-c6a09e5 elementor-widget elementor-widget-image\" data-id=\"c6a09e5\" data-element_type=\"widget\" data-e-type=\"widget\" data-widget_type=\"image.default\">\n\t\t\t\t<div class=\"elementor-widget-container\">\n\t\t\t\t\t\t\t\t\t\t\t\t\t\t\t<img loading=\"lazy\" decoding=\"async\" width=\"150\" height=\"150\" src=\"https:\/\/ems-electronic.com\/wp-content\/uploads\/2024\/06\/cropped-EMS_quadrat_web-150x150.jpg\" class=\"attachment-thumbnail size-thumbnail wp-image-18\" alt=\"\" srcset=\"https:\/\/ems-electronic.com\/wp-content\/uploads\/2024\/06\/cropped-EMS_quadrat_web-150x150.jpg 150w, https:\/\/ems-electronic.com\/wp-content\/uploads\/2024\/06\/cropped-EMS_quadrat_web-300x300.jpg 300w, https:\/\/ems-electronic.com\/wp-content\/uploads\/2024\/06\/cropped-EMS_quadrat_web-100x100.jpg 100w, https:\/\/ems-electronic.com\/wp-content\/uploads\/2024\/06\/cropped-EMS_quadrat_web-270x270.jpg 270w, https:\/\/ems-electronic.com\/wp-content\/uploads\/2024\/06\/cropped-EMS_quadrat_web-192x192.jpg 192w, https:\/\/ems-electronic.com\/wp-content\/uploads\/2024\/06\/cropped-EMS_quadrat_web-180x180.jpg 180w, https:\/\/ems-electronic.com\/wp-content\/uploads\/2024\/06\/cropped-EMS_quadrat_web-32x32.jpg 32w, https:\/\/ems-electronic.com\/wp-content\/uploads\/2024\/06\/cropped-EMS_quadrat_web.jpg 512w\" sizes=\"(max-width: 150px) 100vw, 150px\" \/>\t\t\t\t\t\t\t\t\t\t\t\t\t\t\t<\/div>\n\t\t\t\t<\/div>\n\t\t<div class=\"elementor-element elementor-element-aab81dc e-con-full e-flex e-con e-child\" data-id=\"aab81dc\" data-element_type=\"container\" data-e-type=\"container\">\n\t\t\t\t<div class=\"elementor-element elementor-element-edf55f9 elementor-widget elementor-widget-text-editor\" data-id=\"edf55f9\" data-element_type=\"widget\" data-e-type=\"widget\" data-widget_type=\"text-editor.default\">\n\t\t\t\t<div class=\"elementor-widget-container\">\n\t\t\t\t\t\t\t\t\t<p><span class=\"Apple-converted-space\"><strong>EMS Electronic Metering Systems s.r.l.<\/strong><br \/>Strada Macilor Nr. 30C<br \/>300351 Timi\u0219oara<br \/>Jude\u021bul Timi\u0219<br \/>Rom\u00e2nia<br \/><\/span>T +40 356 466111<span class=\"Apple-converted-space\"><br \/><\/span><a href=\"mailto:info@ems-electronic.com\">info@ems-electronic.com<\/a><span class=\"Apple-converted-space\">\u00a0<\/span><\/p>\t\t\t\t\t\t\t\t<\/div>\n\t\t\t\t<\/div>\n\t\t\t\t<\/div>\n\t\t\t\t\t<\/div>\n\t\t\t\t<\/div>\n\t\t\t\t<\/div>\n\t\t","protected":false},"excerpt":{"rendered":"<p>Componente electronice pentru afacerea dumneavoastr\u0103 CONTRACT DE LUCRU CONFORM SPECIFICA\u021aIILOR DUMNEAVOASTR\u0102 PRODUC\u021aIE \u00ceN SERII MICI CONFORM ISO 9001 PARTE A GRUPULUI DE SUCCES MESSTECHNIK EMS Electronic Metering Systems s.r.l.Strada Macilor Nr. 30C300351 Timi\u0219oaraJude\u021bul Timi\u0219Rom\u00e2niaT +40 356 466111info@ems-electronic.com\u00a0<\/p>\n","protected":false},"author":1,"featured_media":0,"parent":0,"menu_order":0,"comment_status":"closed","ping_status":"closed","template":"","meta":{"ocean_post_layout":"","ocean_both_sidebars_style":"","ocean_both_sidebars_content_width":0,"ocean_both_sidebars_sidebars_width":0,"ocean_sidebar":"","ocean_second_sidebar":"","ocean_disable_margins":"enable","ocean_add_body_class":"","ocean_shortcode_before_top_bar":"","ocean_shortcode_after_top_bar":"","ocean_shortcode_before_header":"","ocean_shortcode_after_header":"","ocean_has_shortcode":"","ocean_shortcode_after_title":"","ocean_shortcode_before_footer_widgets":"","ocean_shortcode_after_footer_widgets":"","ocean_shortcode_before_footer_bottom":"","ocean_shortcode_after_footer_bottom":"","ocean_display_top_bar":"default","ocean_display_header":"default","ocean_header_style":"","ocean_center_header_left_menu":"","ocean_custom_header_template":"","ocean_custom_logo":0,"ocean_custom_retina_logo":0,"ocean_custom_logo_max_width":0,"ocean_custom_logo_tablet_max_width":0,"ocean_custom_logo_mobile_max_width":0,"ocean_custom_logo_max_height":0,"ocean_custom_logo_tablet_max_height":0,"ocean_custom_logo_mobile_max_height":0,"ocean_header_custom_menu":"","ocean_menu_typo_font_family":"","ocean_menu_typo_font_subset":"","ocean_menu_typo_font_size":0,"ocean_menu_typo_font_size_tablet":0,"ocean_menu_typo_font_size_mobile":0,"ocean_menu_typo_font_size_unit":"px","ocean_menu_typo_font_weight":"","ocean_menu_typo_font_weight_tablet":"","ocean_menu_typo_font_weight_mobile":"","ocean_menu_typo_transform":"","ocean_menu_typo_transform_tablet":"","ocean_menu_typo_transform_mobile":"","ocean_menu_typo_line_height":0,"ocean_menu_typo_line_height_tablet":0,"ocean_menu_typo_line_height_mobile":0,"ocean_menu_typo_line_height_unit":"","ocean_menu_typo_spacing":0,"ocean_menu_typo_spacing_tablet":0,"ocean_menu_typo_spacing_mobile":0,"ocean_menu_typo_spacing_unit":"","ocean_menu_link_color":"","ocean_menu_link_color_hover":"","ocean_menu_link_color_active":"","ocean_menu_link_background":"","ocean_menu_link_hover_background":"","ocean_menu_link_active_background":"","ocean_menu_social_links_bg":"","ocean_menu_social_hover_links_bg":"","ocean_menu_social_links_color":"","ocean_menu_social_hover_links_color":"","ocean_disable_title":"default","ocean_disable_heading":"default","ocean_post_title":"","ocean_post_subheading":"","ocean_post_title_style":"","ocean_post_title_background_color":"","ocean_post_title_background":0,"ocean_post_title_bg_image_position":"","ocean_post_title_bg_image_attachment":"","ocean_post_title_bg_image_repeat":"","ocean_post_title_bg_image_size":"","ocean_post_title_height":0,"ocean_post_title_bg_overlay":0.5,"ocean_post_title_bg_overlay_color":"","ocean_disable_breadcrumbs":"default","ocean_breadcrumbs_color":"","ocean_breadcrumbs_separator_color":"","ocean_breadcrumbs_links_color":"","ocean_breadcrumbs_links_hover_color":"","ocean_display_footer_widgets":"default","ocean_display_footer_bottom":"default","ocean_custom_footer_template":"","footnotes":""},"class_list":["post-78","page","type-page","status-publish","hentry","entry"],"yoast_head":"<!-- This site is optimized with the Yoast SEO plugin v24.9 - https:\/\/yoast.com\/wordpress\/plugins\/seo\/ -->\n<title>EMS - Rom\u00e2n\u0103 - EMS Electronic Metering Systems<\/title>\n<meta name=\"robots\" content=\"index, follow, max-snippet:-1, max-image-preview:large, max-video-preview:-1\" \/>\n<link rel=\"canonical\" href=\"https:\/\/ems-electronic.com\/?page_id=78&lang=ro\" \/>\n<meta property=\"og:locale\" content=\"de_DE\" \/>\n<meta property=\"og:type\" content=\"article\" \/>\n<meta property=\"og:title\" content=\"EMS - Rom\u00e2n\u0103 - EMS Electronic Metering Systems\" \/>\n<meta property=\"og:description\" content=\"Componente electronice pentru afacerea dumneavoastr\u0103 CONTRACT DE LUCRU CONFORM SPECIFICA\u021aIILOR DUMNEAVOASTR\u0102 PRODUC\u021aIE \u00ceN SERII MICI CONFORM ISO 9001 PARTE A GRUPULUI DE SUCCES MESSTECHNIK EMS Electronic Metering Systems s.r.l.Strada Macilor Nr. 30C300351 Timi\u0219oaraJude\u021bul Timi\u0219Rom\u00e2niaT +40 356 466111info@ems-electronic.com\u00a0\" \/>\n<meta property=\"og:url\" content=\"https:\/\/ems-electronic.com\/?page_id=78&amp;lang=ro\" \/>\n<meta property=\"og:site_name\" content=\"EMS Electronic Metering Systems\" \/>\n<meta property=\"article:modified_time\" content=\"2026-03-30T07:13:20+00:00\" \/>\n<meta property=\"og:image\" content=\"https:\/\/ems-electronic.com\/wp-content\/uploads\/2025\/05\/20190926_Timisoara_1047_Full.jpg\" \/>\n\t<meta property=\"og:image:width\" content=\"1592\" \/>\n\t<meta property=\"og:image:height\" content=\"1061\" \/>\n\t<meta property=\"og:image:type\" content=\"image\/jpeg\" \/>\n<meta name=\"twitter:card\" content=\"summary_large_image\" \/>\n<meta name=\"twitter:label1\" content=\"Gesch\u00e4tzte Lesezeit\" \/>\n\t<meta name=\"twitter:data1\" content=\"2\u00a0Minuten\" \/>\n<script type=\"application\/ld+json\" class=\"yoast-schema-graph\">{\"@context\":\"https:\/\/schema.org\",\"@graph\":[{\"@type\":\"WebPage\",\"@id\":\"https:\/\/ems-electronic.com\/?page_id=78&lang=ro\",\"url\":\"https:\/\/ems-electronic.com\/?page_id=78&lang=ro\",\"name\":\"EMS - Rom\u00e2n\u0103 - EMS Electronic Metering Systems\",\"isPartOf\":{\"@id\":\"https:\/\/ems-electronic.com\/#website\"},\"primaryImageOfPage\":{\"@id\":\"https:\/\/ems-electronic.com\/?page_id=78&lang=ro#primaryimage\"},\"image\":{\"@id\":\"https:\/\/ems-electronic.com\/?page_id=78&lang=ro#primaryimage\"},\"thumbnailUrl\":\"https:\/\/ems-electronic.com\/wp-content\/uploads\/2025\/05\/20190926_Timisoara_1047_Full-768x512.jpg\",\"datePublished\":\"2025-04-22T14:25:04+00:00\",\"dateModified\":\"2026-03-30T07:13:20+00:00\",\"breadcrumb\":{\"@id\":\"https:\/\/ems-electronic.com\/?page_id=78&lang=ro#breadcrumb\"},\"inLanguage\":\"de\",\"potentialAction\":[{\"@type\":\"ReadAction\",\"target\":[\"https:\/\/ems-electronic.com\/?page_id=78&lang=ro\"]}]},{\"@type\":\"ImageObject\",\"inLanguage\":\"de\",\"@id\":\"https:\/\/ems-electronic.com\/?page_id=78&lang=ro#primaryimage\",\"url\":\"https:\/\/ems-electronic.com\/wp-content\/uploads\/2025\/05\/20190926_Timisoara_1047_Full.jpg\",\"contentUrl\":\"https:\/\/ems-electronic.com\/wp-content\/uploads\/2025\/05\/20190926_Timisoara_1047_Full.jpg\",\"width\":1592,\"height\":1061},{\"@type\":\"BreadcrumbList\",\"@id\":\"https:\/\/ems-electronic.com\/?page_id=78&lang=ro#breadcrumb\",\"itemListElement\":[{\"@type\":\"ListItem\",\"position\":1,\"name\":\"Startseite\",\"item\":\"https:\/\/ems-electronic.com\/?page_id=37&lang=de\"},{\"@type\":\"ListItem\",\"position\":2,\"name\":\"EMS &#8211; Rom\u00e2n\u0103\"}]},{\"@type\":\"WebSite\",\"@id\":\"https:\/\/ems-electronic.com\/#website\",\"url\":\"https:\/\/ems-electronic.com\/\",\"name\":\"EMS Electronic Metering Systems\",\"description\":\"Precision electronic component manufacturing tailored to your specifications \u2013 from small-series production to reliable contract assembly, certified according to ISO 9001 and backed by the Messtechnik Group\",\"publisher\":{\"@id\":\"https:\/\/ems-electronic.com\/#organization\"},\"alternateName\":\"Precision electronic component manufacturing tailored to your specifications \u2013 from small-series production to reliable contract assembly, certified according to ISO 9001 and backed by the Messtechnik Group\",\"potentialAction\":[{\"@type\":\"SearchAction\",\"target\":{\"@type\":\"EntryPoint\",\"urlTemplate\":\"https:\/\/ems-electronic.com\/?s={search_term_string}\"},\"query-input\":{\"@type\":\"PropertyValueSpecification\",\"valueRequired\":true,\"valueName\":\"search_term_string\"}}],\"inLanguage\":\"de\"},{\"@type\":\"Organization\",\"@id\":\"https:\/\/ems-electronic.com\/#organization\",\"name\":\"EMS Electronic Metering Systems s.r.l.\",\"url\":\"https:\/\/ems-electronic.com\/\",\"logo\":{\"@type\":\"ImageObject\",\"inLanguage\":\"de\",\"@id\":\"https:\/\/ems-electronic.com\/#\/schema\/logo\/image\/\",\"url\":\"https:\/\/ems-electronic.com\/wp-content\/uploads\/2024\/06\/cropped-cropped-EMS_quadrat_web.jpg\",\"contentUrl\":\"https:\/\/ems-electronic.com\/wp-content\/uploads\/2024\/06\/cropped-cropped-EMS_quadrat_web.jpg\",\"width\":512,\"height\":173,\"caption\":\"EMS Electronic Metering Systems s.r.l.\"},\"image\":{\"@id\":\"https:\/\/ems-electronic.com\/#\/schema\/logo\/image\/\"}}]}<\/script>\n<!-- \/ Yoast SEO plugin. -->","yoast_head_json":{"title":"EMS - Rom\u00e2n\u0103 - EMS Electronic Metering Systems","robots":{"index":"index","follow":"follow","max-snippet":"max-snippet:-1","max-image-preview":"max-image-preview:large","max-video-preview":"max-video-preview:-1"},"canonical":"https:\/\/ems-electronic.com\/?page_id=78&lang=ro","og_locale":"de_DE","og_type":"article","og_title":"EMS - Rom\u00e2n\u0103 - EMS Electronic Metering Systems","og_description":"Componente electronice pentru afacerea dumneavoastr\u0103 CONTRACT DE LUCRU CONFORM SPECIFICA\u021aIILOR DUMNEAVOASTR\u0102 PRODUC\u021aIE \u00ceN SERII MICI CONFORM ISO 9001 PARTE A GRUPULUI DE SUCCES MESSTECHNIK EMS Electronic Metering Systems s.r.l.Strada Macilor Nr. 30C300351 Timi\u0219oaraJude\u021bul Timi\u0219Rom\u00e2niaT +40 356 466111info@ems-electronic.com\u00a0","og_url":"https:\/\/ems-electronic.com\/?page_id=78&lang=ro","og_site_name":"EMS Electronic Metering Systems","article_modified_time":"2026-03-30T07:13:20+00:00","og_image":[{"width":1592,"height":1061,"url":"https:\/\/ems-electronic.com\/wp-content\/uploads\/2025\/05\/20190926_Timisoara_1047_Full.jpg","type":"image\/jpeg"}],"twitter_card":"summary_large_image","twitter_misc":{"Gesch\u00e4tzte Lesezeit":"2\u00a0Minuten"},"schema":{"@context":"https:\/\/schema.org","@graph":[{"@type":"WebPage","@id":"https:\/\/ems-electronic.com\/?page_id=78&lang=ro","url":"https:\/\/ems-electronic.com\/?page_id=78&lang=ro","name":"EMS - Rom\u00e2n\u0103 - EMS Electronic Metering Systems","isPartOf":{"@id":"https:\/\/ems-electronic.com\/#website"},"primaryImageOfPage":{"@id":"https:\/\/ems-electronic.com\/?page_id=78&lang=ro#primaryimage"},"image":{"@id":"https:\/\/ems-electronic.com\/?page_id=78&lang=ro#primaryimage"},"thumbnailUrl":"https:\/\/ems-electronic.com\/wp-content\/uploads\/2025\/05\/20190926_Timisoara_1047_Full-768x512.jpg","datePublished":"2025-04-22T14:25:04+00:00","dateModified":"2026-03-30T07:13:20+00:00","breadcrumb":{"@id":"https:\/\/ems-electronic.com\/?page_id=78&lang=ro#breadcrumb"},"inLanguage":"de","potentialAction":[{"@type":"ReadAction","target":["https:\/\/ems-electronic.com\/?page_id=78&lang=ro"]}]},{"@type":"ImageObject","inLanguage":"de","@id":"https:\/\/ems-electronic.com\/?page_id=78&lang=ro#primaryimage","url":"https:\/\/ems-electronic.com\/wp-content\/uploads\/2025\/05\/20190926_Timisoara_1047_Full.jpg","contentUrl":"https:\/\/ems-electronic.com\/wp-content\/uploads\/2025\/05\/20190926_Timisoara_1047_Full.jpg","width":1592,"height":1061},{"@type":"BreadcrumbList","@id":"https:\/\/ems-electronic.com\/?page_id=78&lang=ro#breadcrumb","itemListElement":[{"@type":"ListItem","position":1,"name":"Startseite","item":"https:\/\/ems-electronic.com\/?page_id=37&lang=de"},{"@type":"ListItem","position":2,"name":"EMS &#8211; Rom\u00e2n\u0103"}]},{"@type":"WebSite","@id":"https:\/\/ems-electronic.com\/#website","url":"https:\/\/ems-electronic.com\/","name":"EMS Electronic Metering Systems","description":"Precision electronic component manufacturing tailored to your specifications \u2013 from small-series production to reliable contract assembly, certified according to ISO 9001 and backed by the Messtechnik Group","publisher":{"@id":"https:\/\/ems-electronic.com\/#organization"},"alternateName":"Precision electronic component manufacturing tailored to your specifications \u2013 from small-series production to reliable contract assembly, certified according to ISO 9001 and backed by the Messtechnik Group","potentialAction":[{"@type":"SearchAction","target":{"@type":"EntryPoint","urlTemplate":"https:\/\/ems-electronic.com\/?s={search_term_string}"},"query-input":{"@type":"PropertyValueSpecification","valueRequired":true,"valueName":"search_term_string"}}],"inLanguage":"de"},{"@type":"Organization","@id":"https:\/\/ems-electronic.com\/#organization","name":"EMS Electronic Metering Systems s.r.l.","url":"https:\/\/ems-electronic.com\/","logo":{"@type":"ImageObject","inLanguage":"de","@id":"https:\/\/ems-electronic.com\/#\/schema\/logo\/image\/","url":"https:\/\/ems-electronic.com\/wp-content\/uploads\/2024\/06\/cropped-cropped-EMS_quadrat_web.jpg","contentUrl":"https:\/\/ems-electronic.com\/wp-content\/uploads\/2024\/06\/cropped-cropped-EMS_quadrat_web.jpg","width":512,"height":173,"caption":"EMS Electronic Metering Systems s.r.l."},"image":{"@id":"https:\/\/ems-electronic.com\/#\/schema\/logo\/image\/"}}]}},"jetpack_sharing_enabled":true,"_links":{"self":[{"href":"https:\/\/ems-electronic.com\/index.php?rest_route=\/wp\/v2\/pages\/78","targetHints":{"allow":["GET"]}}],"collection":[{"href":"https:\/\/ems-electronic.com\/index.php?rest_route=\/wp\/v2\/pages"}],"about":[{"href":"https:\/\/ems-electronic.com\/index.php?rest_route=\/wp\/v2\/types\/page"}],"author":[{"embeddable":true,"href":"https:\/\/ems-electronic.com\/index.php?rest_route=\/wp\/v2\/users\/1"}],"replies":[{"embeddable":true,"href":"https:\/\/ems-electronic.com\/index.php?rest_route=%2Fwp%2Fv2%2Fcomments&post=78"}],"version-history":[{"count":21,"href":"https:\/\/ems-electronic.com\/index.php?rest_route=\/wp\/v2\/pages\/78\/revisions"}],"predecessor-version":[{"id":870,"href":"https:\/\/ems-electronic.com\/index.php?rest_route=\/wp\/v2\/pages\/78\/revisions\/870"}],"wp:attachment":[{"href":"https:\/\/ems-electronic.com\/index.php?rest_route=%2Fwp%2Fv2%2Fmedia&parent=78"}],"curies":[{"name":"wp","href":"https:\/\/api.w.org\/{rel}","templated":true}]}}