{"id":896,"date":"2026-03-30T13:58:03","date_gmt":"2026-03-30T13:58:03","guid":{"rendered":"https:\/\/ems-electronic.com\/?page_id=896"},"modified":"2026-04-08T12:21:45","modified_gmt":"2026-04-08T12:21:45","slug":"elektronische-heizkostenverteiler","status":"publish","type":"page","link":"https:\/\/ems-electronic.com\/?page_id=896&lang=de","title":{"rendered":"Elektronische Heizkostenverteiler"},"content":{"rendered":"\t\t<div data-elementor-type=\"wp-page\" data-elementor-id=\"896\" class=\"elementor elementor-896\">\n\t\t\t\t<div class=\"elementor-element elementor-element-2054f43 e-flex e-con-boxed e-con e-parent\" data-id=\"2054f43\" data-element_type=\"container\" data-e-type=\"container\">\n\t\t\t\t\t<div class=\"e-con-inner\">\n\t\t\t\t<div class=\"elementor-element elementor-element-c2778ee elementor-widget elementor-widget-heading\" data-id=\"c2778ee\" data-element_type=\"widget\" data-e-type=\"widget\" data-widget_type=\"heading.default\">\n\t\t\t\t<div class=\"elementor-widget-container\">\n\t\t\t\t\t<h2 class=\"elementor-heading-title elementor-size-default\">Elektronische Heizkostenverteiler<\/h2>\t\t\t\t<\/div>\n\t\t\t\t<\/div>\n\t\t<div class=\"elementor-element elementor-element-68f5435 e-con-full e-grid e-con e-child\" data-id=\"68f5435\" data-element_type=\"container\" data-e-type=\"container\">\n\t\t\t\t<div class=\"elementor-element elementor-element-a0bf2ca elementor-widget elementor-widget-text-editor\" data-id=\"a0bf2ca\" data-element_type=\"widget\" data-e-type=\"widget\" data-widget_type=\"text-editor.default\">\n\t\t\t\t<div class=\"elementor-widget-container\">\n\t\t\t\t\t\t\t\t\t<p>Die Firma <strong>EMS Electronic Metering Systems s.r.l.<\/strong> ist auf die Entwicklung und Fertigung von innovativen Funk-Heizkostenverteilern spezialisiert. Diese elektronischen Heizkostenverteiler werden zur pr\u00e4zisen Erfassung des W\u00e4rmeverbrauchs in Einzelr\u00e4umen bzw. Einzelwohnungen von Mehrfamilienh\u00e4usern, B\u00fcrogeb\u00e4uden und anderen gro\u00dfen Immobilien eingesetzt und kommen mittlerweile in ganz Europa zum Einsatz. Sie erm\u00f6glichen eine genaue Messung der Heizw\u00e4rme, die in einem Raum verbraucht wird, und sorgen so f\u00fcr eine faire und transparente Abrechnung der Heizkosten.<\/p><p>Ein herausragender Vorteil der Funk-Heizkostenverteiler von EMS Electronic Metering Systems s.r.l. ist ihre Flexibilit\u00e4t: Sie k\u00f6nnen an beliebige Heizk\u00f6rper montiert und auch sp\u00e4ter problemlos nachger\u00fcstet werden \u2013 und das ganz ohne, dass die Rohrleitungen ge\u00f6ffnet werden m\u00fcssen. Die Erfassung des Verbrauchs erfolgt durch die Messung der Temperatur des Heizk\u00f6rpers \u00fcber ein am Radiator montiertes Aluminiumr\u00fcckteil sowie durch die Messung der Raumtemperatur mittels eines Raumluftf\u00fchlers. Diese Technologie erfasst die Temperaturdifferenz zwischen dem Heizk\u00f6rper und dem Raum und berechnet auf dieser Grundlage den Heizverbrauch.<\/p><p>Anschlie\u00dfend wird der gemessene Verbrauch \u00fcber die Zeit integriert. Das Ergebnis wird in Punkten dargestellt, was eine einfache und verst\u00e4ndliche Grundlage f\u00fcr die Heizkostenabrechnung bietet. Diese Methode erfordert keine Eingriffe in die Heizungsinstallation und ist daher besonders einfach zu installieren und wartungsfreundlich. Zudem ist sie flexibel, da sie an beliebige Heizk\u00f6rper montiert werden kann, ohne dass Umbauten oder \u00c4nderungen an den Rohrleitungen notwendig sind.<\/p><p>Die Ger\u00e4te werden exklusiv von EMS Electronic Metering Systems SRL gefertigt und an Messdienstleistungsunternehmen geliefert, die f\u00fcr die Ablesung und Verwaltung der Heizkosten verantwortlich sind.<\/p>\t\t\t\t\t\t\t\t<\/div>\n\t\t\t\t<\/div>\n\t\t\t\t<div class=\"elementor-element elementor-element-f6be561 elementor-widget elementor-widget-image\" data-id=\"f6be561\" data-element_type=\"widget\" data-e-type=\"widget\" data-widget_type=\"image.default\">\n\t\t\t\t<div class=\"elementor-widget-container\">\n\t\t\t\t\t\t\t\t\t\t\t\t\t\t\t<img fetchpriority=\"high\" decoding=\"async\" width=\"723\" height=\"1024\" src=\"https:\/\/ems-electronic.com\/wp-content\/uploads\/2026\/04\/Bild-fuer-Infothek-Heizkostenverteiler-DEUTSCH.jpg\" class=\"attachment-large size-large wp-image-1079\" alt=\"\" srcset=\"https:\/\/ems-electronic.com\/wp-content\/uploads\/2026\/04\/Bild-fuer-Infothek-Heizkostenverteiler-DEUTSCH.jpg 723w, https:\/\/ems-electronic.com\/wp-content\/uploads\/2026\/04\/Bild-fuer-Infothek-Heizkostenverteiler-DEUTSCH-212x300.jpg 212w\" sizes=\"(max-width: 723px) 100vw, 723px\" \/>\t\t\t\t\t\t\t\t\t\t\t\t\t\t\t<\/div>\n\t\t\t\t<\/div>\n\t\t\t\t<\/div>\n\t\t\t\t\t<\/div>\n\t\t\t\t<\/div>\n\t\t<div class=\"elementor-element elementor-element-c404beb e-grid e-con-boxed e-con e-parent\" data-id=\"c404beb\" data-element_type=\"container\" data-e-type=\"container\">\n\t\t\t\t\t<div class=\"e-con-inner\">\n\t\t\t\t<div class=\"elementor-element elementor-element-13950c5 elementor-widget elementor-widget-text-editor\" data-id=\"13950c5\" data-element_type=\"widget\" data-e-type=\"widget\" data-widget_type=\"text-editor.default\">\n\t\t\t\t<div class=\"elementor-widget-container\">\n\t\t\t\t\t\t\t\t\t<p>Dank der Funktechnologie k\u00f6nnen die Verbrauchsdaten drahtlos abgelesen und \u00fcbermittelt werden, was die Erfassung der Verbrauchsdaten weiter vereinfacht. Diese Technologie erm\u00f6glicht zudem eine automatisierte, regelm\u00e4\u00dfige Erfassung, die Fehlerquellen minimiert und Verwaltungskosten reduziert.<\/p><p>Ein weiterer gro\u00dfer Vorteil der Heizkostenverteiler im Vergleich zu W\u00e4rmez\u00e4hlern ist ihre Vielseitigkeit beim Einsatz in Mehrfamilienh\u00e4usern. Heizkostenverteiler k\u00f6nnen auch dann verwendet werden, wenn die Heizungsleitungen \u00fcber mehrere Wohnungen verlaufen. In solchen F\u00e4llen ist der Einsatz von W\u00e4rmez\u00e4hlern nicht m\u00f6glich da W\u00e4rmez\u00e4hler einen klar definierten, geschlossenen Heizkreis pro Wohneinheit ben\u00f6tigen, bei dem die gesamte Vor- und R\u00fccklauftemperatur sowie der Volumenstrom gemessen werden k\u00f6nnen.<\/p><p>Heizkostenverteiler hingegen erm\u00f6glichen eine genaue Erfassung des individuellen Verbrauchs jeder einzelnen Wohnung, auch wenn die Heizleistung von einer zentralen Heizquelle verteilt wird. Dies sorgt f\u00fcr eine faire und gerechte Verteilung der Heizkosten, unabh\u00e4ngig von der Art der Heizungsanlage.<\/p><p>Die Verwendung von Heizkostenverteilern f\u00f6rdert zudem einen bewussteren Umgang mit Heizenergie. Indem der individuelle Verbrauch jedes Nutzers transparent erfasst wird, haben Bewohner einen direkten Anreiz, ihren Heizverbrauch zu reduzieren. Nutzer, die weniger Heizenergie verbrauchen, werden finanziell belohnt, was zu einer insgesamt effizienteren Nutzung der Ressourcen f\u00fchrt und gleichzeitig die Heizkosten f\u00fcr alle Parteien gerecht verteilt.<\/p><p>EMS Electronic Metering Systems SRL steht f\u00fcr h\u00f6chste Qualit\u00e4t und Innovation in der Fertigung von Heizkostenverteilern und beliefert zuverl\u00e4ssig Partnerunternehmen, die die Ger\u00e4te in verschiedenen Bereichen der Heizkostenabrechnung und -verteilung einsetzen. So tr\u00e4gt die Technologie nicht nur zu einer gerechten Kostenverteilung bei, sondern unterst\u00fctzt auch den nachhaltigen und umweltbewussten Umgang mit Heizenergie.<\/p>\t\t\t\t\t\t\t\t<\/div>\n\t\t\t\t<\/div>\n\t\t\t\t<div class=\"elementor-element elementor-element-78a5797 elementor-widget elementor-widget-image\" data-id=\"78a5797\" data-element_type=\"widget\" data-e-type=\"widget\" data-widget_type=\"image.default\">\n\t\t\t\t<div class=\"elementor-widget-container\">\n\t\t\t\t\t\t\t\t\t\t\t\t\t\t\t<img decoding=\"async\" width=\"417\" height=\"1024\" src=\"https:\/\/ems-electronic.com\/wp-content\/uploads\/2026\/04\/DE-Ein-weiterer-Vorteil-von-Heizkostenverteilern-wie-dem-RU2-ist-dass-diese-an-fast-allen-Heizkoerpertypen-verwnedet-und-montiert-werden-koennen.jpg\" class=\"attachment-large size-large wp-image-1170\" alt=\"\" srcset=\"https:\/\/ems-electronic.com\/wp-content\/uploads\/2026\/04\/DE-Ein-weiterer-Vorteil-von-Heizkostenverteilern-wie-dem-RU2-ist-dass-diese-an-fast-allen-Heizkoerpertypen-verwnedet-und-montiert-werden-koennen.jpg 417w, https:\/\/ems-electronic.com\/wp-content\/uploads\/2026\/04\/DE-Ein-weiterer-Vorteil-von-Heizkostenverteilern-wie-dem-RU2-ist-dass-diese-an-fast-allen-Heizkoerpertypen-verwnedet-und-montiert-werden-koennen-122x300.jpg 122w\" sizes=\"(max-width: 417px) 100vw, 417px\" \/>\t\t\t\t\t\t\t\t\t\t\t\t\t\t\t<\/div>\n\t\t\t\t<\/div>\n\t\t\t\t\t<\/div>\n\t\t\t\t<\/div>\n\t\t\t\t<\/div>\n\t\t","protected":false},"excerpt":{"rendered":"<p>Elektronische Heizkostenverteiler Die Firma EMS Electronic Metering Systems s.r.l. ist auf die Entwicklung und Fertigung von innovativen Funk-Heizkostenverteilern spezialisiert. Diese elektronischen Heizkostenverteiler werden zur pr\u00e4zisen Erfassung des W\u00e4rmeverbrauchs in Einzelr\u00e4umen bzw. Einzelwohnungen von Mehrfamilienh\u00e4usern, B\u00fcrogeb\u00e4uden und anderen gro\u00dfen Immobilien eingesetzt und kommen mittlerweile in ganz Europa zum Einsatz. Sie erm\u00f6glichen eine genaue Messung der Heizw\u00e4rme, [&hellip;]<\/p>\n","protected":false},"author":1,"featured_media":0,"parent":0,"menu_order":0,"comment_status":"closed","ping_status":"closed","template":"","meta":{"ocean_post_layout":"","ocean_both_sidebars_style":"","ocean_both_sidebars_content_width":0,"ocean_both_sidebars_sidebars_width":0,"ocean_sidebar":"","ocean_second_sidebar":"","ocean_disable_margins":"enable","ocean_add_body_class":"","ocean_shortcode_before_top_bar":"","ocean_shortcode_after_top_bar":"","ocean_shortcode_before_header":"","ocean_shortcode_after_header":"","ocean_has_shortcode":"","ocean_shortcode_after_title":"","ocean_shortcode_before_footer_widgets":"","ocean_shortcode_after_footer_widgets":"","ocean_shortcode_before_footer_bottom":"","ocean_shortcode_after_footer_bottom":"","ocean_display_top_bar":"default","ocean_display_header":"default","ocean_header_style":"","ocean_center_header_left_menu":"","ocean_custom_header_template":"","ocean_custom_logo":0,"ocean_custom_retina_logo":0,"ocean_custom_logo_max_width":0,"ocean_custom_logo_tablet_max_width":0,"ocean_custom_logo_mobile_max_width":0,"ocean_custom_logo_max_height":0,"ocean_custom_logo_tablet_max_height":0,"ocean_custom_logo_mobile_max_height":0,"ocean_header_custom_menu":"","ocean_menu_typo_font_family":"","ocean_menu_typo_font_subset":"","ocean_menu_typo_font_size":0,"ocean_menu_typo_font_size_tablet":0,"ocean_menu_typo_font_size_mobile":0,"ocean_menu_typo_font_size_unit":"px","ocean_menu_typo_font_weight":"","ocean_menu_typo_font_weight_tablet":"","ocean_menu_typo_font_weight_mobile":"","ocean_menu_typo_transform":"","ocean_menu_typo_transform_tablet":"","ocean_menu_typo_transform_mobile":"","ocean_menu_typo_line_height":0,"ocean_menu_typo_line_height_tablet":0,"ocean_menu_typo_line_height_mobile":0,"ocean_menu_typo_line_height_unit":"","ocean_menu_typo_spacing":0,"ocean_menu_typo_spacing_tablet":0,"ocean_menu_typo_spacing_mobile":0,"ocean_menu_typo_spacing_unit":"","ocean_menu_link_color":"","ocean_menu_link_color_hover":"","ocean_menu_link_color_active":"","ocean_menu_link_background":"","ocean_menu_link_hover_background":"","ocean_menu_link_active_background":"","ocean_menu_social_links_bg":"","ocean_menu_social_hover_links_bg":"","ocean_menu_social_links_color":"","ocean_menu_social_hover_links_color":"","ocean_disable_title":"default","ocean_disable_heading":"default","ocean_post_title":"","ocean_post_subheading":"","ocean_post_title_style":"","ocean_post_title_background_color":"","ocean_post_title_background":0,"ocean_post_title_bg_image_position":"","ocean_post_title_bg_image_attachment":"","ocean_post_title_bg_image_repeat":"","ocean_post_title_bg_image_size":"","ocean_post_title_height":0,"ocean_post_title_bg_overlay":0.5,"ocean_post_title_bg_overlay_color":"","ocean_disable_breadcrumbs":"default","ocean_breadcrumbs_color":"","ocean_breadcrumbs_separator_color":"","ocean_breadcrumbs_links_color":"","ocean_breadcrumbs_links_hover_color":"","ocean_display_footer_widgets":"default","ocean_display_footer_bottom":"default","ocean_custom_footer_template":"","footnotes":""},"class_list":["post-896","page","type-page","status-publish","hentry","entry"],"yoast_head":"<!-- This site is optimized with the Yoast SEO plugin v24.9 - https:\/\/yoast.com\/wordpress\/plugins\/seo\/ -->\n<title>Elektronische Heizkostenverteiler - EMS Electronic Metering Systems<\/title>\n<meta name=\"robots\" content=\"index, follow, max-snippet:-1, max-image-preview:large, max-video-preview:-1\" \/>\n<link rel=\"canonical\" href=\"https:\/\/ems-electronic.com\/?page_id=896&lang=de\" \/>\n<meta property=\"og:locale\" content=\"de_DE\" \/>\n<meta property=\"og:type\" content=\"article\" \/>\n<meta property=\"og:title\" content=\"Elektronische Heizkostenverteiler - EMS Electronic Metering Systems\" \/>\n<meta property=\"og:description\" content=\"Elektronische Heizkostenverteiler Die Firma EMS Electronic Metering Systems s.r.l. ist auf die Entwicklung und Fertigung von innovativen Funk-Heizkostenverteilern spezialisiert. Diese elektronischen Heizkostenverteiler werden zur pr\u00e4zisen Erfassung des W\u00e4rmeverbrauchs in Einzelr\u00e4umen bzw. Einzelwohnungen von Mehrfamilienh\u00e4usern, B\u00fcrogeb\u00e4uden und anderen gro\u00dfen Immobilien eingesetzt und kommen mittlerweile in ganz Europa zum Einsatz. Sie erm\u00f6glichen eine genaue Messung der Heizw\u00e4rme, [&hellip;]\" \/>\n<meta property=\"og:url\" content=\"https:\/\/ems-electronic.com\/?page_id=896&amp;lang=de\" \/>\n<meta property=\"og:site_name\" content=\"EMS Electronic Metering Systems\" \/>\n<meta property=\"article:modified_time\" content=\"2026-04-08T12:21:45+00:00\" \/>\n<meta property=\"og:image\" content=\"https:\/\/ems-electronic.com\/wp-content\/uploads\/2026\/04\/Bild-fuer-Infothek-Heizkostenverteiler-DEUTSCH.jpg\" \/>\n\t<meta property=\"og:image:width\" content=\"723\" \/>\n\t<meta property=\"og:image:height\" content=\"1024\" \/>\n\t<meta property=\"og:image:type\" content=\"image\/jpeg\" \/>\n<meta name=\"twitter:card\" content=\"summary_large_image\" \/>\n<meta name=\"twitter:label1\" content=\"Gesch\u00e4tzte Lesezeit\" \/>\n\t<meta name=\"twitter:data1\" content=\"4\u00a0Minuten\" \/>\n<script type=\"application\/ld+json\" class=\"yoast-schema-graph\">{\"@context\":\"https:\/\/schema.org\",\"@graph\":[{\"@type\":\"WebPage\",\"@id\":\"https:\/\/ems-electronic.com\/?page_id=896&lang=de\",\"url\":\"https:\/\/ems-electronic.com\/?page_id=896&lang=de\",\"name\":\"Elektronische Heizkostenverteiler - EMS Electronic Metering Systems\",\"isPartOf\":{\"@id\":\"https:\/\/ems-electronic.com\/#website\"},\"primaryImageOfPage\":{\"@id\":\"https:\/\/ems-electronic.com\/?page_id=896&lang=de#primaryimage\"},\"image\":{\"@id\":\"https:\/\/ems-electronic.com\/?page_id=896&lang=de#primaryimage\"},\"thumbnailUrl\":\"https:\/\/ems-electronic.com\/wp-content\/uploads\/2026\/04\/Bild-fuer-Infothek-Heizkostenverteiler-DEUTSCH.jpg\",\"datePublished\":\"2026-03-30T13:58:03+00:00\",\"dateModified\":\"2026-04-08T12:21:45+00:00\",\"breadcrumb\":{\"@id\":\"https:\/\/ems-electronic.com\/?page_id=896&lang=de#breadcrumb\"},\"inLanguage\":\"de\",\"potentialAction\":[{\"@type\":\"ReadAction\",\"target\":[\"https:\/\/ems-electronic.com\/?page_id=896&lang=de\"]}]},{\"@type\":\"ImageObject\",\"inLanguage\":\"de\",\"@id\":\"https:\/\/ems-electronic.com\/?page_id=896&lang=de#primaryimage\",\"url\":\"https:\/\/ems-electronic.com\/wp-content\/uploads\/2026\/04\/Bild-fuer-Infothek-Heizkostenverteiler-DEUTSCH.jpg\",\"contentUrl\":\"https:\/\/ems-electronic.com\/wp-content\/uploads\/2026\/04\/Bild-fuer-Infothek-Heizkostenverteiler-DEUTSCH.jpg\",\"width\":723,\"height\":1024},{\"@type\":\"BreadcrumbList\",\"@id\":\"https:\/\/ems-electronic.com\/?page_id=896&lang=de#breadcrumb\",\"itemListElement\":[{\"@type\":\"ListItem\",\"position\":1,\"name\":\"Startseite\",\"item\":\"https:\/\/ems-electronic.com\/?page_id=37&lang=de\"},{\"@type\":\"ListItem\",\"position\":2,\"name\":\"Elektronische Heizkostenverteiler\"}]},{\"@type\":\"WebSite\",\"@id\":\"https:\/\/ems-electronic.com\/#website\",\"url\":\"https:\/\/ems-electronic.com\/\",\"name\":\"EMS Electronic Metering Systems\",\"description\":\"Precision electronic component manufacturing tailored to your specifications \u2013 from small-series production to reliable contract assembly, certified according to ISO 9001 and backed by the Messtechnik Group\",\"publisher\":{\"@id\":\"https:\/\/ems-electronic.com\/#organization\"},\"alternateName\":\"Precision electronic component manufacturing tailored to your specifications \u2013 from small-series production to reliable contract assembly, certified according to ISO 9001 and backed by the Messtechnik Group\",\"potentialAction\":[{\"@type\":\"SearchAction\",\"target\":{\"@type\":\"EntryPoint\",\"urlTemplate\":\"https:\/\/ems-electronic.com\/?s={search_term_string}\"},\"query-input\":{\"@type\":\"PropertyValueSpecification\",\"valueRequired\":true,\"valueName\":\"search_term_string\"}}],\"inLanguage\":\"de\"},{\"@type\":\"Organization\",\"@id\":\"https:\/\/ems-electronic.com\/#organization\",\"name\":\"EMS Electronic Metering Systems s.r.l.\",\"url\":\"https:\/\/ems-electronic.com\/\",\"logo\":{\"@type\":\"ImageObject\",\"inLanguage\":\"de\",\"@id\":\"https:\/\/ems-electronic.com\/#\/schema\/logo\/image\/\",\"url\":\"https:\/\/ems-electronic.com\/wp-content\/uploads\/2024\/06\/cropped-cropped-EMS_quadrat_web.jpg\",\"contentUrl\":\"https:\/\/ems-electronic.com\/wp-content\/uploads\/2024\/06\/cropped-cropped-EMS_quadrat_web.jpg\",\"width\":512,\"height\":173,\"caption\":\"EMS Electronic Metering Systems s.r.l.\"},\"image\":{\"@id\":\"https:\/\/ems-electronic.com\/#\/schema\/logo\/image\/\"}}]}<\/script>\n<!-- \/ Yoast SEO plugin. -->","yoast_head_json":{"title":"Elektronische Heizkostenverteiler - EMS Electronic Metering Systems","robots":{"index":"index","follow":"follow","max-snippet":"max-snippet:-1","max-image-preview":"max-image-preview:large","max-video-preview":"max-video-preview:-1"},"canonical":"https:\/\/ems-electronic.com\/?page_id=896&lang=de","og_locale":"de_DE","og_type":"article","og_title":"Elektronische Heizkostenverteiler - EMS Electronic Metering Systems","og_description":"Elektronische Heizkostenverteiler Die Firma EMS Electronic Metering Systems s.r.l. ist auf die Entwicklung und Fertigung von innovativen Funk-Heizkostenverteilern spezialisiert. Diese elektronischen Heizkostenverteiler werden zur pr\u00e4zisen Erfassung des W\u00e4rmeverbrauchs in Einzelr\u00e4umen bzw. Einzelwohnungen von Mehrfamilienh\u00e4usern, B\u00fcrogeb\u00e4uden und anderen gro\u00dfen Immobilien eingesetzt und kommen mittlerweile in ganz Europa zum Einsatz. Sie erm\u00f6glichen eine genaue Messung der Heizw\u00e4rme, [&hellip;]","og_url":"https:\/\/ems-electronic.com\/?page_id=896&lang=de","og_site_name":"EMS Electronic Metering Systems","article_modified_time":"2026-04-08T12:21:45+00:00","og_image":[{"width":723,"height":1024,"url":"https:\/\/ems-electronic.com\/wp-content\/uploads\/2026\/04\/Bild-fuer-Infothek-Heizkostenverteiler-DEUTSCH.jpg","type":"image\/jpeg"}],"twitter_card":"summary_large_image","twitter_misc":{"Gesch\u00e4tzte Lesezeit":"4\u00a0Minuten"},"schema":{"@context":"https:\/\/schema.org","@graph":[{"@type":"WebPage","@id":"https:\/\/ems-electronic.com\/?page_id=896&lang=de","url":"https:\/\/ems-electronic.com\/?page_id=896&lang=de","name":"Elektronische Heizkostenverteiler - EMS Electronic Metering Systems","isPartOf":{"@id":"https:\/\/ems-electronic.com\/#website"},"primaryImageOfPage":{"@id":"https:\/\/ems-electronic.com\/?page_id=896&lang=de#primaryimage"},"image":{"@id":"https:\/\/ems-electronic.com\/?page_id=896&lang=de#primaryimage"},"thumbnailUrl":"https:\/\/ems-electronic.com\/wp-content\/uploads\/2026\/04\/Bild-fuer-Infothek-Heizkostenverteiler-DEUTSCH.jpg","datePublished":"2026-03-30T13:58:03+00:00","dateModified":"2026-04-08T12:21:45+00:00","breadcrumb":{"@id":"https:\/\/ems-electronic.com\/?page_id=896&lang=de#breadcrumb"},"inLanguage":"de","potentialAction":[{"@type":"ReadAction","target":["https:\/\/ems-electronic.com\/?page_id=896&lang=de"]}]},{"@type":"ImageObject","inLanguage":"de","@id":"https:\/\/ems-electronic.com\/?page_id=896&lang=de#primaryimage","url":"https:\/\/ems-electronic.com\/wp-content\/uploads\/2026\/04\/Bild-fuer-Infothek-Heizkostenverteiler-DEUTSCH.jpg","contentUrl":"https:\/\/ems-electronic.com\/wp-content\/uploads\/2026\/04\/Bild-fuer-Infothek-Heizkostenverteiler-DEUTSCH.jpg","width":723,"height":1024},{"@type":"BreadcrumbList","@id":"https:\/\/ems-electronic.com\/?page_id=896&lang=de#breadcrumb","itemListElement":[{"@type":"ListItem","position":1,"name":"Startseite","item":"https:\/\/ems-electronic.com\/?page_id=37&lang=de"},{"@type":"ListItem","position":2,"name":"Elektronische Heizkostenverteiler"}]},{"@type":"WebSite","@id":"https:\/\/ems-electronic.com\/#website","url":"https:\/\/ems-electronic.com\/","name":"EMS Electronic Metering Systems","description":"Precision electronic component manufacturing tailored to your specifications \u2013 from small-series production to reliable contract assembly, certified according to ISO 9001 and backed by the Messtechnik Group","publisher":{"@id":"https:\/\/ems-electronic.com\/#organization"},"alternateName":"Precision electronic component manufacturing tailored to your specifications \u2013 from small-series production to reliable contract assembly, certified according to ISO 9001 and backed by the Messtechnik Group","potentialAction":[{"@type":"SearchAction","target":{"@type":"EntryPoint","urlTemplate":"https:\/\/ems-electronic.com\/?s={search_term_string}"},"query-input":{"@type":"PropertyValueSpecification","valueRequired":true,"valueName":"search_term_string"}}],"inLanguage":"de"},{"@type":"Organization","@id":"https:\/\/ems-electronic.com\/#organization","name":"EMS Electronic Metering Systems s.r.l.","url":"https:\/\/ems-electronic.com\/","logo":{"@type":"ImageObject","inLanguage":"de","@id":"https:\/\/ems-electronic.com\/#\/schema\/logo\/image\/","url":"https:\/\/ems-electronic.com\/wp-content\/uploads\/2024\/06\/cropped-cropped-EMS_quadrat_web.jpg","contentUrl":"https:\/\/ems-electronic.com\/wp-content\/uploads\/2024\/06\/cropped-cropped-EMS_quadrat_web.jpg","width":512,"height":173,"caption":"EMS Electronic Metering Systems s.r.l."},"image":{"@id":"https:\/\/ems-electronic.com\/#\/schema\/logo\/image\/"}}]}},"jetpack_sharing_enabled":true,"_links":{"self":[{"href":"https:\/\/ems-electronic.com\/index.php?rest_route=\/wp\/v2\/pages\/896","targetHints":{"allow":["GET"]}}],"collection":[{"href":"https:\/\/ems-electronic.com\/index.php?rest_route=\/wp\/v2\/pages"}],"about":[{"href":"https:\/\/ems-electronic.com\/index.php?rest_route=\/wp\/v2\/types\/page"}],"author":[{"embeddable":true,"href":"https:\/\/ems-electronic.com\/index.php?rest_route=\/wp\/v2\/users\/1"}],"replies":[{"embeddable":true,"href":"https:\/\/ems-electronic.com\/index.php?rest_route=%2Fwp%2Fv2%2Fcomments&post=896"}],"version-history":[{"count":13,"href":"https:\/\/ems-electronic.com\/index.php?rest_route=\/wp\/v2\/pages\/896\/revisions"}],"predecessor-version":[{"id":1173,"href":"https:\/\/ems-electronic.com\/index.php?rest_route=\/wp\/v2\/pages\/896\/revisions\/1173"}],"wp:attachment":[{"href":"https:\/\/ems-electronic.com\/index.php?rest_route=%2Fwp%2Fv2%2Fmedia&parent=896"}],"curies":[{"name":"wp","href":"https:\/\/api.w.org\/{rel}","templated":true}]}}