{"id":897,"date":"2026-03-30T13:58:58","date_gmt":"2026-03-30T13:58:58","guid":{"rendered":"https:\/\/ems-electronic.com\/?page_id=897"},"modified":"2026-04-08T12:20:16","modified_gmt":"2026-04-08T12:20:16","slug":"repartitoare-electronice-de-costuri-pentru-incalzire","status":"publish","type":"page","link":"https:\/\/ems-electronic.com\/?page_id=897&lang=ro","title":{"rendered":"Repartitoare electronice de costuri pentru \u00eenc\u0103lzire"},"content":{"rendered":"\t\t<div data-elementor-type=\"wp-page\" data-elementor-id=\"897\" class=\"elementor elementor-897\">\n\t\t\t\t<div class=\"elementor-element elementor-element-2054f43 e-flex e-con-boxed e-con e-parent\" data-id=\"2054f43\" data-element_type=\"container\" data-e-type=\"container\">\n\t\t\t\t\t<div class=\"e-con-inner\">\n\t\t\t\t<div class=\"elementor-element elementor-element-c2778ee elementor-widget elementor-widget-heading\" data-id=\"c2778ee\" data-element_type=\"widget\" data-e-type=\"widget\" data-widget_type=\"heading.default\">\n\t\t\t\t<div class=\"elementor-widget-container\">\n\t\t\t\t\t<h2 class=\"elementor-heading-title elementor-size-default\">Repartitoare electronice de costuri pentru \u00eenc\u0103lzire<\/h2>\t\t\t\t<\/div>\n\t\t\t\t<\/div>\n\t\t<div class=\"elementor-element elementor-element-f3030e9 e-con-full e-grid e-con e-child\" data-id=\"f3030e9\" data-element_type=\"container\" data-e-type=\"container\">\n\t\t\t\t<div class=\"elementor-element elementor-element-a0bf2ca elementor-widget elementor-widget-text-editor\" data-id=\"a0bf2ca\" data-element_type=\"widget\" data-e-type=\"widget\" data-widget_type=\"text-editor.default\">\n\t\t\t\t<div class=\"elementor-widget-container\">\n\t\t\t\t\t\t\t\t\t<p>EMS Electronic Metering Systems s.r.l. este specializat\u0103 \u00een dezvoltarea \u0219i fabricarea de repartitoare electronice de costuri pentru \u00eenc\u0103lzire, f\u0103r\u0103 fir, inovatoare. Aceste repartitoare electronice de costuri pentru \u00eenc\u0103lzire sunt utilizate pentru \u00eenregistrarea precis\u0103 a consumului de c\u0103ldur\u0103 \u00een camere individuale sau apartamente din cl\u0103diri multifamiliale, cl\u0103diri de birouri \u0219i alte propriet\u0103\u021bi mari \u0219i sunt acum utilizate \u00een \u00eentreaga Europ\u0103. Acestea permit m\u0103surarea precis\u0103 a c\u0103ldurii consumate \u00eentr-o camer\u0103, asigur\u00e2nd astfel o facturare corect\u0103 \u0219i transparent\u0103 a costurilor de \u00eenc\u0103lzire.<\/p><p>Un avantaj cheie al repartitoarelor wireless de costuri pentru \u00eenc\u0103lzire de la EMS Electronic Metering Systems s.r.l. este flexibilitatea lor: acestea pot fi montate pe orice radiator \u0219i u\u0219or de modernizat ulterior &#8211; totul f\u0103r\u0103 a fi nevoie s\u0103 deschide\u021bi conductele. Consumul este \u00eenregistrat prin m\u0103surarea temperaturii radiatorului prin intermediul unei pl\u0103ci posterioare de aluminiu montate pe radiator \u0219i prin m\u0103surarea temperaturii camerei folosind un senzor de aer. Aceast\u0103 tehnologie detecteaz\u0103 diferen\u021ba de temperatur\u0103 dintre radiator \u0219i camer\u0103 \u0219i calculeaz\u0103 consumul de c\u0103ldur\u0103 pe baza acesteia.<\/p><p>Consumul m\u0103surat este apoi integrat \u00een timp. Rezultatul este afi\u0219at \u00een puncte, oferind o baz\u0103 simpl\u0103 \u0219i u\u0219or de \u00een\u021beles pentru facturarea costurilor de \u00eenc\u0103lzire. Aceast\u0103 metod\u0103 nu necesit\u0103 modific\u0103ri ale sistemului de \u00eenc\u0103lzire \u0219i, prin urmare, este deosebit de u\u0219or de instalat \u0219i \u00eentre\u021binut. De asemenea, este flexibil\u0103, deoarece poate fi montat\u0103 pe orice radiator f\u0103r\u0103 a fi necesare modific\u0103ri sau modific\u0103ri ale conductelor.<\/p><p>Dispozitivele sunt fabricate exclusiv de EMS Electronic Metering Systems SRL \u0219i furnizate companiilor de servicii de contorizare responsabile de citirea \u0219i gestionarea costurilor de \u00eenc\u0103lzire. Datorit\u0103 tehnologiei wireless, datele de consum pot fi citite \u0219i transmise wireless, simplific\u00e2nd \u0219i mai mult colectarea datelor. Aceast\u0103 tehnologie permite, de asemenea, colectarea automat\u0103 \u0219i regulat\u0103 a datelor, minimiz\u00e2nd erorile \u0219i reduc\u00e2nd costurile administrative.<\/p><p>\u00a0<\/p>\t\t\t\t\t\t\t\t<\/div>\n\t\t\t\t<\/div>\n\t\t\t\t<div class=\"elementor-element elementor-element-c712547 elementor-widget elementor-widget-image\" data-id=\"c712547\" data-element_type=\"widget\" data-e-type=\"widget\" data-widget_type=\"image.default\">\n\t\t\t\t<div class=\"elementor-widget-container\">\n\t\t\t\t\t\t\t\t\t\t\t\t\t\t\t<img fetchpriority=\"high\" decoding=\"async\" width=\"656\" height=\"1024\" src=\"https:\/\/ems-electronic.com\/wp-content\/uploads\/2026\/04\/Bild-fuer-Infothek-Heizkostenverteiler-RUMAeNISCH.jpg\" class=\"attachment-large size-large wp-image-1089\" alt=\"\" srcset=\"https:\/\/ems-electronic.com\/wp-content\/uploads\/2026\/04\/Bild-fuer-Infothek-Heizkostenverteiler-RUMAeNISCH.jpg 656w, https:\/\/ems-electronic.com\/wp-content\/uploads\/2026\/04\/Bild-fuer-Infothek-Heizkostenverteiler-RUMAeNISCH-192x300.jpg 192w\" sizes=\"(max-width: 656px) 100vw, 656px\" \/>\t\t\t\t\t\t\t\t\t\t\t\t\t\t\t<\/div>\n\t\t\t\t<\/div>\n\t\t\t\t<\/div>\n\t\t\t\t\t<\/div>\n\t\t\t\t<\/div>\n\t\t<div class=\"elementor-element elementor-element-e6f7376 e-grid e-con-boxed e-con e-parent\" data-id=\"e6f7376\" data-element_type=\"container\" data-e-type=\"container\">\n\t\t\t\t\t<div class=\"e-con-inner\">\n\t\t\t\t<div class=\"elementor-element elementor-element-07990a2 elementor-widget elementor-widget-text-editor\" data-id=\"07990a2\" data-element_type=\"widget\" data-e-type=\"widget\" data-widget_type=\"text-editor.default\">\n\t\t\t\t<div class=\"elementor-widget-container\">\n\t\t\t\t\t\t\t\t\t<p>Un alt avantaj major al repartitoarelor de costuri pentru \u00eenc\u0103lzire \u00een compara\u021bie cu contoarele de c\u0103ldur\u0103 este versatilitatea lor \u00een cl\u0103dirile multifamiliale. Repartitoarele de costuri pentru \u00eenc\u0103lzire pot fi utilizate chiar \u0219i atunci c\u00e2nd conductele de \u00eenc\u0103lzire trec prin mai multe apartamente. \u00cen astfel de cazuri, utilizarea contoarelor de c\u0103ldur\u0103 nu este posibil\u0103 deoarece contoarele de c\u0103ldur\u0103 necesit\u0103 un circuit de \u00eenc\u0103lzire \u00eenchis, clar definit, pentru fiecare unitate reziden\u021bial\u0103, \u00een care se poate m\u0103sura \u00eentreaga temperatur\u0103 de tur \u0219i retur, precum \u0219i debitul.<\/p><p>Repartitoarele de costuri pentru \u00eenc\u0103lzire, pe de alt\u0103 parte, permit \u00eenregistrarea precis\u0103 a consumului individual al fiec\u0103rui apartament, chiar dac\u0103 puterea de \u00eenc\u0103lzire este distribuit\u0103 de la o surs\u0103 central\u0103 de c\u0103ldur\u0103. Acest lucru asigur\u0103 o distribu\u021bie just\u0103 \u0219i echitabil\u0103 a costurilor de \u00eenc\u0103lzire, indiferent de tipul de sistem de \u00eenc\u0103lzire.<\/p><p>Utilizarea repartitoarelor de costuri pentru \u00eenc\u0103lzire promoveaz\u0103, de asemenea, o abordare mai con\u0219tient\u0103 a energiei de \u00eenc\u0103lzire. Prin \u00eenregistrarea transparent\u0103 a consumului individual al fiec\u0103rui utilizator, locuitorii au un stimulent direct pentru a-\u0219i reduce consumul de \u00eenc\u0103lzire. Utilizatorii care consum\u0103 mai pu\u021bin\u0103 energie de \u00eenc\u0103lzire sunt recompensa\u021bi financiar, ceea ce duce la o utilizare general\u0103 mai eficient\u0103 a resurselor \u0219i, simultan, la o distribuire echitabil\u0103 a costurilor de \u00eenc\u0103lzire \u00eentre toate p\u0103r\u021bile implicate.<\/p><p>EMS Electronic Metering Systems SRL reprezint\u0103 cea mai \u00eenalt\u0103 calitate \u0219i inova\u021bie \u00een fabricarea repartitoarelor de costuri pentru \u00eenc\u0103lzire \u0219i furnizeaz\u0103 \u00een mod fiabil companiilor partenere care utilizeaz\u0103 dispozitivele \u00een diverse domenii ale factur\u0103rii \u0219i distribu\u021biei costurilor de \u00eenc\u0103lzire. Astfel, tehnologia nu numai c\u0103 contribuie la o distribu\u021bie echitabil\u0103 a costurilor, dar sus\u021bine \u0219i utilizarea durabil\u0103 \u0219i ecologic\u0103 a energiei de \u00eenc\u0103lzire.<\/p>\t\t\t\t\t\t\t\t<\/div>\n\t\t\t\t<\/div>\n\t\t\t\t<div class=\"elementor-element elementor-element-2d39aa4 elementor-widget elementor-widget-image\" data-id=\"2d39aa4\" data-element_type=\"widget\" data-e-type=\"widget\" data-widget_type=\"image.default\">\n\t\t\t\t<div class=\"elementor-widget-container\">\n\t\t\t\t\t\t\t\t\t\t\t\t\t\t\t<img decoding=\"async\" width=\"417\" height=\"1024\" src=\"https:\/\/ems-electronic.com\/wp-content\/uploads\/2026\/04\/RO-Ein-weiterer-Vorteil-von-Heizkostenverteilern-wie-dem-RU2-ist-dass-diese-an-fast-allen-Heizkoerpertypen-verwnedet-und-montiert-werden-koennen.jpg\" class=\"attachment-large size-large wp-image-1166\" alt=\"\" srcset=\"https:\/\/ems-electronic.com\/wp-content\/uploads\/2026\/04\/RO-Ein-weiterer-Vorteil-von-Heizkostenverteilern-wie-dem-RU2-ist-dass-diese-an-fast-allen-Heizkoerpertypen-verwnedet-und-montiert-werden-koennen.jpg 417w, https:\/\/ems-electronic.com\/wp-content\/uploads\/2026\/04\/RO-Ein-weiterer-Vorteil-von-Heizkostenverteilern-wie-dem-RU2-ist-dass-diese-an-fast-allen-Heizkoerpertypen-verwnedet-und-montiert-werden-koennen-122x300.jpg 122w\" sizes=\"(max-width: 417px) 100vw, 417px\" \/>\t\t\t\t\t\t\t\t\t\t\t\t\t\t\t<\/div>\n\t\t\t\t<\/div>\n\t\t\t\t\t<\/div>\n\t\t\t\t<\/div>\n\t\t\t\t<\/div>\n\t\t","protected":false},"excerpt":{"rendered":"<p>Repartitoare electronice de costuri pentru \u00eenc\u0103lzire EMS Electronic Metering Systems s.r.l. este specializat\u0103 \u00een dezvoltarea \u0219i fabricarea de repartitoare electronice de costuri pentru \u00eenc\u0103lzire, f\u0103r\u0103 fir, inovatoare. Aceste repartitoare electronice de costuri pentru \u00eenc\u0103lzire sunt utilizate pentru \u00eenregistrarea precis\u0103 a consumului de c\u0103ldur\u0103 \u00een camere individuale sau apartamente din cl\u0103diri multifamiliale, cl\u0103diri de birouri \u0219i [&hellip;]<\/p>\n","protected":false},"author":1,"featured_media":0,"parent":0,"menu_order":0,"comment_status":"closed","ping_status":"closed","template":"","meta":{"ocean_post_layout":"","ocean_both_sidebars_style":"","ocean_both_sidebars_content_width":0,"ocean_both_sidebars_sidebars_width":0,"ocean_sidebar":"","ocean_second_sidebar":"","ocean_disable_margins":"enable","ocean_add_body_class":"","ocean_shortcode_before_top_bar":"","ocean_shortcode_after_top_bar":"","ocean_shortcode_before_header":"","ocean_shortcode_after_header":"","ocean_has_shortcode":"","ocean_shortcode_after_title":"","ocean_shortcode_before_footer_widgets":"","ocean_shortcode_after_footer_widgets":"","ocean_shortcode_before_footer_bottom":"","ocean_shortcode_after_footer_bottom":"","ocean_display_top_bar":"default","ocean_display_header":"default","ocean_header_style":"","ocean_center_header_left_menu":"","ocean_custom_header_template":"","ocean_custom_logo":0,"ocean_custom_retina_logo":0,"ocean_custom_logo_max_width":0,"ocean_custom_logo_tablet_max_width":0,"ocean_custom_logo_mobile_max_width":0,"ocean_custom_logo_max_height":0,"ocean_custom_logo_tablet_max_height":0,"ocean_custom_logo_mobile_max_height":0,"ocean_header_custom_menu":"","ocean_menu_typo_font_family":"","ocean_menu_typo_font_subset":"","ocean_menu_typo_font_size":0,"ocean_menu_typo_font_size_tablet":0,"ocean_menu_typo_font_size_mobile":0,"ocean_menu_typo_font_size_unit":"px","ocean_menu_typo_font_weight":"","ocean_menu_typo_font_weight_tablet":"","ocean_menu_typo_font_weight_mobile":"","ocean_menu_typo_transform":"","ocean_menu_typo_transform_tablet":"","ocean_menu_typo_transform_mobile":"","ocean_menu_typo_line_height":0,"ocean_menu_typo_line_height_tablet":0,"ocean_menu_typo_line_height_mobile":0,"ocean_menu_typo_line_height_unit":"","ocean_menu_typo_spacing":0,"ocean_menu_typo_spacing_tablet":0,"ocean_menu_typo_spacing_mobile":0,"ocean_menu_typo_spacing_unit":"","ocean_menu_link_color":"","ocean_menu_link_color_hover":"","ocean_menu_link_color_active":"","ocean_menu_link_background":"","ocean_menu_link_hover_background":"","ocean_menu_link_active_background":"","ocean_menu_social_links_bg":"","ocean_menu_social_hover_links_bg":"","ocean_menu_social_links_color":"","ocean_menu_social_hover_links_color":"","ocean_disable_title":"default","ocean_disable_heading":"default","ocean_post_title":"","ocean_post_subheading":"","ocean_post_title_style":"","ocean_post_title_background_color":"","ocean_post_title_background":0,"ocean_post_title_bg_image_position":"","ocean_post_title_bg_image_attachment":"","ocean_post_title_bg_image_repeat":"","ocean_post_title_bg_image_size":"","ocean_post_title_height":0,"ocean_post_title_bg_overlay":0.5,"ocean_post_title_bg_overlay_color":"","ocean_disable_breadcrumbs":"default","ocean_breadcrumbs_color":"","ocean_breadcrumbs_separator_color":"","ocean_breadcrumbs_links_color":"","ocean_breadcrumbs_links_hover_color":"","ocean_display_footer_widgets":"default","ocean_display_footer_bottom":"default","ocean_custom_footer_template":"","footnotes":""},"class_list":["post-897","page","type-page","status-publish","hentry","entry"],"yoast_head":"<!-- This site is optimized with the Yoast SEO plugin v24.9 - https:\/\/yoast.com\/wordpress\/plugins\/seo\/ -->\n<title>Repartitoare electronice de costuri pentru \u00eenc\u0103lzire - EMS Electronic Metering Systems<\/title>\n<meta name=\"robots\" content=\"index, follow, max-snippet:-1, max-image-preview:large, max-video-preview:-1\" \/>\n<link rel=\"canonical\" href=\"https:\/\/ems-electronic.com\/?page_id=897&lang=ro\" \/>\n<meta property=\"og:locale\" content=\"de_DE\" \/>\n<meta property=\"og:type\" content=\"article\" \/>\n<meta property=\"og:title\" content=\"Repartitoare electronice de costuri pentru \u00eenc\u0103lzire - EMS Electronic Metering Systems\" \/>\n<meta property=\"og:description\" content=\"Repartitoare electronice de costuri pentru \u00eenc\u0103lzire EMS Electronic Metering Systems s.r.l. este specializat\u0103 \u00een dezvoltarea \u0219i fabricarea de repartitoare electronice de costuri pentru \u00eenc\u0103lzire, f\u0103r\u0103 fir, inovatoare. Aceste repartitoare electronice de costuri pentru \u00eenc\u0103lzire sunt utilizate pentru \u00eenregistrarea precis\u0103 a consumului de c\u0103ldur\u0103 \u00een camere individuale sau apartamente din cl\u0103diri multifamiliale, cl\u0103diri de birouri \u0219i [&hellip;]\" \/>\n<meta property=\"og:url\" content=\"https:\/\/ems-electronic.com\/?page_id=897&amp;lang=ro\" \/>\n<meta property=\"og:site_name\" content=\"EMS Electronic Metering Systems\" \/>\n<meta property=\"article:modified_time\" content=\"2026-04-08T12:20:16+00:00\" \/>\n<meta property=\"og:image\" content=\"https:\/\/ems-electronic.com\/wp-content\/uploads\/2026\/04\/Bild-fuer-Infothek-Heizkostenverteiler-RUMAeNISCH.jpg\" \/>\n\t<meta property=\"og:image:width\" content=\"656\" \/>\n\t<meta property=\"og:image:height\" content=\"1024\" \/>\n\t<meta property=\"og:image:type\" content=\"image\/jpeg\" \/>\n<meta name=\"twitter:card\" content=\"summary_large_image\" \/>\n<meta name=\"twitter:label1\" content=\"Gesch\u00e4tzte Lesezeit\" \/>\n\t<meta name=\"twitter:data1\" content=\"4\u00a0Minuten\" \/>\n<script type=\"application\/ld+json\" class=\"yoast-schema-graph\">{\"@context\":\"https:\/\/schema.org\",\"@graph\":[{\"@type\":\"WebPage\",\"@id\":\"https:\/\/ems-electronic.com\/?page_id=897&lang=ro\",\"url\":\"https:\/\/ems-electronic.com\/?page_id=897&lang=ro\",\"name\":\"Repartitoare electronice de costuri pentru \u00eenc\u0103lzire - EMS Electronic Metering Systems\",\"isPartOf\":{\"@id\":\"https:\/\/ems-electronic.com\/#website\"},\"primaryImageOfPage\":{\"@id\":\"https:\/\/ems-electronic.com\/?page_id=897&lang=ro#primaryimage\"},\"image\":{\"@id\":\"https:\/\/ems-electronic.com\/?page_id=897&lang=ro#primaryimage\"},\"thumbnailUrl\":\"https:\/\/ems-electronic.com\/wp-content\/uploads\/2026\/04\/Bild-fuer-Infothek-Heizkostenverteiler-RUMAeNISCH.jpg\",\"datePublished\":\"2026-03-30T13:58:58+00:00\",\"dateModified\":\"2026-04-08T12:20:16+00:00\",\"breadcrumb\":{\"@id\":\"https:\/\/ems-electronic.com\/?page_id=897&lang=ro#breadcrumb\"},\"inLanguage\":\"de\",\"potentialAction\":[{\"@type\":\"ReadAction\",\"target\":[\"https:\/\/ems-electronic.com\/?page_id=897&lang=ro\"]}]},{\"@type\":\"ImageObject\",\"inLanguage\":\"de\",\"@id\":\"https:\/\/ems-electronic.com\/?page_id=897&lang=ro#primaryimage\",\"url\":\"https:\/\/ems-electronic.com\/wp-content\/uploads\/2026\/04\/Bild-fuer-Infothek-Heizkostenverteiler-RUMAeNISCH.jpg\",\"contentUrl\":\"https:\/\/ems-electronic.com\/wp-content\/uploads\/2026\/04\/Bild-fuer-Infothek-Heizkostenverteiler-RUMAeNISCH.jpg\",\"width\":656,\"height\":1024},{\"@type\":\"BreadcrumbList\",\"@id\":\"https:\/\/ems-electronic.com\/?page_id=897&lang=ro#breadcrumb\",\"itemListElement\":[{\"@type\":\"ListItem\",\"position\":1,\"name\":\"Startseite\",\"item\":\"https:\/\/ems-electronic.com\/?page_id=37&lang=de\"},{\"@type\":\"ListItem\",\"position\":2,\"name\":\"Repartitoare electronice de costuri pentru \u00eenc\u0103lzire\"}]},{\"@type\":\"WebSite\",\"@id\":\"https:\/\/ems-electronic.com\/#website\",\"url\":\"https:\/\/ems-electronic.com\/\",\"name\":\"EMS Electronic Metering Systems\",\"description\":\"Precision electronic component manufacturing tailored to your specifications \u2013 from small-series production to reliable contract assembly, certified according to ISO 9001 and backed by the Messtechnik Group\",\"publisher\":{\"@id\":\"https:\/\/ems-electronic.com\/#organization\"},\"alternateName\":\"Precision electronic component manufacturing tailored to your specifications \u2013 from small-series production to reliable contract assembly, certified according to ISO 9001 and backed by the Messtechnik Group\",\"potentialAction\":[{\"@type\":\"SearchAction\",\"target\":{\"@type\":\"EntryPoint\",\"urlTemplate\":\"https:\/\/ems-electronic.com\/?s={search_term_string}\"},\"query-input\":{\"@type\":\"PropertyValueSpecification\",\"valueRequired\":true,\"valueName\":\"search_term_string\"}}],\"inLanguage\":\"de\"},{\"@type\":\"Organization\",\"@id\":\"https:\/\/ems-electronic.com\/#organization\",\"name\":\"EMS Electronic Metering Systems s.r.l.\",\"url\":\"https:\/\/ems-electronic.com\/\",\"logo\":{\"@type\":\"ImageObject\",\"inLanguage\":\"de\",\"@id\":\"https:\/\/ems-electronic.com\/#\/schema\/logo\/image\/\",\"url\":\"https:\/\/ems-electronic.com\/wp-content\/uploads\/2024\/06\/cropped-cropped-EMS_quadrat_web.jpg\",\"contentUrl\":\"https:\/\/ems-electronic.com\/wp-content\/uploads\/2024\/06\/cropped-cropped-EMS_quadrat_web.jpg\",\"width\":512,\"height\":173,\"caption\":\"EMS Electronic Metering Systems s.r.l.\"},\"image\":{\"@id\":\"https:\/\/ems-electronic.com\/#\/schema\/logo\/image\/\"}}]}<\/script>\n<!-- \/ Yoast SEO plugin. -->","yoast_head_json":{"title":"Repartitoare electronice de costuri pentru \u00eenc\u0103lzire - EMS Electronic Metering Systems","robots":{"index":"index","follow":"follow","max-snippet":"max-snippet:-1","max-image-preview":"max-image-preview:large","max-video-preview":"max-video-preview:-1"},"canonical":"https:\/\/ems-electronic.com\/?page_id=897&lang=ro","og_locale":"de_DE","og_type":"article","og_title":"Repartitoare electronice de costuri pentru \u00eenc\u0103lzire - EMS Electronic Metering Systems","og_description":"Repartitoare electronice de costuri pentru \u00eenc\u0103lzire EMS Electronic Metering Systems s.r.l. este specializat\u0103 \u00een dezvoltarea \u0219i fabricarea de repartitoare electronice de costuri pentru \u00eenc\u0103lzire, f\u0103r\u0103 fir, inovatoare. Aceste repartitoare electronice de costuri pentru \u00eenc\u0103lzire sunt utilizate pentru \u00eenregistrarea precis\u0103 a consumului de c\u0103ldur\u0103 \u00een camere individuale sau apartamente din cl\u0103diri multifamiliale, cl\u0103diri de birouri \u0219i [&hellip;]","og_url":"https:\/\/ems-electronic.com\/?page_id=897&lang=ro","og_site_name":"EMS Electronic Metering Systems","article_modified_time":"2026-04-08T12:20:16+00:00","og_image":[{"width":656,"height":1024,"url":"https:\/\/ems-electronic.com\/wp-content\/uploads\/2026\/04\/Bild-fuer-Infothek-Heizkostenverteiler-RUMAeNISCH.jpg","type":"image\/jpeg"}],"twitter_card":"summary_large_image","twitter_misc":{"Gesch\u00e4tzte Lesezeit":"4\u00a0Minuten"},"schema":{"@context":"https:\/\/schema.org","@graph":[{"@type":"WebPage","@id":"https:\/\/ems-electronic.com\/?page_id=897&lang=ro","url":"https:\/\/ems-electronic.com\/?page_id=897&lang=ro","name":"Repartitoare electronice de costuri pentru \u00eenc\u0103lzire - EMS Electronic Metering Systems","isPartOf":{"@id":"https:\/\/ems-electronic.com\/#website"},"primaryImageOfPage":{"@id":"https:\/\/ems-electronic.com\/?page_id=897&lang=ro#primaryimage"},"image":{"@id":"https:\/\/ems-electronic.com\/?page_id=897&lang=ro#primaryimage"},"thumbnailUrl":"https:\/\/ems-electronic.com\/wp-content\/uploads\/2026\/04\/Bild-fuer-Infothek-Heizkostenverteiler-RUMAeNISCH.jpg","datePublished":"2026-03-30T13:58:58+00:00","dateModified":"2026-04-08T12:20:16+00:00","breadcrumb":{"@id":"https:\/\/ems-electronic.com\/?page_id=897&lang=ro#breadcrumb"},"inLanguage":"de","potentialAction":[{"@type":"ReadAction","target":["https:\/\/ems-electronic.com\/?page_id=897&lang=ro"]}]},{"@type":"ImageObject","inLanguage":"de","@id":"https:\/\/ems-electronic.com\/?page_id=897&lang=ro#primaryimage","url":"https:\/\/ems-electronic.com\/wp-content\/uploads\/2026\/04\/Bild-fuer-Infothek-Heizkostenverteiler-RUMAeNISCH.jpg","contentUrl":"https:\/\/ems-electronic.com\/wp-content\/uploads\/2026\/04\/Bild-fuer-Infothek-Heizkostenverteiler-RUMAeNISCH.jpg","width":656,"height":1024},{"@type":"BreadcrumbList","@id":"https:\/\/ems-electronic.com\/?page_id=897&lang=ro#breadcrumb","itemListElement":[{"@type":"ListItem","position":1,"name":"Startseite","item":"https:\/\/ems-electronic.com\/?page_id=37&lang=de"},{"@type":"ListItem","position":2,"name":"Repartitoare electronice de costuri pentru \u00eenc\u0103lzire"}]},{"@type":"WebSite","@id":"https:\/\/ems-electronic.com\/#website","url":"https:\/\/ems-electronic.com\/","name":"EMS Electronic Metering Systems","description":"Precision electronic component manufacturing tailored to your specifications \u2013 from small-series production to reliable contract assembly, certified according to ISO 9001 and backed by the Messtechnik Group","publisher":{"@id":"https:\/\/ems-electronic.com\/#organization"},"alternateName":"Precision electronic component manufacturing tailored to your specifications \u2013 from small-series production to reliable contract assembly, certified according to ISO 9001 and backed by the Messtechnik Group","potentialAction":[{"@type":"SearchAction","target":{"@type":"EntryPoint","urlTemplate":"https:\/\/ems-electronic.com\/?s={search_term_string}"},"query-input":{"@type":"PropertyValueSpecification","valueRequired":true,"valueName":"search_term_string"}}],"inLanguage":"de"},{"@type":"Organization","@id":"https:\/\/ems-electronic.com\/#organization","name":"EMS Electronic Metering Systems s.r.l.","url":"https:\/\/ems-electronic.com\/","logo":{"@type":"ImageObject","inLanguage":"de","@id":"https:\/\/ems-electronic.com\/#\/schema\/logo\/image\/","url":"https:\/\/ems-electronic.com\/wp-content\/uploads\/2024\/06\/cropped-cropped-EMS_quadrat_web.jpg","contentUrl":"https:\/\/ems-electronic.com\/wp-content\/uploads\/2024\/06\/cropped-cropped-EMS_quadrat_web.jpg","width":512,"height":173,"caption":"EMS Electronic Metering Systems s.r.l."},"image":{"@id":"https:\/\/ems-electronic.com\/#\/schema\/logo\/image\/"}}]}},"jetpack_sharing_enabled":true,"_links":{"self":[{"href":"https:\/\/ems-electronic.com\/index.php?rest_route=\/wp\/v2\/pages\/897","targetHints":{"allow":["GET"]}}],"collection":[{"href":"https:\/\/ems-electronic.com\/index.php?rest_route=\/wp\/v2\/pages"}],"about":[{"href":"https:\/\/ems-electronic.com\/index.php?rest_route=\/wp\/v2\/types\/page"}],"author":[{"embeddable":true,"href":"https:\/\/ems-electronic.com\/index.php?rest_route=\/wp\/v2\/users\/1"}],"replies":[{"embeddable":true,"href":"https:\/\/ems-electronic.com\/index.php?rest_route=%2Fwp%2Fv2%2Fcomments&post=897"}],"version-history":[{"count":10,"href":"https:\/\/ems-electronic.com\/index.php?rest_route=\/wp\/v2\/pages\/897\/revisions"}],"predecessor-version":[{"id":1169,"href":"https:\/\/ems-electronic.com\/index.php?rest_route=\/wp\/v2\/pages\/897\/revisions\/1169"}],"wp:attachment":[{"href":"https:\/\/ems-electronic.com\/index.php?rest_route=%2Fwp%2Fv2%2Fmedia&parent=897"}],"curies":[{"name":"wp","href":"https:\/\/api.w.org\/{rel}","templated":true}]}}