{"id":900,"date":"2026-03-30T14:03:52","date_gmt":"2026-03-30T14:03:52","guid":{"rendered":"https:\/\/ems-electronic.com\/?page_id=900"},"modified":"2026-04-08T12:25:01","modified_gmt":"2026-04-08T12:25:01","slug":"distribuidores-eletronicos-de-custos-de-aquecimento","status":"publish","type":"page","link":"https:\/\/ems-electronic.com\/?page_id=900&lang=pt","title":{"rendered":"Distribuidores eletr\u00f4nicos de custos de aquecimento"},"content":{"rendered":"\t\t<div data-elementor-type=\"wp-page\" data-elementor-id=\"900\" class=\"elementor elementor-900\">\n\t\t\t\t<div class=\"elementor-element elementor-element-2054f43 e-flex e-con-boxed e-con e-parent\" data-id=\"2054f43\" data-element_type=\"container\" data-e-type=\"container\">\n\t\t\t\t\t<div class=\"e-con-inner\">\n\t\t\t\t<div class=\"elementor-element elementor-element-c2778ee elementor-widget elementor-widget-heading\" data-id=\"c2778ee\" data-element_type=\"widget\" data-e-type=\"widget\" data-widget_type=\"heading.default\">\n\t\t\t\t<div class=\"elementor-widget-container\">\n\t\t\t\t\t<h2 class=\"elementor-heading-title elementor-size-default\">Distribuidores eletr\u00f4nicos de custos de aquecimento<\/h2>\t\t\t\t<\/div>\n\t\t\t\t<\/div>\n\t\t<div class=\"elementor-element elementor-element-58fd8e2 e-con-full e-grid e-con e-child\" data-id=\"58fd8e2\" data-element_type=\"container\" data-e-type=\"container\">\n\t\t\t\t<div class=\"elementor-element elementor-element-a0bf2ca elementor-widget elementor-widget-text-editor\" data-id=\"a0bf2ca\" data-element_type=\"widget\" data-e-type=\"widget\" data-widget_type=\"text-editor.default\">\n\t\t\t\t<div class=\"elementor-widget-container\">\n\t\t\t\t\t\t\t\t\t<p>A EMS Electronic Metering Systems s.r.l. \u00e9 especializada no desenvolvimento e fabrico de alocadores de custos de aquecimento sem fios inovadores. Estes alocadores eletr\u00f3nicos de custos de aquecimento s\u00e3o utilizados para o registo preciso do consumo de calor em divis\u00f5es ou apartamentos individuais em edif\u00edcios multifamiliares, edif\u00edcios comerciais e outras grandes propriedades, e j\u00e1 est\u00e3o em utiliza\u00e7\u00e3o em toda a Europa. Permitem a medi\u00e7\u00e3o precisa do calor consumido numa divis\u00e3o, garantindo assim uma cobran\u00e7a justa e transparente dos custos de aquecimento.<\/p><p>Uma das principais vantagens dos alocadores de custos de aquecimento sem fios da EMS Electronic Metering Systems s.r.l. \u00e9 a sua flexibilidade: podem ser montados em qualquer radiador e facilmente adaptados posteriormente \u2013 tudo isto sem a necessidade de abrir a tubagem. O consumo \u00e9 registado medindo a temperatura do radiador atrav\u00e9s de uma placa traseira de alum\u00ednio montada no radiador e medindo a temperatura ambiente atrav\u00e9s de um sensor de ar. Esta tecnologia deteta a diferen\u00e7a de temperatura entre o radiador e o ambiente e calcula o consumo de calor com base nisso.<\/p><p>O consumo medido \u00e9 depois integrado ao longo do tempo. O resultado \u00e9 apresentado em pontos, fornecendo uma base simples e compreens\u00edvel para a cobran\u00e7a dos custos de aquecimento. Este m\u00e9todo n\u00e3o requer modifica\u00e7\u00f5es no sistema de aquecimento e, por isso, \u00e9 particularmente f\u00e1cil de instalar e manter. \u00c9 tamb\u00e9m flex\u00edvel, pois pode ser montado em qualquer radiador sem necessidade de altera\u00e7\u00f5es ou modifica\u00e7\u00f5es na tubagem.<\/p><p>Os dispositivos s\u00e3o fabricados exclusivamente pela EMS Electronic Metering Systems SRL e fornecidos a empresas de servi\u00e7os de medi\u00e7\u00e3o respons\u00e1veis \u200b\u200bpela leitura e gest\u00e3o dos custos de aquecimento. Gra\u00e7as \u00e0 tecnologia sem fios, os dados de consumo podem ser lidos e transmitidos sem fios, simplificando ainda mais a recolha de dados. Esta tecnologia permite ainda a recolha de dados automatizada e regular, minimizando erros e reduzindo os custos administrativos.<\/p><p>Outra grande vantagem dos alocadores de custos de aquecimento em compara\u00e7\u00e3o com os contadores de calor \u00e9 a sua versatilidade em edif\u00edcios multifamiliares.<\/p>\t\t\t\t\t\t\t\t<\/div>\n\t\t\t\t<\/div>\n\t\t\t\t<div class=\"elementor-element elementor-element-be217e0 elementor-widget elementor-widget-image\" data-id=\"be217e0\" data-element_type=\"widget\" data-e-type=\"widget\" data-widget_type=\"image.default\">\n\t\t\t\t<div class=\"elementor-widget-container\">\n\t\t\t\t\t\t\t\t\t\t\t\t\t\t\t<img fetchpriority=\"high\" decoding=\"async\" width=\"656\" height=\"1024\" src=\"https:\/\/ems-electronic.com\/wp-content\/uploads\/2026\/04\/Bild-fuer-Infothek-Heizkostenverteiler-PORTUGIESISCH.jpg\" class=\"attachment-large size-large wp-image-1109\" alt=\"\" srcset=\"https:\/\/ems-electronic.com\/wp-content\/uploads\/2026\/04\/Bild-fuer-Infothek-Heizkostenverteiler-PORTUGIESISCH.jpg 656w, https:\/\/ems-electronic.com\/wp-content\/uploads\/2026\/04\/Bild-fuer-Infothek-Heizkostenverteiler-PORTUGIESISCH-192x300.jpg 192w\" sizes=\"(max-width: 656px) 100vw, 656px\" \/>\t\t\t\t\t\t\t\t\t\t\t\t\t\t\t<\/div>\n\t\t\t\t<\/div>\n\t\t\t\t<\/div>\n\t\t\t\t\t<\/div>\n\t\t\t\t<\/div>\n\t\t<div class=\"elementor-element elementor-element-8d00b25 e-grid e-con-boxed e-con e-parent\" data-id=\"8d00b25\" data-element_type=\"container\" data-e-type=\"container\">\n\t\t\t\t\t<div class=\"e-con-inner\">\n\t\t\t\t<div class=\"elementor-element elementor-element-5ed2f6b elementor-widget elementor-widget-text-editor\" data-id=\"5ed2f6b\" data-element_type=\"widget\" data-e-type=\"widget\" data-widget_type=\"text-editor.default\">\n\t\t\t\t<div class=\"elementor-widget-container\">\n\t\t\t\t\t\t\t\t\t<p>Os alocadores de custos de aquecimento podem ser utilizados mesmo quando as tubagens de aquecimento atravessam v\u00e1rios apartamentos. Nestes casos, a utiliza\u00e7\u00e3o de contadores de calor n\u00e3o \u00e9 poss\u00edvel, uma vez que estes requerem um circuito de aquecimento fechado e claramente definido para cada unidade residencial, no qual toda a temperatura de entrada e sa\u00edda, bem como o caudal, possam ser medidos.<\/p><p>Os alocadores de custos de aquecimento, por outro lado, permitem o registo preciso do consumo individual de cada apartamento, mesmo que o fornecimento de energia para aquecimento seja proveniente de uma fonte central. Isto garante uma distribui\u00e7\u00e3o justa e equitativa dos custos de aquecimento, independentemente do tipo de sistema de aquecimento.<\/p><p>A utiliza\u00e7\u00e3o de alocadores de custos de aquecimento promove tamb\u00e9m uma abordagem mais consciente em rela\u00e7\u00e3o \u00e0 energia para aquecimento. Ao registarem de forma transparente o consumo individual de cada utilizador, os residentes t\u00eam um incentivo direto para reduzir o seu consumo de energia para aquecimento. Os utilizadores que consomem menos energia para aquecimento s\u00e3o recompensados \u200b\u200bfinanceiramente, o que leva a uma utiliza\u00e7\u00e3o geral mais eficiente dos recursos e, simultaneamente, a uma distribui\u00e7\u00e3o justa dos custos de aquecimento entre todos.<\/p><p>A EMS Electronic Metering Systems SRL destaca-se pela elevada qualidade e inova\u00e7\u00e3o no fabrico de alocadores de custos de aquecimento e fornece com fiabilidade as empresas parceiras que utilizam os dispositivos em diversas \u00e1reas de fatura\u00e7\u00e3o e distribui\u00e7\u00e3o de custos de aquecimento. Assim, a tecnologia n\u00e3o s\u00f3 contribui para uma distribui\u00e7\u00e3o justa dos custos, como tamb\u00e9m apoia a utiliza\u00e7\u00e3o sustent\u00e1vel e ambientalmente consciente da energia para aquecimento.<\/p>\t\t\t\t\t\t\t\t<\/div>\n\t\t\t\t<\/div>\n\t\t\t\t<div class=\"elementor-element elementor-element-02eb0f2 elementor-widget elementor-widget-image\" data-id=\"02eb0f2\" data-element_type=\"widget\" data-e-type=\"widget\" data-widget_type=\"image.default\">\n\t\t\t\t<div class=\"elementor-widget-container\">\n\t\t\t\t\t\t\t\t\t\t\t\t\t\t\t<img decoding=\"async\" width=\"417\" height=\"1024\" src=\"https:\/\/ems-electronic.com\/wp-content\/uploads\/2026\/04\/PORT-Ein-weiterer-Vorteil-von-Heizkostenverteilern-wie-dem-RU2-ist-dass-diese-an-fast-allen-Heizkoerpertypen-verwnedet-und-montiert-werden-koennen.jpg\" class=\"attachment-large size-large wp-image-1186\" alt=\"\" srcset=\"https:\/\/ems-electronic.com\/wp-content\/uploads\/2026\/04\/PORT-Ein-weiterer-Vorteil-von-Heizkostenverteilern-wie-dem-RU2-ist-dass-diese-an-fast-allen-Heizkoerpertypen-verwnedet-und-montiert-werden-koennen.jpg 417w, https:\/\/ems-electronic.com\/wp-content\/uploads\/2026\/04\/PORT-Ein-weiterer-Vorteil-von-Heizkostenverteilern-wie-dem-RU2-ist-dass-diese-an-fast-allen-Heizkoerpertypen-verwnedet-und-montiert-werden-koennen-122x300.jpg 122w\" sizes=\"(max-width: 417px) 100vw, 417px\" \/>\t\t\t\t\t\t\t\t\t\t\t\t\t\t\t<\/div>\n\t\t\t\t<\/div>\n\t\t\t\t\t<\/div>\n\t\t\t\t<\/div>\n\t\t\t\t<\/div>\n\t\t","protected":false},"excerpt":{"rendered":"<p>Distribuidores eletr\u00f4nicos de custos de aquecimento A EMS Electronic Metering Systems s.r.l. \u00e9 especializada no desenvolvimento e fabrico de alocadores de custos de aquecimento sem fios inovadores. Estes alocadores eletr\u00f3nicos de custos de aquecimento s\u00e3o utilizados para o registo preciso do consumo de calor em divis\u00f5es ou apartamentos individuais em edif\u00edcios multifamiliares, edif\u00edcios comerciais e [&hellip;]<\/p>\n","protected":false},"author":1,"featured_media":0,"parent":0,"menu_order":0,"comment_status":"closed","ping_status":"closed","template":"","meta":{"ocean_post_layout":"","ocean_both_sidebars_style":"","ocean_both_sidebars_content_width":0,"ocean_both_sidebars_sidebars_width":0,"ocean_sidebar":"","ocean_second_sidebar":"","ocean_disable_margins":"enable","ocean_add_body_class":"","ocean_shortcode_before_top_bar":"","ocean_shortcode_after_top_bar":"","ocean_shortcode_before_header":"","ocean_shortcode_after_header":"","ocean_has_shortcode":"","ocean_shortcode_after_title":"","ocean_shortcode_before_footer_widgets":"","ocean_shortcode_after_footer_widgets":"","ocean_shortcode_before_footer_bottom":"","ocean_shortcode_after_footer_bottom":"","ocean_display_top_bar":"default","ocean_display_header":"default","ocean_header_style":"","ocean_center_header_left_menu":"","ocean_custom_header_template":"","ocean_custom_logo":0,"ocean_custom_retina_logo":0,"ocean_custom_logo_max_width":0,"ocean_custom_logo_tablet_max_width":0,"ocean_custom_logo_mobile_max_width":0,"ocean_custom_logo_max_height":0,"ocean_custom_logo_tablet_max_height":0,"ocean_custom_logo_mobile_max_height":0,"ocean_header_custom_menu":"","ocean_menu_typo_font_family":"","ocean_menu_typo_font_subset":"","ocean_menu_typo_font_size":0,"ocean_menu_typo_font_size_tablet":0,"ocean_menu_typo_font_size_mobile":0,"ocean_menu_typo_font_size_unit":"px","ocean_menu_typo_font_weight":"","ocean_menu_typo_font_weight_tablet":"","ocean_menu_typo_font_weight_mobile":"","ocean_menu_typo_transform":"","ocean_menu_typo_transform_tablet":"","ocean_menu_typo_transform_mobile":"","ocean_menu_typo_line_height":0,"ocean_menu_typo_line_height_tablet":0,"ocean_menu_typo_line_height_mobile":0,"ocean_menu_typo_line_height_unit":"","ocean_menu_typo_spacing":0,"ocean_menu_typo_spacing_tablet":0,"ocean_menu_typo_spacing_mobile":0,"ocean_menu_typo_spacing_unit":"","ocean_menu_link_color":"","ocean_menu_link_color_hover":"","ocean_menu_link_color_active":"","ocean_menu_link_background":"","ocean_menu_link_hover_background":"","ocean_menu_link_active_background":"","ocean_menu_social_links_bg":"","ocean_menu_social_hover_links_bg":"","ocean_menu_social_links_color":"","ocean_menu_social_hover_links_color":"","ocean_disable_title":"default","ocean_disable_heading":"default","ocean_post_title":"","ocean_post_subheading":"","ocean_post_title_style":"","ocean_post_title_background_color":"","ocean_post_title_background":0,"ocean_post_title_bg_image_position":"","ocean_post_title_bg_image_attachment":"","ocean_post_title_bg_image_repeat":"","ocean_post_title_bg_image_size":"","ocean_post_title_height":0,"ocean_post_title_bg_overlay":0.5,"ocean_post_title_bg_overlay_color":"","ocean_disable_breadcrumbs":"default","ocean_breadcrumbs_color":"","ocean_breadcrumbs_separator_color":"","ocean_breadcrumbs_links_color":"","ocean_breadcrumbs_links_hover_color":"","ocean_display_footer_widgets":"default","ocean_display_footer_bottom":"default","ocean_custom_footer_template":"","footnotes":""},"class_list":["post-900","page","type-page","status-publish","hentry","entry"],"yoast_head":"<!-- This site is optimized with the Yoast SEO plugin v24.9 - https:\/\/yoast.com\/wordpress\/plugins\/seo\/ -->\n<title>Distribuidores eletr\u00f4nicos de custos de aquecimento - EMS Electronic Metering Systems<\/title>\n<meta name=\"robots\" content=\"index, follow, max-snippet:-1, max-image-preview:large, max-video-preview:-1\" \/>\n<link rel=\"canonical\" href=\"https:\/\/ems-electronic.com\/?page_id=900&lang=pt\" \/>\n<meta property=\"og:locale\" content=\"de_DE\" \/>\n<meta property=\"og:type\" content=\"article\" \/>\n<meta property=\"og:title\" content=\"Distribuidores eletr\u00f4nicos de custos de aquecimento - EMS Electronic Metering Systems\" \/>\n<meta property=\"og:description\" content=\"Distribuidores eletr\u00f4nicos de custos de aquecimento A EMS Electronic Metering Systems s.r.l. \u00e9 especializada no desenvolvimento e fabrico de alocadores de custos de aquecimento sem fios inovadores. Estes alocadores eletr\u00f3nicos de custos de aquecimento s\u00e3o utilizados para o registo preciso do consumo de calor em divis\u00f5es ou apartamentos individuais em edif\u00edcios multifamiliares, edif\u00edcios comerciais e [&hellip;]\" \/>\n<meta property=\"og:url\" content=\"https:\/\/ems-electronic.com\/?page_id=900&amp;lang=pt\" \/>\n<meta property=\"og:site_name\" content=\"EMS Electronic Metering Systems\" \/>\n<meta property=\"article:modified_time\" content=\"2026-04-08T12:25:01+00:00\" \/>\n<meta property=\"og:image\" content=\"https:\/\/ems-electronic.com\/wp-content\/uploads\/2026\/04\/Bild-fuer-Infothek-Heizkostenverteiler-PORTUGIESISCH.jpg\" \/>\n\t<meta property=\"og:image:width\" content=\"656\" \/>\n\t<meta property=\"og:image:height\" content=\"1024\" \/>\n\t<meta property=\"og:image:type\" content=\"image\/jpeg\" \/>\n<meta name=\"twitter:card\" content=\"summary_large_image\" \/>\n<meta name=\"twitter:label1\" content=\"Gesch\u00e4tzte Lesezeit\" \/>\n\t<meta name=\"twitter:data1\" content=\"4\u00a0Minuten\" \/>\n<script type=\"application\/ld+json\" class=\"yoast-schema-graph\">{\"@context\":\"https:\/\/schema.org\",\"@graph\":[{\"@type\":\"WebPage\",\"@id\":\"https:\/\/ems-electronic.com\/?page_id=900&lang=pt\",\"url\":\"https:\/\/ems-electronic.com\/?page_id=900&lang=pt\",\"name\":\"Distribuidores eletr\u00f4nicos de custos de aquecimento - EMS Electronic Metering Systems\",\"isPartOf\":{\"@id\":\"https:\/\/ems-electronic.com\/#website\"},\"primaryImageOfPage\":{\"@id\":\"https:\/\/ems-electronic.com\/?page_id=900&lang=pt#primaryimage\"},\"image\":{\"@id\":\"https:\/\/ems-electronic.com\/?page_id=900&lang=pt#primaryimage\"},\"thumbnailUrl\":\"https:\/\/ems-electronic.com\/wp-content\/uploads\/2026\/04\/Bild-fuer-Infothek-Heizkostenverteiler-PORTUGIESISCH.jpg\",\"datePublished\":\"2026-03-30T14:03:52+00:00\",\"dateModified\":\"2026-04-08T12:25:01+00:00\",\"breadcrumb\":{\"@id\":\"https:\/\/ems-electronic.com\/?page_id=900&lang=pt#breadcrumb\"},\"inLanguage\":\"de\",\"potentialAction\":[{\"@type\":\"ReadAction\",\"target\":[\"https:\/\/ems-electronic.com\/?page_id=900&lang=pt\"]}]},{\"@type\":\"ImageObject\",\"inLanguage\":\"de\",\"@id\":\"https:\/\/ems-electronic.com\/?page_id=900&lang=pt#primaryimage\",\"url\":\"https:\/\/ems-electronic.com\/wp-content\/uploads\/2026\/04\/Bild-fuer-Infothek-Heizkostenverteiler-PORTUGIESISCH.jpg\",\"contentUrl\":\"https:\/\/ems-electronic.com\/wp-content\/uploads\/2026\/04\/Bild-fuer-Infothek-Heizkostenverteiler-PORTUGIESISCH.jpg\",\"width\":656,\"height\":1024},{\"@type\":\"BreadcrumbList\",\"@id\":\"https:\/\/ems-electronic.com\/?page_id=900&lang=pt#breadcrumb\",\"itemListElement\":[{\"@type\":\"ListItem\",\"position\":1,\"name\":\"Startseite\",\"item\":\"https:\/\/ems-electronic.com\/?page_id=37&lang=de\"},{\"@type\":\"ListItem\",\"position\":2,\"name\":\"Distribuidores eletr\u00f4nicos de custos de aquecimento\"}]},{\"@type\":\"WebSite\",\"@id\":\"https:\/\/ems-electronic.com\/#website\",\"url\":\"https:\/\/ems-electronic.com\/\",\"name\":\"EMS Electronic Metering Systems\",\"description\":\"Precision electronic component manufacturing tailored to your specifications \u2013 from small-series production to reliable contract assembly, certified according to ISO 9001 and backed by the Messtechnik Group\",\"publisher\":{\"@id\":\"https:\/\/ems-electronic.com\/#organization\"},\"alternateName\":\"Precision electronic component manufacturing tailored to your specifications \u2013 from small-series production to reliable contract assembly, certified according to ISO 9001 and backed by the Messtechnik Group\",\"potentialAction\":[{\"@type\":\"SearchAction\",\"target\":{\"@type\":\"EntryPoint\",\"urlTemplate\":\"https:\/\/ems-electronic.com\/?s={search_term_string}\"},\"query-input\":{\"@type\":\"PropertyValueSpecification\",\"valueRequired\":true,\"valueName\":\"search_term_string\"}}],\"inLanguage\":\"de\"},{\"@type\":\"Organization\",\"@id\":\"https:\/\/ems-electronic.com\/#organization\",\"name\":\"EMS Electronic Metering Systems s.r.l.\",\"url\":\"https:\/\/ems-electronic.com\/\",\"logo\":{\"@type\":\"ImageObject\",\"inLanguage\":\"de\",\"@id\":\"https:\/\/ems-electronic.com\/#\/schema\/logo\/image\/\",\"url\":\"https:\/\/ems-electronic.com\/wp-content\/uploads\/2024\/06\/cropped-cropped-EMS_quadrat_web.jpg\",\"contentUrl\":\"https:\/\/ems-electronic.com\/wp-content\/uploads\/2024\/06\/cropped-cropped-EMS_quadrat_web.jpg\",\"width\":512,\"height\":173,\"caption\":\"EMS Electronic Metering Systems s.r.l.\"},\"image\":{\"@id\":\"https:\/\/ems-electronic.com\/#\/schema\/logo\/image\/\"}}]}<\/script>\n<!-- \/ Yoast SEO plugin. -->","yoast_head_json":{"title":"Distribuidores eletr\u00f4nicos de custos de aquecimento - EMS Electronic Metering Systems","robots":{"index":"index","follow":"follow","max-snippet":"max-snippet:-1","max-image-preview":"max-image-preview:large","max-video-preview":"max-video-preview:-1"},"canonical":"https:\/\/ems-electronic.com\/?page_id=900&lang=pt","og_locale":"de_DE","og_type":"article","og_title":"Distribuidores eletr\u00f4nicos de custos de aquecimento - EMS Electronic Metering Systems","og_description":"Distribuidores eletr\u00f4nicos de custos de aquecimento A EMS Electronic Metering Systems s.r.l. \u00e9 especializada no desenvolvimento e fabrico de alocadores de custos de aquecimento sem fios inovadores. Estes alocadores eletr\u00f3nicos de custos de aquecimento s\u00e3o utilizados para o registo preciso do consumo de calor em divis\u00f5es ou apartamentos individuais em edif\u00edcios multifamiliares, edif\u00edcios comerciais e [&hellip;]","og_url":"https:\/\/ems-electronic.com\/?page_id=900&lang=pt","og_site_name":"EMS Electronic Metering Systems","article_modified_time":"2026-04-08T12:25:01+00:00","og_image":[{"width":656,"height":1024,"url":"https:\/\/ems-electronic.com\/wp-content\/uploads\/2026\/04\/Bild-fuer-Infothek-Heizkostenverteiler-PORTUGIESISCH.jpg","type":"image\/jpeg"}],"twitter_card":"summary_large_image","twitter_misc":{"Gesch\u00e4tzte Lesezeit":"4\u00a0Minuten"},"schema":{"@context":"https:\/\/schema.org","@graph":[{"@type":"WebPage","@id":"https:\/\/ems-electronic.com\/?page_id=900&lang=pt","url":"https:\/\/ems-electronic.com\/?page_id=900&lang=pt","name":"Distribuidores eletr\u00f4nicos de custos de aquecimento - EMS Electronic Metering Systems","isPartOf":{"@id":"https:\/\/ems-electronic.com\/#website"},"primaryImageOfPage":{"@id":"https:\/\/ems-electronic.com\/?page_id=900&lang=pt#primaryimage"},"image":{"@id":"https:\/\/ems-electronic.com\/?page_id=900&lang=pt#primaryimage"},"thumbnailUrl":"https:\/\/ems-electronic.com\/wp-content\/uploads\/2026\/04\/Bild-fuer-Infothek-Heizkostenverteiler-PORTUGIESISCH.jpg","datePublished":"2026-03-30T14:03:52+00:00","dateModified":"2026-04-08T12:25:01+00:00","breadcrumb":{"@id":"https:\/\/ems-electronic.com\/?page_id=900&lang=pt#breadcrumb"},"inLanguage":"de","potentialAction":[{"@type":"ReadAction","target":["https:\/\/ems-electronic.com\/?page_id=900&lang=pt"]}]},{"@type":"ImageObject","inLanguage":"de","@id":"https:\/\/ems-electronic.com\/?page_id=900&lang=pt#primaryimage","url":"https:\/\/ems-electronic.com\/wp-content\/uploads\/2026\/04\/Bild-fuer-Infothek-Heizkostenverteiler-PORTUGIESISCH.jpg","contentUrl":"https:\/\/ems-electronic.com\/wp-content\/uploads\/2026\/04\/Bild-fuer-Infothek-Heizkostenverteiler-PORTUGIESISCH.jpg","width":656,"height":1024},{"@type":"BreadcrumbList","@id":"https:\/\/ems-electronic.com\/?page_id=900&lang=pt#breadcrumb","itemListElement":[{"@type":"ListItem","position":1,"name":"Startseite","item":"https:\/\/ems-electronic.com\/?page_id=37&lang=de"},{"@type":"ListItem","position":2,"name":"Distribuidores eletr\u00f4nicos de custos de aquecimento"}]},{"@type":"WebSite","@id":"https:\/\/ems-electronic.com\/#website","url":"https:\/\/ems-electronic.com\/","name":"EMS Electronic Metering Systems","description":"Precision electronic component manufacturing tailored to your specifications \u2013 from small-series production to reliable contract assembly, certified according to ISO 9001 and backed by the Messtechnik Group","publisher":{"@id":"https:\/\/ems-electronic.com\/#organization"},"alternateName":"Precision electronic component manufacturing tailored to your specifications \u2013 from small-series production to reliable contract assembly, certified according to ISO 9001 and backed by the Messtechnik Group","potentialAction":[{"@type":"SearchAction","target":{"@type":"EntryPoint","urlTemplate":"https:\/\/ems-electronic.com\/?s={search_term_string}"},"query-input":{"@type":"PropertyValueSpecification","valueRequired":true,"valueName":"search_term_string"}}],"inLanguage":"de"},{"@type":"Organization","@id":"https:\/\/ems-electronic.com\/#organization","name":"EMS Electronic Metering Systems s.r.l.","url":"https:\/\/ems-electronic.com\/","logo":{"@type":"ImageObject","inLanguage":"de","@id":"https:\/\/ems-electronic.com\/#\/schema\/logo\/image\/","url":"https:\/\/ems-electronic.com\/wp-content\/uploads\/2024\/06\/cropped-cropped-EMS_quadrat_web.jpg","contentUrl":"https:\/\/ems-electronic.com\/wp-content\/uploads\/2024\/06\/cropped-cropped-EMS_quadrat_web.jpg","width":512,"height":173,"caption":"EMS Electronic Metering Systems s.r.l."},"image":{"@id":"https:\/\/ems-electronic.com\/#\/schema\/logo\/image\/"}}]}},"jetpack_sharing_enabled":true,"_links":{"self":[{"href":"https:\/\/ems-electronic.com\/index.php?rest_route=\/wp\/v2\/pages\/900","targetHints":{"allow":["GET"]}}],"collection":[{"href":"https:\/\/ems-electronic.com\/index.php?rest_route=\/wp\/v2\/pages"}],"about":[{"href":"https:\/\/ems-electronic.com\/index.php?rest_route=\/wp\/v2\/types\/page"}],"author":[{"embeddable":true,"href":"https:\/\/ems-electronic.com\/index.php?rest_route=\/wp\/v2\/users\/1"}],"replies":[{"embeddable":true,"href":"https:\/\/ems-electronic.com\/index.php?rest_route=%2Fwp%2Fv2%2Fcomments&post=900"}],"version-history":[{"count":13,"href":"https:\/\/ems-electronic.com\/index.php?rest_route=\/wp\/v2\/pages\/900\/revisions"}],"predecessor-version":[{"id":1189,"href":"https:\/\/ems-electronic.com\/index.php?rest_route=\/wp\/v2\/pages\/900\/revisions\/1189"}],"wp:attachment":[{"href":"https:\/\/ems-electronic.com\/index.php?rest_route=%2Fwp%2Fv2%2Fmedia&parent=900"}],"curies":[{"name":"wp","href":"https:\/\/api.w.org\/{rel}","templated":true}]}}