{"id":901,"date":"2026-03-30T14:02:10","date_gmt":"2026-03-30T14:02:10","guid":{"rendered":"https:\/\/ems-electronic.com\/?page_id=901"},"modified":"2026-04-08T12:23:30","modified_gmt":"2026-04-08T12:23:30","slug":"repartiteurs-electroniques-de-frais-de-chauffage","status":"publish","type":"page","link":"https:\/\/ems-electronic.com\/?page_id=901&lang=fr","title":{"rendered":"R\u00e9partiteurs \u00e9lectroniques de frais de chauffage"},"content":{"rendered":"\t\t<div data-elementor-type=\"wp-page\" data-elementor-id=\"901\" class=\"elementor elementor-901\">\n\t\t\t\t<div class=\"elementor-element elementor-element-2054f43 e-flex e-con-boxed e-con e-parent\" data-id=\"2054f43\" data-element_type=\"container\" data-e-type=\"container\">\n\t\t\t\t\t<div class=\"e-con-inner\">\n\t\t\t\t<div class=\"elementor-element elementor-element-c2778ee elementor-widget elementor-widget-heading\" data-id=\"c2778ee\" data-element_type=\"widget\" data-e-type=\"widget\" data-widget_type=\"heading.default\">\n\t\t\t\t<div class=\"elementor-widget-container\">\n\t\t\t\t\t<h2 class=\"elementor-heading-title elementor-size-default\">R\u00e9partiteurs \u00e9lectroniques de frais de chauffage<\/h2>\t\t\t\t<\/div>\n\t\t\t\t<\/div>\n\t\t<div class=\"elementor-element elementor-element-810c4c4 e-con-full e-grid e-con e-child\" data-id=\"810c4c4\" data-element_type=\"container\" data-e-type=\"container\">\n\t\t\t\t<div class=\"elementor-element elementor-element-a0bf2ca elementor-widget elementor-widget-text-editor\" data-id=\"a0bf2ca\" data-element_type=\"widget\" data-e-type=\"widget\" data-widget_type=\"text-editor.default\">\n\t\t\t\t<div class=\"elementor-widget-container\">\n\t\t\t\t\t\t\t\t\t<p>EMS Electronic Metering Systems s.r.l. est sp\u00e9cialis\u00e9e dans le d\u00e9veloppement et la fabrication de r\u00e9partiteurs de co\u00fbts de chauffage sans fil innovants. Ces r\u00e9partiteurs \u00e9lectroniques permettent un enregistrement pr\u00e9cis de la consommation de chauffage dans les pi\u00e8ces ou appartements des immeubles collectifs, des immeubles de bureaux et autres grands b\u00e2timents. Ils sont d\u00e9sormais utilis\u00e9s dans toute l&#8217;Europe. Ils permettent une mesure pr\u00e9cise de la chaleur consomm\u00e9e dans une pi\u00e8ce, garantissant ainsi une facturation juste et transparente des co\u00fbts de chauffage.<\/p><p>L&#8217;un des principaux avantages des r\u00e9partiteurs de co\u00fbts de chauffage sans fil d&#8217;EMS Electronic Metering Systems s.r.l. r\u00e9side dans leur flexibilit\u00e9\u00a0: ils peuvent \u00eatre install\u00e9s sur n&#8217;importe quel radiateur et facilement r\u00e9install\u00e9s ult\u00e9rieurement, sans avoir \u00e0 ouvrir la tuyauterie. La consommation est enregistr\u00e9e en mesurant la temp\u00e9rature du radiateur gr\u00e2ce \u00e0 une plaque arri\u00e8re en aluminium fix\u00e9e sur celui-ci et en mesurant la temp\u00e9rature ambiante \u00e0 l&#8217;aide d&#8217;un capteur d&#8217;air. Cette technologie d\u00e9tecte la diff\u00e9rence de temp\u00e9rature entre le radiateur et la pi\u00e8ce et calcule la consommation de chauffage en cons\u00e9quence.<\/p><p>La consommation mesur\u00e9e est ensuite cumul\u00e9e dans le temps. Le r\u00e9sultat est affich\u00e9 en points, offrant ainsi une base simple et compr\u00e9hensible pour la facturation des co\u00fbts de chauffage. Cette m\u00e9thode ne n\u00e9cessite aucune modification du syst\u00e8me de chauffage et est donc particuli\u00e8rement facile \u00e0 installer et \u00e0 entretenir. Elle est \u00e9galement flexible, car elle peut \u00eatre mont\u00e9e sur n&#8217;importe quel radiateur sans aucune modification de la tuyauterie.<\/p><p>Ces appareils sont fabriqu\u00e9s exclusivement par EMS Electronic Metering Systems SRL et fournis aux soci\u00e9t\u00e9s de services de comptage charg\u00e9es du relev\u00e9 et de la gestion des co\u00fbts de chauffage. Gr\u00e2ce \u00e0 la technologie sans fil, les donn\u00e9es de consommation peuvent \u00eatre relev\u00e9es et transmises sans fil, simplifiant ainsi la collecte des donn\u00e9es. Cette technologie permet \u00e9galement une collecte automatis\u00e9e et r\u00e9guli\u00e8re des donn\u00e9es, minimisant les erreurs et r\u00e9duisant les co\u00fbts administratifs.<\/p><p>\u00a0<\/p>\t\t\t\t\t\t\t\t<\/div>\n\t\t\t\t<\/div>\n\t\t\t\t<div class=\"elementor-element elementor-element-a13e96c elementor-widget elementor-widget-image\" data-id=\"a13e96c\" data-element_type=\"widget\" data-e-type=\"widget\" data-widget_type=\"image.default\">\n\t\t\t\t<div class=\"elementor-widget-container\">\n\t\t\t\t\t\t\t\t\t\t\t\t\t\t\t<img fetchpriority=\"high\" decoding=\"async\" width=\"656\" height=\"1024\" src=\"https:\/\/ems-electronic.com\/wp-content\/uploads\/2026\/04\/Bild-fuer-Infothek-Heizkostenverteiler-Franzoesisch.jpg\" class=\"attachment-large size-large wp-image-1098\" alt=\"\" srcset=\"https:\/\/ems-electronic.com\/wp-content\/uploads\/2026\/04\/Bild-fuer-Infothek-Heizkostenverteiler-Franzoesisch.jpg 656w, https:\/\/ems-electronic.com\/wp-content\/uploads\/2026\/04\/Bild-fuer-Infothek-Heizkostenverteiler-Franzoesisch-192x300.jpg 192w\" sizes=\"(max-width: 656px) 100vw, 656px\" \/>\t\t\t\t\t\t\t\t\t\t\t\t\t\t\t<\/div>\n\t\t\t\t<\/div>\n\t\t\t\t<\/div>\n\t\t\t\t\t<\/div>\n\t\t\t\t<\/div>\n\t\t<div class=\"elementor-element elementor-element-514c8b5 e-grid e-con-boxed e-con e-parent\" data-id=\"514c8b5\" data-element_type=\"container\" data-e-type=\"container\">\n\t\t\t\t\t<div class=\"e-con-inner\">\n\t\t\t\t<div class=\"elementor-element elementor-element-a512748 elementor-widget elementor-widget-text-editor\" data-id=\"a512748\" data-element_type=\"widget\" data-e-type=\"widget\" data-widget_type=\"text-editor.default\">\n\t\t\t\t<div class=\"elementor-widget-container\">\n\t\t\t\t\t\t\t\t\t<p>Un autre avantage majeur des r\u00e9partiteurs de co\u00fbts de chauffage par rapport aux compteurs de chaleur est leur polyvalence dans les immeubles collectifs. Les r\u00e9partiteurs de co\u00fbts de chauffage peuvent \u00eatre utilis\u00e9s m\u00eame lorsque les canalisations de chauffage desservent plusieurs appartements. Dans ce cas, l&#8217;utilisation de compteurs de chaleur est impossible car ces derniers n\u00e9cessitent un circuit de chauffage ferm\u00e9 et clairement d\u00e9fini pour chaque logement, permettant de mesurer la temp\u00e9rature de d\u00e9part et de retour ainsi que le d\u00e9bit.<\/p><p>Les r\u00e9partiteurs de co\u00fbts de chauffage, quant \u00e0 eux, permettent un enregistrement pr\u00e9cis de la consommation individuelle de chaque appartement, m\u00eame si le chauffage est assur\u00e9 par une source centrale. Cela garantit une r\u00e9partition juste et \u00e9quitable des co\u00fbts de chauffage, quel que soit le type de syst\u00e8me.<\/p><p>L&#8217;utilisation de r\u00e9partiteurs de co\u00fbts de chauffage encourage \u00e9galement une consommation d&#8217;\u00e9nergie plus responsable. En enregistrant de mani\u00e8re transparente la consommation individuelle de chaque utilisateur, les r\u00e9sidents sont directement incit\u00e9s \u00e0 r\u00e9duire leur consommation de chauffage. Les utilisateurs qui consomment moins d&#8217;\u00e9nergie de chauffage sont r\u00e9compens\u00e9s financi\u00e8rement, ce qui permet une utilisation plus efficace des ressources et une r\u00e9partition \u00e9quitable des co\u00fbts de chauffage.<\/p><p>EMS Electronic Metering Systems SRL est synonyme de qualit\u00e9 et d&#8217;innovation optimales dans la fabrication de r\u00e9partiteurs de co\u00fbts de chauffage et fournit en toute fiabilit\u00e9 des entreprises partenaires qui utilisent ces dispositifs dans divers domaines de la facturation et de la r\u00e9partition des co\u00fbts de chauffage. Ainsi, cette technologie contribue non seulement \u00e0 une r\u00e9partition \u00e9quitable des co\u00fbts, mais soutient \u00e9galement une utilisation durable et respectueuse de l&#8217;environnement de l&#8217;\u00e9nergie de chauffage.<\/p>\t\t\t\t\t\t\t\t<\/div>\n\t\t\t\t<\/div>\n\t\t\t\t<div class=\"elementor-element elementor-element-b10c45b elementor-widget elementor-widget-image\" data-id=\"b10c45b\" data-element_type=\"widget\" data-e-type=\"widget\" data-widget_type=\"image.default\">\n\t\t\t\t<div class=\"elementor-widget-container\">\n\t\t\t\t\t\t\t\t\t\t\t\t\t\t\t<img decoding=\"async\" width=\"417\" height=\"1024\" src=\"https:\/\/ems-electronic.com\/wp-content\/uploads\/2026\/04\/FRANZ-Ein-weiterer-Vorteil-von-Heizkostenverteilern-wie-dem-RU2-ist-dass-diese-an-fast-allen-Heizkoerpertypen-verwnedet-und-montiert-werden-koennen.jpg\" class=\"attachment-large size-large wp-image-1178\" alt=\"\" srcset=\"https:\/\/ems-electronic.com\/wp-content\/uploads\/2026\/04\/FRANZ-Ein-weiterer-Vorteil-von-Heizkostenverteilern-wie-dem-RU2-ist-dass-diese-an-fast-allen-Heizkoerpertypen-verwnedet-und-montiert-werden-koennen.jpg 417w, https:\/\/ems-electronic.com\/wp-content\/uploads\/2026\/04\/FRANZ-Ein-weiterer-Vorteil-von-Heizkostenverteilern-wie-dem-RU2-ist-dass-diese-an-fast-allen-Heizkoerpertypen-verwnedet-und-montiert-werden-koennen-122x300.jpg 122w\" sizes=\"(max-width: 417px) 100vw, 417px\" \/>\t\t\t\t\t\t\t\t\t\t\t\t\t\t\t<\/div>\n\t\t\t\t<\/div>\n\t\t\t\t\t<\/div>\n\t\t\t\t<\/div>\n\t\t\t\t<\/div>\n\t\t","protected":false},"excerpt":{"rendered":"<p>R\u00e9partiteurs \u00e9lectroniques de frais de chauffage EMS Electronic Metering Systems s.r.l. est sp\u00e9cialis\u00e9e dans le d\u00e9veloppement et la fabrication de r\u00e9partiteurs de co\u00fbts de chauffage sans fil innovants. Ces r\u00e9partiteurs \u00e9lectroniques permettent un enregistrement pr\u00e9cis de la consommation de chauffage dans les pi\u00e8ces ou appartements des immeubles collectifs, des immeubles de bureaux et autres grands [&hellip;]<\/p>\n","protected":false},"author":1,"featured_media":0,"parent":0,"menu_order":0,"comment_status":"closed","ping_status":"closed","template":"","meta":{"ocean_post_layout":"","ocean_both_sidebars_style":"","ocean_both_sidebars_content_width":0,"ocean_both_sidebars_sidebars_width":0,"ocean_sidebar":"","ocean_second_sidebar":"","ocean_disable_margins":"enable","ocean_add_body_class":"","ocean_shortcode_before_top_bar":"","ocean_shortcode_after_top_bar":"","ocean_shortcode_before_header":"","ocean_shortcode_after_header":"","ocean_has_shortcode":"","ocean_shortcode_after_title":"","ocean_shortcode_before_footer_widgets":"","ocean_shortcode_after_footer_widgets":"","ocean_shortcode_before_footer_bottom":"","ocean_shortcode_after_footer_bottom":"","ocean_display_top_bar":"default","ocean_display_header":"default","ocean_header_style":"","ocean_center_header_left_menu":"","ocean_custom_header_template":"","ocean_custom_logo":0,"ocean_custom_retina_logo":0,"ocean_custom_logo_max_width":0,"ocean_custom_logo_tablet_max_width":0,"ocean_custom_logo_mobile_max_width":0,"ocean_custom_logo_max_height":0,"ocean_custom_logo_tablet_max_height":0,"ocean_custom_logo_mobile_max_height":0,"ocean_header_custom_menu":"","ocean_menu_typo_font_family":"","ocean_menu_typo_font_subset":"","ocean_menu_typo_font_size":0,"ocean_menu_typo_font_size_tablet":0,"ocean_menu_typo_font_size_mobile":0,"ocean_menu_typo_font_size_unit":"px","ocean_menu_typo_font_weight":"","ocean_menu_typo_font_weight_tablet":"","ocean_menu_typo_font_weight_mobile":"","ocean_menu_typo_transform":"","ocean_menu_typo_transform_tablet":"","ocean_menu_typo_transform_mobile":"","ocean_menu_typo_line_height":0,"ocean_menu_typo_line_height_tablet":0,"ocean_menu_typo_line_height_mobile":0,"ocean_menu_typo_line_height_unit":"","ocean_menu_typo_spacing":0,"ocean_menu_typo_spacing_tablet":0,"ocean_menu_typo_spacing_mobile":0,"ocean_menu_typo_spacing_unit":"","ocean_menu_link_color":"","ocean_menu_link_color_hover":"","ocean_menu_link_color_active":"","ocean_menu_link_background":"","ocean_menu_link_hover_background":"","ocean_menu_link_active_background":"","ocean_menu_social_links_bg":"","ocean_menu_social_hover_links_bg":"","ocean_menu_social_links_color":"","ocean_menu_social_hover_links_color":"","ocean_disable_title":"default","ocean_disable_heading":"default","ocean_post_title":"","ocean_post_subheading":"","ocean_post_title_style":"","ocean_post_title_background_color":"","ocean_post_title_background":0,"ocean_post_title_bg_image_position":"","ocean_post_title_bg_image_attachment":"","ocean_post_title_bg_image_repeat":"","ocean_post_title_bg_image_size":"","ocean_post_title_height":0,"ocean_post_title_bg_overlay":0.5,"ocean_post_title_bg_overlay_color":"","ocean_disable_breadcrumbs":"default","ocean_breadcrumbs_color":"","ocean_breadcrumbs_separator_color":"","ocean_breadcrumbs_links_color":"","ocean_breadcrumbs_links_hover_color":"","ocean_display_footer_widgets":"default","ocean_display_footer_bottom":"default","ocean_custom_footer_template":"","footnotes":""},"class_list":["post-901","page","type-page","status-publish","hentry","entry"],"yoast_head":"<!-- This site is optimized with the Yoast SEO plugin v24.9 - https:\/\/yoast.com\/wordpress\/plugins\/seo\/ -->\n<title>R\u00e9partiteurs \u00e9lectroniques de frais de chauffage - EMS Electronic Metering Systems<\/title>\n<meta name=\"robots\" content=\"index, follow, max-snippet:-1, max-image-preview:large, max-video-preview:-1\" \/>\n<link rel=\"canonical\" href=\"https:\/\/ems-electronic.com\/?page_id=901&lang=fr\" \/>\n<meta property=\"og:locale\" content=\"de_DE\" \/>\n<meta property=\"og:type\" content=\"article\" \/>\n<meta property=\"og:title\" content=\"R\u00e9partiteurs \u00e9lectroniques de frais de chauffage - EMS Electronic Metering Systems\" \/>\n<meta property=\"og:description\" content=\"R\u00e9partiteurs \u00e9lectroniques de frais de chauffage EMS Electronic Metering Systems s.r.l. est sp\u00e9cialis\u00e9e dans le d\u00e9veloppement et la fabrication de r\u00e9partiteurs de co\u00fbts de chauffage sans fil innovants. Ces r\u00e9partiteurs \u00e9lectroniques permettent un enregistrement pr\u00e9cis de la consommation de chauffage dans les pi\u00e8ces ou appartements des immeubles collectifs, des immeubles de bureaux et autres grands [&hellip;]\" \/>\n<meta property=\"og:url\" content=\"https:\/\/ems-electronic.com\/?page_id=901&amp;lang=fr\" \/>\n<meta property=\"og:site_name\" content=\"EMS Electronic Metering Systems\" \/>\n<meta property=\"article:modified_time\" content=\"2026-04-08T12:23:30+00:00\" \/>\n<meta property=\"og:image\" content=\"https:\/\/ems-electronic.com\/wp-content\/uploads\/2026\/04\/Bild-fuer-Infothek-Heizkostenverteiler-Franzoesisch.jpg\" \/>\n\t<meta property=\"og:image:width\" content=\"656\" \/>\n\t<meta property=\"og:image:height\" content=\"1024\" \/>\n\t<meta property=\"og:image:type\" content=\"image\/jpeg\" \/>\n<meta name=\"twitter:card\" content=\"summary_large_image\" \/>\n<meta name=\"twitter:label1\" content=\"Gesch\u00e4tzte Lesezeit\" \/>\n\t<meta name=\"twitter:data1\" content=\"4\u00a0Minuten\" \/>\n<script type=\"application\/ld+json\" class=\"yoast-schema-graph\">{\"@context\":\"https:\/\/schema.org\",\"@graph\":[{\"@type\":\"WebPage\",\"@id\":\"https:\/\/ems-electronic.com\/?page_id=901&lang=fr\",\"url\":\"https:\/\/ems-electronic.com\/?page_id=901&lang=fr\",\"name\":\"R\u00e9partiteurs \u00e9lectroniques de frais de chauffage - EMS Electronic Metering Systems\",\"isPartOf\":{\"@id\":\"https:\/\/ems-electronic.com\/#website\"},\"primaryImageOfPage\":{\"@id\":\"https:\/\/ems-electronic.com\/?page_id=901&lang=fr#primaryimage\"},\"image\":{\"@id\":\"https:\/\/ems-electronic.com\/?page_id=901&lang=fr#primaryimage\"},\"thumbnailUrl\":\"https:\/\/ems-electronic.com\/wp-content\/uploads\/2026\/04\/Bild-fuer-Infothek-Heizkostenverteiler-Franzoesisch.jpg\",\"datePublished\":\"2026-03-30T14:02:10+00:00\",\"dateModified\":\"2026-04-08T12:23:30+00:00\",\"breadcrumb\":{\"@id\":\"https:\/\/ems-electronic.com\/?page_id=901&lang=fr#breadcrumb\"},\"inLanguage\":\"de\",\"potentialAction\":[{\"@type\":\"ReadAction\",\"target\":[\"https:\/\/ems-electronic.com\/?page_id=901&lang=fr\"]}]},{\"@type\":\"ImageObject\",\"inLanguage\":\"de\",\"@id\":\"https:\/\/ems-electronic.com\/?page_id=901&lang=fr#primaryimage\",\"url\":\"https:\/\/ems-electronic.com\/wp-content\/uploads\/2026\/04\/Bild-fuer-Infothek-Heizkostenverteiler-Franzoesisch.jpg\",\"contentUrl\":\"https:\/\/ems-electronic.com\/wp-content\/uploads\/2026\/04\/Bild-fuer-Infothek-Heizkostenverteiler-Franzoesisch.jpg\",\"width\":656,\"height\":1024},{\"@type\":\"BreadcrumbList\",\"@id\":\"https:\/\/ems-electronic.com\/?page_id=901&lang=fr#breadcrumb\",\"itemListElement\":[{\"@type\":\"ListItem\",\"position\":1,\"name\":\"Startseite\",\"item\":\"https:\/\/ems-electronic.com\/?page_id=37&lang=de\"},{\"@type\":\"ListItem\",\"position\":2,\"name\":\"R\u00e9partiteurs \u00e9lectroniques de frais de chauffage\"}]},{\"@type\":\"WebSite\",\"@id\":\"https:\/\/ems-electronic.com\/#website\",\"url\":\"https:\/\/ems-electronic.com\/\",\"name\":\"EMS Electronic Metering Systems\",\"description\":\"Precision electronic component manufacturing tailored to your specifications \u2013 from small-series production to reliable contract assembly, certified according to ISO 9001 and backed by the Messtechnik Group\",\"publisher\":{\"@id\":\"https:\/\/ems-electronic.com\/#organization\"},\"alternateName\":\"Precision electronic component manufacturing tailored to your specifications \u2013 from small-series production to reliable contract assembly, certified according to ISO 9001 and backed by the Messtechnik Group\",\"potentialAction\":[{\"@type\":\"SearchAction\",\"target\":{\"@type\":\"EntryPoint\",\"urlTemplate\":\"https:\/\/ems-electronic.com\/?s={search_term_string}\"},\"query-input\":{\"@type\":\"PropertyValueSpecification\",\"valueRequired\":true,\"valueName\":\"search_term_string\"}}],\"inLanguage\":\"de\"},{\"@type\":\"Organization\",\"@id\":\"https:\/\/ems-electronic.com\/#organization\",\"name\":\"EMS Electronic Metering Systems s.r.l.\",\"url\":\"https:\/\/ems-electronic.com\/\",\"logo\":{\"@type\":\"ImageObject\",\"inLanguage\":\"de\",\"@id\":\"https:\/\/ems-electronic.com\/#\/schema\/logo\/image\/\",\"url\":\"https:\/\/ems-electronic.com\/wp-content\/uploads\/2024\/06\/cropped-cropped-EMS_quadrat_web.jpg\",\"contentUrl\":\"https:\/\/ems-electronic.com\/wp-content\/uploads\/2024\/06\/cropped-cropped-EMS_quadrat_web.jpg\",\"width\":512,\"height\":173,\"caption\":\"EMS Electronic Metering Systems s.r.l.\"},\"image\":{\"@id\":\"https:\/\/ems-electronic.com\/#\/schema\/logo\/image\/\"}}]}<\/script>\n<!-- \/ Yoast SEO plugin. -->","yoast_head_json":{"title":"R\u00e9partiteurs \u00e9lectroniques de frais de chauffage - EMS Electronic Metering Systems","robots":{"index":"index","follow":"follow","max-snippet":"max-snippet:-1","max-image-preview":"max-image-preview:large","max-video-preview":"max-video-preview:-1"},"canonical":"https:\/\/ems-electronic.com\/?page_id=901&lang=fr","og_locale":"de_DE","og_type":"article","og_title":"R\u00e9partiteurs \u00e9lectroniques de frais de chauffage - EMS Electronic Metering Systems","og_description":"R\u00e9partiteurs \u00e9lectroniques de frais de chauffage EMS Electronic Metering Systems s.r.l. est sp\u00e9cialis\u00e9e dans le d\u00e9veloppement et la fabrication de r\u00e9partiteurs de co\u00fbts de chauffage sans fil innovants. Ces r\u00e9partiteurs \u00e9lectroniques permettent un enregistrement pr\u00e9cis de la consommation de chauffage dans les pi\u00e8ces ou appartements des immeubles collectifs, des immeubles de bureaux et autres grands [&hellip;]","og_url":"https:\/\/ems-electronic.com\/?page_id=901&lang=fr","og_site_name":"EMS Electronic Metering Systems","article_modified_time":"2026-04-08T12:23:30+00:00","og_image":[{"width":656,"height":1024,"url":"https:\/\/ems-electronic.com\/wp-content\/uploads\/2026\/04\/Bild-fuer-Infothek-Heizkostenverteiler-Franzoesisch.jpg","type":"image\/jpeg"}],"twitter_card":"summary_large_image","twitter_misc":{"Gesch\u00e4tzte Lesezeit":"4\u00a0Minuten"},"schema":{"@context":"https:\/\/schema.org","@graph":[{"@type":"WebPage","@id":"https:\/\/ems-electronic.com\/?page_id=901&lang=fr","url":"https:\/\/ems-electronic.com\/?page_id=901&lang=fr","name":"R\u00e9partiteurs \u00e9lectroniques de frais de chauffage - EMS Electronic Metering Systems","isPartOf":{"@id":"https:\/\/ems-electronic.com\/#website"},"primaryImageOfPage":{"@id":"https:\/\/ems-electronic.com\/?page_id=901&lang=fr#primaryimage"},"image":{"@id":"https:\/\/ems-electronic.com\/?page_id=901&lang=fr#primaryimage"},"thumbnailUrl":"https:\/\/ems-electronic.com\/wp-content\/uploads\/2026\/04\/Bild-fuer-Infothek-Heizkostenverteiler-Franzoesisch.jpg","datePublished":"2026-03-30T14:02:10+00:00","dateModified":"2026-04-08T12:23:30+00:00","breadcrumb":{"@id":"https:\/\/ems-electronic.com\/?page_id=901&lang=fr#breadcrumb"},"inLanguage":"de","potentialAction":[{"@type":"ReadAction","target":["https:\/\/ems-electronic.com\/?page_id=901&lang=fr"]}]},{"@type":"ImageObject","inLanguage":"de","@id":"https:\/\/ems-electronic.com\/?page_id=901&lang=fr#primaryimage","url":"https:\/\/ems-electronic.com\/wp-content\/uploads\/2026\/04\/Bild-fuer-Infothek-Heizkostenverteiler-Franzoesisch.jpg","contentUrl":"https:\/\/ems-electronic.com\/wp-content\/uploads\/2026\/04\/Bild-fuer-Infothek-Heizkostenverteiler-Franzoesisch.jpg","width":656,"height":1024},{"@type":"BreadcrumbList","@id":"https:\/\/ems-electronic.com\/?page_id=901&lang=fr#breadcrumb","itemListElement":[{"@type":"ListItem","position":1,"name":"Startseite","item":"https:\/\/ems-electronic.com\/?page_id=37&lang=de"},{"@type":"ListItem","position":2,"name":"R\u00e9partiteurs \u00e9lectroniques de frais de chauffage"}]},{"@type":"WebSite","@id":"https:\/\/ems-electronic.com\/#website","url":"https:\/\/ems-electronic.com\/","name":"EMS Electronic Metering Systems","description":"Precision electronic component manufacturing tailored to your specifications \u2013 from small-series production to reliable contract assembly, certified according to ISO 9001 and backed by the Messtechnik Group","publisher":{"@id":"https:\/\/ems-electronic.com\/#organization"},"alternateName":"Precision electronic component manufacturing tailored to your specifications \u2013 from small-series production to reliable contract assembly, certified according to ISO 9001 and backed by the Messtechnik Group","potentialAction":[{"@type":"SearchAction","target":{"@type":"EntryPoint","urlTemplate":"https:\/\/ems-electronic.com\/?s={search_term_string}"},"query-input":{"@type":"PropertyValueSpecification","valueRequired":true,"valueName":"search_term_string"}}],"inLanguage":"de"},{"@type":"Organization","@id":"https:\/\/ems-electronic.com\/#organization","name":"EMS Electronic Metering Systems s.r.l.","url":"https:\/\/ems-electronic.com\/","logo":{"@type":"ImageObject","inLanguage":"de","@id":"https:\/\/ems-electronic.com\/#\/schema\/logo\/image\/","url":"https:\/\/ems-electronic.com\/wp-content\/uploads\/2024\/06\/cropped-cropped-EMS_quadrat_web.jpg","contentUrl":"https:\/\/ems-electronic.com\/wp-content\/uploads\/2024\/06\/cropped-cropped-EMS_quadrat_web.jpg","width":512,"height":173,"caption":"EMS Electronic Metering Systems s.r.l."},"image":{"@id":"https:\/\/ems-electronic.com\/#\/schema\/logo\/image\/"}}]}},"jetpack_sharing_enabled":true,"_links":{"self":[{"href":"https:\/\/ems-electronic.com\/index.php?rest_route=\/wp\/v2\/pages\/901","targetHints":{"allow":["GET"]}}],"collection":[{"href":"https:\/\/ems-electronic.com\/index.php?rest_route=\/wp\/v2\/pages"}],"about":[{"href":"https:\/\/ems-electronic.com\/index.php?rest_route=\/wp\/v2\/types\/page"}],"author":[{"embeddable":true,"href":"https:\/\/ems-electronic.com\/index.php?rest_route=\/wp\/v2\/users\/1"}],"replies":[{"embeddable":true,"href":"https:\/\/ems-electronic.com\/index.php?rest_route=%2Fwp%2Fv2%2Fcomments&post=901"}],"version-history":[{"count":13,"href":"https:\/\/ems-electronic.com\/index.php?rest_route=\/wp\/v2\/pages\/901\/revisions"}],"predecessor-version":[{"id":1181,"href":"https:\/\/ems-electronic.com\/index.php?rest_route=\/wp\/v2\/pages\/901\/revisions\/1181"}],"wp:attachment":[{"href":"https:\/\/ems-electronic.com\/index.php?rest_route=%2Fwp%2Fv2%2Fmedia&parent=901"}],"curies":[{"name":"wp","href":"https:\/\/api.w.org\/{rel}","templated":true}]}}