{"id":963,"date":"2026-04-03T06:32:20","date_gmt":"2026-04-03T06:32:20","guid":{"rendered":"https:\/\/ems-electronic.com\/?page_id=963"},"modified":"2026-04-03T06:33:24","modified_gmt":"2026-04-03T06:33:24","slug":"ultraschall-waermezaehler-2","status":"publish","type":"page","link":"https:\/\/ems-electronic.com\/?page_id=963&lang=de","title":{"rendered":"Ultraschall W\u00e4rmez\u00e4hler"},"content":{"rendered":"\t\t<div data-elementor-type=\"wp-page\" data-elementor-id=\"963\" class=\"elementor elementor-963\">\n\t\t\t\t<div class=\"elementor-element elementor-element-b3f1f99 e-flex e-con-boxed e-con e-parent\" data-id=\"b3f1f99\" data-element_type=\"container\" data-e-type=\"container\">\n\t\t\t\t\t<div class=\"e-con-inner\">\n\t\t\t\t<div class=\"elementor-element elementor-element-22df6b2 elementor-widget elementor-widget-heading\" data-id=\"22df6b2\" data-element_type=\"widget\" data-e-type=\"widget\" data-widget_type=\"heading.default\">\n\t\t\t\t<div class=\"elementor-widget-container\">\n\t\t\t\t\t<h2 class=\"elementor-heading-title elementor-size-default\">Ultraschall-W\u00e4rmez\u00e4hler<\/h2>\t\t\t\t<\/div>\n\t\t\t\t<\/div>\n\t\t\t\t<div class=\"elementor-element elementor-element-cf47200 elementor-widget elementor-widget-text-editor\" data-id=\"cf47200\" data-element_type=\"widget\" data-e-type=\"widget\" data-widget_type=\"text-editor.default\">\n\t\t\t\t<div class=\"elementor-widget-container\">\n\t\t\t\t\t\t\t\t\t<p><strong>EMS Electronic Metering Systems<\/strong> ist auch in besonderem Ma\u00dfe auf die Entwicklung und die Herstellung von <strong>W\u00e4rmez\u00e4hlern<\/strong> spezialisiert. Seit seiner Gr\u00fcndung hat sich die Firma in der Branche etabliert und z\u00e4hlt heute zu einem bekannten Hersteller von <strong>Ultraschall-W\u00e4rmez\u00e4hlern<\/strong>, die durch ihre au\u00dfergew\u00f6hnliche Pr\u00e4zision und Zuverl\u00e4ssigkeit bestechen.<\/p><p>Besonders im Bereich der <strong>Ultraschall-Durchflussmessung<\/strong> hat sich <strong>EMS Electronic Metering Systems<\/strong> eine bemerkenswerte <strong>Expertise<\/strong> erarbeitet, die es der Firma erm\u00f6glicht, modernste Technologien zur Messung von W\u00e4rme und Energie einzusetzen. Diese fortschrittliche Technik wird zunehmend in verschiedenen Sektoren wie dem Sub-Metering Bereich im Wohnbau, in der <strong>Fernw\u00e4rmeversorgung<\/strong>, in <strong>Industrieanlagen<\/strong> und in <strong>Energie\u00fcberwachungssystemen<\/strong> eingesetzt, da sie eine pr\u00e4zise und kontinuierliche Erfassung des W\u00e4rmeverbrauchs erm\u00f6glicht.<\/p><p>Das Unternehmen stellt eigene <strong>Ultraschall-W\u00e4rmez\u00e4hler<\/strong> des Typs <strong>HMU-1<\/strong> her, die speziell f\u00fcr die Messung des W\u00e4rmeverbrauchs in Warmwasser-Heizungssystemen entwickelt wurden. Diese W\u00e4rmez\u00e4hler bieten eine Vielzahl von Vorteilen, darunter ihre hohe Genauigkeit, die schnelle Reaktionszeit und ihre Best\u00e4ndigkeit gegen\u00fcber \u00e4u\u00dferen Einfl\u00fcssen wie Vibrationen oder Temperaturschwankungen. Sie sind ideal f\u00fcr die Verwendung in anspruchsvollen Umgebungen, in denen die zuverl\u00e4ssige Erfassung von Energiefl\u00fcssen entscheidend ist. Die <strong>HMU-1<\/strong> Modelle zeichnen sich au\u00dferdem durch eine benutzerfreundliche Handhabung und eine robuste Konstruktion aus, die eine lange Lebensdauer garantiert.<\/p><p>Die Firma <strong>EMS Electronic Metering Systems<\/strong> erf\u00fcllt s\u00e4mtliche Anforderungen der <strong>europ\u00e4ischen Messger\u00e4terichtlinie (Measuring Instruments Directive, MID 2014\/32\/EU)<\/strong>, die f\u00fcr die Konformit\u00e4t von Messger\u00e4ten in Europa ma\u00dfgeblich ist. Diese Richtlinie die zwischenzeitlich in den einzelnen europ\u00e4ischen Mitgliedsstaaten in nationales Recht integriert wurde legt fest, dass W\u00e4rmez\u00e4hler eine bestimmte Genauigkeit und Verl\u00e4sslichkeit aufweisen m\u00fcssen, um f\u00fcr die Abrechnung und Messung von W\u00e4rmeenergieverbrauch eingesetzt werden zu k\u00f6nnen. EMS Electronic Metering Systems stellt sicher, dass alle gefertigten Ultraschall-W\u00e4rmez\u00e4hler diesen strengen Anforderungen bzw. den Anforderungen der MID entsprechen und somit f\u00fcr den europ\u00e4ischen Markt zugelassen sind.<\/p><p>Dank dieser <strong>MID-konformen Fertigung<\/strong> k\u00f6nnen die Produkte des Unternehmens auch in allen L\u00e4ndern der EU sowie in allen EFTA bzw. EWR L\u00e4ndern uneingeschr\u00e4nkt verwendet werden, was f\u00fcr europ\u00e4ische Kunden eine wichtige Voraussetzung f\u00fcr den Einsatz dieser Ger\u00e4te darstellt.<\/p><p>Gerade f\u00fcr internationale Kunden von <strong>EMS Electronic Metering Systems<\/strong> au\u00dferhalb der EU, des EWR und der EFTA ist es von gro\u00dfem Vorteil, dass die <strong>Ultraschall-W\u00e4rmez\u00e4hler<\/strong> des Unternehmens nach den Anforderungen der <strong>Measuring Instruments Directive (MID)<\/strong> gefertigt werden. Diese europ\u00e4ische Richtlinie stellt sicher, dass alle gefertigten Messger\u00e4te h\u00f6chste Standards in Bezug auf <strong>Messgenauigkeit<\/strong>, <strong>Zuverl\u00e4ssigkeit<\/strong> und <strong>Qualit\u00e4t<\/strong> erf\u00fcllen, die f\u00fcr die Zulassung und Verwendung im europ\u00e4ischen Markt erforderlich sind.<\/p><p>Die <strong>MID<\/strong> ist eine der strengsten regulatorischen Normen f\u00fcr Messger\u00e4te weltweit. Sie stellt sicher, dass die Ger\u00e4te nicht nur den gesetzlichen Anforderungen entsprechen, sondern auch eine au\u00dfergew\u00f6hnlich hohe <strong>Messgenauigkeit<\/strong> und <strong>Verl\u00e4sslichkeit<\/strong> bieten. F\u00fcr internationale Kunden, die auf zuverl\u00e4ssige und pr\u00e4zise Messger\u00e4te angewiesen sind, bedeutet die MID-Zertifizierung eine <strong>garantierte Qualit\u00e4t<\/strong>. Die strengen Anforderungen dieser Richtlinie gehen weit \u00fcber die \u00fcblichen Standards hinaus und bieten daher den Vorteil, dass die <strong>W\u00e4rmez\u00e4hler von EMS Electronic Metering Systems<\/strong> unter realen Bedingungen konstant pr\u00e4zise und zuverl\u00e4ssig arbeiten, unabh\u00e4ngig davon, ob sie in Europa, Nordamerika, Asien oder anderen Teilen der Welt eingesetzt werden.<\/p><p>Ein weiterer Vorteil f\u00fcr internationale Kunden au\u00dferhalb der EU, des EWR und der EFTA ist auch, dass die <strong>MID<\/strong>-Konformit\u00e4t einen Qualit\u00e4tsvorteil und damit einen Marktvorteil bedeutet. In vielen L\u00e4ndern weltweit, und vor allem auch in M\u00e4rkten, die die <strong>MID-Richtlinien<\/strong> oder \u00e4hnliche Standards \u00fcbernommen haben, m\u00fcssen Messger\u00e4te diesen strengen Vorgaben entsprechen, um in betrieblichen Anwendungen oder f\u00fcr Abrechnungszwecke zugelassen zu werden.<\/p><p><strong>EMS Electronic Metering Systems<\/strong> bietet seinen internationalen Kunden durch die MID-Konformit\u00e4t also nicht nur ein Produkt, das die besten Qualit\u00e4tsstandards erf\u00fcllt, sondern in vielen F\u00e4llen auch eine <strong>rechtliche Sicherheit<\/strong> und <strong>Marktzulassung<\/strong> f\u00fcr die Nutzung in verschiedenen anderen L\u00e4ndern au\u00dferhalb der EU, des EWR und der EFTA. Diese MID-Konformit\u00e4t erm\u00f6glicht es oftmals bzw. in vielen F\u00e4llen, dass die Ger\u00e4te weltweit eingesetzt werden k\u00f6nnen, ohne dass weitere zus\u00e4tzliche Tests oder erneute Zulassungsverfahren erforderlich sind.<\/p><p>Gerade f\u00fcr <strong>internationale Kunden au\u00dferhalb der EU, des EWR und der EFTA<\/strong>, die auf die pr\u00e4zise Erfassung von <strong>W\u00e4rmeenergie<\/strong> und <strong>Energiefl\u00fcssen<\/strong> angewiesen sind \u2013 sei es im Submetering im Wohnungsbereich, in <strong>Fernw\u00e4rmesystemen<\/strong>, in <strong>Industrieprozessen<\/strong> oder bei der <strong>Energieabrechnung<\/strong> \u2013 bieten die nach MID gefertigten W\u00e4rmez\u00e4hler von EMS eine <strong>hohe Messgenauigkeit<\/strong>, die durch umfassende <strong>Pr\u00fcf- und Kalibrierverfahren<\/strong> kontinuierlich gew\u00e4hrleistet wird.<\/p><p>Die <strong>MID-Vorgaben<\/strong> f\u00fcr <strong>Messgenauigkeit<\/strong> sind besonders anspruchsvoll und umfassen nicht nur die genaue Erfassung des <strong>Durchflusses<\/strong>, sondern auch die <strong>Temperaturmessung<\/strong> und die <strong>Langzeitstabilit\u00e4t<\/strong> der Ger\u00e4te. Daher k\u00f6nnen internationale Kunden au\u00dferhalb der EU, der EFTA und des EWR sicher sein, dass sie Ger\u00e4te erhalten, die h\u00f6chste Anforderungen an Pr\u00e4zision und Langlebigkeit erf\u00fcllen und im t\u00e4glichen Betrieb eine konstant hohe Leistung erbringen.<\/p><p>Gerade internationale Kunden au\u00dferhalb der EU, der EFTA, und des EWR k\u00f6nnen sich darauf verlassen, dass sie mit <strong>EMS Electronic Metering Systems<\/strong> einen Partner an ihrer Seite haben, der ihnen Produkte liefert, die weltweit h\u00f6chsten Qualit\u00e4tsanforderungen entsprechen.<\/p><p>Ein entscheidender Bestandteil der Qualit\u00e4tssicherung und der Fertigung nach MID Anforderungen sind die hochgenauen <strong>Durchflusspr\u00fcfst\u00e4nde<\/strong>, die in Zusammenarbeit mit einem der f\u00fchrenden und renommiertesten Hersteller von hochpr\u00e4zisen Pr\u00fcfst\u00e4nden in Mitteleuropa realisiert wurden. Diese Pr\u00fcfst\u00e4nde kommen zum Einsatz, um die Ultraschall-W\u00e4rmez\u00e4hler im Zuge des Fertigungsprozesses in einer Vielzahl von realistischen Testszenarien zu pr\u00fcfen und sicherzustellen, dass die Ger\u00e4te unter allen m\u00f6glichen Bedingungen exakt messen.<\/p><p>Die Durchflusspr\u00fcfst\u00e4nde von EMS Electronic Metering Systems nutzen fortschrittliche <strong>Referenzsysteme<\/strong>, wie den <strong>Piston Prover<\/strong> (Kolbenprober), der mit seiner extrem hohen Genauigkeit eine pr\u00e4zise Bestimmung des Durchflusses erm\u00f6glicht. Ein weiteres verwendetes System sind die <strong>magnetisch-induktiven Durchflussmesser (MID)<\/strong>, die durch magnetische Induktion eine \u00e4u\u00dferst pr\u00e4zise Messung des Fl\u00fcssigkeitsdurchflusses erm\u00f6glicht. Diese Technologien arbeiten zusammen, um eine au\u00dfergew\u00f6hnlich niedrige <strong>Messunsicherheit<\/strong> zu erreichen, die im Bereich von <strong>\u00b10,2 % bis \u00b10,5 %<\/strong> liegt. Diese hohe Pr\u00e4zision ist entscheidend, um die exakte Erfassung der Energiefl\u00fcsse sicherzustellen und die Funktionalit\u00e4t der W\u00e4rmez\u00e4hler \u00fcber den gesamten Lebenszyklus hinweg zu gew\u00e4hrleisten.<\/p><p>Ein weiterer wichtiger Aspekt der Qualit\u00e4tspr\u00fcfung bei <strong>EMS Electronic Metering Systems<\/strong> im Zuge des MID konformen Fertigungsprozesses ist die pr\u00e4zise <strong>Kalibrierung der Temperaturf\u00fchler<\/strong>. Da die exakte Temperaturmessung eine wesentliche Voraussetzung f\u00fcr die pr\u00e4zise Berechnung des W\u00e4rmeverbrauchs ist, setzt das Unternehmen auf moderne <strong>\u00d6l-Temperaturb\u00e4der<\/strong>, um die Temperaturf\u00fchler der Ultraschall-W\u00e4rmez\u00e4hler zu pr\u00fcfen und zu kalibrieren. Insgesamt verf\u00fcgt <strong>EMS Electronic Metering Systems<\/strong> \u00fcber drei hochgenaue \u00d6l-Temperaturb\u00e4der, die f\u00fcr diese Pr\u00fcfungen und Kalibrierungen verwendet werden. Diese B\u00e4der bieten eine konstante, pr\u00e4zise Temperaturregelung und gew\u00e4hrleisten, dass die Temperaturf\u00fchler unter kontrollierten und idealen Bedingungen getestet werden. Diese Kalibrierung ist von entscheidender Bedeutung, um sicherzustellen, dass die Temperaturf\u00fchler w\u00e4hrend des gesamten Betriebs des W\u00e4rmez\u00e4hlers genaue Werte liefern.<\/p><p>Die <strong>\u00d6l-Temperaturb\u00e4der<\/strong> werden mit einer au\u00dfergew\u00f6hnlich hohen Genauigkeit betrieben und erlauben es, die Temperaturf\u00fchler \u00fcber den gesamten Temperaturbereich hinweg zu testen, der f\u00fcr den jeweiligen Einsatz des W\u00e4rmez\u00e4hlers relevant ist. Durch diese Tests wird sichergestellt, dass die Ultraschall-W\u00e4rmez\u00e4hler auch unter extremen Temperaturbedingungen zuverl\u00e4ssig arbeiten und genaue Messungen liefern. Diese Pr\u00fcf- und Kalibrierverfahren sind nicht nur f\u00fcr die Einhaltung der MID-Vorgaben von Bedeutung, sondern auch f\u00fcr die kontinuierliche Verbesserung der Produktqualit\u00e4t und die Anpassung an neue technologische Anforderungen.<\/p><p>Durch den Einsatz dieser hochpr\u00e4zisen Kalibrier- und Pr\u00fcfmethoden gew\u00e4hrleistet <strong>EMS Electronic Metering Systems<\/strong>, dass ihre <strong>Ultraschall-W\u00e4rmez\u00e4hler<\/strong> \u00fcber die gesamte Lebensdauer hinweg eine konstant hohe Messgenauigkeit bieten. Das Unternehmen sorgt daf\u00fcr, dass die Ger\u00e4te zuverl\u00e4ssig arbeiten und eine lange Lebensdauer haben, was zu einer hohen Kundenzufriedenheit f\u00fchrt und die Betriebskosten der Endanwender minimiert.<\/p><p>In Kombination mit der Verwendung modernster Pr\u00fcfst\u00e4nde und Kalibriertechniken sowie einer kontinuierlichen Weiterentwicklung ihrer Produkte hat sich <strong>EMS Electronic Metering Systems<\/strong> als erfahrener und bekannter Anbieter im Bereich der <strong>Ultraschall-W\u00e4rmez\u00e4hler<\/strong> etabliert. EMS Electronic Metering Systems legt gro\u00dfen Wert auf <strong>Innovation<\/strong>, <strong>Qualit\u00e4t<\/strong> und <strong>Zuverl\u00e4ssigkeit<\/strong> und sorgt daf\u00fcr, dass seine Kunden stets mit den besten Technologien f\u00fcr die Messung und \u00dcberwachung von W\u00e4rme- und Energiefl\u00fcssen ausgestattet sind. Ob im Submetering im Bereich der Wohnungswirtschaft, der <strong>Industrie<\/strong>, in <strong>Fernw\u00e4rmesystemen<\/strong> oder bei <strong>Energie\u00fcberwachungsanlagen<\/strong>, die Produkte von <strong>EMS Electronic Metering Systems<\/strong> bieten L\u00f6sungen, auf die sich die Kunden weltweit verlassen k\u00f6nnen.<\/p>\t\t\t\t\t\t\t\t<\/div>\n\t\t\t\t<\/div>\n\t\t\t\t\t<\/div>\n\t\t\t\t<\/div>\n\t\t\t\t<\/div>\n\t\t","protected":false},"excerpt":{"rendered":"<p>Ultraschall-W\u00e4rmez\u00e4hler EMS Electronic Metering Systems ist auch in besonderem Ma\u00dfe auf die Entwicklung und die Herstellung von W\u00e4rmez\u00e4hlern spezialisiert. Seit seiner Gr\u00fcndung hat sich die Firma in der Branche etabliert und z\u00e4hlt heute zu einem bekannten Hersteller von Ultraschall-W\u00e4rmez\u00e4hlern, die durch ihre au\u00dfergew\u00f6hnliche Pr\u00e4zision und Zuverl\u00e4ssigkeit bestechen. Besonders im Bereich der Ultraschall-Durchflussmessung hat sich EMS [&hellip;]<\/p>\n","protected":false},"author":1,"featured_media":0,"parent":0,"menu_order":0,"comment_status":"closed","ping_status":"closed","template":"","meta":{"ocean_post_layout":"","ocean_both_sidebars_style":"","ocean_both_sidebars_content_width":0,"ocean_both_sidebars_sidebars_width":0,"ocean_sidebar":"","ocean_second_sidebar":"","ocean_disable_margins":"enable","ocean_add_body_class":"","ocean_shortcode_before_top_bar":"","ocean_shortcode_after_top_bar":"","ocean_shortcode_before_header":"","ocean_shortcode_after_header":"","ocean_has_shortcode":"","ocean_shortcode_after_title":"","ocean_shortcode_before_footer_widgets":"","ocean_shortcode_after_footer_widgets":"","ocean_shortcode_before_footer_bottom":"","ocean_shortcode_after_footer_bottom":"","ocean_display_top_bar":"default","ocean_display_header":"default","ocean_header_style":"","ocean_center_header_left_menu":"","ocean_custom_header_template":"","ocean_custom_logo":0,"ocean_custom_retina_logo":0,"ocean_custom_logo_max_width":0,"ocean_custom_logo_tablet_max_width":0,"ocean_custom_logo_mobile_max_width":0,"ocean_custom_logo_max_height":0,"ocean_custom_logo_tablet_max_height":0,"ocean_custom_logo_mobile_max_height":0,"ocean_header_custom_menu":"","ocean_menu_typo_font_family":"","ocean_menu_typo_font_subset":"","ocean_menu_typo_font_size":0,"ocean_menu_typo_font_size_tablet":0,"ocean_menu_typo_font_size_mobile":0,"ocean_menu_typo_font_size_unit":"px","ocean_menu_typo_font_weight":"","ocean_menu_typo_font_weight_tablet":"","ocean_menu_typo_font_weight_mobile":"","ocean_menu_typo_transform":"","ocean_menu_typo_transform_tablet":"","ocean_menu_typo_transform_mobile":"","ocean_menu_typo_line_height":0,"ocean_menu_typo_line_height_tablet":0,"ocean_menu_typo_line_height_mobile":0,"ocean_menu_typo_line_height_unit":"","ocean_menu_typo_spacing":0,"ocean_menu_typo_spacing_tablet":0,"ocean_menu_typo_spacing_mobile":0,"ocean_menu_typo_spacing_unit":"","ocean_menu_link_color":"","ocean_menu_link_color_hover":"","ocean_menu_link_color_active":"","ocean_menu_link_background":"","ocean_menu_link_hover_background":"","ocean_menu_link_active_background":"","ocean_menu_social_links_bg":"","ocean_menu_social_hover_links_bg":"","ocean_menu_social_links_color":"","ocean_menu_social_hover_links_color":"","ocean_disable_title":"default","ocean_disable_heading":"default","ocean_post_title":"","ocean_post_subheading":"","ocean_post_title_style":"","ocean_post_title_background_color":"","ocean_post_title_background":0,"ocean_post_title_bg_image_position":"","ocean_post_title_bg_image_attachment":"","ocean_post_title_bg_image_repeat":"","ocean_post_title_bg_image_size":"","ocean_post_title_height":0,"ocean_post_title_bg_overlay":0.5,"ocean_post_title_bg_overlay_color":"","ocean_disable_breadcrumbs":"default","ocean_breadcrumbs_color":"","ocean_breadcrumbs_separator_color":"","ocean_breadcrumbs_links_color":"","ocean_breadcrumbs_links_hover_color":"","ocean_display_footer_widgets":"default","ocean_display_footer_bottom":"default","ocean_custom_footer_template":"","footnotes":""},"class_list":["post-963","page","type-page","status-publish","hentry","entry"],"yoast_head":"<!-- This site is optimized with the Yoast SEO plugin v24.9 - https:\/\/yoast.com\/wordpress\/plugins\/seo\/ -->\n<title>Ultraschall W\u00e4rmez\u00e4hler - EMS Electronic Metering Systems<\/title>\n<meta name=\"robots\" content=\"index, follow, max-snippet:-1, max-image-preview:large, max-video-preview:-1\" \/>\n<link rel=\"canonical\" href=\"https:\/\/ems-electronic.com\/?page_id=963&lang=de\" \/>\n<meta property=\"og:locale\" content=\"de_DE\" \/>\n<meta property=\"og:type\" content=\"article\" \/>\n<meta property=\"og:title\" content=\"Ultraschall W\u00e4rmez\u00e4hler - EMS Electronic Metering Systems\" \/>\n<meta property=\"og:description\" content=\"Ultraschall-W\u00e4rmez\u00e4hler EMS Electronic Metering Systems ist auch in besonderem Ma\u00dfe auf die Entwicklung und die Herstellung von W\u00e4rmez\u00e4hlern spezialisiert. Seit seiner Gr\u00fcndung hat sich die Firma in der Branche etabliert und z\u00e4hlt heute zu einem bekannten Hersteller von Ultraschall-W\u00e4rmez\u00e4hlern, die durch ihre au\u00dfergew\u00f6hnliche Pr\u00e4zision und Zuverl\u00e4ssigkeit bestechen. Besonders im Bereich der Ultraschall-Durchflussmessung hat sich EMS [&hellip;]\" \/>\n<meta property=\"og:url\" content=\"https:\/\/ems-electronic.com\/?page_id=963&amp;lang=de\" \/>\n<meta property=\"og:site_name\" content=\"EMS Electronic Metering Systems\" \/>\n<meta property=\"article:modified_time\" content=\"2026-04-03T06:33:24+00:00\" \/>\n<meta name=\"twitter:card\" content=\"summary_large_image\" \/>\n<meta name=\"twitter:label1\" content=\"Gesch\u00e4tzte Lesezeit\" \/>\n\t<meta name=\"twitter:data1\" content=\"8\u00a0Minuten\" \/>\n<script type=\"application\/ld+json\" class=\"yoast-schema-graph\">{\"@context\":\"https:\/\/schema.org\",\"@graph\":[{\"@type\":\"WebPage\",\"@id\":\"https:\/\/ems-electronic.com\/?page_id=963&lang=de\",\"url\":\"https:\/\/ems-electronic.com\/?page_id=963&lang=de\",\"name\":\"Ultraschall W\u00e4rmez\u00e4hler - EMS Electronic Metering Systems\",\"isPartOf\":{\"@id\":\"https:\/\/ems-electronic.com\/#website\"},\"datePublished\":\"2026-04-03T06:32:20+00:00\",\"dateModified\":\"2026-04-03T06:33:24+00:00\",\"breadcrumb\":{\"@id\":\"https:\/\/ems-electronic.com\/?page_id=963&lang=de#breadcrumb\"},\"inLanguage\":\"de\",\"potentialAction\":[{\"@type\":\"ReadAction\",\"target\":[\"https:\/\/ems-electronic.com\/?page_id=963&lang=de\"]}]},{\"@type\":\"BreadcrumbList\",\"@id\":\"https:\/\/ems-electronic.com\/?page_id=963&lang=de#breadcrumb\",\"itemListElement\":[{\"@type\":\"ListItem\",\"position\":1,\"name\":\"Startseite\",\"item\":\"https:\/\/ems-electronic.com\/?page_id=37&lang=de\"},{\"@type\":\"ListItem\",\"position\":2,\"name\":\"Ultraschall W\u00e4rmez\u00e4hler\"}]},{\"@type\":\"WebSite\",\"@id\":\"https:\/\/ems-electronic.com\/#website\",\"url\":\"https:\/\/ems-electronic.com\/\",\"name\":\"EMS Electronic Metering Systems\",\"description\":\"Precision electronic component manufacturing tailored to your specifications \u2013 from small-series production to reliable contract assembly, certified according to ISO 9001 and backed by the Messtechnik Group\",\"publisher\":{\"@id\":\"https:\/\/ems-electronic.com\/#organization\"},\"alternateName\":\"Precision electronic component manufacturing tailored to your specifications \u2013 from small-series production to reliable contract assembly, certified according to ISO 9001 and backed by the Messtechnik Group\",\"potentialAction\":[{\"@type\":\"SearchAction\",\"target\":{\"@type\":\"EntryPoint\",\"urlTemplate\":\"https:\/\/ems-electronic.com\/?s={search_term_string}\"},\"query-input\":{\"@type\":\"PropertyValueSpecification\",\"valueRequired\":true,\"valueName\":\"search_term_string\"}}],\"inLanguage\":\"de\"},{\"@type\":\"Organization\",\"@id\":\"https:\/\/ems-electronic.com\/#organization\",\"name\":\"EMS Electronic Metering Systems s.r.l.\",\"url\":\"https:\/\/ems-electronic.com\/\",\"logo\":{\"@type\":\"ImageObject\",\"inLanguage\":\"de\",\"@id\":\"https:\/\/ems-electronic.com\/#\/schema\/logo\/image\/\",\"url\":\"https:\/\/ems-electronic.com\/wp-content\/uploads\/2024\/06\/cropped-cropped-EMS_quadrat_web.jpg\",\"contentUrl\":\"https:\/\/ems-electronic.com\/wp-content\/uploads\/2024\/06\/cropped-cropped-EMS_quadrat_web.jpg\",\"width\":512,\"height\":173,\"caption\":\"EMS Electronic Metering Systems s.r.l.\"},\"image\":{\"@id\":\"https:\/\/ems-electronic.com\/#\/schema\/logo\/image\/\"}}]}<\/script>\n<!-- \/ Yoast SEO plugin. -->","yoast_head_json":{"title":"Ultraschall W\u00e4rmez\u00e4hler - EMS Electronic Metering Systems","robots":{"index":"index","follow":"follow","max-snippet":"max-snippet:-1","max-image-preview":"max-image-preview:large","max-video-preview":"max-video-preview:-1"},"canonical":"https:\/\/ems-electronic.com\/?page_id=963&lang=de","og_locale":"de_DE","og_type":"article","og_title":"Ultraschall W\u00e4rmez\u00e4hler - EMS Electronic Metering Systems","og_description":"Ultraschall-W\u00e4rmez\u00e4hler EMS Electronic Metering Systems ist auch in besonderem Ma\u00dfe auf die Entwicklung und die Herstellung von W\u00e4rmez\u00e4hlern spezialisiert. Seit seiner Gr\u00fcndung hat sich die Firma in der Branche etabliert und z\u00e4hlt heute zu einem bekannten Hersteller von Ultraschall-W\u00e4rmez\u00e4hlern, die durch ihre au\u00dfergew\u00f6hnliche Pr\u00e4zision und Zuverl\u00e4ssigkeit bestechen. Besonders im Bereich der Ultraschall-Durchflussmessung hat sich EMS [&hellip;]","og_url":"https:\/\/ems-electronic.com\/?page_id=963&lang=de","og_site_name":"EMS Electronic Metering Systems","article_modified_time":"2026-04-03T06:33:24+00:00","twitter_card":"summary_large_image","twitter_misc":{"Gesch\u00e4tzte Lesezeit":"8\u00a0Minuten"},"schema":{"@context":"https:\/\/schema.org","@graph":[{"@type":"WebPage","@id":"https:\/\/ems-electronic.com\/?page_id=963&lang=de","url":"https:\/\/ems-electronic.com\/?page_id=963&lang=de","name":"Ultraschall W\u00e4rmez\u00e4hler - EMS Electronic Metering Systems","isPartOf":{"@id":"https:\/\/ems-electronic.com\/#website"},"datePublished":"2026-04-03T06:32:20+00:00","dateModified":"2026-04-03T06:33:24+00:00","breadcrumb":{"@id":"https:\/\/ems-electronic.com\/?page_id=963&lang=de#breadcrumb"},"inLanguage":"de","potentialAction":[{"@type":"ReadAction","target":["https:\/\/ems-electronic.com\/?page_id=963&lang=de"]}]},{"@type":"BreadcrumbList","@id":"https:\/\/ems-electronic.com\/?page_id=963&lang=de#breadcrumb","itemListElement":[{"@type":"ListItem","position":1,"name":"Startseite","item":"https:\/\/ems-electronic.com\/?page_id=37&lang=de"},{"@type":"ListItem","position":2,"name":"Ultraschall W\u00e4rmez\u00e4hler"}]},{"@type":"WebSite","@id":"https:\/\/ems-electronic.com\/#website","url":"https:\/\/ems-electronic.com\/","name":"EMS Electronic Metering Systems","description":"Precision electronic component manufacturing tailored to your specifications \u2013 from small-series production to reliable contract assembly, certified according to ISO 9001 and backed by the Messtechnik Group","publisher":{"@id":"https:\/\/ems-electronic.com\/#organization"},"alternateName":"Precision electronic component manufacturing tailored to your specifications \u2013 from small-series production to reliable contract assembly, certified according to ISO 9001 and backed by the Messtechnik Group","potentialAction":[{"@type":"SearchAction","target":{"@type":"EntryPoint","urlTemplate":"https:\/\/ems-electronic.com\/?s={search_term_string}"},"query-input":{"@type":"PropertyValueSpecification","valueRequired":true,"valueName":"search_term_string"}}],"inLanguage":"de"},{"@type":"Organization","@id":"https:\/\/ems-electronic.com\/#organization","name":"EMS Electronic Metering Systems s.r.l.","url":"https:\/\/ems-electronic.com\/","logo":{"@type":"ImageObject","inLanguage":"de","@id":"https:\/\/ems-electronic.com\/#\/schema\/logo\/image\/","url":"https:\/\/ems-electronic.com\/wp-content\/uploads\/2024\/06\/cropped-cropped-EMS_quadrat_web.jpg","contentUrl":"https:\/\/ems-electronic.com\/wp-content\/uploads\/2024\/06\/cropped-cropped-EMS_quadrat_web.jpg","width":512,"height":173,"caption":"EMS Electronic Metering Systems s.r.l."},"image":{"@id":"https:\/\/ems-electronic.com\/#\/schema\/logo\/image\/"}}]}},"jetpack_sharing_enabled":true,"_links":{"self":[{"href":"https:\/\/ems-electronic.com\/index.php?rest_route=\/wp\/v2\/pages\/963","targetHints":{"allow":["GET"]}}],"collection":[{"href":"https:\/\/ems-electronic.com\/index.php?rest_route=\/wp\/v2\/pages"}],"about":[{"href":"https:\/\/ems-electronic.com\/index.php?rest_route=\/wp\/v2\/types\/page"}],"author":[{"embeddable":true,"href":"https:\/\/ems-electronic.com\/index.php?rest_route=\/wp\/v2\/users\/1"}],"replies":[{"embeddable":true,"href":"https:\/\/ems-electronic.com\/index.php?rest_route=%2Fwp%2Fv2%2Fcomments&post=963"}],"version-history":[{"count":4,"href":"https:\/\/ems-electronic.com\/index.php?rest_route=\/wp\/v2\/pages\/963\/revisions"}],"predecessor-version":[{"id":972,"href":"https:\/\/ems-electronic.com\/index.php?rest_route=\/wp\/v2\/pages\/963\/revisions\/972"}],"wp:attachment":[{"href":"https:\/\/ems-electronic.com\/index.php?rest_route=%2Fwp%2Fv2%2Fmedia&parent=963"}],"curies":[{"name":"wp","href":"https:\/\/api.w.org\/{rel}","templated":true}]}}