{"id":964,"date":"2026-04-03T06:34:16","date_gmt":"2026-04-03T06:34:16","guid":{"rendered":"https:\/\/ems-electronic.com\/?page_id=964"},"modified":"2026-04-03T06:34:59","modified_gmt":"2026-04-03T06:34:59","slug":"ultraschall-waermezaehler-ro","status":"publish","type":"page","link":"https:\/\/ems-electronic.com\/?page_id=964&lang=ro","title":{"rendered":"Ultraschall W\u00e4rmez\u00e4hler Ro"},"content":{"rendered":"\t\t<div data-elementor-type=\"wp-page\" data-elementor-id=\"964\" class=\"elementor elementor-964\">\n\t\t\t\t<div class=\"elementor-element elementor-element-b3f1f99 e-flex e-con-boxed e-con e-parent\" data-id=\"b3f1f99\" data-element_type=\"container\" data-e-type=\"container\">\n\t\t\t\t\t<div class=\"e-con-inner\">\n\t\t\t\t<div class=\"elementor-element elementor-element-22df6b2 elementor-widget elementor-widget-heading\" data-id=\"22df6b2\" data-element_type=\"widget\" data-e-type=\"widget\" data-widget_type=\"heading.default\">\n\t\t\t\t<div class=\"elementor-widget-container\">\n\t\t\t\t\t<h2 class=\"elementor-heading-title elementor-size-default\">Contor de energie termic\u0103 cu ultrasunete<\/h2>\t\t\t\t<\/div>\n\t\t\t\t<\/div>\n\t\t\t\t<div class=\"elementor-element elementor-element-cf47200 elementor-widget elementor-widget-text-editor\" data-id=\"cf47200\" data-element_type=\"widget\" data-e-type=\"widget\" data-widget_type=\"text-editor.default\">\n\t\t\t\t<div class=\"elementor-widget-container\">\n\t\t\t\t\t\t\t\t\t<p><strong>EMS Electronic Metering Systems <\/strong>este specializat\u0103 \u0219i \u00een dezvoltarea \u0219i fabricarea <strong>contoarelor de c\u0103ldur\u0103 <\/strong>. \u00cenc\u0103 de la \u00eenfiin\u021bare, compania s-a impus \u00een industrie \u0219i este acum un produc\u0103tor renumit de <strong>contoare de c\u0103ldur\u0103 cu ultrasunete <\/strong>, care se disting prin precizia \u0219i fiabilitatea lor excep\u021bionale.<\/p><p><strong>EMS Electronic Metering Systems <\/strong>a dezvoltat <strong>o expertiz\u0103 remarcabil\u0103, <\/strong>\u00een special \u00een domeniul <strong>m\u0103sur\u0103rii debitului cu ultrasunete <\/strong>, permi\u021b\u00e2ndu-i companiei s\u0103 utilizeze tehnologii de ultim\u0103 genera\u021bie pentru m\u0103surarea c\u0103ldurii \u0219i energiei. Aceast\u0103 tehnologie avansat\u0103 este din ce \u00een ce mai utilizat\u0103 \u00een diverse sectoare, cum ar fi <strong>subcontorizarea \u00een cl\u0103diri reziden\u021biale, sistemele de \u00eenc\u0103lzire centralizat\u0103, instala\u021biile industriale <\/strong>\u0219i <strong>sistemele de monitorizare a energiei <\/strong>, deoarece permite monitorizarea precis\u0103 \u0219i continu\u0103 a consumului de c\u0103ldur\u0103.<\/p><p>Compania produce propriile <strong>contoare de c\u0103ldur\u0103 cu ultrasunete HMU-1 <\/strong>, special concepute pentru m\u0103surarea consumului de c\u0103ldur\u0103 \u00een sistemele de \u00eenc\u0103lzire a apei calde. Aceste contoare de c\u0103ldur\u0103 ofer\u0103 numeroase avantaje, inclusiv precizie ridicat\u0103, timp de r\u0103spuns rapid \u0219i rezisten\u021b\u0103 la influen\u021be externe, cum ar fi vibra\u021biile \u0219i fluctua\u021biile de temperatur\u0103. Sunt ideale pentru utilizarea \u00een medii solicitante unde m\u0103surarea fiabil\u0103 a fluxului de energie este crucial\u0103. Modelele <strong>HMU-1 <\/strong>se caracterizeaz\u0103, de asemenea, printr-o func\u021bionare u\u0219or de utilizat \u0219i o construc\u021bie robust\u0103 care asigur\u0103 o durat\u0103 lung\u0103 de via\u021b\u0103.<\/p><p><strong>Sistemele electronice de m\u0103surare EMS <\/strong>\u00eendeplinesc toate cerin\u021bele <strong>Directivei europene privind instrumentele de m\u0103surare (MID 2014\/32\/UE) <\/strong>, care reglementeaz\u0103 conformitatea instrumentelor de m\u0103surare \u00een Europa. Aceast\u0103 directiv\u0103, care a fost transpus\u0103 ulterior \u00een legisla\u021bia na\u021bional\u0103 \u00een fiecare stat membru european, prevede c\u0103 contoarele de c\u0103ldur\u0103 trebuie s\u0103 posede un anumit nivel de precizie \u0219i fiabilitate pentru a fi utilizate pentru facturarea \u0219i m\u0103surarea consumului de energie termic\u0103. Sistemele electronice de m\u0103surare EMS garanteaz\u0103 c\u0103 toate contoarele de c\u0103ldur\u0103 cu ultrasunete fabricate respect\u0103 aceste cerin\u021be stricte \u0219i, prin urmare, sunt aprobate pentru pia\u021ba european\u0103.<\/p><p>Datorit\u0103 acestei <strong>fabric\u0103ri conforme cu MID, <\/strong>produsele companiei pot fi utilizate f\u0103r\u0103 restric\u021bii \u00een toate \u021b\u0103rile UE, precum \u0219i \u00een toate \u021b\u0103rile EFTA \u0219i SEE, ceea ce reprezint\u0103 o condi\u021bie prealabil\u0103 important\u0103 pentru ca clien\u021bii europeni s\u0103 utilizeze aceste dispozitive.<\/p><p>\u00cen special pentru <strong>clien\u021bii interna\u021bionali ai EMS Electronic Metering Systems <\/strong>din afara UE, SEE \u0219i EFTA, este un avantaj semnificativ faptul c\u0103 <strong>contoarele de c\u0103ldur\u0103 cu ultrasunete <\/strong>ale companiei sunt fabricate \u00een conformitate cu <strong>Directiva privind instrumentele de m\u0103surare (MID) <\/strong>. Aceast\u0103 directiv\u0103 european\u0103 garanteaz\u0103 c\u0103 toate instrumentele de m\u0103surare fabricate \u00eendeplinesc cele mai \u00eenalte standarde de <strong>precizie <\/strong>, <strong>fiabilitate <\/strong>\u0219i <strong>calitate <\/strong>necesare pentru aprobare \u0219i utilizare pe pia\u021ba european\u0103.<\/p><p>MID este unul dintre cele mai stricte standarde de reglementare pentru instrumentele de m\u0103surare la nivel mondial. Acesta garanteaz\u0103 c\u0103 dispozitivele nu numai c\u0103 respect\u0103 cerin\u021bele legale, dar ofer\u0103 \u0219i o precizie \u0219i o fiabilitate excep\u021bional de ridicate <strong>a m\u0103sur\u0103torilor <\/strong>. <strong>Pentru <\/strong>clien\u021bii interna\u021bionali care se bazeaz\u0103 pe instrumente de m\u0103surare fiabile \u0219i precise, certificarea MID \u00eenseamn\u0103 <strong>calitate garantat\u0103 <\/strong>. Cerin\u021bele stricte ale acestei directive dep\u0103\u0219esc cu mult standardele obi\u0219nuite \u0219i, prin urmare, ofer\u0103 avantajul c\u0103 <strong>contoarele de c\u0103ldur\u0103 de la EMS Electronic Metering Systems <\/strong>func\u021bioneaz\u0103 constant, precis \u0219i fiabil \u00een condi\u021bii reale, indiferent dac\u0103 sunt utilizate \u00een Europa, America de Nord, Asia sau alte p\u0103r\u021bi ale lumii.<\/p><p>Un alt avantaj pentru clien\u021bii interna\u021bionali din afara UE, SEE \u0219i EFTA este faptul c\u0103 <strong>conformitatea cu MID <\/strong>reprezint\u0103 un avantaj calitativ \u0219i, prin urmare, un avantaj pe pia\u021b\u0103. \u00cen multe \u021b\u0103ri din \u00eentreaga lume, \u0219i \u00een special pe pie\u021bele care au adoptat <strong>directivele MID <\/strong>sau standarde similare, instrumentele de m\u0103surare trebuie s\u0103 \u00eendeplineasc\u0103 aceste cerin\u021be stricte pentru a fi aprobate pentru utilizare \u00een aplica\u021bii opera\u021bionale sau \u00een scopuri de facturare.<\/p><p>EMS Electronic Metering Systems ofer\u0103 clien\u021bilor s\u0103i interna\u021bionali nu doar un produs care \u00cendepline\u0219te cele mai \u00eenalte standarde de calitate prin conformitatea cu MID, dar \u00een multe cazuri \u0219i <strong>certitudine juridic\u0103 <\/strong>\u0219i <strong>aprobare de pia\u021b\u0103 <\/strong>pentru utilizarea \u00een diverse \u021b\u0103ri din afara UE, SEE \u0219i EFTA. Aceast\u0103 conformitate cu MID permite adesea ca dispozitivele s\u0103 fie utilizate la nivel mondial f\u0103r\u0103 a fi necesare teste suplimentare sau proceduri de aprobare re\u00eennoite.<\/p><p>\u00cen special pentru clien\u021bii interna\u021bionali din afara UE, SEE \u0219i AELS, care se bazeaz\u0103 pe m\u0103surarea precis\u0103 a energiei termice \u0219i a fluxurilor de energie \u2013 fie c\u0103 este vorba de subcontorizarea \u00een zonele reziden\u021biale, fie de \u00eenc\u0103lzirea centralizat\u0103. \u00cen sistemele de \u00eenc\u0103lzire, \u00een procesele industriale sau \u00een facturarea energiei \u2013 contoarele de c\u0103ldur\u0103 fabricate conform MID de la EMS ofer\u0103 un nivel ridicat de precizie a m\u0103sur\u0103rii, care este asigurat continuu prin proceduri complete de testare \u0219i calibrare.<\/p><p>Cerin\u021bele MID privind precizia m\u0103sur\u0103torilor sunt deosebit de exigente \u0219i cuprind nu doar m\u0103surarea precis\u0103 a debitului , ci \u0219i m\u0103surarea temperaturii \u0219i stabilitatea pe termen lung a dispozitivelor. Prin urmare, clien\u021bii interna\u021bionali din afara UE, EFTA \u0219i SEE pot fi siguri c\u0103 vor primi dispozitive care \u00eendeplinesc cele mai \u00eenalte standarde de precizie \u0219i durabilitate \u0219i care ofer\u0103 performan\u021be ridicate \u00een mod constant \u00een func\u021bionarea zilnic\u0103.<\/p><p>Clien\u021bii interna\u021bionali, \u00een special cei din afara UE, EFTA \u0219i SEE, se pot baza pe <strong>EMS Electronic Metering Systems <\/strong>ca partener care le furnizeaz\u0103 produse care \u00eendeplinesc cele mai \u00eenalte standarde de calitate la nivel mondial.<\/p><p>O component\u0103 crucial\u0103 a asigur\u0103rii calit\u0103\u021bii \u0219i a fabrica\u021biei conform cerin\u021belor MID sunt <strong>bancurile de testare a debitului de \u00eenalt\u0103 precizie <\/strong>, care au fost dezvoltate \u00een cooperare cu unul dintre cei mai importan\u021bi \u0219i renumi\u021bi produc\u0103tori de bancuri de testare de \u00eenalt\u0103 precizie din Europa Central\u0103. Aceste bancuri de testare sunt utilizate pentru a testa contoarele de c\u0103ldur\u0103 cu ultrasunete \u00een timpul procesului de fabrica\u021bie \u00eentr-o varietate de scenarii de testare realiste \u0219i pentru a asigura c\u0103 dispozitivele m\u0103soar\u0103 cu precizie \u00een toate condi\u021biile posibile.<\/p><p>Bancurile de testare a debitului de la EMS Electronic Metering Systems utilizeaz\u0103 <strong>sisteme de referin\u021b\u0103 avansate, <\/strong>cum ar fi <strong>sonda cu piston <\/strong>, care permite determinarea precis\u0103 a debitului datorit\u0103 preciziei sale extrem de ridicate. Un alt sistem utilizat este debitmetrul magneto-inductiv (MID), care utilizeaz\u0103 induc\u021bia magnetic\u0103 pentru a realiza o m\u0103surare extrem de precis\u0103 a debitului de lichid. Aceste tehnologii lucreaz\u0103 \u00eempreun\u0103 pentru a ob\u021bine o <strong>incertitudine de m\u0103surare excep\u021bional de sc\u0103zut\u0103 <\/strong>, cuprins\u0103 \u00eentre <strong>\u00b10,2% \u0219i \u00b10,5% <\/strong>. Aceast\u0103 precizie ridicat\u0103 este crucial\u0103 pentru asigurarea \u00eenregistr\u0103rii precise a fluxurilor de energie \u0219i garantarea func\u021bionalit\u0103\u021bii contoarelor de c\u0103ldur\u0103 pe \u00eentregul lor ciclu de via\u021b\u0103.<\/p><p>Un alt aspect important al controlului calit\u0103\u021bii la <strong>EMS Electronic Metering Systems <\/strong>\u00een timpul procesului s\u0103u de fabrica\u021bie conform MID este <strong>calibrarea precis\u0103 a senzorilor de temperatur\u0103 . Deoarece m\u0103surarea precis\u0103 a temperaturii este esen\u021bial\u0103 pentru calcularea precis\u0103 a consumului de c\u0103ldur\u0103, compania utilizeaz\u0103 b\u0103i de temperatur\u0103 pe baz\u0103 de ulei <\/strong>de ultim\u0103 genera\u021bie pentru a testa \u0219i calibra senzorii de temperatur\u0103 ai contoarelor sale de c\u0103ldur\u0103 cu ultrasunete. <strong>EMS Electronic Metering Systems <\/strong>are trei b\u0103i de temperatur\u0103 pe baz\u0103 de ulei de \u00eenalt\u0103 precizie utilizate pentru aceste teste \u0219i calibr\u0103ri. Aceste b\u0103i ofer\u0103 un control constant \u0219i precis al temperaturii \u0219i asigur\u0103 c\u0103 senzorii de temperatur\u0103 sunt testa\u021bi \u00een condi\u021bii controlate \u0219i ideale. Aceast\u0103 calibrare este crucial\u0103 pentru a garanta c\u0103 senzorii de temperatur\u0103 furnizeaz\u0103 citiri precise pe tot parcursul func\u021bion\u0103rii contorului de c\u0103ldur\u0103.<\/p><p>B\u0103ile <strong>de temperatur\u0103 a uleiului <\/strong>func\u021bioneaz\u0103 cu o precizie excep\u021bional de mare, permi\u021b\u00e2nd testarea senzorilor de temperatur\u0103 pe \u00eentregul interval de temperatur\u0103 relevant pentru aplica\u021bia specific\u0103 a contorului de c\u0103ldur\u0103. Aceste teste asigur\u0103 c\u0103 contoarele de c\u0103ldur\u0103 cu ultrasunete func\u021bioneaz\u0103 fiabil \u0219i ofer\u0103 m\u0103sur\u0103tori precise chiar \u0219i \u00een condi\u021bii extreme de temperatur\u0103. Aceste proceduri de testare \u0219i calibrare nu sunt esen\u021biale doar pentru conformitatea cu reglement\u0103rile MID, ci \u0219i pentru \u00eembun\u0103t\u0103\u021birea continu\u0103 a calit\u0103\u021bii produselor \u0219i adaptarea la noile cerin\u021be tehnologice.<\/p><p>Prin utilizarea acestor metode de calibrare \u0219i testare de \u00eenalt\u0103 precizie, EMS Electronic Metering Systems asigur\u0103 c\u0103 contoarele sale de c\u0103ldur\u0103 cu ultrasunete ofer\u0103 o precizie constant\u0103 de m\u0103surare ridicat\u0103 pe \u00eentreaga lor durat\u0103 de via\u021b\u0103. Compania garanteaz\u0103 o func\u021bionare fiabil\u0103 \u0219i o durat\u0103 lung\u0103 de via\u021b\u0103, rezult\u00e2nd o satisfac\u021bie ridicat\u0103 a clien\u021bilor \u0219i minimiz\u00e2nd costurile de operare pentru utilizatorii finali.<\/p><p>Combinat\u0103 cu utilizarea unor bancuri de testare \u0219i tehnici de calibrare de ultim\u0103 genera\u021bie, precum \u0219i cu dezvoltarea continu\u0103 a produselor sale, <strong>EMS Electronic Metering Systems s-a impus <\/strong>ca un furnizor experimentat \u0219i renumit de <strong>contoare de c\u0103ldur\u0103 cu ultrasunete <\/strong>. EMS Electronic Metering Systems pune mare accent pe <strong>inova\u021bie <\/strong>, <strong>calitate <\/strong>\u0219i <strong>fiabilitate <\/strong>, asigur\u00e2ndu-se c\u0103 clien\u021bii s\u0103i sunt \u00eentotdeauna echipa\u021bi cu cele mai bune tehnologii pentru m\u0103surarea \u0219i monitorizarea fluxurilor de c\u0103ldur\u0103 \u0219i energie. Fie c\u0103 este vorba de subcontorizare \u00een sectorul reziden\u021bial, <strong>industrie <\/strong>, <strong>sisteme de \u00eenc\u0103lzire centralizat\u0103 <\/strong>sau <strong>sisteme de monitorizare a energiei, produsele EMS Electronic Metering Systems <\/strong>ofer\u0103 solu\u021bii pe care clien\u021bii din \u00eentreaga lume se pot baza.<\/p>\t\t\t\t\t\t\t\t<\/div>\n\t\t\t\t<\/div>\n\t\t\t\t\t<\/div>\n\t\t\t\t<\/div>\n\t\t\t\t<\/div>\n\t\t","protected":false},"excerpt":{"rendered":"<p>Contor de energie termic\u0103 cu ultrasunete EMS Electronic Metering Systems este specializat\u0103 \u0219i \u00een dezvoltarea \u0219i fabricarea contoarelor de c\u0103ldur\u0103 . \u00cenc\u0103 de la \u00eenfiin\u021bare, compania s-a impus \u00een industrie \u0219i este acum un produc\u0103tor renumit de contoare de c\u0103ldur\u0103 cu ultrasunete , care se disting prin precizia \u0219i fiabilitatea lor excep\u021bionale. EMS Electronic Metering [&hellip;]<\/p>\n","protected":false},"author":1,"featured_media":0,"parent":0,"menu_order":0,"comment_status":"closed","ping_status":"closed","template":"","meta":{"ocean_post_layout":"","ocean_both_sidebars_style":"","ocean_both_sidebars_content_width":0,"ocean_both_sidebars_sidebars_width":0,"ocean_sidebar":"","ocean_second_sidebar":"","ocean_disable_margins":"enable","ocean_add_body_class":"","ocean_shortcode_before_top_bar":"","ocean_shortcode_after_top_bar":"","ocean_shortcode_before_header":"","ocean_shortcode_after_header":"","ocean_has_shortcode":"","ocean_shortcode_after_title":"","ocean_shortcode_before_footer_widgets":"","ocean_shortcode_after_footer_widgets":"","ocean_shortcode_before_footer_bottom":"","ocean_shortcode_after_footer_bottom":"","ocean_display_top_bar":"default","ocean_display_header":"default","ocean_header_style":"","ocean_center_header_left_menu":"","ocean_custom_header_template":"","ocean_custom_logo":0,"ocean_custom_retina_logo":0,"ocean_custom_logo_max_width":0,"ocean_custom_logo_tablet_max_width":0,"ocean_custom_logo_mobile_max_width":0,"ocean_custom_logo_max_height":0,"ocean_custom_logo_tablet_max_height":0,"ocean_custom_logo_mobile_max_height":0,"ocean_header_custom_menu":"","ocean_menu_typo_font_family":"","ocean_menu_typo_font_subset":"","ocean_menu_typo_font_size":0,"ocean_menu_typo_font_size_tablet":0,"ocean_menu_typo_font_size_mobile":0,"ocean_menu_typo_font_size_unit":"px","ocean_menu_typo_font_weight":"","ocean_menu_typo_font_weight_tablet":"","ocean_menu_typo_font_weight_mobile":"","ocean_menu_typo_transform":"","ocean_menu_typo_transform_tablet":"","ocean_menu_typo_transform_mobile":"","ocean_menu_typo_line_height":0,"ocean_menu_typo_line_height_tablet":0,"ocean_menu_typo_line_height_mobile":0,"ocean_menu_typo_line_height_unit":"","ocean_menu_typo_spacing":0,"ocean_menu_typo_spacing_tablet":0,"ocean_menu_typo_spacing_mobile":0,"ocean_menu_typo_spacing_unit":"","ocean_menu_link_color":"","ocean_menu_link_color_hover":"","ocean_menu_link_color_active":"","ocean_menu_link_background":"","ocean_menu_link_hover_background":"","ocean_menu_link_active_background":"","ocean_menu_social_links_bg":"","ocean_menu_social_hover_links_bg":"","ocean_menu_social_links_color":"","ocean_menu_social_hover_links_color":"","ocean_disable_title":"default","ocean_disable_heading":"default","ocean_post_title":"","ocean_post_subheading":"","ocean_post_title_style":"","ocean_post_title_background_color":"","ocean_post_title_background":0,"ocean_post_title_bg_image_position":"","ocean_post_title_bg_image_attachment":"","ocean_post_title_bg_image_repeat":"","ocean_post_title_bg_image_size":"","ocean_post_title_height":0,"ocean_post_title_bg_overlay":0.5,"ocean_post_title_bg_overlay_color":"","ocean_disable_breadcrumbs":"default","ocean_breadcrumbs_color":"","ocean_breadcrumbs_separator_color":"","ocean_breadcrumbs_links_color":"","ocean_breadcrumbs_links_hover_color":"","ocean_display_footer_widgets":"default","ocean_display_footer_bottom":"default","ocean_custom_footer_template":"","footnotes":""},"class_list":["post-964","page","type-page","status-publish","hentry","entry"],"yoast_head":"<!-- This site is optimized with the Yoast SEO plugin v24.9 - https:\/\/yoast.com\/wordpress\/plugins\/seo\/ -->\n<title>Ultraschall W\u00e4rmez\u00e4hler Ro - EMS Electronic Metering Systems<\/title>\n<meta name=\"robots\" content=\"index, follow, max-snippet:-1, max-image-preview:large, max-video-preview:-1\" \/>\n<link rel=\"canonical\" href=\"https:\/\/ems-electronic.com\/?page_id=964&lang=ro\" \/>\n<meta property=\"og:locale\" content=\"de_DE\" \/>\n<meta property=\"og:type\" content=\"article\" \/>\n<meta property=\"og:title\" content=\"Ultraschall W\u00e4rmez\u00e4hler Ro - EMS Electronic Metering Systems\" \/>\n<meta property=\"og:description\" content=\"Contor de energie termic\u0103 cu ultrasunete EMS Electronic Metering Systems este specializat\u0103 \u0219i \u00een dezvoltarea \u0219i fabricarea contoarelor de c\u0103ldur\u0103 . \u00cenc\u0103 de la \u00eenfiin\u021bare, compania s-a impus \u00een industrie \u0219i este acum un produc\u0103tor renumit de contoare de c\u0103ldur\u0103 cu ultrasunete , care se disting prin precizia \u0219i fiabilitatea lor excep\u021bionale. EMS Electronic Metering [&hellip;]\" \/>\n<meta property=\"og:url\" content=\"https:\/\/ems-electronic.com\/?page_id=964&amp;lang=ro\" \/>\n<meta property=\"og:site_name\" content=\"EMS Electronic Metering Systems\" \/>\n<meta property=\"article:modified_time\" content=\"2026-04-03T06:34:59+00:00\" \/>\n<meta name=\"twitter:card\" content=\"summary_large_image\" \/>\n<meta name=\"twitter:label1\" content=\"Gesch\u00e4tzte Lesezeit\" \/>\n\t<meta name=\"twitter:data1\" content=\"8\u00a0Minuten\" \/>\n<script type=\"application\/ld+json\" class=\"yoast-schema-graph\">{\"@context\":\"https:\/\/schema.org\",\"@graph\":[{\"@type\":\"WebPage\",\"@id\":\"https:\/\/ems-electronic.com\/?page_id=964&lang=ro\",\"url\":\"https:\/\/ems-electronic.com\/?page_id=964&lang=ro\",\"name\":\"Ultraschall W\u00e4rmez\u00e4hler Ro - EMS Electronic Metering Systems\",\"isPartOf\":{\"@id\":\"https:\/\/ems-electronic.com\/#website\"},\"datePublished\":\"2026-04-03T06:34:16+00:00\",\"dateModified\":\"2026-04-03T06:34:59+00:00\",\"breadcrumb\":{\"@id\":\"https:\/\/ems-electronic.com\/?page_id=964&lang=ro#breadcrumb\"},\"inLanguage\":\"de\",\"potentialAction\":[{\"@type\":\"ReadAction\",\"target\":[\"https:\/\/ems-electronic.com\/?page_id=964&lang=ro\"]}]},{\"@type\":\"BreadcrumbList\",\"@id\":\"https:\/\/ems-electronic.com\/?page_id=964&lang=ro#breadcrumb\",\"itemListElement\":[{\"@type\":\"ListItem\",\"position\":1,\"name\":\"Startseite\",\"item\":\"https:\/\/ems-electronic.com\/?page_id=37&lang=de\"},{\"@type\":\"ListItem\",\"position\":2,\"name\":\"Ultraschall W\u00e4rmez\u00e4hler Ro\"}]},{\"@type\":\"WebSite\",\"@id\":\"https:\/\/ems-electronic.com\/#website\",\"url\":\"https:\/\/ems-electronic.com\/\",\"name\":\"EMS Electronic Metering Systems\",\"description\":\"Precision electronic component manufacturing tailored to your specifications \u2013 from small-series production to reliable contract assembly, certified according to ISO 9001 and backed by the Messtechnik Group\",\"publisher\":{\"@id\":\"https:\/\/ems-electronic.com\/#organization\"},\"alternateName\":\"Precision electronic component manufacturing tailored to your specifications \u2013 from small-series production to reliable contract assembly, certified according to ISO 9001 and backed by the Messtechnik Group\",\"potentialAction\":[{\"@type\":\"SearchAction\",\"target\":{\"@type\":\"EntryPoint\",\"urlTemplate\":\"https:\/\/ems-electronic.com\/?s={search_term_string}\"},\"query-input\":{\"@type\":\"PropertyValueSpecification\",\"valueRequired\":true,\"valueName\":\"search_term_string\"}}],\"inLanguage\":\"de\"},{\"@type\":\"Organization\",\"@id\":\"https:\/\/ems-electronic.com\/#organization\",\"name\":\"EMS Electronic Metering Systems s.r.l.\",\"url\":\"https:\/\/ems-electronic.com\/\",\"logo\":{\"@type\":\"ImageObject\",\"inLanguage\":\"de\",\"@id\":\"https:\/\/ems-electronic.com\/#\/schema\/logo\/image\/\",\"url\":\"https:\/\/ems-electronic.com\/wp-content\/uploads\/2024\/06\/cropped-cropped-EMS_quadrat_web.jpg\",\"contentUrl\":\"https:\/\/ems-electronic.com\/wp-content\/uploads\/2024\/06\/cropped-cropped-EMS_quadrat_web.jpg\",\"width\":512,\"height\":173,\"caption\":\"EMS Electronic Metering Systems s.r.l.\"},\"image\":{\"@id\":\"https:\/\/ems-electronic.com\/#\/schema\/logo\/image\/\"}}]}<\/script>\n<!-- \/ Yoast SEO plugin. -->","yoast_head_json":{"title":"Ultraschall W\u00e4rmez\u00e4hler Ro - EMS Electronic Metering Systems","robots":{"index":"index","follow":"follow","max-snippet":"max-snippet:-1","max-image-preview":"max-image-preview:large","max-video-preview":"max-video-preview:-1"},"canonical":"https:\/\/ems-electronic.com\/?page_id=964&lang=ro","og_locale":"de_DE","og_type":"article","og_title":"Ultraschall W\u00e4rmez\u00e4hler Ro - EMS Electronic Metering Systems","og_description":"Contor de energie termic\u0103 cu ultrasunete EMS Electronic Metering Systems este specializat\u0103 \u0219i \u00een dezvoltarea \u0219i fabricarea contoarelor de c\u0103ldur\u0103 . \u00cenc\u0103 de la \u00eenfiin\u021bare, compania s-a impus \u00een industrie \u0219i este acum un produc\u0103tor renumit de contoare de c\u0103ldur\u0103 cu ultrasunete , care se disting prin precizia \u0219i fiabilitatea lor excep\u021bionale. EMS Electronic Metering [&hellip;]","og_url":"https:\/\/ems-electronic.com\/?page_id=964&lang=ro","og_site_name":"EMS Electronic Metering Systems","article_modified_time":"2026-04-03T06:34:59+00:00","twitter_card":"summary_large_image","twitter_misc":{"Gesch\u00e4tzte Lesezeit":"8\u00a0Minuten"},"schema":{"@context":"https:\/\/schema.org","@graph":[{"@type":"WebPage","@id":"https:\/\/ems-electronic.com\/?page_id=964&lang=ro","url":"https:\/\/ems-electronic.com\/?page_id=964&lang=ro","name":"Ultraschall W\u00e4rmez\u00e4hler Ro - EMS Electronic Metering Systems","isPartOf":{"@id":"https:\/\/ems-electronic.com\/#website"},"datePublished":"2026-04-03T06:34:16+00:00","dateModified":"2026-04-03T06:34:59+00:00","breadcrumb":{"@id":"https:\/\/ems-electronic.com\/?page_id=964&lang=ro#breadcrumb"},"inLanguage":"de","potentialAction":[{"@type":"ReadAction","target":["https:\/\/ems-electronic.com\/?page_id=964&lang=ro"]}]},{"@type":"BreadcrumbList","@id":"https:\/\/ems-electronic.com\/?page_id=964&lang=ro#breadcrumb","itemListElement":[{"@type":"ListItem","position":1,"name":"Startseite","item":"https:\/\/ems-electronic.com\/?page_id=37&lang=de"},{"@type":"ListItem","position":2,"name":"Ultraschall W\u00e4rmez\u00e4hler Ro"}]},{"@type":"WebSite","@id":"https:\/\/ems-electronic.com\/#website","url":"https:\/\/ems-electronic.com\/","name":"EMS Electronic Metering Systems","description":"Precision electronic component manufacturing tailored to your specifications \u2013 from small-series production to reliable contract assembly, certified according to ISO 9001 and backed by the Messtechnik Group","publisher":{"@id":"https:\/\/ems-electronic.com\/#organization"},"alternateName":"Precision electronic component manufacturing tailored to your specifications \u2013 from small-series production to reliable contract assembly, certified according to ISO 9001 and backed by the Messtechnik Group","potentialAction":[{"@type":"SearchAction","target":{"@type":"EntryPoint","urlTemplate":"https:\/\/ems-electronic.com\/?s={search_term_string}"},"query-input":{"@type":"PropertyValueSpecification","valueRequired":true,"valueName":"search_term_string"}}],"inLanguage":"de"},{"@type":"Organization","@id":"https:\/\/ems-electronic.com\/#organization","name":"EMS Electronic Metering Systems s.r.l.","url":"https:\/\/ems-electronic.com\/","logo":{"@type":"ImageObject","inLanguage":"de","@id":"https:\/\/ems-electronic.com\/#\/schema\/logo\/image\/","url":"https:\/\/ems-electronic.com\/wp-content\/uploads\/2024\/06\/cropped-cropped-EMS_quadrat_web.jpg","contentUrl":"https:\/\/ems-electronic.com\/wp-content\/uploads\/2024\/06\/cropped-cropped-EMS_quadrat_web.jpg","width":512,"height":173,"caption":"EMS Electronic Metering Systems s.r.l."},"image":{"@id":"https:\/\/ems-electronic.com\/#\/schema\/logo\/image\/"}}]}},"jetpack_sharing_enabled":true,"_links":{"self":[{"href":"https:\/\/ems-electronic.com\/index.php?rest_route=\/wp\/v2\/pages\/964","targetHints":{"allow":["GET"]}}],"collection":[{"href":"https:\/\/ems-electronic.com\/index.php?rest_route=\/wp\/v2\/pages"}],"about":[{"href":"https:\/\/ems-electronic.com\/index.php?rest_route=\/wp\/v2\/types\/page"}],"author":[{"embeddable":true,"href":"https:\/\/ems-electronic.com\/index.php?rest_route=\/wp\/v2\/users\/1"}],"replies":[{"embeddable":true,"href":"https:\/\/ems-electronic.com\/index.php?rest_route=%2Fwp%2Fv2%2Fcomments&post=964"}],"version-history":[{"count":4,"href":"https:\/\/ems-electronic.com\/index.php?rest_route=\/wp\/v2\/pages\/964\/revisions"}],"predecessor-version":[{"id":976,"href":"https:\/\/ems-electronic.com\/index.php?rest_route=\/wp\/v2\/pages\/964\/revisions\/976"}],"wp:attachment":[{"href":"https:\/\/ems-electronic.com\/index.php?rest_route=%2Fwp%2Fv2%2Fmedia&parent=964"}],"curies":[{"name":"wp","href":"https:\/\/api.w.org\/{rel}","templated":true}]}}