{"id":965,"date":"2026-04-03T06:37:46","date_gmt":"2026-04-03T06:37:46","guid":{"rendered":"https:\/\/ems-electronic.com\/?page_id=965"},"modified":"2026-04-03T06:38:48","modified_gmt":"2026-04-03T06:38:48","slug":"contador-de-calor-ultrasonico","status":"publish","type":"page","link":"https:\/\/ems-electronic.com\/?page_id=965&lang=es","title":{"rendered":"Contador de calor ultras\u00f3nico"},"content":{"rendered":"\t\t<div data-elementor-type=\"wp-page\" data-elementor-id=\"965\" class=\"elementor elementor-965\">\n\t\t\t\t<div class=\"elementor-element elementor-element-b3f1f99 e-flex e-con-boxed e-con e-parent\" data-id=\"b3f1f99\" data-element_type=\"container\" data-e-type=\"container\">\n\t\t\t\t\t<div class=\"e-con-inner\">\n\t\t\t\t<div class=\"elementor-element elementor-element-22df6b2 elementor-widget elementor-widget-heading\" data-id=\"22df6b2\" data-element_type=\"widget\" data-e-type=\"widget\" data-widget_type=\"heading.default\">\n\t\t\t\t<div class=\"elementor-widget-container\">\n\t\t\t\t\t<h2 class=\"elementor-heading-title elementor-size-default\">Contador de calor ultras\u00f3nico<\/h2>\t\t\t\t<\/div>\n\t\t\t\t<\/div>\n\t\t\t\t<div class=\"elementor-element elementor-element-cf47200 elementor-widget elementor-widget-text-editor\" data-id=\"cf47200\" data-element_type=\"widget\" data-e-type=\"widget\" data-widget_type=\"text-editor.default\">\n\t\t\t\t<div class=\"elementor-widget-container\">\n\t\t\t\t\t\t\t\t\t<p><strong>EMS Electronic Metering Systems <\/strong>tambi\u00e9n se especializa en el desarrollo y la fabricaci\u00f3n de <strong>contadores de calor <\/strong>. Desde su fundaci\u00f3n, la empresa se ha consolidado en el sector y es ahora un reconocido fabricante de <strong>contadores de calor ultras\u00f3nicos <\/strong>, que se distinguen por su excepcional precisi\u00f3n y fiabilidad.<\/p><p><strong>EMS Electronic Metering Systems <\/strong>ha desarrollado una notable <strong>experiencia, <\/strong>especialmente en el campo de la <strong>medici\u00f3n de flujo por ultrasonidos <\/strong>, lo que le permite utilizar tecnolog\u00edas de vanguardia para la medici\u00f3n de calor y energ\u00eda. Esta tecnolog\u00eda avanzada se emplea cada vez m\u00e1s en diversos sectores, como <strong>la submedici\u00f3n en edificios residenciales, sistemas de calefacci\u00f3n urbana, plantas industriales <\/strong>y <strong>sistemas de monitorizaci\u00f3n energ\u00e9tica <\/strong>, ya que permite una monitorizaci\u00f3n precisa y continua del consumo de calor.<\/p><p>La empresa fabrica sus propios <strong>medidores de calor ultras\u00f3nicos HMU-1 <\/strong>, dise\u00f1ados espec\u00edficamente para medir el consumo de calor en sistemas de calefacci\u00f3n por agua caliente. Estos medidores ofrecen numerosas ventajas, como alta precisi\u00f3n, r\u00e1pida respuesta y resistencia a influencias externas como vibraciones y fluctuaciones de temperatura. Son ideales para su uso en entornos exigentes donde la medici\u00f3n fiable del flujo de energ\u00eda es fundamental. Los modelos <strong>HMU-1 <\/strong>tambi\u00e9n se caracterizan por su facilidad de uso y una construcci\u00f3n robusta que garantiza una larga vida \u00fatil.<\/p><p><strong>EMS Electronic Metering Systems <\/strong>cumple con todos los requisitos de la <strong>Directiva Europea de Instrumentos de Medici\u00f3n (MID 2014\/32\/UE) <\/strong>, que regula la conformidad de los instrumentos de medici\u00f3n en Europa. Esta directiva, que posteriormente se ha incorporado a la legislaci\u00f3n nacional de cada Estado miembro europeo, estipula que los contadores de calor deben poseer un determinado nivel de precisi\u00f3n y fiabilidad para su uso en la facturaci\u00f3n y medici\u00f3n del consumo de energ\u00eda t\u00e9rmica. EMS Electronic Metering Systems garantiza que todos los contadores de calor ultras\u00f3nicos fabricados cumplen con estos estrictos requisitos y, por lo tanto, est\u00e1n homologados para el mercado europeo.<\/p><p>Gracias a este <strong>proceso de fabricaci\u00f3n que cumple con la normativa MID, <\/strong>los productos de la empresa pueden utilizarse sin restricciones en todos los pa\u00edses de la UE, as\u00ed como en todos los pa\u00edses de la EFTA y del EEE, lo cual es un requisito importante para que los clientes europeos puedan utilizar estos dispositivos.<\/p><p>Especialmente para <strong>los clientes internacionales de EMS Electronic Metering Systems <\/strong>fuera de la UE, el EEE y la EFTA, supone una ventaja significativa que los medidores de calor ultras\u00f3nicos de la empresa <strong>se fabriquen <\/strong>de acuerdo con la <strong>Directiva de Instrumentos de Medici\u00f3n (MID) <\/strong>. Esta directiva europea garantiza que todos los instrumentos de medici\u00f3n fabricados cumplan con los m\u00e1s altos est\u00e1ndares de <strong>precisi\u00f3n <\/strong>, <strong>fiabilidad <\/strong>y <strong>calidad <\/strong>exigidos para su aprobaci\u00f3n y uso en el mercado europeo.<\/p><p>La Directiva <strong>MID <\/strong>es una de las normas regulatorias m\u00e1s estrictas a nivel mundial para instrumentos de medici\u00f3n. Garantiza que los dispositivos no solo cumplan con los requisitos legales, sino que tambi\u00e9n ofrezcan una <strong>precisi\u00f3n <\/strong>y <strong>fiabilidad de medici\u00f3n excepcionales <\/strong>. Para los clientes internacionales que dependen de instrumentos de medici\u00f3n fiables y precisos, la certificaci\u00f3n MID significa <strong>calidad garantizada <\/strong>. Los rigurosos requisitos de esta directiva van mucho m\u00e1s all\u00e1 de las normas habituales y, por lo tanto, ofrecen la ventaja de que <strong>los medidores de calor de EMS Electronic Metering Systems <\/strong>funcionen de forma consistente, precisa y fiable en condiciones reales, independientemente de si se utilizan en Europa, Norteam\u00e9rica, Asia u otras partes del mundo.<\/p><p>Otra ventaja para los clientes internacionales fuera de la UE, el EEE y la EFTA es que <strong>el cumplimiento de la Directiva MID <\/strong>representa una ventaja en t\u00e9rminos de calidad y, por ende, una ventaja en el mercado. En muchos pa\u00edses del mundo, y especialmente en los mercados que han adoptado las <strong>directivas MID <\/strong>o normas similares, los instrumentos de medici\u00f3n deben cumplir estos estrictos requisitos para ser aprobados para su uso en aplicaciones operativas o para fines de facturaci\u00f3n.<\/p><p>EMS Electronic Metering Systems ofrece a sus clientes internacionales no solo un producto que Cumple con los m\u00e1s altos est\u00e1ndares de calidad gracias a la conformidad con la Directiva MID, y en muchos casos tambi\u00e9n ofrece <strong>seguridad jur\u00eddica <\/strong>y <strong>aprobaci\u00f3n <\/strong>para su uso en diversos pa\u00edses fuera de la UE, el EEE y la AELC. Esta conformidad con la Directiva MID permite, a menudo, que los dispositivos se utilicen en todo el mundo sin necesidad de pruebas adicionales ni de nuevos procedimientos de aprobaci\u00f3n.<\/p><p>Especialmente para clientes internacionales fuera de la UE, el EEE y la EFTA, que dependen de la medici\u00f3n precisa de la energ\u00eda t\u00e9rmica y los flujos de energ\u00eda, ya sea en la submedici\u00f3n en \u00e1reas residenciales o en la calefacci\u00f3n urbana. En sistemas, procesos industriales o facturaci\u00f3n energ\u00e9tica, los contadores de calor fabricados seg\u00fan la norma MID de EMS ofrecen un alto nivel de precisi\u00f3n de medici\u00f3n, que se garantiza continuamente mediante exhaustivos procedimientos de prueba y calibraci\u00f3n.<\/p><p>Los requisitos de precisi\u00f3n de medici\u00f3n de MID son especialmente exigentes y abarcan no solo la medici\u00f3n precisa del caudal , sino tambi\u00e9n la medici\u00f3n de la temperatura y la estabilidad a largo plazo de los dispositivos. Por lo tanto, los clientes internacionales fuera de la UE, la EFTA y el EEE pueden tener la seguridad de que recibir\u00e1n dispositivos que cumplen con los m\u00e1s altos est\u00e1ndares de precisi\u00f3n y durabilidad, y que ofrecen un rendimiento consistentemente alto en su funcionamiento diario.<\/p><p>Los clientes internacionales, especialmente aquellos que se encuentran fuera de la UE, la EFTA y el EEE, pueden confiar en <strong>EMS Electronic Metering Systems <\/strong>como un socio que les suministra productos que cumplen con los m\u00e1s altos est\u00e1ndares de calidad a nivel mundial.<\/p><p>Un componente crucial para el control de calidad y la fabricaci\u00f3n seg\u00fan los requisitos de MID son los <strong>bancos de pruebas de flujo de alta precisi\u00f3n <\/strong>, desarrollados en colaboraci\u00f3n con uno de los fabricantes l\u00edderes y m\u00e1s reconocidos de bancos de pruebas de alta precisi\u00f3n en Europa Central. Estos bancos se utilizan para probar los medidores de calor ultras\u00f3nicos durante el proceso de fabricaci\u00f3n en diversos escenarios de prueba realistas y para garantizar que los dispositivos midan con precisi\u00f3n en todas las condiciones posibles.<\/p><p>Los bancos de pruebas de flujo de EMS Electronic Metering Systems utilizan <strong>sistemas de referencia avanzados, <\/strong>como la <strong>sonda de pist\u00f3n <\/strong>, que permite una determinaci\u00f3n precisa del caudal gracias a su alt\u00edsima exactitud. Otro sistema empleado es el caudal\u00edmetro magnetoinductivo (MID), que utiliza la inducci\u00f3n magn\u00e9tica para lograr una medici\u00f3n de flujo de l\u00edquido de gran precisi\u00f3n. Estas tecnolog\u00edas trabajan conjuntamente para conseguir una <strong>incertidumbre de medici\u00f3n excepcionalmente baja <\/strong>, que oscila entre <strong>\u00b10,2 % y \u00b10,5 % <\/strong>. Esta alta precisi\u00f3n es crucial para garantizar el registro exacto de los flujos de energ\u00eda y el correcto funcionamiento de los contadores de calor durante toda su vida \u00fatil.<\/p><p>Otro aspecto importante del control de calidad en <strong>EMS Electronic Metering Systems <\/strong>durante su proceso de fabricaci\u00f3n conforme a la norma MID es la <strong>calibraci\u00f3n precisa de los sensores de temperatura . Dado que la medici\u00f3n precisa de la temperatura es esencial para el c\u00e1lculo exacto del consumo de calor, la empresa utiliza ba\u00f1os de temperatura <\/strong>de \u00faltima generaci\u00f3n a base de aceite para probar y calibrar los sensores de temperatura de sus medidores de calor ultras\u00f3nicos. <strong>EMS Electronic Metering Systems <\/strong>dispone de tres ba\u00f1os de temperatura de alta precisi\u00f3n a base de aceite para estas pruebas y calibraciones. Estos ba\u00f1os proporcionan un control de temperatura constante y preciso, y garantizan que los sensores de temperatura se prueben en condiciones controladas e ideales. Esta calibraci\u00f3n es crucial para garantizar que los sensores de temperatura proporcionen lecturas precisas durante todo el funcionamiento del medidor de calor.<\/p><p>Los <strong>ba\u00f1os de temperatura del aceite <\/strong>funcionan con una precisi\u00f3n excepcionalmente alta, lo que permite probar los sensores de temperatura en todo el rango de temperaturas relevante para la aplicaci\u00f3n espec\u00edfica del medidor de calor. Estas pruebas garantizan que los medidores de calor ultras\u00f3nicos funcionen de forma fiable y proporcionen mediciones precisas incluso en condiciones de temperatura extremas. Estos procedimientos de prueba y calibraci\u00f3n no solo son esenciales para el cumplimiento de la normativa MID, sino tambi\u00e9n para la mejora continua de la calidad del producto y la adaptaci\u00f3n a los nuevos requisitos tecnol\u00f3gicos.<\/p><p>Mediante el uso de estos m\u00e9todos de calibraci\u00f3n y prueba de alta precisi\u00f3n, EMS Electronic Metering Systems garantiza que sus medidores de calor ultras\u00f3nicos ofrezcan una precisi\u00f3n de medici\u00f3n consistentemente alta durante toda su vida \u00fatil. La empresa garantiza un funcionamiento fiable y una larga vida \u00fatil, lo que se traduce en una alta satisfacci\u00f3n del cliente y una minimizaci\u00f3n de los costes operativos para los usuarios finales.<\/p><p>Gracias al uso de bancos de pruebas y t\u00e9cnicas de calibraci\u00f3n de \u00faltima generaci\u00f3n, as\u00ed como al desarrollo continuo de sus productos, <strong>EMS Electronic Metering Systems se ha consolidado <\/strong>como un proveedor experimentado y reconocido de <strong>medidores de calor ultras\u00f3nicos <\/strong>. EMS Electronic Metering Systems prioriza <strong>la innovaci\u00f3n <\/strong>, <strong>la calidad <\/strong>y <strong>la fiabilidad <\/strong>, garantizando que sus clientes siempre cuenten con las mejores tecnolog\u00edas para la medici\u00f3n y el monitoreo de flujos de calor y energ\u00eda. Ya sea para la submedici\u00f3n en el sector residencial, <strong>la industria <\/strong>, <strong>los sistemas de calefacci\u00f3n urbana <\/strong>o <strong>los sistemas de monitoreo de energ\u00eda, los productos de EMS Electronic Metering Systems <\/strong>ofrecen soluciones confiables para clientes de todo el mundo.<\/p>\t\t\t\t\t\t\t\t<\/div>\n\t\t\t\t<\/div>\n\t\t\t\t\t<\/div>\n\t\t\t\t<\/div>\n\t\t\t\t<\/div>\n\t\t","protected":false},"excerpt":{"rendered":"<p>Contador de calor ultras\u00f3nico EMS Electronic Metering Systems tambi\u00e9n se especializa en el desarrollo y la fabricaci\u00f3n de contadores de calor . Desde su fundaci\u00f3n, la empresa se ha consolidado en el sector y es ahora un reconocido fabricante de contadores de calor ultras\u00f3nicos , que se distinguen por su excepcional precisi\u00f3n y fiabilidad. EMS [&hellip;]<\/p>\n","protected":false},"author":1,"featured_media":0,"parent":0,"menu_order":0,"comment_status":"closed","ping_status":"closed","template":"","meta":{"ocean_post_layout":"","ocean_both_sidebars_style":"","ocean_both_sidebars_content_width":0,"ocean_both_sidebars_sidebars_width":0,"ocean_sidebar":"","ocean_second_sidebar":"","ocean_disable_margins":"enable","ocean_add_body_class":"","ocean_shortcode_before_top_bar":"","ocean_shortcode_after_top_bar":"","ocean_shortcode_before_header":"","ocean_shortcode_after_header":"","ocean_has_shortcode":"","ocean_shortcode_after_title":"","ocean_shortcode_before_footer_widgets":"","ocean_shortcode_after_footer_widgets":"","ocean_shortcode_before_footer_bottom":"","ocean_shortcode_after_footer_bottom":"","ocean_display_top_bar":"default","ocean_display_header":"default","ocean_header_style":"","ocean_center_header_left_menu":"","ocean_custom_header_template":"","ocean_custom_logo":0,"ocean_custom_retina_logo":0,"ocean_custom_logo_max_width":0,"ocean_custom_logo_tablet_max_width":0,"ocean_custom_logo_mobile_max_width":0,"ocean_custom_logo_max_height":0,"ocean_custom_logo_tablet_max_height":0,"ocean_custom_logo_mobile_max_height":0,"ocean_header_custom_menu":"","ocean_menu_typo_font_family":"","ocean_menu_typo_font_subset":"","ocean_menu_typo_font_size":0,"ocean_menu_typo_font_size_tablet":0,"ocean_menu_typo_font_size_mobile":0,"ocean_menu_typo_font_size_unit":"px","ocean_menu_typo_font_weight":"","ocean_menu_typo_font_weight_tablet":"","ocean_menu_typo_font_weight_mobile":"","ocean_menu_typo_transform":"","ocean_menu_typo_transform_tablet":"","ocean_menu_typo_transform_mobile":"","ocean_menu_typo_line_height":0,"ocean_menu_typo_line_height_tablet":0,"ocean_menu_typo_line_height_mobile":0,"ocean_menu_typo_line_height_unit":"","ocean_menu_typo_spacing":0,"ocean_menu_typo_spacing_tablet":0,"ocean_menu_typo_spacing_mobile":0,"ocean_menu_typo_spacing_unit":"","ocean_menu_link_color":"","ocean_menu_link_color_hover":"","ocean_menu_link_color_active":"","ocean_menu_link_background":"","ocean_menu_link_hover_background":"","ocean_menu_link_active_background":"","ocean_menu_social_links_bg":"","ocean_menu_social_hover_links_bg":"","ocean_menu_social_links_color":"","ocean_menu_social_hover_links_color":"","ocean_disable_title":"default","ocean_disable_heading":"default","ocean_post_title":"","ocean_post_subheading":"","ocean_post_title_style":"","ocean_post_title_background_color":"","ocean_post_title_background":0,"ocean_post_title_bg_image_position":"","ocean_post_title_bg_image_attachment":"","ocean_post_title_bg_image_repeat":"","ocean_post_title_bg_image_size":"","ocean_post_title_height":0,"ocean_post_title_bg_overlay":0.5,"ocean_post_title_bg_overlay_color":"","ocean_disable_breadcrumbs":"default","ocean_breadcrumbs_color":"","ocean_breadcrumbs_separator_color":"","ocean_breadcrumbs_links_color":"","ocean_breadcrumbs_links_hover_color":"","ocean_display_footer_widgets":"default","ocean_display_footer_bottom":"default","ocean_custom_footer_template":"","footnotes":""},"class_list":["post-965","page","type-page","status-publish","hentry","entry"],"yoast_head":"<!-- This site is optimized with the Yoast SEO plugin v24.9 - https:\/\/yoast.com\/wordpress\/plugins\/seo\/ -->\n<title>Contador de calor ultras\u00f3nico - EMS Electronic Metering Systems<\/title>\n<meta name=\"robots\" content=\"index, follow, max-snippet:-1, max-image-preview:large, max-video-preview:-1\" \/>\n<link rel=\"canonical\" href=\"https:\/\/ems-electronic.com\/?page_id=965&lang=es\" \/>\n<meta property=\"og:locale\" content=\"de_DE\" \/>\n<meta property=\"og:type\" content=\"article\" \/>\n<meta property=\"og:title\" content=\"Contador de calor ultras\u00f3nico - EMS Electronic Metering Systems\" \/>\n<meta property=\"og:description\" content=\"Contador de calor ultras\u00f3nico EMS Electronic Metering Systems tambi\u00e9n se especializa en el desarrollo y la fabricaci\u00f3n de contadores de calor . Desde su fundaci\u00f3n, la empresa se ha consolidado en el sector y es ahora un reconocido fabricante de contadores de calor ultras\u00f3nicos , que se distinguen por su excepcional precisi\u00f3n y fiabilidad. EMS [&hellip;]\" \/>\n<meta property=\"og:url\" content=\"https:\/\/ems-electronic.com\/?page_id=965&amp;lang=es\" \/>\n<meta property=\"og:site_name\" content=\"EMS Electronic Metering Systems\" \/>\n<meta property=\"article:modified_time\" content=\"2026-04-03T06:38:48+00:00\" \/>\n<meta name=\"twitter:card\" content=\"summary_large_image\" \/>\n<meta name=\"twitter:label1\" content=\"Gesch\u00e4tzte Lesezeit\" \/>\n\t<meta name=\"twitter:data1\" content=\"9\u00a0Minuten\" \/>\n<script type=\"application\/ld+json\" class=\"yoast-schema-graph\">{\"@context\":\"https:\/\/schema.org\",\"@graph\":[{\"@type\":\"WebPage\",\"@id\":\"https:\/\/ems-electronic.com\/?page_id=965&lang=es\",\"url\":\"https:\/\/ems-electronic.com\/?page_id=965&lang=es\",\"name\":\"Contador de calor ultras\u00f3nico - EMS Electronic Metering Systems\",\"isPartOf\":{\"@id\":\"https:\/\/ems-electronic.com\/#website\"},\"datePublished\":\"2026-04-03T06:37:46+00:00\",\"dateModified\":\"2026-04-03T06:38:48+00:00\",\"breadcrumb\":{\"@id\":\"https:\/\/ems-electronic.com\/?page_id=965&lang=es#breadcrumb\"},\"inLanguage\":\"de\",\"potentialAction\":[{\"@type\":\"ReadAction\",\"target\":[\"https:\/\/ems-electronic.com\/?page_id=965&lang=es\"]}]},{\"@type\":\"BreadcrumbList\",\"@id\":\"https:\/\/ems-electronic.com\/?page_id=965&lang=es#breadcrumb\",\"itemListElement\":[{\"@type\":\"ListItem\",\"position\":1,\"name\":\"Startseite\",\"item\":\"https:\/\/ems-electronic.com\/?page_id=37&lang=de\"},{\"@type\":\"ListItem\",\"position\":2,\"name\":\"Contador de calor ultras\u00f3nico\"}]},{\"@type\":\"WebSite\",\"@id\":\"https:\/\/ems-electronic.com\/#website\",\"url\":\"https:\/\/ems-electronic.com\/\",\"name\":\"EMS Electronic Metering Systems\",\"description\":\"Precision electronic component manufacturing tailored to your specifications \u2013 from small-series production to reliable contract assembly, certified according to ISO 9001 and backed by the Messtechnik Group\",\"publisher\":{\"@id\":\"https:\/\/ems-electronic.com\/#organization\"},\"alternateName\":\"Precision electronic component manufacturing tailored to your specifications \u2013 from small-series production to reliable contract assembly, certified according to ISO 9001 and backed by the Messtechnik Group\",\"potentialAction\":[{\"@type\":\"SearchAction\",\"target\":{\"@type\":\"EntryPoint\",\"urlTemplate\":\"https:\/\/ems-electronic.com\/?s={search_term_string}\"},\"query-input\":{\"@type\":\"PropertyValueSpecification\",\"valueRequired\":true,\"valueName\":\"search_term_string\"}}],\"inLanguage\":\"de\"},{\"@type\":\"Organization\",\"@id\":\"https:\/\/ems-electronic.com\/#organization\",\"name\":\"EMS Electronic Metering Systems s.r.l.\",\"url\":\"https:\/\/ems-electronic.com\/\",\"logo\":{\"@type\":\"ImageObject\",\"inLanguage\":\"de\",\"@id\":\"https:\/\/ems-electronic.com\/#\/schema\/logo\/image\/\",\"url\":\"https:\/\/ems-electronic.com\/wp-content\/uploads\/2024\/06\/cropped-cropped-EMS_quadrat_web.jpg\",\"contentUrl\":\"https:\/\/ems-electronic.com\/wp-content\/uploads\/2024\/06\/cropped-cropped-EMS_quadrat_web.jpg\",\"width\":512,\"height\":173,\"caption\":\"EMS Electronic Metering Systems s.r.l.\"},\"image\":{\"@id\":\"https:\/\/ems-electronic.com\/#\/schema\/logo\/image\/\"}}]}<\/script>\n<!-- \/ Yoast SEO plugin. -->","yoast_head_json":{"title":"Contador de calor ultras\u00f3nico - EMS Electronic Metering Systems","robots":{"index":"index","follow":"follow","max-snippet":"max-snippet:-1","max-image-preview":"max-image-preview:large","max-video-preview":"max-video-preview:-1"},"canonical":"https:\/\/ems-electronic.com\/?page_id=965&lang=es","og_locale":"de_DE","og_type":"article","og_title":"Contador de calor ultras\u00f3nico - EMS Electronic Metering Systems","og_description":"Contador de calor ultras\u00f3nico EMS Electronic Metering Systems tambi\u00e9n se especializa en el desarrollo y la fabricaci\u00f3n de contadores de calor . Desde su fundaci\u00f3n, la empresa se ha consolidado en el sector y es ahora un reconocido fabricante de contadores de calor ultras\u00f3nicos , que se distinguen por su excepcional precisi\u00f3n y fiabilidad. EMS [&hellip;]","og_url":"https:\/\/ems-electronic.com\/?page_id=965&lang=es","og_site_name":"EMS Electronic Metering Systems","article_modified_time":"2026-04-03T06:38:48+00:00","twitter_card":"summary_large_image","twitter_misc":{"Gesch\u00e4tzte Lesezeit":"9\u00a0Minuten"},"schema":{"@context":"https:\/\/schema.org","@graph":[{"@type":"WebPage","@id":"https:\/\/ems-electronic.com\/?page_id=965&lang=es","url":"https:\/\/ems-electronic.com\/?page_id=965&lang=es","name":"Contador de calor ultras\u00f3nico - EMS Electronic Metering Systems","isPartOf":{"@id":"https:\/\/ems-electronic.com\/#website"},"datePublished":"2026-04-03T06:37:46+00:00","dateModified":"2026-04-03T06:38:48+00:00","breadcrumb":{"@id":"https:\/\/ems-electronic.com\/?page_id=965&lang=es#breadcrumb"},"inLanguage":"de","potentialAction":[{"@type":"ReadAction","target":["https:\/\/ems-electronic.com\/?page_id=965&lang=es"]}]},{"@type":"BreadcrumbList","@id":"https:\/\/ems-electronic.com\/?page_id=965&lang=es#breadcrumb","itemListElement":[{"@type":"ListItem","position":1,"name":"Startseite","item":"https:\/\/ems-electronic.com\/?page_id=37&lang=de"},{"@type":"ListItem","position":2,"name":"Contador de calor ultras\u00f3nico"}]},{"@type":"WebSite","@id":"https:\/\/ems-electronic.com\/#website","url":"https:\/\/ems-electronic.com\/","name":"EMS Electronic Metering Systems","description":"Precision electronic component manufacturing tailored to your specifications \u2013 from small-series production to reliable contract assembly, certified according to ISO 9001 and backed by the Messtechnik Group","publisher":{"@id":"https:\/\/ems-electronic.com\/#organization"},"alternateName":"Precision electronic component manufacturing tailored to your specifications \u2013 from small-series production to reliable contract assembly, certified according to ISO 9001 and backed by the Messtechnik Group","potentialAction":[{"@type":"SearchAction","target":{"@type":"EntryPoint","urlTemplate":"https:\/\/ems-electronic.com\/?s={search_term_string}"},"query-input":{"@type":"PropertyValueSpecification","valueRequired":true,"valueName":"search_term_string"}}],"inLanguage":"de"},{"@type":"Organization","@id":"https:\/\/ems-electronic.com\/#organization","name":"EMS Electronic Metering Systems s.r.l.","url":"https:\/\/ems-electronic.com\/","logo":{"@type":"ImageObject","inLanguage":"de","@id":"https:\/\/ems-electronic.com\/#\/schema\/logo\/image\/","url":"https:\/\/ems-electronic.com\/wp-content\/uploads\/2024\/06\/cropped-cropped-EMS_quadrat_web.jpg","contentUrl":"https:\/\/ems-electronic.com\/wp-content\/uploads\/2024\/06\/cropped-cropped-EMS_quadrat_web.jpg","width":512,"height":173,"caption":"EMS Electronic Metering Systems s.r.l."},"image":{"@id":"https:\/\/ems-electronic.com\/#\/schema\/logo\/image\/"}}]}},"jetpack_sharing_enabled":true,"_links":{"self":[{"href":"https:\/\/ems-electronic.com\/index.php?rest_route=\/wp\/v2\/pages\/965","targetHints":{"allow":["GET"]}}],"collection":[{"href":"https:\/\/ems-electronic.com\/index.php?rest_route=\/wp\/v2\/pages"}],"about":[{"href":"https:\/\/ems-electronic.com\/index.php?rest_route=\/wp\/v2\/types\/page"}],"author":[{"embeddable":true,"href":"https:\/\/ems-electronic.com\/index.php?rest_route=\/wp\/v2\/users\/1"}],"replies":[{"embeddable":true,"href":"https:\/\/ems-electronic.com\/index.php?rest_route=%2Fwp%2Fv2%2Fcomments&post=965"}],"version-history":[{"count":4,"href":"https:\/\/ems-electronic.com\/index.php?rest_route=\/wp\/v2\/pages\/965\/revisions"}],"predecessor-version":[{"id":988,"href":"https:\/\/ems-electronic.com\/index.php?rest_route=\/wp\/v2\/pages\/965\/revisions\/988"}],"wp:attachment":[{"href":"https:\/\/ems-electronic.com\/index.php?rest_route=%2Fwp%2Fv2%2Fmedia&parent=965"}],"curies":[{"name":"wp","href":"https:\/\/api.w.org\/{rel}","templated":true}]}}