{"id":968,"date":"2026-04-03T06:39:06","date_gmt":"2026-04-03T06:39:06","guid":{"rendered":"https:\/\/ems-electronic.com\/?page_id=968"},"modified":"2026-04-03T06:40:01","modified_gmt":"2026-04-03T06:40:01","slug":"medidor-de-calor-ultrassonico","status":"publish","type":"page","link":"https:\/\/ems-electronic.com\/?page_id=968&lang=pt","title":{"rendered":"Medidor de calor ultrass\u00f4nico"},"content":{"rendered":"\t\t<div data-elementor-type=\"wp-page\" data-elementor-id=\"968\" class=\"elementor elementor-968\">\n\t\t\t\t<div class=\"elementor-element elementor-element-b3f1f99 e-flex e-con-boxed e-con e-parent\" data-id=\"b3f1f99\" data-element_type=\"container\" data-e-type=\"container\">\n\t\t\t\t\t<div class=\"e-con-inner\">\n\t\t\t\t<div class=\"elementor-element elementor-element-22df6b2 elementor-widget elementor-widget-heading\" data-id=\"22df6b2\" data-element_type=\"widget\" data-e-type=\"widget\" data-widget_type=\"heading.default\">\n\t\t\t\t<div class=\"elementor-widget-container\">\n\t\t\t\t\t<h2 class=\"elementor-heading-title elementor-size-default\">Medidor de calor ultrass\u00f4nico<\/h2>\t\t\t\t<\/div>\n\t\t\t\t<\/div>\n\t\t\t\t<div class=\"elementor-element elementor-element-cf47200 elementor-widget elementor-widget-text-editor\" data-id=\"cf47200\" data-element_type=\"widget\" data-e-type=\"widget\" data-widget_type=\"text-editor.default\">\n\t\t\t\t<div class=\"elementor-widget-container\">\n\t\t\t\t\t\t\t\t\t<p><strong>A EMS Electronic Metering Systems <\/strong>tamb\u00e9m se especializa no desenvolvimento e fabrica\u00e7\u00e3o de <strong>medidores de calor <\/strong>. Desde a sua funda\u00e7\u00e3o, a empresa consolidou-se no setor e hoje \u00e9 uma fabricante renomada de <strong>medidores de calor ultrass\u00f4nicos <\/strong>, que se destacam pela excepcional precis\u00e3o e confiabilidade.<\/p><p><strong>A EMS Electronic Metering Systems <\/strong>desenvolveu uma not\u00e1vel <strong>expertise, <\/strong>particularmente na \u00e1rea de <strong>medi\u00e7\u00e3o de vaz\u00e3o ultrass\u00f4nica <\/strong>, permitindo \u00e0 empresa utilizar tecnologias de ponta para a medi\u00e7\u00e3o de calor e energia. Essa tecnologia avan\u00e7ada \u00e9 cada vez mais empregada em diversos setores, como <strong>submedi\u00e7\u00e3o em edif\u00edcios residenciais, sistemas de aquecimento urbano, plantas industriais <\/strong>e <strong>sistemas de monitoramento de energia <\/strong>, pois possibilita o monitoramento preciso e cont\u00ednuo do consumo de calor.<\/p><p>A empresa fabrica seus pr\u00f3prios <strong>medidores de calor ultrass\u00f4nicos HMU-1 <\/strong>, projetados especificamente para medir o consumo de calor em sistemas de aquecimento de \u00e1gua. Esses medidores oferecem in\u00fameras vantagens, incluindo alta precis\u00e3o, tempo de resposta r\u00e1pido e resist\u00eancia a influ\u00eancias externas, como vibra\u00e7\u00f5es e flutua\u00e7\u00f5es de temperatura. S\u00e3o ideais para uso em ambientes exigentes, onde a medi\u00e7\u00e3o confi\u00e1vel do fluxo de energia \u00e9 crucial. Os modelos <strong>HMU-1 <\/strong>tamb\u00e9m se caracterizam pela opera\u00e7\u00e3o intuitiva e pela constru\u00e7\u00e3o robusta, que garante uma longa vida \u00fatil.<\/p><p><strong>A EMS Electronic Metering Systems <\/strong>cumpre todos os requisitos da <strong>Diretiva Europeia de Instrumentos de Medi\u00e7\u00e3o (MID 2014\/32\/UE) <\/strong>, que regula a conformidade dos instrumentos de medi\u00e7\u00e3o na Europa. Esta diretiva, que foi posteriormente transposta para a legisla\u00e7\u00e3o nacional dos Estados-Membros europeus, estipula que os medidores de calor devem possuir um determinado n\u00edvel de precis\u00e3o e fiabilidade para serem utilizados na fatura\u00e7\u00e3o e medi\u00e7\u00e3o do consumo de energia t\u00e9rmica. A EMS Electronic Metering Systems garante que todos os seus medidores de calor ultrass\u00f3nicos fabricados cumprem estes rigorosos requisitos e, por conseguinte, est\u00e3o homologados para o mercado europeu.<\/p><p>Gra\u00e7as a este <strong>processo de fabrica\u00e7\u00e3o em conformidade com a MID, <\/strong>os produtos da empresa podem ser utilizados sem restri\u00e7\u00f5es em todos os pa\u00edses da UE, bem como em todos os pa\u00edses da EFTA e do EEE, o que \u00e9 um pr\u00e9-requisito importante para que os clientes europeus utilizem esses dispositivos.<\/p><p>Especialmente para <strong>os clientes internacionais da EMS Electronic Metering Systems <\/strong>fora da UE, do EEE e da EFTA, \u00e9 uma vantagem significativa que os <strong>medidores de calor ultrass\u00f4nicos da empresa sejam fabricados <\/strong>em conformidade com a <strong>Diretiva de Instrumentos de Medi\u00e7\u00e3o (MID) <\/strong>. Esta diretiva europeia garante que todos os instrumentos de medi\u00e7\u00e3o fabricados atendam aos mais altos padr\u00f5es de <strong>precis\u00e3o <\/strong>, <strong>confiabilidade <\/strong>e <strong>qualidade <\/strong>exigidos para aprova\u00e7\u00e3o e uso no mercado europeu.<\/p><p>A <strong>MID <\/strong>\u00e9 uma das normas regulamentares mais rigorosas para instrumentos de medi\u00e7\u00e3o em todo o mundo. Ela garante que os dispositivos n\u00e3o apenas atendam aos requisitos legais, mas tamb\u00e9m ofere\u00e7am <strong>precis\u00e3o <\/strong>e <strong>confiabilidade de medi\u00e7\u00e3o excepcionalmente altas <\/strong>. Para clientes internacionais que dependem de instrumentos de medi\u00e7\u00e3o confi\u00e1veis e precisos, a certifica\u00e7\u00e3o MID significa <strong>qualidade garantida <\/strong>. Os requisitos rigorosos desta diretiva v\u00e3o muito al\u00e9m dos padr\u00f5es usuais e, portanto, oferecem a vantagem de que <strong>os medidores de calor da EMS Electronic Metering Systems <\/strong>operam de forma consistente, precisa e confi\u00e1vel em condi\u00e7\u00f5es reais, independentemente de serem usados na Europa, Am\u00e9rica do Norte, \u00c1sia ou outras partes do mundo.<\/p><p>Outra vantagem para clientes internacionais fora da UE, do EEE e da EFTA \u00e9 que a <strong>conformidade com a MID <\/strong>representa uma vantagem em termos de qualidade e, consequentemente, uma vantagem de mercado. Em muitos pa\u00edses do mundo, e especialmente em mercados que adotaram as <strong>diretivas MID <\/strong>ou normas semelhantes, os instrumentos de medi\u00e7\u00e3o devem atender a esses requisitos rigorosos para serem aprovados para uso em aplica\u00e7\u00f5es operacionais ou para fins de faturamento.<\/p><p>A EMS Electronic Metering Systems oferece aos seus clientes internacionais n\u00e3o apenas um produto que Atende aos mais altos padr\u00f5es de qualidade por meio da conformidade com o MID, mas, em muitos casos, tamb\u00e9m oferece <strong>seguran\u00e7a jur\u00eddica <\/strong>e <strong>aprova\u00e7\u00e3o de mercado <\/strong>para uso em diversos pa\u00edses fora da UE, do EEE e da EFTA. Essa conformidade com o MID geralmente permite que os dispositivos sejam usados em todo o mundo sem a necessidade de testes adicionais ou procedimentos de aprova\u00e7\u00e3o renovados.<\/p><p>Especialmente para clientes internacionais fora da UE, do EEE e da EFTA, que dependem da medi\u00e7\u00e3o precisa da energia t\u00e9rmica e dos fluxos de energia \u2013 seja na submedi\u00e7\u00e3o em \u00e1reas residenciais ou no aquecimento urbano. Em sistemas, processos industriais ou faturamento de energia, os medidores de calor fabricados de acordo com o padr\u00e3o MID da EMS oferecem um alto n\u00edvel de precis\u00e3o de medi\u00e7\u00e3o, que \u00e9 continuamente garantido por procedimentos abrangentes de teste e calibra\u00e7\u00e3o.<\/p><p>Os requisitos de precis\u00e3o de medi\u00e7\u00e3o do MID s\u00e3o particularmente exigentes e abrangem n\u00e3o apenas a medi\u00e7\u00e3o precisa da vaz\u00e3o , mas tamb\u00e9m a medi\u00e7\u00e3o da temperatura e a estabilidade a longo prazo dos dispositivos. Portanto, os clientes internacionais fora da UE, EFTA e EEE podem ter a certeza de que receber\u00e3o dispositivos que atendem aos mais altos padr\u00f5es de precis\u00e3o e durabilidade e que oferecem desempenho consistentemente elevado na opera\u00e7\u00e3o di\u00e1ria.<\/p><p>Clientes internacionais, especialmente aqueles fora da UE, EFTA e EEE, podem contar com <strong>a EMS Electronic Metering Systems <\/strong>como parceira, fornecendo produtos que atendem aos mais altos padr\u00f5es de qualidade em todo o mundo.<\/p><p>Um componente crucial para a garantia da qualidade e a fabrica\u00e7\u00e3o de acordo com os requisitos da MID s\u00e3o as <strong>bancadas de teste de fluxo de alta precis\u00e3o <\/strong>, desenvolvidas em coopera\u00e7\u00e3o com um dos principais e mais renomados fabricantes de bancadas de teste de alta precis\u00e3o da Europa Central. Essas bancadas s\u00e3o utilizadas para testar os medidores de temperatura ultrass\u00f4nicos durante o processo de fabrica\u00e7\u00e3o em diversos cen\u00e1rios de teste realistas e para garantir que os dispositivos me\u00e7am com precis\u00e3o em todas as condi\u00e7\u00f5es poss\u00edveis.<\/p><p>As bancadas de teste de vaz\u00e3o da EMS Electronic Metering Systems utilizam <strong>sistemas de refer\u00eancia avan\u00e7ados, <\/strong>como a <strong>sonda de pist\u00e3o <\/strong>, que permite a determina\u00e7\u00e3o precisa da vaz\u00e3o gra\u00e7as \u00e0 sua alt\u00edssima precis\u00e3o. Outro sistema empregado \u00e9 o medidor de vaz\u00e3o magn\u00e9tico-indutivo (MID), que utiliza indu\u00e7\u00e3o magn\u00e9tica para obter medi\u00e7\u00f5es de alta precis\u00e3o do fluxo de l\u00edquidos. Essas tecnologias trabalham em conjunto para alcan\u00e7ar uma <strong>incerteza de medi\u00e7\u00e3o excepcionalmente baixa <\/strong>, variando de <strong>\u00b10,2% a \u00b10,5% <\/strong>. Essa alta precis\u00e3o \u00e9 crucial para garantir o registro exato dos fluxos de energia e a funcionalidade dos medidores de calor durante todo o seu ciclo de vida.<\/p><p>Outro aspecto importante do controle de qualidade na <strong>EMS Electronic Metering Systems <\/strong>durante seu processo de fabrica\u00e7\u00e3o em conformidade com a norma MID \u00e9 a <strong>calibra\u00e7\u00e3o precisa dos sensores de temperatura . Como a medi\u00e7\u00e3o precisa da temperatura \u00e9 essencial para o c\u00e1lculo exato do consumo de calor, a empresa utiliza banhos t\u00e9rmicos de \u00f3leo <\/strong>de \u00faltima gera\u00e7\u00e3o para testar e calibrar os sensores de temperatura de seus medidores de calor ultrass\u00f4nicos. <strong>A EMS Electronic Metering Systems <\/strong>possui tr\u00eas banhos t\u00e9rmicos de \u00f3leo de alta precis\u00e3o utilizados para esses testes e calibra\u00e7\u00f5es. Esses banhos proporcionam um controle de temperatura constante e preciso, garantindo que os sensores de temperatura sejam testados em condi\u00e7\u00f5es controladas e ideais. Essa calibra\u00e7\u00e3o \u00e9 crucial para garantir que os sensores de temperatura forne\u00e7am leituras precisas durante toda a opera\u00e7\u00e3o do medidor de calor.<\/p><p>Os <strong>banhos t\u00e9rmicos de \u00f3leo <\/strong>operam com alt\u00edssima precis\u00e3o, permitindo que os sensores de temperatura sejam testados em toda a faixa de temperatura relevante para a aplica\u00e7\u00e3o espec\u00edfica do medidor de calor. Esses testes garantem que os medidores de calor ultrass\u00f4nicos operem de forma confi\u00e1vel e forne\u00e7am medi\u00e7\u00f5es precisas mesmo em condi\u00e7\u00f5es extremas de temperatura. Esses procedimentos de teste e calibra\u00e7\u00e3o s\u00e3o essenciais n\u00e3o apenas para o cumprimento das normas MID, mas tamb\u00e9m para a melhoria cont\u00ednua da qualidade do produto e a adapta\u00e7\u00e3o a novas exig\u00eancias tecnol\u00f3gicas.<\/p><p>Ao empregar esses m\u00e9todos de calibra\u00e7\u00e3o e teste de alta precis\u00e3o, a EMS Electronic Metering Systems garante que seus medidores de calor ultrass\u00f4nicos ofere\u00e7am alta precis\u00e3o de medi\u00e7\u00e3o de forma consistente durante toda a sua vida \u00fatil. A empresa garante opera\u00e7\u00e3o confi\u00e1vel e longa vida \u00fatil, resultando em alta satisfa\u00e7\u00e3o do cliente e minimiza\u00e7\u00e3o dos custos operacionais para os usu\u00e1rios finais.<\/p><p>Aliando o uso de bancadas de teste e t\u00e9cnicas de calibra\u00e7\u00e3o de \u00faltima gera\u00e7\u00e3o, bem como o desenvolvimento cont\u00ednuo de seus produtos, <strong>a EMS Electronic Metering Systems se consolidou <\/strong>como uma fornecedora experiente e renomada de <strong>medidores de calor ultrass\u00f4nicos <\/strong>. A EMS Electronic Metering Systems prioriza a <strong>inova\u00e7\u00e3o <\/strong>, <strong>a qualidade <\/strong>e <strong>a confiabilidade <\/strong>, garantindo que seus clientes estejam sempre equipados com as melhores tecnologias para medi\u00e7\u00e3o e monitoramento de fluxos de calor e energia. Seja para submedi\u00e7\u00e3o no setor residencial, <strong>industrial <\/strong>, <strong>em sistemas de aquecimento urbano <\/strong>ou <strong>em sistemas de monitoramento de energia, os produtos da EMS Electronic Metering Systems <\/strong>oferecem solu\u00e7\u00f5es confi\u00e1veis para clientes em todo o mundo.<\/p>\t\t\t\t\t\t\t\t<\/div>\n\t\t\t\t<\/div>\n\t\t\t\t\t<\/div>\n\t\t\t\t<\/div>\n\t\t\t\t<\/div>\n\t\t","protected":false},"excerpt":{"rendered":"<p>Medidor de calor ultrass\u00f4nico A EMS Electronic Metering Systems tamb\u00e9m se especializa no desenvolvimento e fabrica\u00e7\u00e3o de medidores de calor . Desde a sua funda\u00e7\u00e3o, a empresa consolidou-se no setor e hoje \u00e9 uma fabricante renomada de medidores de calor ultrass\u00f4nicos , que se destacam pela excepcional precis\u00e3o e confiabilidade. A EMS Electronic Metering Systems [&hellip;]<\/p>\n","protected":false},"author":1,"featured_media":0,"parent":0,"menu_order":0,"comment_status":"closed","ping_status":"closed","template":"","meta":{"ocean_post_layout":"","ocean_both_sidebars_style":"","ocean_both_sidebars_content_width":0,"ocean_both_sidebars_sidebars_width":0,"ocean_sidebar":"","ocean_second_sidebar":"","ocean_disable_margins":"enable","ocean_add_body_class":"","ocean_shortcode_before_top_bar":"","ocean_shortcode_after_top_bar":"","ocean_shortcode_before_header":"","ocean_shortcode_after_header":"","ocean_has_shortcode":"","ocean_shortcode_after_title":"","ocean_shortcode_before_footer_widgets":"","ocean_shortcode_after_footer_widgets":"","ocean_shortcode_before_footer_bottom":"","ocean_shortcode_after_footer_bottom":"","ocean_display_top_bar":"default","ocean_display_header":"default","ocean_header_style":"","ocean_center_header_left_menu":"","ocean_custom_header_template":"","ocean_custom_logo":0,"ocean_custom_retina_logo":0,"ocean_custom_logo_max_width":0,"ocean_custom_logo_tablet_max_width":0,"ocean_custom_logo_mobile_max_width":0,"ocean_custom_logo_max_height":0,"ocean_custom_logo_tablet_max_height":0,"ocean_custom_logo_mobile_max_height":0,"ocean_header_custom_menu":"","ocean_menu_typo_font_family":"","ocean_menu_typo_font_subset":"","ocean_menu_typo_font_size":0,"ocean_menu_typo_font_size_tablet":0,"ocean_menu_typo_font_size_mobile":0,"ocean_menu_typo_font_size_unit":"px","ocean_menu_typo_font_weight":"","ocean_menu_typo_font_weight_tablet":"","ocean_menu_typo_font_weight_mobile":"","ocean_menu_typo_transform":"","ocean_menu_typo_transform_tablet":"","ocean_menu_typo_transform_mobile":"","ocean_menu_typo_line_height":0,"ocean_menu_typo_line_height_tablet":0,"ocean_menu_typo_line_height_mobile":0,"ocean_menu_typo_line_height_unit":"","ocean_menu_typo_spacing":0,"ocean_menu_typo_spacing_tablet":0,"ocean_menu_typo_spacing_mobile":0,"ocean_menu_typo_spacing_unit":"","ocean_menu_link_color":"","ocean_menu_link_color_hover":"","ocean_menu_link_color_active":"","ocean_menu_link_background":"","ocean_menu_link_hover_background":"","ocean_menu_link_active_background":"","ocean_menu_social_links_bg":"","ocean_menu_social_hover_links_bg":"","ocean_menu_social_links_color":"","ocean_menu_social_hover_links_color":"","ocean_disable_title":"default","ocean_disable_heading":"default","ocean_post_title":"","ocean_post_subheading":"","ocean_post_title_style":"","ocean_post_title_background_color":"","ocean_post_title_background":0,"ocean_post_title_bg_image_position":"","ocean_post_title_bg_image_attachment":"","ocean_post_title_bg_image_repeat":"","ocean_post_title_bg_image_size":"","ocean_post_title_height":0,"ocean_post_title_bg_overlay":0.5,"ocean_post_title_bg_overlay_color":"","ocean_disable_breadcrumbs":"default","ocean_breadcrumbs_color":"","ocean_breadcrumbs_separator_color":"","ocean_breadcrumbs_links_color":"","ocean_breadcrumbs_links_hover_color":"","ocean_display_footer_widgets":"default","ocean_display_footer_bottom":"default","ocean_custom_footer_template":"","footnotes":""},"class_list":["post-968","page","type-page","status-publish","hentry","entry"],"yoast_head":"<!-- This site is optimized with the Yoast SEO plugin v24.9 - https:\/\/yoast.com\/wordpress\/plugins\/seo\/ -->\n<title>Medidor de calor ultrass\u00f4nico - EMS Electronic Metering Systems<\/title>\n<meta name=\"robots\" content=\"index, follow, max-snippet:-1, max-image-preview:large, max-video-preview:-1\" \/>\n<link rel=\"canonical\" href=\"https:\/\/ems-electronic.com\/?page_id=968&lang=pt\" \/>\n<meta property=\"og:locale\" content=\"de_DE\" \/>\n<meta property=\"og:type\" content=\"article\" \/>\n<meta property=\"og:title\" content=\"Medidor de calor ultrass\u00f4nico - EMS Electronic Metering Systems\" \/>\n<meta property=\"og:description\" content=\"Medidor de calor ultrass\u00f4nico A EMS Electronic Metering Systems tamb\u00e9m se especializa no desenvolvimento e fabrica\u00e7\u00e3o de medidores de calor . Desde a sua funda\u00e7\u00e3o, a empresa consolidou-se no setor e hoje \u00e9 uma fabricante renomada de medidores de calor ultrass\u00f4nicos , que se destacam pela excepcional precis\u00e3o e confiabilidade. A EMS Electronic Metering Systems [&hellip;]\" \/>\n<meta property=\"og:url\" content=\"https:\/\/ems-electronic.com\/?page_id=968&amp;lang=pt\" \/>\n<meta property=\"og:site_name\" content=\"EMS Electronic Metering Systems\" \/>\n<meta property=\"article:modified_time\" content=\"2026-04-03T06:40:01+00:00\" \/>\n<meta name=\"twitter:card\" content=\"summary_large_image\" \/>\n<meta name=\"twitter:label1\" content=\"Gesch\u00e4tzte Lesezeit\" \/>\n\t<meta name=\"twitter:data1\" content=\"9\u00a0Minuten\" \/>\n<script type=\"application\/ld+json\" class=\"yoast-schema-graph\">{\"@context\":\"https:\/\/schema.org\",\"@graph\":[{\"@type\":\"WebPage\",\"@id\":\"https:\/\/ems-electronic.com\/?page_id=968&lang=pt\",\"url\":\"https:\/\/ems-electronic.com\/?page_id=968&lang=pt\",\"name\":\"Medidor de calor ultrass\u00f4nico - EMS Electronic Metering Systems\",\"isPartOf\":{\"@id\":\"https:\/\/ems-electronic.com\/#website\"},\"datePublished\":\"2026-04-03T06:39:06+00:00\",\"dateModified\":\"2026-04-03T06:40:01+00:00\",\"breadcrumb\":{\"@id\":\"https:\/\/ems-electronic.com\/?page_id=968&lang=pt#breadcrumb\"},\"inLanguage\":\"de\",\"potentialAction\":[{\"@type\":\"ReadAction\",\"target\":[\"https:\/\/ems-electronic.com\/?page_id=968&lang=pt\"]}]},{\"@type\":\"BreadcrumbList\",\"@id\":\"https:\/\/ems-electronic.com\/?page_id=968&lang=pt#breadcrumb\",\"itemListElement\":[{\"@type\":\"ListItem\",\"position\":1,\"name\":\"Startseite\",\"item\":\"https:\/\/ems-electronic.com\/?page_id=37&lang=de\"},{\"@type\":\"ListItem\",\"position\":2,\"name\":\"Medidor de calor ultrass\u00f4nico\"}]},{\"@type\":\"WebSite\",\"@id\":\"https:\/\/ems-electronic.com\/#website\",\"url\":\"https:\/\/ems-electronic.com\/\",\"name\":\"EMS Electronic Metering Systems\",\"description\":\"Precision electronic component manufacturing tailored to your specifications \u2013 from small-series production to reliable contract assembly, certified according to ISO 9001 and backed by the Messtechnik Group\",\"publisher\":{\"@id\":\"https:\/\/ems-electronic.com\/#organization\"},\"alternateName\":\"Precision electronic component manufacturing tailored to your specifications \u2013 from small-series production to reliable contract assembly, certified according to ISO 9001 and backed by the Messtechnik Group\",\"potentialAction\":[{\"@type\":\"SearchAction\",\"target\":{\"@type\":\"EntryPoint\",\"urlTemplate\":\"https:\/\/ems-electronic.com\/?s={search_term_string}\"},\"query-input\":{\"@type\":\"PropertyValueSpecification\",\"valueRequired\":true,\"valueName\":\"search_term_string\"}}],\"inLanguage\":\"de\"},{\"@type\":\"Organization\",\"@id\":\"https:\/\/ems-electronic.com\/#organization\",\"name\":\"EMS Electronic Metering Systems s.r.l.\",\"url\":\"https:\/\/ems-electronic.com\/\",\"logo\":{\"@type\":\"ImageObject\",\"inLanguage\":\"de\",\"@id\":\"https:\/\/ems-electronic.com\/#\/schema\/logo\/image\/\",\"url\":\"https:\/\/ems-electronic.com\/wp-content\/uploads\/2024\/06\/cropped-cropped-EMS_quadrat_web.jpg\",\"contentUrl\":\"https:\/\/ems-electronic.com\/wp-content\/uploads\/2024\/06\/cropped-cropped-EMS_quadrat_web.jpg\",\"width\":512,\"height\":173,\"caption\":\"EMS Electronic Metering Systems s.r.l.\"},\"image\":{\"@id\":\"https:\/\/ems-electronic.com\/#\/schema\/logo\/image\/\"}}]}<\/script>\n<!-- \/ Yoast SEO plugin. -->","yoast_head_json":{"title":"Medidor de calor ultrass\u00f4nico - EMS Electronic Metering Systems","robots":{"index":"index","follow":"follow","max-snippet":"max-snippet:-1","max-image-preview":"max-image-preview:large","max-video-preview":"max-video-preview:-1"},"canonical":"https:\/\/ems-electronic.com\/?page_id=968&lang=pt","og_locale":"de_DE","og_type":"article","og_title":"Medidor de calor ultrass\u00f4nico - EMS Electronic Metering Systems","og_description":"Medidor de calor ultrass\u00f4nico A EMS Electronic Metering Systems tamb\u00e9m se especializa no desenvolvimento e fabrica\u00e7\u00e3o de medidores de calor . Desde a sua funda\u00e7\u00e3o, a empresa consolidou-se no setor e hoje \u00e9 uma fabricante renomada de medidores de calor ultrass\u00f4nicos , que se destacam pela excepcional precis\u00e3o e confiabilidade. A EMS Electronic Metering Systems [&hellip;]","og_url":"https:\/\/ems-electronic.com\/?page_id=968&lang=pt","og_site_name":"EMS Electronic Metering Systems","article_modified_time":"2026-04-03T06:40:01+00:00","twitter_card":"summary_large_image","twitter_misc":{"Gesch\u00e4tzte Lesezeit":"9\u00a0Minuten"},"schema":{"@context":"https:\/\/schema.org","@graph":[{"@type":"WebPage","@id":"https:\/\/ems-electronic.com\/?page_id=968&lang=pt","url":"https:\/\/ems-electronic.com\/?page_id=968&lang=pt","name":"Medidor de calor ultrass\u00f4nico - EMS Electronic Metering Systems","isPartOf":{"@id":"https:\/\/ems-electronic.com\/#website"},"datePublished":"2026-04-03T06:39:06+00:00","dateModified":"2026-04-03T06:40:01+00:00","breadcrumb":{"@id":"https:\/\/ems-electronic.com\/?page_id=968&lang=pt#breadcrumb"},"inLanguage":"de","potentialAction":[{"@type":"ReadAction","target":["https:\/\/ems-electronic.com\/?page_id=968&lang=pt"]}]},{"@type":"BreadcrumbList","@id":"https:\/\/ems-electronic.com\/?page_id=968&lang=pt#breadcrumb","itemListElement":[{"@type":"ListItem","position":1,"name":"Startseite","item":"https:\/\/ems-electronic.com\/?page_id=37&lang=de"},{"@type":"ListItem","position":2,"name":"Medidor de calor ultrass\u00f4nico"}]},{"@type":"WebSite","@id":"https:\/\/ems-electronic.com\/#website","url":"https:\/\/ems-electronic.com\/","name":"EMS Electronic Metering Systems","description":"Precision electronic component manufacturing tailored to your specifications \u2013 from small-series production to reliable contract assembly, certified according to ISO 9001 and backed by the Messtechnik Group","publisher":{"@id":"https:\/\/ems-electronic.com\/#organization"},"alternateName":"Precision electronic component manufacturing tailored to your specifications \u2013 from small-series production to reliable contract assembly, certified according to ISO 9001 and backed by the Messtechnik Group","potentialAction":[{"@type":"SearchAction","target":{"@type":"EntryPoint","urlTemplate":"https:\/\/ems-electronic.com\/?s={search_term_string}"},"query-input":{"@type":"PropertyValueSpecification","valueRequired":true,"valueName":"search_term_string"}}],"inLanguage":"de"},{"@type":"Organization","@id":"https:\/\/ems-electronic.com\/#organization","name":"EMS Electronic Metering Systems s.r.l.","url":"https:\/\/ems-electronic.com\/","logo":{"@type":"ImageObject","inLanguage":"de","@id":"https:\/\/ems-electronic.com\/#\/schema\/logo\/image\/","url":"https:\/\/ems-electronic.com\/wp-content\/uploads\/2024\/06\/cropped-cropped-EMS_quadrat_web.jpg","contentUrl":"https:\/\/ems-electronic.com\/wp-content\/uploads\/2024\/06\/cropped-cropped-EMS_quadrat_web.jpg","width":512,"height":173,"caption":"EMS Electronic Metering Systems s.r.l."},"image":{"@id":"https:\/\/ems-electronic.com\/#\/schema\/logo\/image\/"}}]}},"jetpack_sharing_enabled":true,"_links":{"self":[{"href":"https:\/\/ems-electronic.com\/index.php?rest_route=\/wp\/v2\/pages\/968","targetHints":{"allow":["GET"]}}],"collection":[{"href":"https:\/\/ems-electronic.com\/index.php?rest_route=\/wp\/v2\/pages"}],"about":[{"href":"https:\/\/ems-electronic.com\/index.php?rest_route=\/wp\/v2\/types\/page"}],"author":[{"embeddable":true,"href":"https:\/\/ems-electronic.com\/index.php?rest_route=\/wp\/v2\/users\/1"}],"replies":[{"embeddable":true,"href":"https:\/\/ems-electronic.com\/index.php?rest_route=%2Fwp%2Fv2%2Fcomments&post=968"}],"version-history":[{"count":4,"href":"https:\/\/ems-electronic.com\/index.php?rest_route=\/wp\/v2\/pages\/968\/revisions"}],"predecessor-version":[{"id":992,"href":"https:\/\/ems-electronic.com\/index.php?rest_route=\/wp\/v2\/pages\/968\/revisions\/992"}],"wp:attachment":[{"href":"https:\/\/ems-electronic.com\/index.php?rest_route=%2Fwp%2Fv2%2Fmedia&parent=968"}],"curies":[{"name":"wp","href":"https:\/\/api.w.org\/{rel}","templated":true}]}}